{"id":145,"date":"2025-07-25T14:07:10","date_gmt":"2025-07-25T14:07:10","guid":{"rendered":"http:\/\/wemarry.local\/?page_id=145"},"modified":"2025-12-22T11:04:41","modified_gmt":"2025-12-22T10:04:41","slug":"faq","status":"publish","type":"page","link":"https:\/\/wemarry.io\/cs\/faq\/","title":{"rendered":"FAQ"},"content":{"rendered":"\n<div class=\"gb-element-eff3c292\">\n<h1 class=\"wp-block-heading has-text-align-center\" style=\"padding-top:0;padding-right:var(--wp--preset--spacing--10);padding-bottom:0;padding-left:var(--wp--preset--spacing--10)\">\u010casto kladen\u00e9 dotazy<\/h1>\n\n\n\n<p class=\"has-text-align-center\" style=\"padding-top:0;padding-right:var(--wp--preset--spacing--10);padding-bottom:0;padding-left:var(--wp--preset--spacing--10)\">Odpov\u011bdi na ot\u00e1zky kolem WeMarry, kter\u00e9 mohou p\u0159ij\u00edt vhod.<\/p>\n<\/div>\n\n\n\n<div class=\"gbp-section gb-element-477e9430\">\n<div class=\"gbp-section__inner gb-element-ee5fb925\">\n<h2 class=\"wp-block-heading has-text-align-center has-large-font-size\">Svatebn\u00ed web<\/h2>\n\n\n\n<div class=\"gb-accordion\">\n<div class=\"gb-accordion__item gbp-card--border gb-accordion__item-a52dbb8c\">\n<div role=\"button\" tabindex=\"0\" class=\"gb-accordion__toggle gb-accordion__toggle-d5bdb051\" id=\"gb-accordion-toggle-d5bdb051\">\n<h3 class=\"gb-text gbp-card__title gb-text-30b2051f\">Pro\u010d m\u00edt svatebn\u00ed web?<\/h3>\n\n\n\n<span class=\"gb-accordion__toggle-icon gb-accordion__toggle-icon-ea264279\"><span class=\"gb-accordion__toggle-icon-open\"><svg aria-hidden=\"true\" viewBox=\"0 0 256 256\"><rect width=\"256\" height=\"256\" fill=\"none\"><\/rect><polyline points=\"208 96 128 176 48 96\" fill=\"none\" stroke=\"currentColor\" stroke-linecap=\"round\" stroke-linejoin=\"round\" stroke-width=\"16\"><\/polyline><\/svg><\/span><span class=\"gb-accordion__toggle-icon-close\"><svg aria-hidden=\"true\" viewBox=\"0 0 256 256\"><rect width=\"256\" height=\"256\" fill=\"none\"><\/rect><polyline points=\"48 160 128 80 208 160\" fill=\"none\" stroke=\"currentColor\" stroke-linecap=\"round\" stroke-linejoin=\"round\" stroke-width=\"16\"><\/polyline><\/svg><\/span><\/span>\n<\/div>\n\n\n\n<div class=\"gb-accordion__content\" id=\"gb-accordion-content-920a8a11\">\n<div class=\"gb-element-0167bf8c\">\n<p class=\"gb-text\">Pl\u00e1nov\u00e1n\u00ed svatby je vzru\u0161uj\u00edc\u00ed a stresuj\u00edc\u00ed z\u00e1rove\u0148. Jednoduch\u00e9 odesl\u00e1n\u00ed pozv\u00e1nky, p\u0159ehled o po\u010dtu host\u016f a jednoduch\u00e1 komunikace v\u0161eho d\u016fle\u017eit\u00e9ho na jednom m\u00edst\u011b p\u0159ijde vhod. \u017dijeme v digit\u00e1ln\u00ed dob\u011b a a\u0165 u\u017e se n\u00e1m to l\u00edb\u00ed nebo ne, komunikovat online je zkr\u00e1tka efektivn\u011bj\u0161\u00ed. S webem nemus\u00edte nikoho nah\u00e1n\u011bt ani mu nic vysv\u011btlovat, jednodu\u0161e po\u0161lete link a je to.<\/p>\n<\/div>\n<\/div>\n<\/div>\n\n\n\n<div class=\"gb-accordion__item gbp-card--border gb-accordion__item-6733de50\">\n<div role=\"button\" tabindex=\"0\" class=\"gb-accordion__toggle gb-accordion__toggle-6ab1fb53\" id=\"gb-accordion-toggle-6ab1fb53\">\n<h3 class=\"gb-text gbp-card__title gb-text-87524aa6\">Nesta\u010d\u00ed oby\u010dejn\u00e9 svatebn\u00ed ozn\u00e1men\u00ed?<\/h3>\n\n\n\n<span class=\"gb-accordion__toggle-icon gb-accordion__toggle-icon-ece4051e\"><span class=\"gb-accordion__toggle-icon-open\"><svg aria-hidden=\"true\" viewBox=\"0 0 256 256\"><rect width=\"256\" height=\"256\" fill=\"none\"><\/rect><polyline points=\"208 96 128 176 48 96\" fill=\"none\" stroke=\"currentColor\" stroke-linecap=\"round\" stroke-linejoin=\"round\" stroke-width=\"16\"><\/polyline><\/svg><\/span><span class=\"gb-accordion__toggle-icon-close\"><svg aria-hidden=\"true\" viewBox=\"0 0 256 256\"><rect width=\"256\" height=\"256\" fill=\"none\"><\/rect><polyline points=\"48 160 128 80 208 160\" fill=\"none\" stroke=\"currentColor\" stroke-linecap=\"round\" stroke-linejoin=\"round\" stroke-width=\"16\"><\/polyline><\/svg><\/span><\/span>\n<\/div>\n\n\n\n<div class=\"gb-accordion__content\" id=\"gb-accordion-content-e8731a6a\">\n<div class=\"gb-element-0e2dc08f\">\n<p class=\"gb-text\">Ani jedno nevylu\u010duje to druh\u00e9. Svatebn\u00ed ozn\u00e1men\u00ed je tradice a radost zejm\u00e9na pro rodi\u010de a prarodi\u010de. Svatebn\u00ed web funguje sp\u00ed\u0161 jako takov\u00fd asistent do kapsy, kter\u00fd jednodu\u0161e odpov\u00ed na ve\u0161ker\u00e9 dotazy, kter\u00e9 budou va\u0161i host\u00e9 m\u00edt.<\/p>\n<\/div>\n<\/div>\n<\/div>\n\n\n\n<div class=\"gb-accordion__item gbp-card--border gb-accordion__item-b185c5d1\">\n<div role=\"button\" tabindex=\"0\" class=\"gb-accordion__toggle gb-accordion__toggle-a21dda9e\" id=\"gb-accordion-toggle-a21dda9e\">\n<h3 class=\"gb-text gbp-card__title gb-text-1029818d\">M\u016f\u017eu si to nejd\u0159\u00edve vyzkou\u0161et zdarma?<\/h3>\n\n\n\n<span class=\"gb-accordion__toggle-icon gb-accordion__toggle-icon-c8aabfe4\"><span class=\"gb-accordion__toggle-icon-open\"><svg aria-hidden=\"true\" viewBox=\"0 0 256 256\"><rect width=\"256\" height=\"256\" fill=\"none\"><\/rect><polyline points=\"208 96 128 176 48 96\" fill=\"none\" stroke=\"currentColor\" stroke-linecap=\"round\" stroke-linejoin=\"round\" stroke-width=\"16\"><\/polyline><\/svg><\/span><span class=\"gb-accordion__toggle-icon-close\"><svg aria-hidden=\"true\" viewBox=\"0 0 256 256\"><rect width=\"256\" height=\"256\" fill=\"none\"><\/rect><polyline points=\"48 160 128 80 208 160\" fill=\"none\" stroke=\"currentColor\" stroke-linecap=\"round\" stroke-linejoin=\"round\" stroke-width=\"16\"><\/polyline><\/svg><\/span><\/span>\n<\/div>\n\n\n\n<div class=\"gb-accordion__content\" id=\"gb-accordion-content-1a8fdd8a\">\n<div class=\"gb-element-77e53ff4\">\n<p class=\"gb-text\">Ano, rozhodn\u011b! Web si m\u016f\u017eete nejd\u0159\u00edve vytvo\u0159it a upravovat sami pro sebe. Ve\u0159ejn\u00fd bude a\u017e po zaplacen\u00ed tarifu.<\/p>\n<\/div>\n<\/div>\n<\/div>\n\n\n\n<div class=\"gb-accordion__item gbp-card--border gb-accordion__item-22d77fce\">\n<div role=\"button\" tabindex=\"0\" class=\"gb-accordion__toggle gb-accordion__toggle-4fa175d4\" id=\"gb-accordion-toggle-4fa175d4\">\n<h3 class=\"gb-text gbp-card__title gb-text-c9213836\">Pro\u010d bych m\u011bl za web platit, kdy\u017e si ho m\u016f\u017eu ud\u011blat jinde zdarma?<\/h3>\n\n\n\n<span class=\"gb-accordion__toggle-icon gb-accordion__toggle-icon-e9fe6fa9\"><span class=\"gb-accordion__toggle-icon-open\"><svg aria-hidden=\"true\" viewBox=\"0 0 256 256\"><rect width=\"256\" height=\"256\" fill=\"none\"><\/rect><polyline points=\"208 96 128 176 48 96\" fill=\"none\" stroke=\"currentColor\" stroke-linecap=\"round\" stroke-linejoin=\"round\" stroke-width=\"16\"><\/polyline><\/svg><\/span><span class=\"gb-accordion__toggle-icon-close\"><svg aria-hidden=\"true\" viewBox=\"0 0 256 256\"><rect width=\"256\" height=\"256\" fill=\"none\"><\/rect><polyline points=\"48 160 128 80 208 160\" fill=\"none\" stroke=\"currentColor\" stroke-linecap=\"round\" stroke-linejoin=\"round\" stroke-width=\"16\"><\/polyline><\/svg><\/span><\/span>\n<\/div>\n\n\n\n<div class=\"gb-accordion__content\" id=\"gb-accordion-content-28abfac3\">\n<div class=\"gb-element-c1705d81\">\n<p class=\"gb-text\">K ni\u010demu v\u00e1s nenut\u00edme. Pokud um\u00edte vytv\u00e1\u0159et weby a nevad\u00ed v\u00e1m u toho tr\u00e1vit hodiny \u010dasu, pro\u010d ne. My jsme platformu WeMarry vytv\u00e1\u0159eli s t\u00edm, \u017ee V\u00e1m u\u0161et\u0159\u00edme \u010das, web vytvo\u0159\u00edte sami a jednodu\u0161e do 5 minut a nav\u00edc zaru\u010d\u00edme, \u017ee web bude vypadat hezky v ka\u017ed\u00e9 situaci a na ka\u017ed\u00e9m za\u0159\u00edzen\u00ed.<\/p>\n<\/div>\n<\/div>\n<\/div>\n\n\n\n<div class=\"gb-accordion__item gbp-card--border gb-accordion__item-0013a5e6\">\n<div role=\"button\" tabindex=\"0\" class=\"gb-accordion__toggle gb-accordion__toggle-6cb573e9\" id=\"gb-accordion-toggle-6cb573e9\">\n<h3 class=\"gb-text gbp-card__title gb-text-7bf21395\">Co kdy\u017e si to s webem rozmysl\u00edm?<\/h3>\n\n\n\n<span class=\"gb-accordion__toggle-icon gb-accordion__toggle-icon-95042eeb\"><span class=\"gb-accordion__toggle-icon-open\"><svg aria-hidden=\"true\" viewBox=\"0 0 256 256\"><rect width=\"256\" height=\"256\" fill=\"none\"><\/rect><polyline points=\"208 96 128 176 48 96\" fill=\"none\" stroke=\"currentColor\" stroke-linecap=\"round\" stroke-linejoin=\"round\" stroke-width=\"16\"><\/polyline><\/svg><\/span><span class=\"gb-accordion__toggle-icon-close\"><svg aria-hidden=\"true\" viewBox=\"0 0 256 256\"><rect width=\"256\" height=\"256\" fill=\"none\"><\/rect><polyline points=\"48 160 128 80 208 160\" fill=\"none\" stroke=\"currentColor\" stroke-linecap=\"round\" stroke-linejoin=\"round\" stroke-width=\"16\"><\/polyline><\/svg><\/span><\/span>\n<\/div>\n\n\n\n<div class=\"gb-accordion__content\" id=\"gb-accordion-content-25632167\">\n<div class=\"gb-element-1e388920\">\n<p class=\"gb-text\">M\u00e1te na mysli reklamaci? V p\u0159\u00edpad\u011b, \u017ee si web zaplat\u00edte a opravdu se rozhodnete, \u017ee ho nepot\u0159ebujete, sta\u010d\u00ed n\u00e1s kontaktovat a my v\u00e1m bez probl\u00e9mu vr\u00e1t\u00edme pen\u00edze.<\/p>\n<\/div>\n<\/div>\n<\/div>\n\n\n\n<div class=\"gb-accordion__item gbp-card--border gb-accordion__item-5dfde5ba\">\n<div role=\"button\" tabindex=\"0\" class=\"gb-accordion__toggle gb-accordion__toggle-35603d0d\" id=\"gb-accordion-toggle-35603d0d\">\n<h3 class=\"gb-text gbp-card__title gb-text-21178c23\">Jak dlouho bude m\u016fj web fungovat?<\/h3>\n\n\n\n<span class=\"gb-accordion__toggle-icon gb-accordion__toggle-icon-bb1d4095\"><span class=\"gb-accordion__toggle-icon-open\"><svg aria-hidden=\"true\" viewBox=\"0 0 256 256\"><rect width=\"256\" height=\"256\" fill=\"none\"><\/rect><polyline points=\"208 96 128 176 48 96\" fill=\"none\" stroke=\"currentColor\" stroke-linecap=\"round\" stroke-linejoin=\"round\" stroke-width=\"16\"><\/polyline><\/svg><\/span><span class=\"gb-accordion__toggle-icon-close\"><svg aria-hidden=\"true\" viewBox=\"0 0 256 256\"><rect width=\"256\" height=\"256\" fill=\"none\"><\/rect><polyline points=\"48 160 128 80 208 160\" fill=\"none\" stroke=\"currentColor\" stroke-linecap=\"round\" stroke-linejoin=\"round\" stroke-width=\"16\"><\/polyline><\/svg><\/span><\/span>\n<\/div>\n\n\n\n<div class=\"gb-accordion__content\" id=\"gb-accordion-content-942cdc59\">\n<div class=\"gb-element-028e8a3c\">\n<p class=\"gb-text\">Va\u0161e str\u00e1nky budou ve\u0159ejn\u00e9 18 m\u011bs\u00edc\u016f od zaplacen\u00ed.<\/p>\n<\/div>\n<\/div>\n<\/div>\n\n\n\n<div class=\"gb-accordion__item gbp-card--border gb-accordion__item-0cfb911d\">\n<div role=\"button\" tabindex=\"0\" class=\"gb-accordion__toggle gb-accordion__toggle-459c2b2e\" id=\"gb-accordion-toggle-459c2b2e\">\n<h3 class=\"gb-text gbp-card__title gb-text-016055a7\">Zvl\u00e1dneme to, i bez zku\u0161enost\u00ed s webov\u00fdmi str\u00e1nkami?<\/h3>\n\n\n\n<span class=\"gb-accordion__toggle-icon gb-accordion__toggle-icon-21aaaecf\"><span class=\"gb-accordion__toggle-icon-open\"><svg aria-hidden=\"true\" viewBox=\"0 0 256 256\"><rect width=\"256\" height=\"256\" fill=\"none\"><\/rect><polyline points=\"208 96 128 176 48 96\" fill=\"none\" stroke=\"currentColor\" stroke-linecap=\"round\" stroke-linejoin=\"round\" stroke-width=\"16\"><\/polyline><\/svg><\/span><span class=\"gb-accordion__toggle-icon-close\"><svg aria-hidden=\"true\" viewBox=\"0 0 256 256\"><rect width=\"256\" height=\"256\" fill=\"none\"><\/rect><polyline points=\"48 160 128 80 208 160\" fill=\"none\" stroke=\"currentColor\" stroke-linecap=\"round\" stroke-linejoin=\"round\" stroke-width=\"16\"><\/polyline><\/svg><\/span><\/span>\n<\/div>\n\n\n\n<div class=\"gb-accordion__content\" id=\"gb-accordion-content-7f4d3b9e\">\n<div class=\"gb-element-9f62a681\">\n<p class=\"gb-text\">Samoz\u0159ejm\u011b! Spr\u00e1va svatebn\u00edho webu je jednoduch\u00e1 a intuitivn\u00ed. Pokud si chcete b\u00fdti jisti, pod\u00edvejte se na n\u00e1vod.<\/p>\n<\/div>\n<\/div>\n<\/div>\n\n\n\n<div class=\"gb-accordion__item gbp-card--border gb-accordion__item-ed696784\">\n<div role=\"button\" tabindex=\"0\" class=\"gb-accordion__toggle gb-accordion__toggle-9babdd4a\" id=\"gb-accordion-toggle-9babdd4a\">\n<h3 class=\"gb-text gbp-card__title gb-text-5ff1d32e\">M\u016f\u017eeme web editovat tak\u00e9 na mobilu?<\/h3>\n\n\n\n<span class=\"gb-accordion__toggle-icon gb-accordion__toggle-icon-e3c9819b\"><span class=\"gb-accordion__toggle-icon-open\"><svg aria-hidden=\"true\" viewBox=\"0 0 256 256\"><rect width=\"256\" height=\"256\" fill=\"none\"><\/rect><polyline points=\"208 96 128 176 48 96\" fill=\"none\" stroke=\"currentColor\" stroke-linecap=\"round\" stroke-linejoin=\"round\" stroke-width=\"16\"><\/polyline><\/svg><\/span><span class=\"gb-accordion__toggle-icon-close\"><svg aria-hidden=\"true\" viewBox=\"0 0 256 256\"><rect width=\"256\" height=\"256\" fill=\"none\"><\/rect><polyline points=\"48 160 128 80 208 160\" fill=\"none\" stroke=\"currentColor\" stroke-linecap=\"round\" stroke-linejoin=\"round\" stroke-width=\"16\"><\/polyline><\/svg><\/span><\/span>\n<\/div>\n\n\n\n<div class=\"gb-accordion__content\" id=\"gb-accordion-content-936aff12\">\n<div class=\"gb-element-d80d7bad\">\n<p class=\"gb-text\">Ano. V dne\u0161n\u00ed dob\u011b u\u017e si snad ani nedovedeme p\u0159edstavit n\u011bco, co by nefungovalo na mobiln\u00edm rozhran\u00ed.<\/p>\n<\/div>\n<\/div>\n<\/div>\n\n\n\n<div class=\"gb-accordion__item gbp-card--border gb-accordion__item-842e4148\">\n<div role=\"button\" tabindex=\"0\" class=\"gb-accordion__toggle gb-accordion__toggle-f5b47e56\" id=\"gb-accordion-toggle-f5b47e56\">\n<h3 class=\"gb-text gbp-card__title gb-text-86ae7599\">Mohu m\u00edt svatebn\u00ed web na vlastn\u00ed URL adrese?<\/h3>\n\n\n\n<span class=\"gb-accordion__toggle-icon gb-accordion__toggle-icon-e56292dd\"><span class=\"gb-accordion__toggle-icon-open\"><svg aria-hidden=\"true\" viewBox=\"0 0 256 256\"><rect width=\"256\" height=\"256\" fill=\"none\"><\/rect><polyline points=\"208 96 128 176 48 96\" fill=\"none\" stroke=\"currentColor\" stroke-linecap=\"round\" stroke-linejoin=\"round\" stroke-width=\"16\"><\/polyline><\/svg><\/span><span class=\"gb-accordion__toggle-icon-close\"><svg aria-hidden=\"true\" viewBox=\"0 0 256 256\"><rect width=\"256\" height=\"256\" fill=\"none\"><\/rect><polyline points=\"48 160 128 80 208 160\" fill=\"none\" stroke=\"currentColor\" stroke-linecap=\"round\" stroke-linejoin=\"round\" stroke-width=\"16\"><\/polyline><\/svg><\/span><\/span>\n<\/div>\n\n\n\n<div class=\"gb-accordion__content\" id=\"gb-accordion-content-05fe828e\">\n<div class=\"gb-element-c922ab34\">\n<p class=\"gb-text\">Ano, pokud m\u00e1te vlastn\u00ed dom\u00e9nu, po zaplacen\u00ed v\u00e1s navedeme, jak na to!<\/p>\n<\/div>\n<\/div>\n<\/div>\n\n\n\n<div class=\"gb-accordion__item gbp-card--border gb-accordion__item-08f0d0c8\">\n<div role=\"button\" tabindex=\"0\" class=\"gb-accordion__toggle gb-accordion__toggle-b3db513b\" id=\"gb-accordion-toggle-b3db513b\">\n<h3 class=\"gb-text gbp-card__title gb-text-c7fce2fe\">Mohu webu upravovat i po zve\u0159ejn\u011bn\u00ed?<\/h3>\n\n\n\n<span class=\"gb-accordion__toggle-icon gb-accordion__toggle-icon-769bec36\"><span class=\"gb-accordion__toggle-icon-open\"><svg aria-hidden=\"true\" viewBox=\"0 0 256 256\"><rect width=\"256\" height=\"256\" fill=\"none\"><\/rect><polyline points=\"208 96 128 176 48 96\" fill=\"none\" stroke=\"currentColor\" stroke-linecap=\"round\" stroke-linejoin=\"round\" stroke-width=\"16\"><\/polyline><\/svg><\/span><span class=\"gb-accordion__toggle-icon-close\"><svg aria-hidden=\"true\" viewBox=\"0 0 256 256\"><rect width=\"256\" height=\"256\" fill=\"none\"><\/rect><polyline points=\"48 160 128 80 208 160\" fill=\"none\" stroke=\"currentColor\" stroke-linecap=\"round\" stroke-linejoin=\"round\" stroke-width=\"16\"><\/polyline><\/svg><\/span><\/span>\n<\/div>\n\n\n\n<div class=\"gb-accordion__content\" id=\"gb-accordion-content-59b5c805\">\n<div class=\"gb-element-a33a3989\">\n<p class=\"gb-text\">Samoz\u0159ejm\u011b! Obsah svatebn\u00edho webu i jeho \u0161ablonu m\u016f\u017eete m\u011bnit kdykoliv chcete.<\/p>\n<\/div>\n<\/div>\n<\/div>\n\n\n\n<div class=\"gb-accordion__item gbp-card--border gb-accordion__item-9938f89b\">\n<div role=\"button\" tabindex=\"0\" class=\"gb-accordion__toggle gb-accordion__toggle-0eac09b2\" id=\"gb-accordion-toggle-0eac09b2\">\n<h3 class=\"gb-text gbp-card__title gb-text-4eadf42e\">Co by na str\u00e1nce nem\u011blo chyb\u011bt?<\/h3>\n\n\n\n<span class=\"gb-accordion__toggle-icon gb-accordion__toggle-icon-d1e8a986\"><span class=\"gb-accordion__toggle-icon-open\"><svg aria-hidden=\"true\" viewBox=\"0 0 256 256\"><rect width=\"256\" height=\"256\" fill=\"none\"><\/rect><polyline points=\"208 96 128 176 48 96\" fill=\"none\" stroke=\"currentColor\" stroke-linecap=\"round\" stroke-linejoin=\"round\" stroke-width=\"16\"><\/polyline><\/svg><\/span><span class=\"gb-accordion__toggle-icon-close\"><svg aria-hidden=\"true\" viewBox=\"0 0 256 256\"><rect width=\"256\" height=\"256\" fill=\"none\"><\/rect><polyline points=\"48 160 128 80 208 160\" fill=\"none\" stroke=\"currentColor\" stroke-linecap=\"round\" stroke-linejoin=\"round\" stroke-width=\"16\"><\/polyline><\/svg><\/span><\/span>\n<\/div>\n\n\n\n<div class=\"gb-accordion__content\" id=\"gb-accordion-content-5f86ff31\">\n<div class=\"gb-element-68755e51\">\n<p class=\"gb-text\">Na tohle jsme mysleli za v\u00e1s! Web si vytvo\u0159\u00edte podle sebe, ale my jsme ho p\u0159edvyplnili a\u0165 v\u00edte, co kam pat\u0159\u00ed a jak to bude vypadat.<\/p>\n<\/div>\n<\/div>\n<\/div>\n<\/div>\n<\/div>\n\n\n\n<div class=\"gbp-section__inner gb-element-f3c32fa4\">\n<div class=\"gb-element-fd602984\">\n<h3 class=\"gb-text gbp-section__headline\">Nena\u0161li jste odpov\u011b\u010f na v\u00e1\u0161 dotaz?<\/h3>\n\n\n\n<div class=\"gb-text gbp-section__text\">V tom p\u0159\u00edpad\u011b n\u00e1m sta\u010d\u00ed napsat na info@wemarry.io a my v\u00e1m b\u011bhem jednoho pracovn\u00edho dne odpov\u00edme.<\/div>\n\n\n\n<a class=\"gb-text gbp-button--primary gb-text-b3b9c2a3\" href=\"#\">Button<\/a>\n<\/div>\n<\/div>\n<\/div>\n","protected":false},"excerpt":{"rendered":"<p>\u010casto kladen\u00e9 dotazy Odpov\u011bdi na ot\u00e1zky kolem WeMarry, kter\u00e9 mohou p\u0159ij\u00edt vhod. Svatebn\u00ed web Nena\u0161li jste odpov\u011b\u010f na v\u00e1\u0161 dotaz? V tom p\u0159\u00edpad\u011b n\u00e1m sta\u010d\u00ed napsat na info@wemarry.io a my v\u00e1m b\u011bhem jednoho pracovn\u00edho dne odpov\u00edme. Button<\/p>\n","protected":false},"author":1,"featured_media":0,"parent":0,"menu_order":0,"comment_status":"closed","ping_status":"closed","template":"","meta":{"_acf_changed":false,"footnotes":""},"class_list":["post-145","page","type-page","status-publish","hentry"],"acf":[],"yoast_head":"<!-- This site is optimized with the Yoast SEO plugin v27.4 - https:\/\/yoast.com\/product\/yoast-seo-wordpress\/ -->\n<title>FAQ - WeMarry<\/title>\n<meta name=\"robots\" content=\"index, follow, max-snippet:-1, max-image-preview:large, max-video-preview:-1\" \/>\n<link rel=\"canonical\" href=\"https:\/\/wemarry.io\/cs\/faq\/\" \/>\n<meta property=\"og:locale\" content=\"cs_CZ\" \/>\n<meta property=\"og:type\" content=\"article\" \/>\n<meta property=\"og:title\" content=\"FAQ - WeMarry\" \/>\n<meta property=\"og:description\" content=\"\u010casto kladen\u00e9 dotazy Odpov\u011bdi na ot\u00e1zky kolem WeMarry, kter\u00e9 mohou p\u0159ij\u00edt vhod. Svatebn\u00ed web Nena\u0161li jste odpov\u011b\u010f na v\u00e1\u0161 dotaz? V tom p\u0159\u00edpad\u011b n\u00e1m sta\u010d\u00ed napsat na info@wemarry.io a my v\u00e1m b\u011bhem jednoho pracovn\u00edho dne odpov\u00edme. Button\" \/>\n<meta property=\"og:url\" content=\"https:\/\/wemarry.io\/cs\/faq\/\" \/>\n<meta property=\"og:site_name\" content=\"WeMarry\" \/>\n<meta property=\"article:modified_time\" content=\"2025-12-22T10:04:41+00:00\" \/>\n<meta name=\"twitter:card\" content=\"summary_large_image\" \/>\n<meta name=\"twitter:label1\" content=\"Odhadovan\u00e1 doba \u010dten\u00ed\" \/>\n\t<meta name=\"twitter:data1\" content=\"2 minuty\" \/>\n<script type=\"application\/ld+json\" class=\"yoast-schema-graph\">{\"@context\":\"https:\\\/\\\/schema.org\",\"@graph\":[{\"@type\":\"WebPage\",\"@id\":\"https:\\\/\\\/wemarry.io\\\/cs\\\/faq\\\/\",\"url\":\"https:\\\/\\\/wemarry.io\\\/cs\\\/faq\\\/\",\"name\":\"FAQ - WeMarry\",\"isPartOf\":{\"@id\":\"https:\\\/\\\/wemarry.io\\\/cs\\\/#website\"},\"datePublished\":\"2025-07-25T14:07:10+00:00\",\"dateModified\":\"2025-12-22T10:04:41+00:00\",\"breadcrumb\":{\"@id\":\"https:\\\/\\\/wemarry.io\\\/cs\\\/faq\\\/#breadcrumb\"},\"inLanguage\":\"cs\",\"potentialAction\":[{\"@type\":\"ReadAction\",\"target\":[\"https:\\\/\\\/wemarry.io\\\/cs\\\/faq\\\/\"]}]},{\"@type\":\"BreadcrumbList\",\"@id\":\"https:\\\/\\\/wemarry.io\\\/cs\\\/faq\\\/#breadcrumb\",\"itemListElement\":[{\"@type\":\"ListItem\",\"position\":1,\"name\":\"Dom\u016f\",\"item\":\"https:\\\/\\\/wemarry.io\\\/cs\\\/\"},{\"@type\":\"ListItem\",\"position\":2,\"name\":\"FAQ\"}]},{\"@type\":\"WebSite\",\"@id\":\"https:\\\/\\\/wemarry.io\\\/cs\\\/#website\",\"url\":\"https:\\\/\\\/wemarry.io\\\/cs\\\/\",\"name\":\"WeMarry\",\"description\":\"Napl\u00e1nujte si svou vysn\u011bnou svatbu bez stresu. wemarry.io v\u00e1m p\u0159in\u00e1\u0161\u00ed modern\u00ed svatebn\u00ed web, digit\u00e1ln\u00ed pozv\u00e1nky a online potvrzen\u00ed \u00fa\u010dasti (RSVP) na jednom m\u00edst\u011b. U\u0161et\u0159ete des\u00edtky hodin p\u0159i organizaci a sd\u00edlejte radost s hosty elegantn\u011b a online.\",\"publisher\":{\"@id\":\"https:\\\/\\\/wemarry.io\\\/cs\\\/#organization\"},\"potentialAction\":[{\"@type\":\"SearchAction\",\"target\":{\"@type\":\"EntryPoint\",\"urlTemplate\":\"https:\\\/\\\/wemarry.io\\\/cs\\\/?s={search_term_string}\"},\"query-input\":{\"@type\":\"PropertyValueSpecification\",\"valueRequired\":true,\"valueName\":\"search_term_string\"}}],\"inLanguage\":\"cs\"},{\"@type\":\"Organization\",\"@id\":\"https:\\\/\\\/wemarry.io\\\/cs\\\/#organization\",\"name\":\"WeMarry\",\"url\":\"https:\\\/\\\/wemarry.io\\\/cs\\\/\",\"logo\":{\"@type\":\"ImageObject\",\"inLanguage\":\"cs\",\"@id\":\"https:\\\/\\\/wemarry.io\\\/cs\\\/#\\\/schema\\\/logo\\\/image\\\/\",\"url\":\"https:\\\/\\\/wemarry.io\\\/wp-content\\\/uploads\\\/2025\\\/09\\\/WeMarry-favicon.svg\",\"contentUrl\":\"https:\\\/\\\/wemarry.io\\\/wp-content\\\/uploads\\\/2025\\\/09\\\/WeMarry-favicon.svg\",\"width\":512,\"height\":512,\"caption\":\"WeMarry\"},\"image\":{\"@id\":\"https:\\\/\\\/wemarry.io\\\/cs\\\/#\\\/schema\\\/logo\\\/image\\\/\"}}]}<\/script>\n<!-- \/ Yoast SEO plugin. -->","yoast_head_json":{"title":"FAQ - WeMarry","robots":{"index":"index","follow":"follow","max-snippet":"max-snippet:-1","max-image-preview":"max-image-preview:large","max-video-preview":"max-video-preview:-1"},"canonical":"https:\/\/wemarry.io\/cs\/faq\/","og_locale":"cs_CZ","og_type":"article","og_title":"FAQ - WeMarry","og_description":"\u010casto kladen\u00e9 dotazy Odpov\u011bdi na ot\u00e1zky kolem WeMarry, kter\u00e9 mohou p\u0159ij\u00edt vhod. Svatebn\u00ed web Nena\u0161li jste odpov\u011b\u010f na v\u00e1\u0161 dotaz? V tom p\u0159\u00edpad\u011b n\u00e1m sta\u010d\u00ed napsat na info@wemarry.io a my v\u00e1m b\u011bhem jednoho pracovn\u00edho dne odpov\u00edme. Button","og_url":"https:\/\/wemarry.io\/cs\/faq\/","og_site_name":"WeMarry","article_modified_time":"2025-12-22T10:04:41+00:00","twitter_card":"summary_large_image","twitter_misc":{"Odhadovan\u00e1 doba \u010dten\u00ed":"2 minuty"},"schema":{"@context":"https:\/\/schema.org","@graph":[{"@type":"WebPage","@id":"https:\/\/wemarry.io\/cs\/faq\/","url":"https:\/\/wemarry.io\/cs\/faq\/","name":"FAQ - WeMarry","isPartOf":{"@id":"https:\/\/wemarry.io\/cs\/#website"},"datePublished":"2025-07-25T14:07:10+00:00","dateModified":"2025-12-22T10:04:41+00:00","breadcrumb":{"@id":"https:\/\/wemarry.io\/cs\/faq\/#breadcrumb"},"inLanguage":"cs","potentialAction":[{"@type":"ReadAction","target":["https:\/\/wemarry.io\/cs\/faq\/"]}]},{"@type":"BreadcrumbList","@id":"https:\/\/wemarry.io\/cs\/faq\/#breadcrumb","itemListElement":[{"@type":"ListItem","position":1,"name":"Dom\u016f","item":"https:\/\/wemarry.io\/cs\/"},{"@type":"ListItem","position":2,"name":"FAQ"}]},{"@type":"WebSite","@id":"https:\/\/wemarry.io\/cs\/#website","url":"https:\/\/wemarry.io\/cs\/","name":"WeMarry","description":"Napl\u00e1nujte si svou vysn\u011bnou svatbu bez stresu. wemarry.io v\u00e1m p\u0159in\u00e1\u0161\u00ed modern\u00ed svatebn\u00ed web, digit\u00e1ln\u00ed pozv\u00e1nky a online potvrzen\u00ed \u00fa\u010dasti (RSVP) na jednom m\u00edst\u011b. U\u0161et\u0159ete des\u00edtky hodin p\u0159i organizaci a sd\u00edlejte radost s hosty elegantn\u011b a online.","publisher":{"@id":"https:\/\/wemarry.io\/cs\/#organization"},"potentialAction":[{"@type":"SearchAction","target":{"@type":"EntryPoint","urlTemplate":"https:\/\/wemarry.io\/cs\/?s={search_term_string}"},"query-input":{"@type":"PropertyValueSpecification","valueRequired":true,"valueName":"search_term_string"}}],"inLanguage":"cs"},{"@type":"Organization","@id":"https:\/\/wemarry.io\/cs\/#organization","name":"WeMarry","url":"https:\/\/wemarry.io\/cs\/","logo":{"@type":"ImageObject","inLanguage":"cs","@id":"https:\/\/wemarry.io\/cs\/#\/schema\/logo\/image\/","url":"https:\/\/wemarry.io\/wp-content\/uploads\/2025\/09\/WeMarry-favicon.svg","contentUrl":"https:\/\/wemarry.io\/wp-content\/uploads\/2025\/09\/WeMarry-favicon.svg","width":512,"height":512,"caption":"WeMarry"},"image":{"@id":"https:\/\/wemarry.io\/cs\/#\/schema\/logo\/image\/"}}]}},"_links":{"self":[{"href":"https:\/\/wemarry.io\/cs\/wp-json\/wp\/v2\/pages\/145","targetHints":{"allow":["GET"]}}],"collection":[{"href":"https:\/\/wemarry.io\/cs\/wp-json\/wp\/v2\/pages"}],"about":[{"href":"https:\/\/wemarry.io\/cs\/wp-json\/wp\/v2\/types\/page"}],"author":[{"embeddable":true,"href":"https:\/\/wemarry.io\/cs\/wp-json\/wp\/v2\/users\/1"}],"replies":[{"embeddable":true,"href":"https:\/\/wemarry.io\/cs\/wp-json\/wp\/v2\/comments?post=145"}],"version-history":[{"count":10,"href":"https:\/\/wemarry.io\/cs\/wp-json\/wp\/v2\/pages\/145\/revisions"}],"predecessor-version":[{"id":1571,"href":"https:\/\/wemarry.io\/cs\/wp-json\/wp\/v2\/pages\/145\/revisions\/1571"}],"wp:attachment":[{"href":"https:\/\/wemarry.io\/cs\/wp-json\/wp\/v2\/media?parent=145"}],"curies":[{"name":"wp","href":"https:\/\/api.w.org\/{rel}","templated":true}]}}