{"id":149,"date":"2025-07-25T14:12:15","date_gmt":"2025-07-25T14:12:15","guid":{"rendered":"http:\/\/wemarry.local\/?page_id=149"},"modified":"2025-12-22T10:57:17","modified_gmt":"2025-12-22T09:57:17","slug":"sablony-pro-svatebni-web","status":"publish","type":"page","link":"https:\/\/wemarry.io\/cs\/sablony-pro-svatebni-web\/","title":{"rendered":"\u0160ablony"},"content":{"rendered":"\n<div class=\"gb-element-564f45ed\">\n<h1 class=\"wp-block-heading has-text-align-center\" style=\"padding-top:0;padding-right:var(--wp--preset--spacing--10);padding-bottom:0;padding-left:var(--wp--preset--spacing--10)\">Jedine\u010dn\u00fd od\u011bv pro v\u00e1\u0161 svatebn\u00ed web<\/h1>\n\n\n\n<p class=\"has-text-align-center\" style=\"padding-top:0;padding-right:var(--wp--preset--spacing--10);padding-bottom:0;padding-left:var(--wp--preset--spacing--10)\">Vyberte si \u0161ablonu, kter\u00e1 nejl\u00e9pe vystihne nal\u00e1du va\u0161\u00ed svatby. Pov\u00eddejte se na uk\u00e1zky svatebn\u00edch web\u016f vytvo\u0159en\u00fdch na WeMarry.<\/p>\n<\/div>\n\n\n\n<div class=\"gbp-section gb-element-2ef5d7a6\">\n<div class=\"gbp-section__inner gb-element-95a79524\">\n<div class=\"gb-element-9ea64b5e\">\n<div class=\"gb-element-c667d959\">\n<p class=\"gb-text gb-text-1739cbec\">Modern\u00ed<\/p>\n\n\n\n<p class=\"gb-text gb-text-1fa60ac4\">Modern\u00ed vzhled<\/p>\n\n\n\n<a class=\"gb-text gb-text-8708b7f5\" href=\"https:\/\/modern.wemarry.io\/\">Prohl\u00e9dnout<\/a>\n\n\n\n<div class=\"gb-element-65bbe7a2\">\n<figure class=\"wp-block-image size-large is-resized\" style=\"margin-top:0;margin-bottom:0\"><img decoding=\"async\" width=\"1024\" height=\"739\" src=\"https:\/\/wemarry.io\/wp-content\/uploads\/2025\/10\/iPed_modern-1024x739.png\" alt=\"\" class=\"wp-image-1040\" style=\"width:300px\" srcset=\"https:\/\/wemarry.io\/wp-content\/uploads\/2025\/10\/iPed_modern-1024x739.png 1024w, https:\/\/wemarry.io\/wp-content\/uploads\/2025\/10\/iPed_modern-300x217.png 300w, https:\/\/wemarry.io\/wp-content\/uploads\/2025\/10\/iPed_modern-768x554.png 768w, https:\/\/wemarry.io\/wp-content\/uploads\/2025\/10\/iPed_modern.png 1291w\" sizes=\"(max-width: 1024px) 100vw, 1024px\" \/><\/figure>\n<\/div>\n<\/div>\n\n\n\n<div class=\"gb-element-080b7645\">\n<p class=\"gb-text gb-text-25bf9f22\">Elegantn\u00ed <\/p>\n\n\n\n<p class=\"gb-text gb-text-de713bfe\">Elegantn\u00ed vzhled<\/p>\n\n\n\n<a class=\"gb-text gb-text-e4689d79\" href=\"https:\/\/elegant.wemarry.io\/\">Prohl\u00e9dnout<\/a>\n\n\n\n<div class=\"gb-element-80a7f163\">\n<figure class=\"wp-block-image size-large is-resized\" style=\"margin-top:0;margin-bottom:0\"><img decoding=\"async\" width=\"1024\" height=\"739\" src=\"https:\/\/wemarry.io\/wp-content\/uploads\/2025\/10\/iPed_elegant-1024x739.png\" alt=\"\" class=\"wp-image-1042\" style=\"width:300px\" srcset=\"https:\/\/wemarry.io\/wp-content\/uploads\/2025\/10\/iPed_elegant-1024x739.png 1024w, https:\/\/wemarry.io\/wp-content\/uploads\/2025\/10\/iPed_elegant-300x217.png 300w, https:\/\/wemarry.io\/wp-content\/uploads\/2025\/10\/iPed_elegant-768x554.png 768w, https:\/\/wemarry.io\/wp-content\/uploads\/2025\/10\/iPed_elegant.png 1291w\" sizes=\"(max-width: 1024px) 100vw, 1024px\" \/><\/figure>\n<\/div>\n<\/div>\n\n\n\n<div class=\"gb-element-55615419\">\n<p class=\"gb-text gb-text-3defd358\">Hrav\u00ed <\/p>\n\n\n\n<p class=\"gb-text gb-text-d0d3c3ad\">Hrav\u00ed vzhled<\/p>\n\n\n\n<a class=\"gb-text gb-text-32ffb175\" href=\"https:\/\/playful.wemarry.io\/\">Prohl\u00e9dnout<\/a>\n\n\n\n<div class=\"gb-element-e11880ba\">\n<figure class=\"wp-block-image size-large is-resized\" style=\"margin-top:0;margin-bottom:0\"><img decoding=\"async\" width=\"1024\" height=\"739\" src=\"https:\/\/wemarry.io\/wp-content\/uploads\/2025\/10\/iPed_flayful-1024x739.png\" alt=\"\" class=\"wp-image-1039\" style=\"width:300px\" srcset=\"https:\/\/wemarry.io\/wp-content\/uploads\/2025\/10\/iPed_flayful-1024x739.png 1024w, https:\/\/wemarry.io\/wp-content\/uploads\/2025\/10\/iPed_flayful-300x217.png 300w, https:\/\/wemarry.io\/wp-content\/uploads\/2025\/10\/iPed_flayful-768x554.png 768w, https:\/\/wemarry.io\/wp-content\/uploads\/2025\/10\/iPed_flayful.png 1291w\" sizes=\"(max-width: 1024px) 100vw, 1024px\" \/><\/figure>\n<\/div>\n<\/div>\n<\/div>\n<\/div>\n<\/div>\n\n\n\n<div class=\"gb-element-9868b74e\">\n<div class=\"wp-block-media-text is-stacked-on-mobile\"><figure class=\"wp-block-media-text__media\"><video controls src=\"https:\/\/wemarry.io\/wp-content\/uploads\/2025\/09\/color-change.mp4\"><\/video><\/figure><div class=\"wp-block-media-text__content\">\n<h2 class=\"wp-block-heading\">Va\u0161e svatba = V\u00e1\u0161 styl<\/h2>\n\n\n\n<p>\u0160ablony si m\u016f\u017eete upravit p\u0159esn\u011b podle Va\u0161ich p\u0159edstav. M\u011b\u0148te barvy podle toho, jak nejl\u00e9pe sed\u00ed k Va\u0161\u00ed svatb\u011b. Nav\u00edc WeMarry automaticky dopo\u010d\u00edt\u00e1 barvy tak, aby k sob\u011b v\u017edy ladili a v\u0161e bylo \u010diteln\u00e9.<\/p>\n<\/div><\/div>\n\n\n\n<div class=\"wp-block-media-text has-media-on-the-right is-stacked-on-mobile\"><div class=\"wp-block-media-text__content\">\n<h2 class=\"wp-block-heading\">Zm\u011bna \u0161ablony = 1 kliknut\u00ed<\/h2>\n\n\n\n<p>Nem\u016f\u017eete se rozhodnout, kterou \u0161ablonu sv\u00e9mu svatebn\u00edmu webu oble\u010dete? Nevad\u00ed! \u0160ablony m\u016f\u017eete m\u011bnit kdykoliv chcete a nemus\u00edte se b\u00e1t, \u017ee by jste p\u0159i\u0161li o informace, kter\u00e9 na webu ji\u017e jsou.<\/p>\n<\/div><figure class=\"wp-block-media-text__media\"><video controls src=\"https:\/\/wemarry.io\/wp-content\/uploads\/2025\/09\/theme-change.mp4\"><\/video><\/figure><\/div>\n\n\n\n<p><\/p>\n<\/div>\n","protected":false},"excerpt":{"rendered":"<p>Jedine\u010dn\u00fd od\u011bv pro v\u00e1\u0161 svatebn\u00ed web Vyberte si \u0161ablonu, kter\u00e1 nejl\u00e9pe vystihne nal\u00e1du va\u0161\u00ed svatby. Pov\u00eddejte se na uk\u00e1zky svatebn\u00edch web\u016f vytvo\u0159en\u00fdch na WeMarry. Modern\u00ed Modern\u00ed vzhled Prohl\u00e9dnout Elegantn\u00ed Elegantn\u00ed vzhled Prohl\u00e9dnout Hrav\u00ed Hrav\u00ed vzhled Prohl\u00e9dnout Va\u0161e svatba = V\u00e1\u0161 styl \u0160ablony si m\u016f\u017eete upravit p\u0159esn\u011b podle Va\u0161ich p\u0159edstav. M\u011b\u0148te barvy podle toho, jak nejl\u00e9pe [&hellip;]<\/p>\n","protected":false},"author":1,"featured_media":0,"parent":0,"menu_order":0,"comment_status":"closed","ping_status":"closed","template":"","meta":{"_acf_changed":false,"footnotes":""},"class_list":["post-149","page","type-page","status-publish","hentry"],"acf":[],"yoast_head":"<!-- This site is optimized with the Yoast SEO plugin v27.3 - https:\/\/yoast.com\/product\/yoast-seo-wordpress\/ -->\n<title>Uk\u00e1zky svatebn\u00edho webu<\/title>\n<meta name=\"description\" content=\"Z\u00edskejte inspiraci pro V\u00e1\u0161 svatebn\u00ed web a prohl\u00e9dn\u011bte si uk\u00e1zky na\u0161ich stylov\u00fdch \u0161ablon. S WeMarry si pl\u00e1nov\u00e1n\u00ed svatby u\u017eijete.\" \/>\n<meta name=\"robots\" content=\"index, follow, max-snippet:-1, max-image-preview:large, max-video-preview:-1\" \/>\n<link rel=\"canonical\" href=\"https:\/\/wemarry.io\/cs\/sablony-pro-svatebni-web\/\" \/>\n<meta property=\"og:locale\" content=\"cs_CZ\" \/>\n<meta property=\"og:type\" content=\"article\" \/>\n<meta property=\"og:title\" content=\"Uk\u00e1zky svatebn\u00edho webu\" \/>\n<meta property=\"og:description\" content=\"Z\u00edskejte inspiraci pro V\u00e1\u0161 svatebn\u00ed web a prohl\u00e9dn\u011bte si uk\u00e1zky na\u0161ich stylov\u00fdch \u0161ablon. S WeMarry si pl\u00e1nov\u00e1n\u00ed svatby u\u017eijete.\" \/>\n<meta property=\"og:url\" content=\"https:\/\/wemarry.io\/cs\/sablony-pro-svatebni-web\/\" \/>\n<meta property=\"og:site_name\" content=\"WeMarry\" \/>\n<meta property=\"article:modified_time\" content=\"2025-12-22T09:57:17+00:00\" \/>\n<meta property=\"og:image\" content=\"https:\/\/wemarry.io\/wp-content\/uploads\/2025\/10\/iPed_modern-1024x739.png\" \/>\n<meta name=\"twitter:card\" content=\"summary_large_image\" \/>\n<meta name=\"twitter:label1\" content=\"Odhadovan\u00e1 doba \u010dten\u00ed\" \/>\n\t<meta name=\"twitter:data1\" content=\"2 minuty\" \/>\n<script type=\"application\/ld+json\" class=\"yoast-schema-graph\">{\"@context\":\"https:\\\/\\\/schema.org\",\"@graph\":[{\"@type\":\"WebPage\",\"@id\":\"https:\\\/\\\/wemarry.io\\\/cs\\\/sablony-pro-svatebni-web\\\/\",\"url\":\"https:\\\/\\\/wemarry.io\\\/cs\\\/sablony-pro-svatebni-web\\\/\",\"name\":\"Uk\u00e1zky svatebn\u00edho webu\",\"isPartOf\":{\"@id\":\"https:\\\/\\\/wemarry.io\\\/cs\\\/#website\"},\"primaryImageOfPage\":{\"@id\":\"https:\\\/\\\/wemarry.io\\\/cs\\\/sablony-pro-svatebni-web\\\/#primaryimage\"},\"image\":{\"@id\":\"https:\\\/\\\/wemarry.io\\\/cs\\\/sablony-pro-svatebni-web\\\/#primaryimage\"},\"thumbnailUrl\":\"https:\\\/\\\/wemarry.io\\\/wp-content\\\/uploads\\\/2025\\\/10\\\/iPed_modern-1024x739.png\",\"datePublished\":\"2025-07-25T14:12:15+00:00\",\"dateModified\":\"2025-12-22T09:57:17+00:00\",\"description\":\"Z\u00edskejte inspiraci pro V\u00e1\u0161 svatebn\u00ed web a prohl\u00e9dn\u011bte si uk\u00e1zky na\u0161ich stylov\u00fdch \u0161ablon. S WeMarry si pl\u00e1nov\u00e1n\u00ed svatby u\u017eijete.\",\"breadcrumb\":{\"@id\":\"https:\\\/\\\/wemarry.io\\\/cs\\\/sablony-pro-svatebni-web\\\/#breadcrumb\"},\"inLanguage\":\"cs\",\"potentialAction\":[{\"@type\":\"ReadAction\",\"target\":[\"https:\\\/\\\/wemarry.io\\\/cs\\\/sablony-pro-svatebni-web\\\/\"]}]},{\"@type\":\"ImageObject\",\"inLanguage\":\"cs\",\"@id\":\"https:\\\/\\\/wemarry.io\\\/cs\\\/sablony-pro-svatebni-web\\\/#primaryimage\",\"url\":\"https:\\\/\\\/wemarry.io\\\/wp-content\\\/uploads\\\/2025\\\/10\\\/iPed_modern-1024x739.png\",\"contentUrl\":\"https:\\\/\\\/wemarry.io\\\/wp-content\\\/uploads\\\/2025\\\/10\\\/iPed_modern-1024x739.png\"},{\"@type\":\"BreadcrumbList\",\"@id\":\"https:\\\/\\\/wemarry.io\\\/cs\\\/sablony-pro-svatebni-web\\\/#breadcrumb\",\"itemListElement\":[{\"@type\":\"ListItem\",\"position\":1,\"name\":\"Dom\u016f\",\"item\":\"https:\\\/\\\/wemarry.io\\\/cs\\\/\"},{\"@type\":\"ListItem\",\"position\":2,\"name\":\"\u0160ablony\"}]},{\"@type\":\"WebSite\",\"@id\":\"https:\\\/\\\/wemarry.io\\\/cs\\\/#website\",\"url\":\"https:\\\/\\\/wemarry.io\\\/cs\\\/\",\"name\":\"WeMarry\",\"description\":\"Napl\u00e1nujte si svou vysn\u011bnou svatbu bez stresu. wemarry.io v\u00e1m p\u0159in\u00e1\u0161\u00ed modern\u00ed svatebn\u00ed web, digit\u00e1ln\u00ed pozv\u00e1nky a online potvrzen\u00ed \u00fa\u010dasti (RSVP) na jednom m\u00edst\u011b. U\u0161et\u0159ete des\u00edtky hodin p\u0159i organizaci a sd\u00edlejte radost s hosty elegantn\u011b a online.\",\"publisher\":{\"@id\":\"https:\\\/\\\/wemarry.io\\\/cs\\\/#organization\"},\"potentialAction\":[{\"@type\":\"SearchAction\",\"target\":{\"@type\":\"EntryPoint\",\"urlTemplate\":\"https:\\\/\\\/wemarry.io\\\/cs\\\/?s={search_term_string}\"},\"query-input\":{\"@type\":\"PropertyValueSpecification\",\"valueRequired\":true,\"valueName\":\"search_term_string\"}}],\"inLanguage\":\"cs\"},{\"@type\":\"Organization\",\"@id\":\"https:\\\/\\\/wemarry.io\\\/cs\\\/#organization\",\"name\":\"WeMarry\",\"url\":\"https:\\\/\\\/wemarry.io\\\/cs\\\/\",\"logo\":{\"@type\":\"ImageObject\",\"inLanguage\":\"cs\",\"@id\":\"https:\\\/\\\/wemarry.io\\\/cs\\\/#\\\/schema\\\/logo\\\/image\\\/\",\"url\":\"https:\\\/\\\/wemarry.io\\\/wp-content\\\/uploads\\\/2025\\\/09\\\/WeMarry-favicon.svg\",\"contentUrl\":\"https:\\\/\\\/wemarry.io\\\/wp-content\\\/uploads\\\/2025\\\/09\\\/WeMarry-favicon.svg\",\"width\":512,\"height\":512,\"caption\":\"WeMarry\"},\"image\":{\"@id\":\"https:\\\/\\\/wemarry.io\\\/cs\\\/#\\\/schema\\\/logo\\\/image\\\/\"}}]}<\/script>\n<!-- \/ Yoast SEO plugin. -->","yoast_head_json":{"title":"Uk\u00e1zky svatebn\u00edho webu","description":"Z\u00edskejte inspiraci pro V\u00e1\u0161 svatebn\u00ed web a prohl\u00e9dn\u011bte si uk\u00e1zky na\u0161ich stylov\u00fdch \u0161ablon. S WeMarry si pl\u00e1nov\u00e1n\u00ed svatby u\u017eijete.","robots":{"index":"index","follow":"follow","max-snippet":"max-snippet:-1","max-image-preview":"max-image-preview:large","max-video-preview":"max-video-preview:-1"},"canonical":"https:\/\/wemarry.io\/cs\/sablony-pro-svatebni-web\/","og_locale":"cs_CZ","og_type":"article","og_title":"Uk\u00e1zky svatebn\u00edho webu","og_description":"Z\u00edskejte inspiraci pro V\u00e1\u0161 svatebn\u00ed web a prohl\u00e9dn\u011bte si uk\u00e1zky na\u0161ich stylov\u00fdch \u0161ablon. S WeMarry si pl\u00e1nov\u00e1n\u00ed svatby u\u017eijete.","og_url":"https:\/\/wemarry.io\/cs\/sablony-pro-svatebni-web\/","og_site_name":"WeMarry","article_modified_time":"2025-12-22T09:57:17+00:00","og_image":[{"url":"https:\/\/wemarry.io\/wp-content\/uploads\/2025\/10\/iPed_modern-1024x739.png","type":"","width":"","height":""}],"twitter_card":"summary_large_image","twitter_misc":{"Odhadovan\u00e1 doba \u010dten\u00ed":"2 minuty"},"schema":{"@context":"https:\/\/schema.org","@graph":[{"@type":"WebPage","@id":"https:\/\/wemarry.io\/cs\/sablony-pro-svatebni-web\/","url":"https:\/\/wemarry.io\/cs\/sablony-pro-svatebni-web\/","name":"Uk\u00e1zky svatebn\u00edho webu","isPartOf":{"@id":"https:\/\/wemarry.io\/cs\/#website"},"primaryImageOfPage":{"@id":"https:\/\/wemarry.io\/cs\/sablony-pro-svatebni-web\/#primaryimage"},"image":{"@id":"https:\/\/wemarry.io\/cs\/sablony-pro-svatebni-web\/#primaryimage"},"thumbnailUrl":"https:\/\/wemarry.io\/wp-content\/uploads\/2025\/10\/iPed_modern-1024x739.png","datePublished":"2025-07-25T14:12:15+00:00","dateModified":"2025-12-22T09:57:17+00:00","description":"Z\u00edskejte inspiraci pro V\u00e1\u0161 svatebn\u00ed web a prohl\u00e9dn\u011bte si uk\u00e1zky na\u0161ich stylov\u00fdch \u0161ablon. S WeMarry si pl\u00e1nov\u00e1n\u00ed svatby u\u017eijete.","breadcrumb":{"@id":"https:\/\/wemarry.io\/cs\/sablony-pro-svatebni-web\/#breadcrumb"},"inLanguage":"cs","potentialAction":[{"@type":"ReadAction","target":["https:\/\/wemarry.io\/cs\/sablony-pro-svatebni-web\/"]}]},{"@type":"ImageObject","inLanguage":"cs","@id":"https:\/\/wemarry.io\/cs\/sablony-pro-svatebni-web\/#primaryimage","url":"https:\/\/wemarry.io\/wp-content\/uploads\/2025\/10\/iPed_modern-1024x739.png","contentUrl":"https:\/\/wemarry.io\/wp-content\/uploads\/2025\/10\/iPed_modern-1024x739.png"},{"@type":"BreadcrumbList","@id":"https:\/\/wemarry.io\/cs\/sablony-pro-svatebni-web\/#breadcrumb","itemListElement":[{"@type":"ListItem","position":1,"name":"Dom\u016f","item":"https:\/\/wemarry.io\/cs\/"},{"@type":"ListItem","position":2,"name":"\u0160ablony"}]},{"@type":"WebSite","@id":"https:\/\/wemarry.io\/cs\/#website","url":"https:\/\/wemarry.io\/cs\/","name":"WeMarry","description":"Napl\u00e1nujte si svou vysn\u011bnou svatbu bez stresu. wemarry.io v\u00e1m p\u0159in\u00e1\u0161\u00ed modern\u00ed svatebn\u00ed web, digit\u00e1ln\u00ed pozv\u00e1nky a online potvrzen\u00ed \u00fa\u010dasti (RSVP) na jednom m\u00edst\u011b. U\u0161et\u0159ete des\u00edtky hodin p\u0159i organizaci a sd\u00edlejte radost s hosty elegantn\u011b a online.","publisher":{"@id":"https:\/\/wemarry.io\/cs\/#organization"},"potentialAction":[{"@type":"SearchAction","target":{"@type":"EntryPoint","urlTemplate":"https:\/\/wemarry.io\/cs\/?s={search_term_string}"},"query-input":{"@type":"PropertyValueSpecification","valueRequired":true,"valueName":"search_term_string"}}],"inLanguage":"cs"},{"@type":"Organization","@id":"https:\/\/wemarry.io\/cs\/#organization","name":"WeMarry","url":"https:\/\/wemarry.io\/cs\/","logo":{"@type":"ImageObject","inLanguage":"cs","@id":"https:\/\/wemarry.io\/cs\/#\/schema\/logo\/image\/","url":"https:\/\/wemarry.io\/wp-content\/uploads\/2025\/09\/WeMarry-favicon.svg","contentUrl":"https:\/\/wemarry.io\/wp-content\/uploads\/2025\/09\/WeMarry-favicon.svg","width":512,"height":512,"caption":"WeMarry"},"image":{"@id":"https:\/\/wemarry.io\/cs\/#\/schema\/logo\/image\/"}}]}},"_links":{"self":[{"href":"https:\/\/wemarry.io\/cs\/wp-json\/wp\/v2\/pages\/149","targetHints":{"allow":["GET"]}}],"collection":[{"href":"https:\/\/wemarry.io\/cs\/wp-json\/wp\/v2\/pages"}],"about":[{"href":"https:\/\/wemarry.io\/cs\/wp-json\/wp\/v2\/types\/page"}],"author":[{"embeddable":true,"href":"https:\/\/wemarry.io\/cs\/wp-json\/wp\/v2\/users\/1"}],"replies":[{"embeddable":true,"href":"https:\/\/wemarry.io\/cs\/wp-json\/wp\/v2\/comments?post=149"}],"version-history":[{"count":8,"href":"https:\/\/wemarry.io\/cs\/wp-json\/wp\/v2\/pages\/149\/revisions"}],"predecessor-version":[{"id":1559,"href":"https:\/\/wemarry.io\/cs\/wp-json\/wp\/v2\/pages\/149\/revisions\/1559"}],"wp:attachment":[{"href":"https:\/\/wemarry.io\/cs\/wp-json\/wp\/v2\/media?parent=149"}],"curies":[{"name":"wp","href":"https:\/\/api.w.org\/{rel}","templated":true}]}}