{"id":152,"date":"2025-07-25T14:34:28","date_gmt":"2025-07-25T14:34:28","guid":{"rendered":"http:\/\/wemarry.local\/?page_id=152"},"modified":"2025-12-22T11:17:22","modified_gmt":"2025-12-22T10:17:22","slug":"jak-vytvorit-svatebni-web-wemarry","status":"publish","type":"page","link":"https:\/\/wemarry.io\/cs\/jak-vytvorit-svatebni-web-wemarry\/","title":{"rendered":"N\u00e1vod jak vytvo\u0159it svatebn\u00ed web?"},"content":{"rendered":"\n<div class=\"gb-element-eff3c292\">\n<h1 class=\"wp-block-heading has-text-align-center\" style=\"padding-top:0;padding-right:var(--wp--preset--spacing--10);padding-bottom:0;padding-left:var(--wp--preset--spacing--10)\">N\u00e1vod, jak vytvo\u0159it svatebn\u00ed web<\/h1>\n\n\n\n<p class=\"has-text-align-center\" style=\"padding-top:0;padding-right:var(--wp--preset--spacing--10);padding-bottom:0;padding-left:var(--wp--preset--spacing--10)\">Kr\u00e1tk\u00e1 uk\u00e1zka toho, jak jednoduch\u00e9 je vytvo\u0159it svatebn\u00ed web na platform\u011b WeMarry a jak vyu\u017e\u00edt jeho potenci\u00e1l na maximum.<\/p>\n<\/div>\n\n\n\n<figure class=\"wp-block-embed is-type-video is-provider-youtube wp-block-embed-youtube wp-embed-aspect-16-9 wp-has-aspect-ratio\"><div class=\"wp-block-embed__wrapper\">\n<iframe loading=\"lazy\" title=\"N\u00e1vod: Jak funguje WeMarry\" width=\"500\" height=\"281\" src=\"https:\/\/www.youtube.com\/embed\/X2uNMUPL6W4?feature=oembed\" frameborder=\"0\" allow=\"accelerometer; autoplay; clipboard-write; encrypted-media; gyroscope; picture-in-picture; web-share\" referrerpolicy=\"strict-origin-when-cross-origin\" allowfullscreen><\/iframe>\n<\/div><\/figure>\n\n\n\n<div class=\"gb-element-4ffa02d2\">\n<h1 class=\"wp-block-heading has-text-align-center\" style=\"padding-top:0;padding-bottom:0\">Pokud nechcete koukat na video<\/h1>\n<\/div>\n\n\n\n<div class=\"wp-block-media-text has-media-on-the-right is-stacked-on-mobile\"><div class=\"wp-block-media-text__content\">\n<h2 class=\"wp-block-heading\">1. Dokon\u010den\u00ed registrace<\/h2>\n\n\n\n<p>Abychom mohli vytvo\u0159it web, je pot\u0159eba se zaregistrovat.<\/p>\n\n\n\n<p>To ud\u011bl\u00e1te t\u00edm, \u017ee kliknete na tla\u010d\u00edtko&nbsp;<strong>Zaregistrovat se,<\/strong>&nbsp;v prav\u00e9m horn\u00edm rohu nebo tla\u010d\u00edtko&nbsp;<strong>Vyzkou\u0161et<\/strong>,&nbsp;uprost\u0159ed \u00favodn\u00ed str\u00e1nky.<\/p>\n\n\n\n<p><strong>Vypl\u0148te e-mail<\/strong> a dokon\u010dete registraci. Vlo\u017een\u00e9 \u00fadaje m\u016f\u017eete pozd\u011bji kdykoliv upravit.<\/p>\n<\/div><figure class=\"wp-block-media-text__media\"><video controls src=\"https:\/\/wemarry.io\/wp-content\/uploads\/2025\/09\/sign-up.mp4\"><\/video><\/figure><\/div>\n\n\n\n<div class=\"wp-block-media-text is-stacked-on-mobile\"><figure class=\"wp-block-media-text__media\"><video controls src=\"https:\/\/wemarry.io\/wp-content\/uploads\/2025\/09\/editor.mp4\"><\/video><\/figure><div class=\"wp-block-media-text__content\">\n<h2 class=\"wp-block-heading\">2. Vypln\u011bn\u00ed informac\u00ed<\/h2>\n\n\n\n<p>\u00daprava webu je velmi intuitivn\u00ed. V lev\u00e9 \u010d\u00e1sti obrazovky uvid\u00edte <strong>editor<\/strong> rozd\u011blen\u00fd do jednotliv\u00fdch sekc\u00ed. V prav\u00e9 \u010d\u00e1sti uvid\u00edte aktu\u00e1ln\u00ed <strong>n\u00e1hled webu<\/strong>.<\/p>\n\n\n\n<p><strong>Druh\u00fd jazyk <\/strong>webu m\u016f\u017eete p\u0159idat jednodu\u0161e v z\u00e1lo\u017ece <strong>Nastaven\u00ed<\/strong>.<strong> <\/strong>Jazykov\u00e1 mutace se <strong>nep\u0159ekl\u00e1d\u00e1 automaticky<\/strong>, tak\u017ee ji mus\u00edte vyplnit sami.<\/p>\n\n\n\n<p><strong>Form\u00e1t data <\/strong>kon\u00e1n\u00ed svatby se nastavuje automaticky podle syst\u00e9mu za\u0159\u00edzen\u00ed, nikoli podle jazyku webu tzn. \u017ee pokud m\u00e1te syst\u00e9m anglicky, uvid\u00edte datum v anglick\u00e9m form\u00e1tu i na \u010desk\u00e9 verzi webu.<\/p>\n\n\n\n<p><strong>Fotografie<\/strong> nahrajete jednodu\u0161e p\u0159es tla\u010d\u00edtko&nbsp;<strong>Nahr\u00e1t<\/strong>. Z jak\u00e9hokoliv za\u0159\u00edzen\u00ed pot\u0159ebujete, nemus\u00edte je p\u0159esouvat do po\u010d\u00edta\u010de nebo tabletu.<\/p>\n\n\n\n<p>Po vypln\u011bn\u00ed informac\u00ed nezapome\u0148te kliknout na tla\u010d\u00edtko&nbsp;<strong>Ulo\u017eit zm\u011bny<\/strong>.<\/p>\n<\/div><\/div>\n\n\n\n<div class=\"wp-block-media-text has-media-on-the-right is-stacked-on-mobile\"><div class=\"wp-block-media-text__content\">\n<h2 class=\"wp-block-heading\">3. V\u00fdb\u011br \u0161ablony a dal\u0161\u00ed \u00fapravy vzhledu<\/h2>\n\n\n\n<p>Pokud chcete vyzkou\u0161et jak by V\u00e1\u0161 web vypadal v jin\u00e9m od\u011bvu, m\u016f\u017eete kdykoliv \u0161ablonu zm\u011bnit v z\u00e1lo\u017ece <strong>Vzhled<\/strong>.<\/p>\n\n\n\n<p>V t\u00e9to z\u00e1lo\u017ece m\u016f\u017eete <strong>vybrat \u0161ablonu, m\u011bnit barvy a dal\u0161\u00ed prvky<\/strong> na Va\u0161em svatebn\u00edm webu.<\/p>\n\n\n\n<p>Vzhled webu <strong>m\u016f\u017eete upravit kdykoliv<\/strong> i po jeho zve\u0159ejn\u011bn\u00ed a rozesl\u00e1n\u00ed svatebn\u00edm host\u016fm.<\/p>\n<\/div><figure class=\"wp-block-media-text__media\"><video controls src=\"https:\/\/wemarry.io\/wp-content\/uploads\/2025\/09\/theme-change.mp4\"><\/video><\/figure><\/div>\n\n\n\n<div class=\"wp-block-media-text is-stacked-on-mobile\"><figure class=\"wp-block-media-text__media\"><video controls src=\"https:\/\/wemarry.io\/wp-content\/uploads\/2025\/09\/wedding-gifts.mp4\"><\/video><\/figure><div class=\"wp-block-media-text__content\">\n<h2 class=\"wp-block-heading\">4. Svatebn\u00ed dary<\/h2>\n\n\n\n<p>V sekci svatebn\u00edch dar\u016f m\u016f\u017eete d\u00e1t host\u016fm v\u011bd\u011bt, co byste si p\u0159\u00e1li a m\u00e1te n\u011bkolik mo\u017enost\u00ed.<\/p>\n\n\n\n<ul class=\"wp-block-list\">\n<li><strong>QR platba<\/strong> &#8211; st\u00e1le \u010dast\u011bji se st\u00e1v\u00e1, \u017ee hmotn\u00e9 dary nahrazuj\u00ed fina\u010dn\u00ed prost\u0159edky. N\u011bkte\u0159\u00ed lid\u00e9, ale necht\u011bj\u00ed darovat v\u011bt\u0161\u00ed obnosy v hotovosti a tak jsme p\u0159idali mo\u017enost nahr\u00e1t na web QR k\u00f3d, kam sta\u010d\u00ed vygenerovat platbu ve Va\u0161em online bankovnictv\u00ed a m\u00e1te tak jistotu, \u017ee <strong>pen\u00edze p\u0159ijdou tam, kam maj\u00ed<\/strong>.<\/li>\n\n\n\n<li><strong>Seznam dar\u016f<\/strong> &#8211; tak\u00e9 m\u00e1te mo\u017enost vypsat seznam hmotn\u00fdch dar\u016f, kter\u00e9 by V\u00e1m ud\u011blaly radost, ke ka\u017ed\u00e9 polo\u017ece <strong>m\u016f\u017eete p\u0159idat odkaz<\/strong> p\u0159\u00edmo na vysn\u011bn\u00fd dar.<\/li>\n\n\n\n<li><strong>Rezervace daru<\/strong> &#8211; abychom p\u0159ede\u0161li situaci, \u017ee se na svatb\u011b potk\u00e1 n\u011bkolik stejn\u00fdch dar\u016f, maj\u00ed host\u00e9 mo\u017enost <strong>v RSVP formul\u00e1\u0159i<\/strong> rezervovat dar, kter\u00fd se v tu chv\u00edli v seznamu <strong>dar \u0161krtne<\/strong>, aby bylo jasn\u00e9, \u017ee o tento dar u\u017e je postar\u00e1no.<\/li>\n<\/ul>\n<\/div><\/div>\n\n\n\n<div class=\"wp-block-media-text has-media-on-the-right is-stacked-on-mobile\"><div class=\"wp-block-media-text__content\">\n<h2 class=\"wp-block-heading\">5. Formul\u00e1\u0159 potvrzen\u00ed \u00fa\u010dasti<\/h2>\n\n\n\n<p>Nejd\u0159\u00edve nastavte heslo formul\u00e1\u0159e, v z\u00e1lo\u017ece <strong>Nastaven\u00ed<\/strong>. <strong>Heslo je povinn\u00e9<\/strong> a z bezpe\u010dnostn\u00edch d\u016fvod\u016f nelze vypnout.<\/p>\n\n\n\n<p>Aby host\u00e9 nemuseli heslo zad\u00e1vat, m\u016f\u017eete jim odeslat <strong>speci\u00e1ln\u00ed odkaz<\/strong>, kter\u00fd formul\u00e1\u0159 <strong>automaticky odemkne<\/strong>. Tento odkaz bude po zaplacen\u00ed na N\u00e1st\u011bnce pod QR k\u00f3dem.<\/p>\n\n\n\n<p>V editoru formul\u00e1\u0159e uvid\u00edte z\u00e1lo\u017eky <strong>Vestav\u011bn\u00e9 ot\u00e1zky<\/strong> a <strong>Vlastn\u00ed ot\u00e1zky<\/strong>. Vypl\u0148te si ot\u00e1zky, kter\u00e9 V\u00e1m <strong>pom\u016f\u017eou s pl\u00e1nov\u00e1n\u00edm svatby<\/strong>.<\/p>\n\n\n\n<p>Celkov\u00fd po\u010det potvrzen\u00fdch host\u016f a d\u011bt\u00ed uvid\u00edte na <strong>N\u00e1st\u011bnce<\/strong>. Jednotliv\u00e9 odpov\u011bdi host\u016f naleznete v sekci <strong>Pozv\u00e1nky<\/strong>.<\/p>\n<\/div><figure class=\"wp-block-media-text__media\"><video controls src=\"https:\/\/wemarry.io\/wp-content\/uploads\/2025\/09\/RSVP-form.mp4\"><\/video><\/figure><\/div>\n\n\n\n<div class=\"wp-block-media-text is-stacked-on-mobile\"><figure class=\"wp-block-media-text__media\"><video controls src=\"https:\/\/wemarry.io\/wp-content\/uploads\/2025\/09\/payment.mp4\"><\/video><\/figure><div class=\"wp-block-media-text__content\">\n<h2 class=\"wp-block-heading\">6. Platba a v\u00fdb\u011br dom\u00e9ny<\/h2>\n\n\n\n<p>Tvorbu webu si m\u016f\u017eete <strong>vyzkou\u0161et zdarma<\/strong>. Pokud budete cht\u00edt svatebn\u00ed web sd\u00edlet s p\u0159\u00e1teli a vyu\u017e\u00edt jeho potenci\u00e1l, je pot\u0159eba web zve\u0159ejnit.<\/p>\n\n\n\n<p>Sv\u016fj svatebn\u00ed web zve\u0159ejn\u00edte kliknut\u00edm na tla\u010d\u00edtko <strong>Zaplatit<\/strong>. Zaplat\u00edte jednodu\u0161e kartou.<\/p>\n\n\n\n<p>Po zaplacen\u00ed uvid\u00edte mo\u017enost <strong>Vybrat dom\u00e9nu<\/strong>. Na v\u00fdb\u011br m\u00e1te ze dvou mo\u017enost\u00ed.<\/p>\n\n\n\n<ul class=\"wp-block-list\">\n<li><strong>Dom\u00e9na WeMarry<\/strong> &#8211; jednodu\u0161e vyberete p\u0159edponu a hlavn\u00ed dom\u00e9nu na kter\u00e9 bude V\u00e1\u0161 web dostupn\u00fd, <strong>nap\u0159. modern.wemarry.io<\/strong>.<\/li>\n\n\n\n<li><strong>Vlastn\u00ed dom\u00e9na<\/strong> &#8211; pokud m\u00e1te koupenou svou vlastn\u00ed dom\u00e9nu <strong>nap\u0159. novakovi.cz<\/strong> uvid\u00edte n\u00e1vod na zm\u011bnu DNS z\u00e1znam\u016f, po kter\u00e9 V\u00e1\u0161 web bude dostupn\u00fd pr\u00e1v\u011b na t\u00e9 adrese.<\/li>\n<\/ul>\n<\/div><\/div>\n\n\n\n<div class=\"wp-block-media-text has-media-on-the-right is-stacked-on-mobile\"><div class=\"wp-block-media-text__content\">\n<h2 class=\"wp-block-heading\">7. Rozesl\u00e1n\u00ed pozv\u00e1nek<\/h2>\n\n\n\n<p>Web jste vyplnili, zaplatili a nyn\u00ed byste r\u00e1di pozvali svatebn\u00ed hosty. S WeMarry m\u00e1te <strong>n\u011bkolik mo\u017enost\u00ed<\/strong>.<\/p>\n\n\n\n<ul class=\"wp-block-list\">\n<li><strong>Odkaz bez hesla<\/strong> &#8211; pokud po\u0161lete host\u016fm oby\u010dejn\u00fd odkaz na web nap\u0159. modern.wemarry.io myslete na to, \u017ee <strong>host\u00e9 budou pot\u0159ebovat heslo<\/strong>, aby mohli potvrdit svou \u00fa\u010dast na svatb\u011b.<\/li>\n\n\n\n<li><strong>Odkaz s heslem<\/strong> &#8211; po zaplacen\u00ed na n\u00e1st\u011bnce uvid\u00edte odkaz, kter\u00fd bude heslo obsahovat v URL. V tom p\u0159\u00edpad\u011b se <strong>formul\u00e1\u0159 odemkne automaticky<\/strong> a host\u00e9 ho nemus\u00ed vypl\u0148ovat.<\/li>\n\n\n\n<li><strong>Rozesl\u00e1n\u00ed na e-mail<\/strong> &#8211; pokud zn\u00e1te e-mailov\u00e9 adresy Va\u0161ich host\u016f, m\u016f\u017eete jim rozeslat pozv\u00e1nky p\u0159\u00edmo do schr\u00e1nky. Tento zp\u016fsob m\u00e1 v\u00fdhodu, \u017ee WeMarry pozn\u00e1, jestli host\u00e9 vyplnili formul\u00e1\u0159 a pokud ne, <strong>automaticky se p\u0159ipomene<\/strong>.<\/li>\n<\/ul>\n<\/div><figure class=\"wp-block-media-text__media\"><video controls src=\"https:\/\/wemarry.io\/wp-content\/uploads\/2025\/09\/invites.mp4\"><\/video><\/figure><\/div>\n\n\n\n<div class=\"wp-block-media-text is-stacked-on-mobile\"><figure class=\"wp-block-media-text__media\"><video controls src=\"https:\/\/wemarry.io\/wp-content\/uploads\/2025\/09\/dashboard.mp4\"><\/video><\/figure><div class=\"wp-block-media-text__content\">\n<h2 class=\"wp-block-heading\">8. N\u00e1st\u011bnka<\/h2>\n\n\n\n<p>N\u00e1st\u011bnka funguje jako <strong>p\u0159ehled a rozcestn\u00edk<\/strong> do dal\u0161\u00edch sekc\u00ed aplikace WeMarry.<\/p>\n\n\n\n<p>Tak\u00e9 zde naleznete zde odpo\u010det do svatby, p\u0159ehled o hostech, TO DO list, <strong>QR k\u00f3d ke sta\u017een\u00ed<\/strong> \u010di odkaz, se kter\u00fdm host\u00e9 nebudou muset zad\u00e1vat heslo k formul\u00e1\u0159i.<\/p>\n\n\n\n<p>QR k\u00f3d \u010di odkaz na svatebn\u00ed web m\u016f\u017eete <strong>p\u0159idat na svatebn\u00ed ozn\u00e1men\u00ed<\/strong>, aby host\u00e9 v\u011bd\u011bli, kde najdou v\u0161echny d\u016fle\u017eit\u00e9 detaily o Va\u0161\u00ed svatb\u011b.<\/p>\n<\/div><\/div>\n\n\n\n<p><\/p>\n","protected":false},"excerpt":{"rendered":"<p>N\u00e1vod, jak vytvo\u0159it svatebn\u00ed web Kr\u00e1tk\u00e1 uk\u00e1zka toho, jak jednoduch\u00e9 je vytvo\u0159it svatebn\u00ed web na platform\u011b WeMarry a jak vyu\u017e\u00edt jeho potenci\u00e1l na maximum. Pokud nechcete koukat na video 1. Dokon\u010den\u00ed registrace Abychom mohli vytvo\u0159it web, je pot\u0159eba se zaregistrovat. To ud\u011bl\u00e1te t\u00edm, \u017ee kliknete na tla\u010d\u00edtko&nbsp;Zaregistrovat se,&nbsp;v prav\u00e9m horn\u00edm rohu nebo tla\u010d\u00edtko&nbsp;Vyzkou\u0161et,&nbsp;uprost\u0159ed \u00favodn\u00ed str\u00e1nky. [&hellip;]<\/p>\n","protected":false},"author":1,"featured_media":0,"parent":0,"menu_order":0,"comment_status":"closed","ping_status":"closed","template":"","meta":{"_acf_changed":false,"footnotes":""},"class_list":["post-152","page","type-page","status-publish","hentry"],"acf":[],"yoast_head":"<!-- This site is optimized with the Yoast SEO plugin v27.4 - https:\/\/yoast.com\/product\/yoast-seo-wordpress\/ -->\n<title>Jak vytvo\u0159it svatebn\u00ed web?<\/title>\n<meta name=\"description\" content=\"P\u0159e\u010dt\u011bte si jak vytvo\u0159it svatebn\u00ed web na WeMarry a jak\u00e9 nab\u00edz\u00ed mo\u017enosti pro snaz\u0161\u00ed pl\u00e1nov\u00e1n\u00ed svatby.\" \/>\n<meta name=\"robots\" content=\"index, follow, max-snippet:-1, max-image-preview:large, max-video-preview:-1\" \/>\n<link rel=\"canonical\" href=\"https:\/\/wemarry.io\/cs\/jak-vytvorit-svatebni-web-wemarry\/\" \/>\n<meta property=\"og:locale\" content=\"cs_CZ\" \/>\n<meta property=\"og:type\" content=\"article\" \/>\n<meta property=\"og:title\" content=\"Jak vytvo\u0159it svatebn\u00ed web?\" \/>\n<meta property=\"og:description\" content=\"P\u0159e\u010dt\u011bte si jak vytvo\u0159it svatebn\u00ed web na WeMarry a jak\u00e9 nab\u00edz\u00ed mo\u017enosti pro snaz\u0161\u00ed pl\u00e1nov\u00e1n\u00ed svatby.\" \/>\n<meta property=\"og:url\" content=\"https:\/\/wemarry.io\/cs\/jak-vytvorit-svatebni-web-wemarry\/\" \/>\n<meta property=\"og:site_name\" content=\"WeMarry\" \/>\n<meta property=\"article:modified_time\" content=\"2025-12-22T10:17:22+00:00\" \/>\n<meta name=\"twitter:card\" content=\"summary_large_image\" \/>\n<meta name=\"twitter:label1\" content=\"Odhadovan\u00e1 doba \u010dten\u00ed\" \/>\n\t<meta name=\"twitter:data1\" content=\"4 minuty\" \/>\n<script type=\"application\/ld+json\" class=\"yoast-schema-graph\">{\"@context\":\"https:\\\/\\\/schema.org\",\"@graph\":[{\"@type\":\"WebPage\",\"@id\":\"https:\\\/\\\/wemarry.io\\\/cs\\\/jak-vytvorit-svatebni-web-wemarry\\\/\",\"url\":\"https:\\\/\\\/wemarry.io\\\/cs\\\/jak-vytvorit-svatebni-web-wemarry\\\/\",\"name\":\"Jak vytvo\u0159it svatebn\u00ed web?\",\"isPartOf\":{\"@id\":\"https:\\\/\\\/wemarry.io\\\/cs\\\/#website\"},\"datePublished\":\"2025-07-25T14:34:28+00:00\",\"dateModified\":\"2025-12-22T10:17:22+00:00\",\"description\":\"P\u0159e\u010dt\u011bte si jak vytvo\u0159it svatebn\u00ed web na WeMarry a jak\u00e9 nab\u00edz\u00ed mo\u017enosti pro snaz\u0161\u00ed pl\u00e1nov\u00e1n\u00ed svatby.\",\"breadcrumb\":{\"@id\":\"https:\\\/\\\/wemarry.io\\\/cs\\\/jak-vytvorit-svatebni-web-wemarry\\\/#breadcrumb\"},\"inLanguage\":\"cs\",\"potentialAction\":[{\"@type\":\"ReadAction\",\"target\":[\"https:\\\/\\\/wemarry.io\\\/cs\\\/jak-vytvorit-svatebni-web-wemarry\\\/\"]}]},{\"@type\":\"BreadcrumbList\",\"@id\":\"https:\\\/\\\/wemarry.io\\\/cs\\\/jak-vytvorit-svatebni-web-wemarry\\\/#breadcrumb\",\"itemListElement\":[{\"@type\":\"ListItem\",\"position\":1,\"name\":\"Dom\u016f\",\"item\":\"https:\\\/\\\/wemarry.io\\\/cs\\\/\"},{\"@type\":\"ListItem\",\"position\":2,\"name\":\"N\u00e1vod jak vytvo\u0159it svatebn\u00ed web?\"}]},{\"@type\":\"WebSite\",\"@id\":\"https:\\\/\\\/wemarry.io\\\/cs\\\/#website\",\"url\":\"https:\\\/\\\/wemarry.io\\\/cs\\\/\",\"name\":\"WeMarry\",\"description\":\"Napl\u00e1nujte si svou vysn\u011bnou svatbu bez stresu. wemarry.io v\u00e1m p\u0159in\u00e1\u0161\u00ed modern\u00ed svatebn\u00ed web, digit\u00e1ln\u00ed pozv\u00e1nky a online potvrzen\u00ed \u00fa\u010dasti (RSVP) na jednom m\u00edst\u011b. U\u0161et\u0159ete des\u00edtky hodin p\u0159i organizaci a sd\u00edlejte radost s hosty elegantn\u011b a online.\",\"publisher\":{\"@id\":\"https:\\\/\\\/wemarry.io\\\/cs\\\/#organization\"},\"potentialAction\":[{\"@type\":\"SearchAction\",\"target\":{\"@type\":\"EntryPoint\",\"urlTemplate\":\"https:\\\/\\\/wemarry.io\\\/cs\\\/?s={search_term_string}\"},\"query-input\":{\"@type\":\"PropertyValueSpecification\",\"valueRequired\":true,\"valueName\":\"search_term_string\"}}],\"inLanguage\":\"cs\"},{\"@type\":\"Organization\",\"@id\":\"https:\\\/\\\/wemarry.io\\\/cs\\\/#organization\",\"name\":\"WeMarry\",\"url\":\"https:\\\/\\\/wemarry.io\\\/cs\\\/\",\"logo\":{\"@type\":\"ImageObject\",\"inLanguage\":\"cs\",\"@id\":\"https:\\\/\\\/wemarry.io\\\/cs\\\/#\\\/schema\\\/logo\\\/image\\\/\",\"url\":\"https:\\\/\\\/wemarry.io\\\/wp-content\\\/uploads\\\/2025\\\/09\\\/WeMarry-favicon.svg\",\"contentUrl\":\"https:\\\/\\\/wemarry.io\\\/wp-content\\\/uploads\\\/2025\\\/09\\\/WeMarry-favicon.svg\",\"width\":512,\"height\":512,\"caption\":\"WeMarry\"},\"image\":{\"@id\":\"https:\\\/\\\/wemarry.io\\\/cs\\\/#\\\/schema\\\/logo\\\/image\\\/\"}}]}<\/script>\n<!-- \/ Yoast SEO plugin. -->","yoast_head_json":{"title":"Jak vytvo\u0159it svatebn\u00ed web?","description":"P\u0159e\u010dt\u011bte si jak vytvo\u0159it svatebn\u00ed web na WeMarry a jak\u00e9 nab\u00edz\u00ed mo\u017enosti pro snaz\u0161\u00ed pl\u00e1nov\u00e1n\u00ed svatby.","robots":{"index":"index","follow":"follow","max-snippet":"max-snippet:-1","max-image-preview":"max-image-preview:large","max-video-preview":"max-video-preview:-1"},"canonical":"https:\/\/wemarry.io\/cs\/jak-vytvorit-svatebni-web-wemarry\/","og_locale":"cs_CZ","og_type":"article","og_title":"Jak vytvo\u0159it svatebn\u00ed web?","og_description":"P\u0159e\u010dt\u011bte si jak vytvo\u0159it svatebn\u00ed web na WeMarry a jak\u00e9 nab\u00edz\u00ed mo\u017enosti pro snaz\u0161\u00ed pl\u00e1nov\u00e1n\u00ed svatby.","og_url":"https:\/\/wemarry.io\/cs\/jak-vytvorit-svatebni-web-wemarry\/","og_site_name":"WeMarry","article_modified_time":"2025-12-22T10:17:22+00:00","twitter_card":"summary_large_image","twitter_misc":{"Odhadovan\u00e1 doba \u010dten\u00ed":"4 minuty"},"schema":{"@context":"https:\/\/schema.org","@graph":[{"@type":"WebPage","@id":"https:\/\/wemarry.io\/cs\/jak-vytvorit-svatebni-web-wemarry\/","url":"https:\/\/wemarry.io\/cs\/jak-vytvorit-svatebni-web-wemarry\/","name":"Jak vytvo\u0159it svatebn\u00ed web?","isPartOf":{"@id":"https:\/\/wemarry.io\/cs\/#website"},"datePublished":"2025-07-25T14:34:28+00:00","dateModified":"2025-12-22T10:17:22+00:00","description":"P\u0159e\u010dt\u011bte si jak vytvo\u0159it svatebn\u00ed web na WeMarry a jak\u00e9 nab\u00edz\u00ed mo\u017enosti pro snaz\u0161\u00ed pl\u00e1nov\u00e1n\u00ed svatby.","breadcrumb":{"@id":"https:\/\/wemarry.io\/cs\/jak-vytvorit-svatebni-web-wemarry\/#breadcrumb"},"inLanguage":"cs","potentialAction":[{"@type":"ReadAction","target":["https:\/\/wemarry.io\/cs\/jak-vytvorit-svatebni-web-wemarry\/"]}]},{"@type":"BreadcrumbList","@id":"https:\/\/wemarry.io\/cs\/jak-vytvorit-svatebni-web-wemarry\/#breadcrumb","itemListElement":[{"@type":"ListItem","position":1,"name":"Dom\u016f","item":"https:\/\/wemarry.io\/cs\/"},{"@type":"ListItem","position":2,"name":"N\u00e1vod jak vytvo\u0159it svatebn\u00ed web?"}]},{"@type":"WebSite","@id":"https:\/\/wemarry.io\/cs\/#website","url":"https:\/\/wemarry.io\/cs\/","name":"WeMarry","description":"Napl\u00e1nujte si svou vysn\u011bnou svatbu bez stresu. wemarry.io v\u00e1m p\u0159in\u00e1\u0161\u00ed modern\u00ed svatebn\u00ed web, digit\u00e1ln\u00ed pozv\u00e1nky a online potvrzen\u00ed \u00fa\u010dasti (RSVP) na jednom m\u00edst\u011b. U\u0161et\u0159ete des\u00edtky hodin p\u0159i organizaci a sd\u00edlejte radost s hosty elegantn\u011b a online.","publisher":{"@id":"https:\/\/wemarry.io\/cs\/#organization"},"potentialAction":[{"@type":"SearchAction","target":{"@type":"EntryPoint","urlTemplate":"https:\/\/wemarry.io\/cs\/?s={search_term_string}"},"query-input":{"@type":"PropertyValueSpecification","valueRequired":true,"valueName":"search_term_string"}}],"inLanguage":"cs"},{"@type":"Organization","@id":"https:\/\/wemarry.io\/cs\/#organization","name":"WeMarry","url":"https:\/\/wemarry.io\/cs\/","logo":{"@type":"ImageObject","inLanguage":"cs","@id":"https:\/\/wemarry.io\/cs\/#\/schema\/logo\/image\/","url":"https:\/\/wemarry.io\/wp-content\/uploads\/2025\/09\/WeMarry-favicon.svg","contentUrl":"https:\/\/wemarry.io\/wp-content\/uploads\/2025\/09\/WeMarry-favicon.svg","width":512,"height":512,"caption":"WeMarry"},"image":{"@id":"https:\/\/wemarry.io\/cs\/#\/schema\/logo\/image\/"}}]}},"_links":{"self":[{"href":"https:\/\/wemarry.io\/cs\/wp-json\/wp\/v2\/pages\/152","targetHints":{"allow":["GET"]}}],"collection":[{"href":"https:\/\/wemarry.io\/cs\/wp-json\/wp\/v2\/pages"}],"about":[{"href":"https:\/\/wemarry.io\/cs\/wp-json\/wp\/v2\/types\/page"}],"author":[{"embeddable":true,"href":"https:\/\/wemarry.io\/cs\/wp-json\/wp\/v2\/users\/1"}],"replies":[{"embeddable":true,"href":"https:\/\/wemarry.io\/cs\/wp-json\/wp\/v2\/comments?post=152"}],"version-history":[{"count":6,"href":"https:\/\/wemarry.io\/cs\/wp-json\/wp\/v2\/pages\/152\/revisions"}],"predecessor-version":[{"id":1583,"href":"https:\/\/wemarry.io\/cs\/wp-json\/wp\/v2\/pages\/152\/revisions\/1583"}],"wp:attachment":[{"href":"https:\/\/wemarry.io\/cs\/wp-json\/wp\/v2\/media?parent=152"}],"curies":[{"name":"wp","href":"https:\/\/api.w.org\/{rel}","templated":true}]}}