{"id":154,"date":"2025-07-25T14:41:23","date_gmt":"2025-07-25T14:41:23","guid":{"rendered":"http:\/\/wemarry.local\/?page_id=154"},"modified":"2025-12-22T11:13:01","modified_gmt":"2025-12-22T10:13:01","slug":"pro-svatebni-agentury-a-koordinatory","status":"publish","type":"page","link":"https:\/\/wemarry.io\/cs\/pro-svatebni-agentury-a-koordinatory\/","title":{"rendered":"Pro svatebn\u00ed agentury a koordin\u00e1tory"},"content":{"rendered":"\n<div class=\"gb-element-eff3c292\">\n<h1 class=\"wp-block-heading has-text-align-center\" style=\"padding-top:0;padding-right:var(--wp--preset--spacing--10);padding-bottom:0;padding-left:var(--wp--preset--spacing--10)\">Pl\u00e1nujte svatby sv\u00fdch klient\u016f jednodu\u0161e z jednoho m\u00edsta<\/h1>\n<\/div>\n\n\n\n<div class=\"wp-block-media-text has-media-on-the-right is-stacked-on-mobile\"><div class=\"wp-block-media-text__content\">\n<h2 class=\"wp-block-heading\">Pro organiz\u00e1tory svateb m\u00e1me speci\u00e1ln\u00ed rozhran\u00ed.<\/h2>\n\n\n\n<p><strong>V\u0161e<\/strong> m\u00e1te p\u0159ehledn\u011b <strong>na jednom m\u00edst\u011b<\/strong><\/p>\n\n\n\n<p><strong>U\u0161et\u0159\u00edte<\/strong> <strong>\u010das i pen\u00edze<\/strong> spojen\u00e9 s pl\u00e1nov\u00e1n\u00edm svatby<\/p>\n\n\n\n<p><strong>Nab\u00eddnete lep\u0161\u00ed slu\u017eby<\/strong> sv\u00fdm z\u00e1kazn\u00edk\u016fm<\/p>\n<\/div><figure class=\"wp-block-media-text__media\"><video controls src=\"https:\/\/wemarry.io\/wp-content\/uploads\/2025\/09\/agency-account.mp4\"><\/video><\/figure><\/div>\n\n\n\n<div class=\"wp-block-media-text is-stacked-on-mobile\"><figure class=\"wp-block-media-text__media\"><img decoding=\"async\" width=\"1512\" height=\"1008\" src=\"https:\/\/wemarry.io\/wp-content\/uploads\/2025\/09\/mockup.avif\" alt=\"\" class=\"wp-image-261 size-full\"\/><\/figure><div class=\"wp-block-media-text__content\">\n<h2 class=\"wp-block-heading\">S \u010d\u00edm V\u00e1m svatebn\u00ed web pom\u016f\u017ee?<\/h2>\n\n\n\n<ul class=\"wp-block-list\">\n<li>Host\u00e9 maj\u00ed v\u0161echny <strong>d\u016fle\u017eit\u00e9 informace<\/strong> o svatb\u011b <strong>na jednom m\u00edst\u011b 24\/7<\/strong><\/li>\n\n\n\n<li>D\u00edky potvrzen\u00ed \u00fa\u010dasti <strong>m\u00e1te p\u0159ehled o<\/strong> pozvan\u00fdch <strong>hostech<\/strong> a jejich preferenc\u00edch nap\u0159. diety apod.<\/li>\n\n\n\n<li>Jednodu\u0161e p\u0159id\u00e1te <strong>druh\u00fd jazyk pro zahrani\u010dn\u00ed hosty<\/strong> a\u0165 se nic neztrat\u00ed v p\u0159ekladu<\/li>\n\n\n\n<li>Je <strong>levn\u011bj\u0161\u00ed<\/strong> a ekologi\u010dt\u011bj\u0161\u00ed <strong>ne\u017e ti\u0161t\u011bn\u00e9<\/strong> ozn\u00e1men\u00ed nebo funguje skv\u011ble jako jeho dopln\u011bk<\/li>\n\n\n\n<li>Po svatb\u011b m\u016f\u017eete web vyu\u017e\u00edt jako <strong>svatebn\u00ed galerii<\/strong><\/li>\n<\/ul>\n<\/div><\/div>\n","protected":false},"excerpt":{"rendered":"<p>Pl\u00e1nujte svatby sv\u00fdch klient\u016f jednodu\u0161e z jednoho m\u00edsta Pro organiz\u00e1tory svateb m\u00e1me speci\u00e1ln\u00ed rozhran\u00ed. V\u0161e m\u00e1te p\u0159ehledn\u011b na jednom m\u00edst\u011b U\u0161et\u0159\u00edte \u010das i pen\u00edze spojen\u00e9 s pl\u00e1nov\u00e1n\u00edm svatby Nab\u00eddnete lep\u0161\u00ed slu\u017eby sv\u00fdm z\u00e1kazn\u00edk\u016fm<\/p>\n","protected":false},"author":1,"featured_media":0,"parent":0,"menu_order":0,"comment_status":"closed","ping_status":"closed","template":"","meta":{"_acf_changed":false,"footnotes":""},"class_list":["post-154","page","type-page","status-publish","hentry"],"acf":[],"yoast_head":"<!-- This site is optimized with the Yoast SEO plugin v27.4 - https:\/\/yoast.com\/product\/yoast-seo-wordpress\/ -->\n<title>\u00da\u010det pro svatebn\u00ed agentury a koordin\u00e1tory<\/title>\n<meta name=\"description\" content=\"D\u00edky speci\u00e1ln\u00edmu typu \u00fa\u010dtu je WeMarry skv\u011bl\u00fd n\u00e1stroj pro svatebn\u00ed agentury a koordin\u00e1tory, kte\u0159\u00ed cht\u011bj\u00ed svou pr\u00e1ci d\u011blat modern\u011b a efektivn\u011b.\" \/>\n<meta name=\"robots\" content=\"index, follow, max-snippet:-1, max-image-preview:large, max-video-preview:-1\" \/>\n<link rel=\"canonical\" href=\"https:\/\/wemarry.io\/cs\/pro-svatebni-agentury-a-koordinatory\/\" \/>\n<meta property=\"og:locale\" content=\"cs_CZ\" \/>\n<meta property=\"og:type\" content=\"article\" \/>\n<meta property=\"og:title\" content=\"\u00da\u010det pro svatebn\u00ed agentury a koordin\u00e1tory\" \/>\n<meta property=\"og:description\" content=\"D\u00edky speci\u00e1ln\u00edmu typu \u00fa\u010dtu je WeMarry skv\u011bl\u00fd n\u00e1stroj pro svatebn\u00ed agentury a koordin\u00e1tory, kte\u0159\u00ed cht\u011bj\u00ed svou pr\u00e1ci d\u011blat modern\u011b a efektivn\u011b.\" \/>\n<meta property=\"og:url\" content=\"https:\/\/wemarry.io\/cs\/pro-svatebni-agentury-a-koordinatory\/\" \/>\n<meta property=\"og:site_name\" content=\"WeMarry\" \/>\n<meta property=\"article:modified_time\" content=\"2025-12-22T10:13:01+00:00\" \/>\n<meta property=\"og:image\" content=\"https:\/\/wemarry.io\/wp-content\/uploads\/2025\/09\/mockup.avif\" \/>\n<meta name=\"twitter:card\" content=\"summary_large_image\" \/>\n<meta name=\"twitter:label1\" content=\"Odhadovan\u00e1 doba \u010dten\u00ed\" \/>\n\t<meta name=\"twitter:data1\" content=\"1 minuta\" \/>\n<script type=\"application\/ld+json\" class=\"yoast-schema-graph\">{\"@context\":\"https:\\\/\\\/schema.org\",\"@graph\":[{\"@type\":\"WebPage\",\"@id\":\"https:\\\/\\\/wemarry.io\\\/cs\\\/pro-svatebni-agentury-a-koordinatory\\\/\",\"url\":\"https:\\\/\\\/wemarry.io\\\/cs\\\/pro-svatebni-agentury-a-koordinatory\\\/\",\"name\":\"\u00da\u010det pro svatebn\u00ed agentury a koordin\u00e1tory\",\"isPartOf\":{\"@id\":\"https:\\\/\\\/wemarry.io\\\/cs\\\/#website\"},\"primaryImageOfPage\":{\"@id\":\"https:\\\/\\\/wemarry.io\\\/cs\\\/pro-svatebni-agentury-a-koordinatory\\\/#primaryimage\"},\"image\":{\"@id\":\"https:\\\/\\\/wemarry.io\\\/cs\\\/pro-svatebni-agentury-a-koordinatory\\\/#primaryimage\"},\"thumbnailUrl\":\"https:\\\/\\\/wemarry.io\\\/wp-content\\\/uploads\\\/2025\\\/09\\\/mockup.avif\",\"datePublished\":\"2025-07-25T14:41:23+00:00\",\"dateModified\":\"2025-12-22T10:13:01+00:00\",\"description\":\"D\u00edky speci\u00e1ln\u00edmu typu \u00fa\u010dtu je WeMarry skv\u011bl\u00fd n\u00e1stroj pro svatebn\u00ed agentury a koordin\u00e1tory, kte\u0159\u00ed cht\u011bj\u00ed svou pr\u00e1ci d\u011blat modern\u011b a efektivn\u011b.\",\"breadcrumb\":{\"@id\":\"https:\\\/\\\/wemarry.io\\\/cs\\\/pro-svatebni-agentury-a-koordinatory\\\/#breadcrumb\"},\"inLanguage\":\"cs\",\"potentialAction\":[{\"@type\":\"ReadAction\",\"target\":[\"https:\\\/\\\/wemarry.io\\\/cs\\\/pro-svatebni-agentury-a-koordinatory\\\/\"]}]},{\"@type\":\"ImageObject\",\"inLanguage\":\"cs\",\"@id\":\"https:\\\/\\\/wemarry.io\\\/cs\\\/pro-svatebni-agentury-a-koordinatory\\\/#primaryimage\",\"url\":\"https:\\\/\\\/wemarry.io\\\/wp-content\\\/uploads\\\/2025\\\/09\\\/mockup.avif\",\"contentUrl\":\"https:\\\/\\\/wemarry.io\\\/wp-content\\\/uploads\\\/2025\\\/09\\\/mockup.avif\"},{\"@type\":\"BreadcrumbList\",\"@id\":\"https:\\\/\\\/wemarry.io\\\/cs\\\/pro-svatebni-agentury-a-koordinatory\\\/#breadcrumb\",\"itemListElement\":[{\"@type\":\"ListItem\",\"position\":1,\"name\":\"Dom\u016f\",\"item\":\"https:\\\/\\\/wemarry.io\\\/cs\\\/\"},{\"@type\":\"ListItem\",\"position\":2,\"name\":\"Pro svatebn\u00ed agentury a koordin\u00e1tory\"}]},{\"@type\":\"WebSite\",\"@id\":\"https:\\\/\\\/wemarry.io\\\/cs\\\/#website\",\"url\":\"https:\\\/\\\/wemarry.io\\\/cs\\\/\",\"name\":\"WeMarry\",\"description\":\"Napl\u00e1nujte si svou vysn\u011bnou svatbu bez stresu. wemarry.io v\u00e1m p\u0159in\u00e1\u0161\u00ed modern\u00ed svatebn\u00ed web, digit\u00e1ln\u00ed pozv\u00e1nky a online potvrzen\u00ed \u00fa\u010dasti (RSVP) na jednom m\u00edst\u011b. U\u0161et\u0159ete des\u00edtky hodin p\u0159i organizaci a sd\u00edlejte radost s hosty elegantn\u011b a online.\",\"publisher\":{\"@id\":\"https:\\\/\\\/wemarry.io\\\/cs\\\/#organization\"},\"potentialAction\":[{\"@type\":\"SearchAction\",\"target\":{\"@type\":\"EntryPoint\",\"urlTemplate\":\"https:\\\/\\\/wemarry.io\\\/cs\\\/?s={search_term_string}\"},\"query-input\":{\"@type\":\"PropertyValueSpecification\",\"valueRequired\":true,\"valueName\":\"search_term_string\"}}],\"inLanguage\":\"cs\"},{\"@type\":\"Organization\",\"@id\":\"https:\\\/\\\/wemarry.io\\\/cs\\\/#organization\",\"name\":\"WeMarry\",\"url\":\"https:\\\/\\\/wemarry.io\\\/cs\\\/\",\"logo\":{\"@type\":\"ImageObject\",\"inLanguage\":\"cs\",\"@id\":\"https:\\\/\\\/wemarry.io\\\/cs\\\/#\\\/schema\\\/logo\\\/image\\\/\",\"url\":\"https:\\\/\\\/wemarry.io\\\/wp-content\\\/uploads\\\/2025\\\/09\\\/WeMarry-favicon.svg\",\"contentUrl\":\"https:\\\/\\\/wemarry.io\\\/wp-content\\\/uploads\\\/2025\\\/09\\\/WeMarry-favicon.svg\",\"width\":512,\"height\":512,\"caption\":\"WeMarry\"},\"image\":{\"@id\":\"https:\\\/\\\/wemarry.io\\\/cs\\\/#\\\/schema\\\/logo\\\/image\\\/\"}}]}<\/script>\n<!-- \/ Yoast SEO plugin. -->","yoast_head_json":{"title":"\u00da\u010det pro svatebn\u00ed agentury a koordin\u00e1tory","description":"D\u00edky speci\u00e1ln\u00edmu typu \u00fa\u010dtu je WeMarry skv\u011bl\u00fd n\u00e1stroj pro svatebn\u00ed agentury a koordin\u00e1tory, kte\u0159\u00ed cht\u011bj\u00ed svou pr\u00e1ci d\u011blat modern\u011b a efektivn\u011b.","robots":{"index":"index","follow":"follow","max-snippet":"max-snippet:-1","max-image-preview":"max-image-preview:large","max-video-preview":"max-video-preview:-1"},"canonical":"https:\/\/wemarry.io\/cs\/pro-svatebni-agentury-a-koordinatory\/","og_locale":"cs_CZ","og_type":"article","og_title":"\u00da\u010det pro svatebn\u00ed agentury a koordin\u00e1tory","og_description":"D\u00edky speci\u00e1ln\u00edmu typu \u00fa\u010dtu je WeMarry skv\u011bl\u00fd n\u00e1stroj pro svatebn\u00ed agentury a koordin\u00e1tory, kte\u0159\u00ed cht\u011bj\u00ed svou pr\u00e1ci d\u011blat modern\u011b a efektivn\u011b.","og_url":"https:\/\/wemarry.io\/cs\/pro-svatebni-agentury-a-koordinatory\/","og_site_name":"WeMarry","article_modified_time":"2025-12-22T10:13:01+00:00","og_image":[{"url":"https:\/\/wemarry.io\/wp-content\/uploads\/2025\/09\/mockup.avif","type":"","width":"","height":""}],"twitter_card":"summary_large_image","twitter_misc":{"Odhadovan\u00e1 doba \u010dten\u00ed":"1 minuta"},"schema":{"@context":"https:\/\/schema.org","@graph":[{"@type":"WebPage","@id":"https:\/\/wemarry.io\/cs\/pro-svatebni-agentury-a-koordinatory\/","url":"https:\/\/wemarry.io\/cs\/pro-svatebni-agentury-a-koordinatory\/","name":"\u00da\u010det pro svatebn\u00ed agentury a koordin\u00e1tory","isPartOf":{"@id":"https:\/\/wemarry.io\/cs\/#website"},"primaryImageOfPage":{"@id":"https:\/\/wemarry.io\/cs\/pro-svatebni-agentury-a-koordinatory\/#primaryimage"},"image":{"@id":"https:\/\/wemarry.io\/cs\/pro-svatebni-agentury-a-koordinatory\/#primaryimage"},"thumbnailUrl":"https:\/\/wemarry.io\/wp-content\/uploads\/2025\/09\/mockup.avif","datePublished":"2025-07-25T14:41:23+00:00","dateModified":"2025-12-22T10:13:01+00:00","description":"D\u00edky speci\u00e1ln\u00edmu typu \u00fa\u010dtu je WeMarry skv\u011bl\u00fd n\u00e1stroj pro svatebn\u00ed agentury a koordin\u00e1tory, kte\u0159\u00ed cht\u011bj\u00ed svou pr\u00e1ci d\u011blat modern\u011b a efektivn\u011b.","breadcrumb":{"@id":"https:\/\/wemarry.io\/cs\/pro-svatebni-agentury-a-koordinatory\/#breadcrumb"},"inLanguage":"cs","potentialAction":[{"@type":"ReadAction","target":["https:\/\/wemarry.io\/cs\/pro-svatebni-agentury-a-koordinatory\/"]}]},{"@type":"ImageObject","inLanguage":"cs","@id":"https:\/\/wemarry.io\/cs\/pro-svatebni-agentury-a-koordinatory\/#primaryimage","url":"https:\/\/wemarry.io\/wp-content\/uploads\/2025\/09\/mockup.avif","contentUrl":"https:\/\/wemarry.io\/wp-content\/uploads\/2025\/09\/mockup.avif"},{"@type":"BreadcrumbList","@id":"https:\/\/wemarry.io\/cs\/pro-svatebni-agentury-a-koordinatory\/#breadcrumb","itemListElement":[{"@type":"ListItem","position":1,"name":"Dom\u016f","item":"https:\/\/wemarry.io\/cs\/"},{"@type":"ListItem","position":2,"name":"Pro svatebn\u00ed agentury a koordin\u00e1tory"}]},{"@type":"WebSite","@id":"https:\/\/wemarry.io\/cs\/#website","url":"https:\/\/wemarry.io\/cs\/","name":"WeMarry","description":"Napl\u00e1nujte si svou vysn\u011bnou svatbu bez stresu. wemarry.io v\u00e1m p\u0159in\u00e1\u0161\u00ed modern\u00ed svatebn\u00ed web, digit\u00e1ln\u00ed pozv\u00e1nky a online potvrzen\u00ed \u00fa\u010dasti (RSVP) na jednom m\u00edst\u011b. U\u0161et\u0159ete des\u00edtky hodin p\u0159i organizaci a sd\u00edlejte radost s hosty elegantn\u011b a online.","publisher":{"@id":"https:\/\/wemarry.io\/cs\/#organization"},"potentialAction":[{"@type":"SearchAction","target":{"@type":"EntryPoint","urlTemplate":"https:\/\/wemarry.io\/cs\/?s={search_term_string}"},"query-input":{"@type":"PropertyValueSpecification","valueRequired":true,"valueName":"search_term_string"}}],"inLanguage":"cs"},{"@type":"Organization","@id":"https:\/\/wemarry.io\/cs\/#organization","name":"WeMarry","url":"https:\/\/wemarry.io\/cs\/","logo":{"@type":"ImageObject","inLanguage":"cs","@id":"https:\/\/wemarry.io\/cs\/#\/schema\/logo\/image\/","url":"https:\/\/wemarry.io\/wp-content\/uploads\/2025\/09\/WeMarry-favicon.svg","contentUrl":"https:\/\/wemarry.io\/wp-content\/uploads\/2025\/09\/WeMarry-favicon.svg","width":512,"height":512,"caption":"WeMarry"},"image":{"@id":"https:\/\/wemarry.io\/cs\/#\/schema\/logo\/image\/"}}]}},"_links":{"self":[{"href":"https:\/\/wemarry.io\/cs\/wp-json\/wp\/v2\/pages\/154","targetHints":{"allow":["GET"]}}],"collection":[{"href":"https:\/\/wemarry.io\/cs\/wp-json\/wp\/v2\/pages"}],"about":[{"href":"https:\/\/wemarry.io\/cs\/wp-json\/wp\/v2\/types\/page"}],"author":[{"embeddable":true,"href":"https:\/\/wemarry.io\/cs\/wp-json\/wp\/v2\/users\/1"}],"replies":[{"embeddable":true,"href":"https:\/\/wemarry.io\/cs\/wp-json\/wp\/v2\/comments?post=154"}],"version-history":[{"count":4,"href":"https:\/\/wemarry.io\/cs\/wp-json\/wp\/v2\/pages\/154\/revisions"}],"predecessor-version":[{"id":1579,"href":"https:\/\/wemarry.io\/cs\/wp-json\/wp\/v2\/pages\/154\/revisions\/1579"}],"wp:attachment":[{"href":"https:\/\/wemarry.io\/cs\/wp-json\/wp\/v2\/media?parent=154"}],"curies":[{"name":"wp","href":"https:\/\/api.w.org\/{rel}","templated":true}]}}