{"id":156,"date":"2025-07-25T14:48:13","date_gmt":"2025-07-25T14:48:13","guid":{"rendered":"http:\/\/wemarry.local\/?page_id=156"},"modified":"2025-12-19T16:57:23","modified_gmt":"2025-12-19T15:57:23","slug":"o-nas","status":"publish","type":"page","link":"https:\/\/wemarry.io\/cs\/o-nas\/","title":{"rendered":"O n\u00e1s"},"content":{"rendered":"\n<div class=\"gb-element-eff3c292\">\n<h1 class=\"wp-block-heading has-text-align-center\" style=\"padding-top:0;padding-bottom:0\">O n\u00e1s<\/h1>\n\n\n\n<p class=\"has-text-align-center\" style=\"padding-top:0;padding-right:0;padding-bottom:0;padding-left:0\">WeMarry je mal\u00fd startup z Prahy.<\/p>\n<\/div>\n\n\n\n<div class=\"wp-block-media-text has-media-on-the-right is-stacked-on-mobile\"><div class=\"wp-block-media-text__content\">\n<p>Jsme p\u00e1r dlouholet\u00fdch p\u0159\u00e1tel, kter\u00e9 poj\u00ed mnoho z\u00e1\u017eitk\u016f. Jak se vztahy na\u0161e i na\u0161ich p\u0159\u00e1tel vyv\u00edjely, za\u010daly se postupn\u011b krystalizovat svatebn\u00ed pl\u00e1ny.<br>V\u0161echny tyto pl\u00e1ny sjednocoval jeden p\u0159ekvapiv\u00fd nedostatek &#8211; velmi n\u00edzk\u00e1 kvalita webov\u00fdch slu\u017eeb pro tvorbu svatebn\u00edho webu. To bylo docela \u0161okuj\u00edc\u00ed zji\u0161t\u011bn\u00ed, zejm\u00e9na v kontextu dne\u0161n\u00ed digit\u00e1ln\u00ed doby.<br>Okam\u017eit\u011b jsme za\u010dli vyv\u00edjet tuto platformu, abychom umo\u017enili tis\u00edc\u016fm lid\u00ed z cel\u00e9ho sv\u011bta tuto \u010dinnost maxim\u00e1ln\u011b zjednodu\u0161it a designov\u011b pov\u00fd\u0161it. Samoz\u0159ejm\u011b v nejvy\u0161\u0161\u00edm mo\u017en\u00e9m re\u017eimu soukrom\u00ed a zabezpe\u010den\u00ed dat.<br>V\u00edtejte a p\u0159ejeme V\u00e1m n\u00e1dhernou svatbu.<br>WeMarry.io<\/p>\n\n\n\n<p><\/p>\n<\/div><figure class=\"wp-block-media-text__media\"><\/figure><\/div>\n\n\n\n<p><\/p>\n","protected":false},"excerpt":{"rendered":"<p>O n\u00e1s WeMarry je mal\u00fd startup z Prahy. Jsme p\u00e1r dlouholet\u00fdch p\u0159\u00e1tel, kter\u00e9 poj\u00ed mnoho z\u00e1\u017eitk\u016f. Jak se vztahy na\u0161e i na\u0161ich p\u0159\u00e1tel vyv\u00edjely, za\u010daly se postupn\u011b krystalizovat svatebn\u00ed pl\u00e1ny.V\u0161echny tyto pl\u00e1ny sjednocoval jeden p\u0159ekvapiv\u00fd nedostatek &#8211; velmi n\u00edzk\u00e1 kvalita webov\u00fdch slu\u017eeb pro tvorbu svatebn\u00edho webu. To bylo docela \u0161okuj\u00edc\u00ed zji\u0161t\u011bn\u00ed, zejm\u00e9na v kontextu dne\u0161n\u00ed [&hellip;]<\/p>\n","protected":false},"author":1,"featured_media":0,"parent":0,"menu_order":0,"comment_status":"closed","ping_status":"closed","template":"","meta":{"_acf_changed":false,"footnotes":""},"class_list":["post-156","page","type-page","status-publish","hentry"],"acf":[],"yoast_head":"<!-- This site is optimized with the Yoast SEO plugin v27.4 - https:\/\/yoast.com\/product\/yoast-seo-wordpress\/ -->\n<title>O n\u00e1s - WeMarry<\/title>\n<meta name=\"robots\" content=\"index, follow, max-snippet:-1, max-image-preview:large, max-video-preview:-1\" \/>\n<link rel=\"canonical\" href=\"https:\/\/wemarry.io\/cs\/o-nas\/\" \/>\n<meta property=\"og:locale\" content=\"cs_CZ\" \/>\n<meta property=\"og:type\" content=\"article\" \/>\n<meta property=\"og:title\" content=\"O n\u00e1s - WeMarry\" \/>\n<meta property=\"og:description\" content=\"O n\u00e1s WeMarry je mal\u00fd startup z Prahy. Jsme p\u00e1r dlouholet\u00fdch p\u0159\u00e1tel, kter\u00e9 poj\u00ed mnoho z\u00e1\u017eitk\u016f. Jak se vztahy na\u0161e i na\u0161ich p\u0159\u00e1tel vyv\u00edjely, za\u010daly se postupn\u011b krystalizovat svatebn\u00ed pl\u00e1ny.V\u0161echny tyto pl\u00e1ny sjednocoval jeden p\u0159ekvapiv\u00fd nedostatek &#8211; velmi n\u00edzk\u00e1 kvalita webov\u00fdch slu\u017eeb pro tvorbu svatebn\u00edho webu. To bylo docela \u0161okuj\u00edc\u00ed zji\u0161t\u011bn\u00ed, zejm\u00e9na v kontextu dne\u0161n\u00ed [&hellip;]\" \/>\n<meta property=\"og:url\" content=\"https:\/\/wemarry.io\/cs\/o-nas\/\" \/>\n<meta property=\"og:site_name\" content=\"WeMarry\" \/>\n<meta property=\"article:modified_time\" content=\"2025-12-19T15:57:23+00:00\" \/>\n<meta name=\"twitter:card\" content=\"summary_large_image\" \/>\n<meta name=\"twitter:label1\" content=\"Odhadovan\u00e1 doba \u010dten\u00ed\" \/>\n\t<meta name=\"twitter:data1\" content=\"1 minuta\" \/>\n<script type=\"application\/ld+json\" class=\"yoast-schema-graph\">{\"@context\":\"https:\\\/\\\/schema.org\",\"@graph\":[{\"@type\":\"WebPage\",\"@id\":\"https:\\\/\\\/wemarry.io\\\/cs\\\/o-nas\\\/\",\"url\":\"https:\\\/\\\/wemarry.io\\\/cs\\\/o-nas\\\/\",\"name\":\"O n\u00e1s - WeMarry\",\"isPartOf\":{\"@id\":\"https:\\\/\\\/wemarry.io\\\/cs\\\/#website\"},\"datePublished\":\"2025-07-25T14:48:13+00:00\",\"dateModified\":\"2025-12-19T15:57:23+00:00\",\"breadcrumb\":{\"@id\":\"https:\\\/\\\/wemarry.io\\\/cs\\\/o-nas\\\/#breadcrumb\"},\"inLanguage\":\"cs\",\"potentialAction\":[{\"@type\":\"ReadAction\",\"target\":[\"https:\\\/\\\/wemarry.io\\\/cs\\\/o-nas\\\/\"]}]},{\"@type\":\"BreadcrumbList\",\"@id\":\"https:\\\/\\\/wemarry.io\\\/cs\\\/o-nas\\\/#breadcrumb\",\"itemListElement\":[{\"@type\":\"ListItem\",\"position\":1,\"name\":\"Dom\u016f\",\"item\":\"https:\\\/\\\/wemarry.io\\\/cs\\\/\"},{\"@type\":\"ListItem\",\"position\":2,\"name\":\"O n\u00e1s\"}]},{\"@type\":\"WebSite\",\"@id\":\"https:\\\/\\\/wemarry.io\\\/cs\\\/#website\",\"url\":\"https:\\\/\\\/wemarry.io\\\/cs\\\/\",\"name\":\"WeMarry\",\"description\":\"Napl\u00e1nujte si svou vysn\u011bnou svatbu bez stresu. wemarry.io v\u00e1m p\u0159in\u00e1\u0161\u00ed modern\u00ed svatebn\u00ed web, digit\u00e1ln\u00ed pozv\u00e1nky a online potvrzen\u00ed \u00fa\u010dasti (RSVP) na jednom m\u00edst\u011b. U\u0161et\u0159ete des\u00edtky hodin p\u0159i organizaci a sd\u00edlejte radost s hosty elegantn\u011b a online.\",\"publisher\":{\"@id\":\"https:\\\/\\\/wemarry.io\\\/cs\\\/#organization\"},\"potentialAction\":[{\"@type\":\"SearchAction\",\"target\":{\"@type\":\"EntryPoint\",\"urlTemplate\":\"https:\\\/\\\/wemarry.io\\\/cs\\\/?s={search_term_string}\"},\"query-input\":{\"@type\":\"PropertyValueSpecification\",\"valueRequired\":true,\"valueName\":\"search_term_string\"}}],\"inLanguage\":\"cs\"},{\"@type\":\"Organization\",\"@id\":\"https:\\\/\\\/wemarry.io\\\/cs\\\/#organization\",\"name\":\"WeMarry\",\"url\":\"https:\\\/\\\/wemarry.io\\\/cs\\\/\",\"logo\":{\"@type\":\"ImageObject\",\"inLanguage\":\"cs\",\"@id\":\"https:\\\/\\\/wemarry.io\\\/cs\\\/#\\\/schema\\\/logo\\\/image\\\/\",\"url\":\"https:\\\/\\\/wemarry.io\\\/wp-content\\\/uploads\\\/2025\\\/09\\\/WeMarry-favicon.svg\",\"contentUrl\":\"https:\\\/\\\/wemarry.io\\\/wp-content\\\/uploads\\\/2025\\\/09\\\/WeMarry-favicon.svg\",\"width\":512,\"height\":512,\"caption\":\"WeMarry\"},\"image\":{\"@id\":\"https:\\\/\\\/wemarry.io\\\/cs\\\/#\\\/schema\\\/logo\\\/image\\\/\"}}]}<\/script>\n<!-- \/ Yoast SEO plugin. -->","yoast_head_json":{"title":"O n\u00e1s - WeMarry","robots":{"index":"index","follow":"follow","max-snippet":"max-snippet:-1","max-image-preview":"max-image-preview:large","max-video-preview":"max-video-preview:-1"},"canonical":"https:\/\/wemarry.io\/cs\/o-nas\/","og_locale":"cs_CZ","og_type":"article","og_title":"O n\u00e1s - WeMarry","og_description":"O n\u00e1s WeMarry je mal\u00fd startup z Prahy. Jsme p\u00e1r dlouholet\u00fdch p\u0159\u00e1tel, kter\u00e9 poj\u00ed mnoho z\u00e1\u017eitk\u016f. Jak se vztahy na\u0161e i na\u0161ich p\u0159\u00e1tel vyv\u00edjely, za\u010daly se postupn\u011b krystalizovat svatebn\u00ed pl\u00e1ny.V\u0161echny tyto pl\u00e1ny sjednocoval jeden p\u0159ekvapiv\u00fd nedostatek &#8211; velmi n\u00edzk\u00e1 kvalita webov\u00fdch slu\u017eeb pro tvorbu svatebn\u00edho webu. To bylo docela \u0161okuj\u00edc\u00ed zji\u0161t\u011bn\u00ed, zejm\u00e9na v kontextu dne\u0161n\u00ed [&hellip;]","og_url":"https:\/\/wemarry.io\/cs\/o-nas\/","og_site_name":"WeMarry","article_modified_time":"2025-12-19T15:57:23+00:00","twitter_card":"summary_large_image","twitter_misc":{"Odhadovan\u00e1 doba \u010dten\u00ed":"1 minuta"},"schema":{"@context":"https:\/\/schema.org","@graph":[{"@type":"WebPage","@id":"https:\/\/wemarry.io\/cs\/o-nas\/","url":"https:\/\/wemarry.io\/cs\/o-nas\/","name":"O n\u00e1s - WeMarry","isPartOf":{"@id":"https:\/\/wemarry.io\/cs\/#website"},"datePublished":"2025-07-25T14:48:13+00:00","dateModified":"2025-12-19T15:57:23+00:00","breadcrumb":{"@id":"https:\/\/wemarry.io\/cs\/o-nas\/#breadcrumb"},"inLanguage":"cs","potentialAction":[{"@type":"ReadAction","target":["https:\/\/wemarry.io\/cs\/o-nas\/"]}]},{"@type":"BreadcrumbList","@id":"https:\/\/wemarry.io\/cs\/o-nas\/#breadcrumb","itemListElement":[{"@type":"ListItem","position":1,"name":"Dom\u016f","item":"https:\/\/wemarry.io\/cs\/"},{"@type":"ListItem","position":2,"name":"O n\u00e1s"}]},{"@type":"WebSite","@id":"https:\/\/wemarry.io\/cs\/#website","url":"https:\/\/wemarry.io\/cs\/","name":"WeMarry","description":"Napl\u00e1nujte si svou vysn\u011bnou svatbu bez stresu. wemarry.io v\u00e1m p\u0159in\u00e1\u0161\u00ed modern\u00ed svatebn\u00ed web, digit\u00e1ln\u00ed pozv\u00e1nky a online potvrzen\u00ed \u00fa\u010dasti (RSVP) na jednom m\u00edst\u011b. U\u0161et\u0159ete des\u00edtky hodin p\u0159i organizaci a sd\u00edlejte radost s hosty elegantn\u011b a online.","publisher":{"@id":"https:\/\/wemarry.io\/cs\/#organization"},"potentialAction":[{"@type":"SearchAction","target":{"@type":"EntryPoint","urlTemplate":"https:\/\/wemarry.io\/cs\/?s={search_term_string}"},"query-input":{"@type":"PropertyValueSpecification","valueRequired":true,"valueName":"search_term_string"}}],"inLanguage":"cs"},{"@type":"Organization","@id":"https:\/\/wemarry.io\/cs\/#organization","name":"WeMarry","url":"https:\/\/wemarry.io\/cs\/","logo":{"@type":"ImageObject","inLanguage":"cs","@id":"https:\/\/wemarry.io\/cs\/#\/schema\/logo\/image\/","url":"https:\/\/wemarry.io\/wp-content\/uploads\/2025\/09\/WeMarry-favicon.svg","contentUrl":"https:\/\/wemarry.io\/wp-content\/uploads\/2025\/09\/WeMarry-favicon.svg","width":512,"height":512,"caption":"WeMarry"},"image":{"@id":"https:\/\/wemarry.io\/cs\/#\/schema\/logo\/image\/"}}]}},"_links":{"self":[{"href":"https:\/\/wemarry.io\/cs\/wp-json\/wp\/v2\/pages\/156","targetHints":{"allow":["GET"]}}],"collection":[{"href":"https:\/\/wemarry.io\/cs\/wp-json\/wp\/v2\/pages"}],"about":[{"href":"https:\/\/wemarry.io\/cs\/wp-json\/wp\/v2\/types\/page"}],"author":[{"embeddable":true,"href":"https:\/\/wemarry.io\/cs\/wp-json\/wp\/v2\/users\/1"}],"replies":[{"embeddable":true,"href":"https:\/\/wemarry.io\/cs\/wp-json\/wp\/v2\/comments?post=156"}],"version-history":[{"count":3,"href":"https:\/\/wemarry.io\/cs\/wp-json\/wp\/v2\/pages\/156\/revisions"}],"predecessor-version":[{"id":1181,"href":"https:\/\/wemarry.io\/cs\/wp-json\/wp\/v2\/pages\/156\/revisions\/1181"}],"wp:attachment":[{"href":"https:\/\/wemarry.io\/cs\/wp-json\/wp\/v2\/media?parent=156"}],"curies":[{"name":"wp","href":"https:\/\/api.w.org\/{rel}","templated":true}]}}