{"id":82,"date":"2025-07-25T11:09:10","date_gmt":"2025-07-25T11:09:10","guid":{"rendered":"http:\/\/wemarry.local\/?page_id=82"},"modified":"2025-12-22T10:51:11","modified_gmt":"2025-12-22T09:51:11","slug":"jak-to-funguje","status":"publish","type":"page","link":"https:\/\/wemarry.io\/cs\/jak-to-funguje\/","title":{"rendered":"Jak to funguje"},"content":{"rendered":"\n<div class=\"gb-element-eff3c292\">\n<h1 class=\"wp-block-heading has-text-align-center\" style=\"padding-top:0;padding-right:var(--wp--preset--spacing--10);padding-bottom:0;padding-left:var(--wp--preset--spacing--10)\">Od dokonal\u00e9 svatby v\u00e1s d\u011bl\u00ed p\u0159esn\u011b 2 kliknut\u00ed<\/h1>\n\n\n\n<p class=\"has-text-align-center\" style=\"padding-top:0;padding-right:var(--wp--preset--spacing--10);padding-bottom:0;padding-left:var(--wp--preset--spacing--10)\">Registrujte se zdarma do WeMarry a vyzkou\u0161ejte si, jak\u00e9 je to pl\u00e1novat dokonalou svatbu bez stresu a zmatk\u016f.<\/p>\n<\/div>\n\n\n\n<div class=\"gb-element-d3ac0ebd\">\n<div class=\"wp-block-media-text has-media-on-the-right is-stacked-on-mobile\"><div class=\"wp-block-media-text__content\">\n<h2 class=\"wp-block-heading\">1. Vytvo\u0159te si \u00fa\u010det ve WeMarry<\/h2>\n\n\n\n<p>Sta\u010d\u00ed v\u00e1m k tomu e-mailov\u00e1 adresa a je to.<\/p>\n\n\n\n<p>Ihned po registraci se V\u00e1m otev\u0159e na\u0161e online aplikace a vy m\u016f\u017eete za\u010d\u00edt pl\u00e1novat.<\/p>\n\n\n\n<p><a href=\"https:\/\/wemarry.app\/cs\/auth\/signup\" target=\"_blank\" rel=\"noreferrer noopener\">https:\/\/wemarry.app\/cs\/auth\/signup<\/a><\/p>\n\n\n\n<div class=\"wp-block-buttons is-layout-flex wp-block-buttons-is-layout-flex\"><\/div>\n<\/div><figure class=\"wp-block-media-text__media\"><video controls src=\"https:\/\/wemarry.io\/wp-content\/uploads\/2025\/09\/sign-up.mp4\"><\/video><\/figure><\/div>\n\n\n\n<div class=\"wp-block-media-text is-stacked-on-mobile\"><figure class=\"wp-block-media-text__media\"><video controls src=\"https:\/\/wemarry.io\/wp-content\/uploads\/2025\/09\/editor.mp4\"><\/video><\/figure><div class=\"wp-block-media-text__content\">\n<h2 class=\"wp-block-heading\">2. Naklikejte si sv\u016fj svatebn\u00ed web<\/h2>\n\n\n\n<p>Ihned po registraci se v\u00e1m otev\u0159e webov\u00fd editor, do kter\u00e9ho za\u010dn\u011bte postupn\u011b zad\u00e1vat informace o va\u0161\u00ed svatb\u011b. Na v\u00fdb\u011br budete m\u00edt 3 responzivn\u00ed \u0161ablony, kter\u00e9 si m\u016f\u017eete barevn\u011b doladit dle stylu va\u0161\u00ed svatby.<\/p>\n\n\n\n<p>P\u0159idejte RSVP formul\u00e1\u0159 pro sb\u011br potvrzen\u00fdch pozv\u00e1nek<\/p>\n\n\n\n<p>Upravujte texty a p\u0159idejte dechberouc\u00ed \u00favodn\u00ed fotku<\/p>\n\n\n\n<p>P\u0159ipojte informace o lokalit\u011b, programu svatby \u010di dress code<\/p>\n<\/div><\/div>\n\n\n\n<div class=\"wp-block-media-text has-media-on-the-right is-stacked-on-mobile\"><div class=\"wp-block-media-text__content\">\n<h2 class=\"wp-block-heading\">3. Zve\u0159ejn\u011bte sv\u016fj svatebn\u00ed web za 1 490 K\u010d<\/h2>\n\n\n\n<p>Jakmile budete s podobou webu spokojen\u00ed, m\u016f\u017eete ho zve\u0159ejnit.&nbsp;<\/p>\n\n\n\n<ul class=\"wp-block-list\">\n<li>Publikace webu WeMarry na dobu 18 m\u011bs\u00edc\u016f stoj\u00ed 1 490 K\u010d<\/li>\n\n\n\n<li>Platba je mo\u017en\u00e1 platebn\u00ed kartou \u010di p\u0159es Apple Pay&nbsp;<\/li>\n\n\n\n<li>Web m\u016f\u017eete kdykoliv po publikaci upravit&nbsp;<\/li>\n<\/ul>\n\n\n\n<p>Po uhrazen\u00ed webu si vyberete dom\u00e9nu, nap\u0159. novakovi.wemarry.cz, kterou n\u00e1sledn\u011b m\u016f\u017eete rozeslat host\u016fm. Pokud m\u00e1te zakoupenou vlastn\u00ed dom\u00e9nu, m\u016f\u017eete ji s WeMarry jednodu\u0161e propojit.<\/p>\n<\/div><figure class=\"wp-block-media-text__media\"><video controls src=\"https:\/\/wemarry.io\/wp-content\/uploads\/2025\/09\/payment.mp4\"><\/video><\/figure><\/div>\n\n\n\n<div class=\"wp-block-media-text is-stacked-on-mobile\"><figure class=\"wp-block-media-text__media\"><video controls src=\"https:\/\/wemarry.io\/wp-content\/uploads\/2025\/09\/invites.mp4\"><\/video><\/figure><div class=\"wp-block-media-text__content\">\n<h2 class=\"wp-block-heading\">4. Roze\u0161lete pozv\u00e1nky online<\/h2>\n\n\n\n<p>V sekci Pozv\u00e1nky m\u016f\u017eete rozeslat svatebn\u00ed pozv\u00e1nky odkazem na web nebo p\u0159\u00edmo do e-mailov\u00fdch schr\u00e1nek va\u0161ich host\u016f. Ti na va\u0161em svatebn\u00edm webu najdou v\u0161e podstatn\u00e9.<\/p>\n\n\n\n<p>Sou\u010d\u00e1st\u00ed ka\u017ed\u00e9ho webu je RSVP formul\u00e1\u0159 pro potvrzen\u00ed \u00fa\u010dasti, kter\u00fd v\u00e1m nav\u00edc pom\u016f\u017ee se shroma\u017e\u010fov\u00e1n\u00edm informac\u00ed o va\u0161ich hostech. D\u00edky n\u011bmu budete v\u011bd\u011bt, kte\u0159\u00ed host\u00e9 preferuj\u00ed vegetari\u00e1nskou stravu nebo jakou p\u00edsni\u010dku si p\u0159ej\u00ed na va\u0161\u00ed svatb\u011b sly\u0161et. V\u0161echny odpov\u011bdi se automaticky ulo\u017e\u00ed do sekce RSVP. V p\u0159\u00edpad\u011b, \u017ee host\u00e9 formul\u00e1\u0159 nevypln\u00ed, WeMarry se jim automaticky p\u0159ipomene.<\/p>\n<\/div><\/div>\n\n\n\n<div class=\"wp-block-media-text has-media-on-the-right is-stacked-on-mobile\"><div class=\"wp-block-media-text__content\">\n<h2 class=\"wp-block-heading\">5. WeMarry \u0159e\u0161\u00ed komunikaci s hosty za v\u00e1s<\/h2>\n\n\n\n<p>D\u00edky automatick\u00e9mu ukl\u00e1d\u00e1n\u00ed odpov\u011bd\u00ed z RSVP formul\u00e1\u0159e si u\u0161et\u0159\u00edte des\u00edtky opakuj\u00edc\u00edch se telefon\u00e1t\u016f. V\u0161echny d\u016fle\u017eit\u00e9 informace jsou dostupn\u00e9 va\u0161im host\u016fm 24\/7.<\/p>\n\n\n\n<p>Sd\u00edlejte seznam dar\u016f, p\u0159id\u00e1vejte odkazy na konkr\u00e9tn\u00ed produkty nebo QR k\u00f3d pro p\u0159ed\u00e1n\u00ed finan\u010dn\u00edho daru<\/p>\n\n\n\n<p>Web m\u016f\u017eete m\u00edt vytvo\u0159en\u00fd a\u017e v n\u011bkolika jazykov\u00fdch mutac\u00edch<\/p>\n\n\n\n<p>Odpov\u011bdi host\u016f si m\u016f\u017eete snadno exportovat do tabulky<\/p>\n<\/div><figure class=\"wp-block-media-text__media\"><video controls src=\"https:\/\/wemarry.io\/wp-content\/uploads\/2025\/09\/dashboard.mp4\"><\/video><\/figure><\/div>\n\n\n\n<div class=\"wp-block-media-text is-stacked-on-mobile\"><figure class=\"wp-block-media-text__media\"><video controls src=\"https:\/\/wemarry.io\/wp-content\/uploads\/2025\/09\/budgeter.mp4\"><\/video><\/figure><div class=\"wp-block-media-text__content\">\n<h2 class=\"wp-block-heading\">6. Ohl\u00eddejte si rozpo\u010det s kalkula\u010dkou n\u00e1klad\u016f<\/h2>\n\n\n\n<p>Napl\u00e1nujte si svatebn\u00ed rozpo\u010det dle va\u0161ich finan\u010dn\u00edch mo\u017enost\u00ed a pak sledujte v\u0161echny v\u00fddaje a platby. Jednotliv\u00e9 polo\u017eky m\u016f\u017eete pr\u016fb\u011b\u017en\u011b upravovat podle aktu\u00e1ln\u00ed situace.&nbsp;<\/p>\n\n\n\n<p>M\u00e9n\u011b ment\u00e1ln\u00ed z\u00e1t\u011b\u017ee p\u0159i pl\u00e1nov\u00e1n\u00ed svatby<\/p>\n\n\n\n<p>Graficky zn\u00e1zorn\u011bn\u00fd rozpo\u010det a jeho aktu\u00e1ln\u00ed \u010derp\u00e1n\u00ed<\/p>\n\n\n\n<p>P\u0159ehled o stavu prob\u011bhl\u00fdch plateb<\/p>\n<\/div><\/div>\n\n\n\n<div class=\"wp-block-media-text has-media-on-the-right is-stacked-on-mobile\"><div class=\"wp-block-media-text__content\">\n<h2 class=\"wp-block-heading\">7. Rozvrhn\u011bte si zasedac\u00ed po\u0159\u00e1dek host\u016f<\/h2>\n\n\n\n<p>V na\u0161em interaktivn\u00edm n\u00e1stroji m\u016f\u017eete donekone\u010dna p\u0159esouvat stoly a p\u0159id\u00e1vat \u010di ub\u00edrat \u017eidle, dokud ka\u017ed\u00fd host nebude m\u00edt pocit, \u017ee pr\u00e1v\u011b jeho m\u00edsto je to nejlep\u0161\u00ed.&nbsp;<\/p>\n\n\n\n<ul class=\"wp-block-list\">\n<li>Hned vid\u00edte v\u0161echny zm\u011bny v zasedac\u00edm po\u0159\u00e1dku&nbsp;<\/li>\n\n\n\n<li>V\u0161echny tvary a velikosti stol\u016f, jak\u00e9 si um\u00edte p\u0159edstavit<\/li>\n\n\n\n<li>Pl\u00e1n zasedac\u00edho po\u0159\u00e1dku si m\u016f\u017eete snadno st\u00e1hnout a vytisknout<\/li>\n<\/ul>\n\n\n\n<p><a href=\"https:\/\/wemarry.io\/cs\/zasedaci-poradek-svatba\" target=\"_blank\" rel=\"noreferrer noopener\">https:\/\/wemarry.io\/cs\/zasedaci-poradek-svatba<\/a><\/p>\n<\/div><figure class=\"wp-block-media-text__media\"><video controls src=\"https:\/\/wemarry.io\/wp-content\/uploads\/2025\/09\/seating.mp4\"><\/video><\/figure><\/div>\n\n\n\n<div class=\"wp-block-media-text is-stacked-on-mobile\"><figure class=\"wp-block-media-text__media\"><video controls src=\"https:\/\/wemarry.io\/wp-content\/uploads\/2025\/09\/gallery.mp4\"><\/video><\/figure><div class=\"wp-block-media-text__content\">\n<h2 class=\"wp-block-heading\">8. Sd\u00edl\u00edte momentky se sv\u00fdmi nejbli\u017e\u0161\u00edmi<\/h2>\n\n\n\n<p>V den svatby se v\u00e1\u0161 svatebn\u00ed web zm\u011bn\u00ed na online galerii, do kter\u00e9 mohou va\u0161i host\u00e9 v pr\u016fb\u011bhu dne sd\u00edlet v\u0161echny dojemn\u00e9 momentky p\u0159\u00edmo z mobilu. Jakmile dostanete od fotograf\u016f profesion\u00e1ln\u00ed sn\u00edmky, m\u016f\u017eete je do galerie nahr\u00e1t a snadno odeslat host\u016fm.<\/p>\n\n\n\n<p>Nemus\u00edte ka\u017ed\u00e9mu zdlouhav\u011b pos\u00edlat fotky e-mailem<\/p>\n\n\n\n<p>Host\u00e9 mohou fotky sd\u00edlet snadno p\u0159es QR k\u00f3d<\/p>\n\n\n\n<p>Vy i va\u0161i host\u00e9 se k fotk\u00e1m dostanete kdykoliv a kdekoliv<\/p>\n<\/div><\/div>\n\n\n\n<p><\/p>\n<\/div>\n","protected":false},"excerpt":{"rendered":"<p>Od dokonal\u00e9 svatby v\u00e1s d\u011bl\u00ed p\u0159esn\u011b 2 kliknut\u00ed Registrujte se zdarma do WeMarry a vyzkou\u0161ejte si, jak\u00e9 je to pl\u00e1novat dokonalou svatbu bez stresu a zmatk\u016f. 1. Vytvo\u0159te si \u00fa\u010det ve WeMarry Sta\u010d\u00ed v\u00e1m k tomu e-mailov\u00e1 adresa a je to. Ihned po registraci se V\u00e1m otev\u0159e na\u0161e online aplikace a vy m\u016f\u017eete za\u010d\u00edt pl\u00e1novat. [&hellip;]<\/p>\n","protected":false},"author":1,"featured_media":0,"parent":0,"menu_order":0,"comment_status":"closed","ping_status":"closed","template":"","meta":{"_acf_changed":false,"footnotes":""},"class_list":["post-82","page","type-page","status-publish","hentry"],"acf":[],"yoast_head":"<!-- This site is optimized with the Yoast SEO plugin v27.3 - https:\/\/yoast.com\/product\/yoast-seo-wordpress\/ -->\n<title>Jak to funguje - WeMarry<\/title>\n<meta name=\"robots\" content=\"index, follow, max-snippet:-1, max-image-preview:large, max-video-preview:-1\" \/>\n<link rel=\"canonical\" href=\"https:\/\/wemarry.io\/cs\/jak-to-funguje\/\" \/>\n<meta property=\"og:locale\" content=\"cs_CZ\" \/>\n<meta property=\"og:type\" content=\"article\" \/>\n<meta property=\"og:title\" content=\"Jak to funguje - WeMarry\" \/>\n<meta property=\"og:description\" content=\"Od dokonal\u00e9 svatby v\u00e1s d\u011bl\u00ed p\u0159esn\u011b 2 kliknut\u00ed Registrujte se zdarma do WeMarry a vyzkou\u0161ejte si, jak\u00e9 je to pl\u00e1novat dokonalou svatbu bez stresu a zmatk\u016f. 1. Vytvo\u0159te si \u00fa\u010det ve WeMarry Sta\u010d\u00ed v\u00e1m k tomu e-mailov\u00e1 adresa a je to. Ihned po registraci se V\u00e1m otev\u0159e na\u0161e online aplikace a vy m\u016f\u017eete za\u010d\u00edt pl\u00e1novat. [&hellip;]\" \/>\n<meta property=\"og:url\" content=\"https:\/\/wemarry.io\/cs\/jak-to-funguje\/\" \/>\n<meta property=\"og:site_name\" content=\"WeMarry\" \/>\n<meta property=\"article:modified_time\" content=\"2025-12-22T09:51:11+00:00\" \/>\n<meta name=\"twitter:card\" content=\"summary_large_image\" \/>\n<meta name=\"twitter:label1\" content=\"Odhadovan\u00e1 doba \u010dten\u00ed\" \/>\n\t<meta name=\"twitter:data1\" content=\"3 minuty\" \/>\n<script type=\"application\/ld+json\" class=\"yoast-schema-graph\">{\"@context\":\"https:\\\/\\\/schema.org\",\"@graph\":[{\"@type\":\"WebPage\",\"@id\":\"https:\\\/\\\/wemarry.io\\\/cs\\\/jak-to-funguje\\\/\",\"url\":\"https:\\\/\\\/wemarry.io\\\/cs\\\/jak-to-funguje\\\/\",\"name\":\"Jak to funguje - WeMarry\",\"isPartOf\":{\"@id\":\"https:\\\/\\\/wemarry.io\\\/cs\\\/#website\"},\"datePublished\":\"2025-07-25T11:09:10+00:00\",\"dateModified\":\"2025-12-22T09:51:11+00:00\",\"breadcrumb\":{\"@id\":\"https:\\\/\\\/wemarry.io\\\/cs\\\/jak-to-funguje\\\/#breadcrumb\"},\"inLanguage\":\"cs\",\"potentialAction\":[{\"@type\":\"ReadAction\",\"target\":[\"https:\\\/\\\/wemarry.io\\\/cs\\\/jak-to-funguje\\\/\"]}]},{\"@type\":\"BreadcrumbList\",\"@id\":\"https:\\\/\\\/wemarry.io\\\/cs\\\/jak-to-funguje\\\/#breadcrumb\",\"itemListElement\":[{\"@type\":\"ListItem\",\"position\":1,\"name\":\"Dom\u016f\",\"item\":\"https:\\\/\\\/wemarry.io\\\/cs\\\/\"},{\"@type\":\"ListItem\",\"position\":2,\"name\":\"Jak to funguje\"}]},{\"@type\":\"WebSite\",\"@id\":\"https:\\\/\\\/wemarry.io\\\/cs\\\/#website\",\"url\":\"https:\\\/\\\/wemarry.io\\\/cs\\\/\",\"name\":\"WeMarry\",\"description\":\"Napl\u00e1nujte si svou vysn\u011bnou svatbu bez stresu. wemarry.io v\u00e1m p\u0159in\u00e1\u0161\u00ed modern\u00ed svatebn\u00ed web, digit\u00e1ln\u00ed pozv\u00e1nky a online potvrzen\u00ed \u00fa\u010dasti (RSVP) na jednom m\u00edst\u011b. U\u0161et\u0159ete des\u00edtky hodin p\u0159i organizaci a sd\u00edlejte radost s hosty elegantn\u011b a online.\",\"publisher\":{\"@id\":\"https:\\\/\\\/wemarry.io\\\/cs\\\/#organization\"},\"potentialAction\":[{\"@type\":\"SearchAction\",\"target\":{\"@type\":\"EntryPoint\",\"urlTemplate\":\"https:\\\/\\\/wemarry.io\\\/cs\\\/?s={search_term_string}\"},\"query-input\":{\"@type\":\"PropertyValueSpecification\",\"valueRequired\":true,\"valueName\":\"search_term_string\"}}],\"inLanguage\":\"cs\"},{\"@type\":\"Organization\",\"@id\":\"https:\\\/\\\/wemarry.io\\\/cs\\\/#organization\",\"name\":\"WeMarry\",\"url\":\"https:\\\/\\\/wemarry.io\\\/cs\\\/\",\"logo\":{\"@type\":\"ImageObject\",\"inLanguage\":\"cs\",\"@id\":\"https:\\\/\\\/wemarry.io\\\/cs\\\/#\\\/schema\\\/logo\\\/image\\\/\",\"url\":\"https:\\\/\\\/wemarry.io\\\/wp-content\\\/uploads\\\/2025\\\/09\\\/WeMarry-favicon.svg\",\"contentUrl\":\"https:\\\/\\\/wemarry.io\\\/wp-content\\\/uploads\\\/2025\\\/09\\\/WeMarry-favicon.svg\",\"width\":512,\"height\":512,\"caption\":\"WeMarry\"},\"image\":{\"@id\":\"https:\\\/\\\/wemarry.io\\\/cs\\\/#\\\/schema\\\/logo\\\/image\\\/\"}}]}<\/script>\n<!-- \/ Yoast SEO plugin. -->","yoast_head_json":{"title":"Jak to funguje - WeMarry","robots":{"index":"index","follow":"follow","max-snippet":"max-snippet:-1","max-image-preview":"max-image-preview:large","max-video-preview":"max-video-preview:-1"},"canonical":"https:\/\/wemarry.io\/cs\/jak-to-funguje\/","og_locale":"cs_CZ","og_type":"article","og_title":"Jak to funguje - WeMarry","og_description":"Od dokonal\u00e9 svatby v\u00e1s d\u011bl\u00ed p\u0159esn\u011b 2 kliknut\u00ed Registrujte se zdarma do WeMarry a vyzkou\u0161ejte si, jak\u00e9 je to pl\u00e1novat dokonalou svatbu bez stresu a zmatk\u016f. 1. Vytvo\u0159te si \u00fa\u010det ve WeMarry Sta\u010d\u00ed v\u00e1m k tomu e-mailov\u00e1 adresa a je to. Ihned po registraci se V\u00e1m otev\u0159e na\u0161e online aplikace a vy m\u016f\u017eete za\u010d\u00edt pl\u00e1novat. [&hellip;]","og_url":"https:\/\/wemarry.io\/cs\/jak-to-funguje\/","og_site_name":"WeMarry","article_modified_time":"2025-12-22T09:51:11+00:00","twitter_card":"summary_large_image","twitter_misc":{"Odhadovan\u00e1 doba \u010dten\u00ed":"3 minuty"},"schema":{"@context":"https:\/\/schema.org","@graph":[{"@type":"WebPage","@id":"https:\/\/wemarry.io\/cs\/jak-to-funguje\/","url":"https:\/\/wemarry.io\/cs\/jak-to-funguje\/","name":"Jak to funguje - WeMarry","isPartOf":{"@id":"https:\/\/wemarry.io\/cs\/#website"},"datePublished":"2025-07-25T11:09:10+00:00","dateModified":"2025-12-22T09:51:11+00:00","breadcrumb":{"@id":"https:\/\/wemarry.io\/cs\/jak-to-funguje\/#breadcrumb"},"inLanguage":"cs","potentialAction":[{"@type":"ReadAction","target":["https:\/\/wemarry.io\/cs\/jak-to-funguje\/"]}]},{"@type":"BreadcrumbList","@id":"https:\/\/wemarry.io\/cs\/jak-to-funguje\/#breadcrumb","itemListElement":[{"@type":"ListItem","position":1,"name":"Dom\u016f","item":"https:\/\/wemarry.io\/cs\/"},{"@type":"ListItem","position":2,"name":"Jak to funguje"}]},{"@type":"WebSite","@id":"https:\/\/wemarry.io\/cs\/#website","url":"https:\/\/wemarry.io\/cs\/","name":"WeMarry","description":"Napl\u00e1nujte si svou vysn\u011bnou svatbu bez stresu. wemarry.io v\u00e1m p\u0159in\u00e1\u0161\u00ed modern\u00ed svatebn\u00ed web, digit\u00e1ln\u00ed pozv\u00e1nky a online potvrzen\u00ed \u00fa\u010dasti (RSVP) na jednom m\u00edst\u011b. U\u0161et\u0159ete des\u00edtky hodin p\u0159i organizaci a sd\u00edlejte radost s hosty elegantn\u011b a online.","publisher":{"@id":"https:\/\/wemarry.io\/cs\/#organization"},"potentialAction":[{"@type":"SearchAction","target":{"@type":"EntryPoint","urlTemplate":"https:\/\/wemarry.io\/cs\/?s={search_term_string}"},"query-input":{"@type":"PropertyValueSpecification","valueRequired":true,"valueName":"search_term_string"}}],"inLanguage":"cs"},{"@type":"Organization","@id":"https:\/\/wemarry.io\/cs\/#organization","name":"WeMarry","url":"https:\/\/wemarry.io\/cs\/","logo":{"@type":"ImageObject","inLanguage":"cs","@id":"https:\/\/wemarry.io\/cs\/#\/schema\/logo\/image\/","url":"https:\/\/wemarry.io\/wp-content\/uploads\/2025\/09\/WeMarry-favicon.svg","contentUrl":"https:\/\/wemarry.io\/wp-content\/uploads\/2025\/09\/WeMarry-favicon.svg","width":512,"height":512,"caption":"WeMarry"},"image":{"@id":"https:\/\/wemarry.io\/cs\/#\/schema\/logo\/image\/"}}]}},"_links":{"self":[{"href":"https:\/\/wemarry.io\/cs\/wp-json\/wp\/v2\/pages\/82","targetHints":{"allow":["GET"]}}],"collection":[{"href":"https:\/\/wemarry.io\/cs\/wp-json\/wp\/v2\/pages"}],"about":[{"href":"https:\/\/wemarry.io\/cs\/wp-json\/wp\/v2\/types\/page"}],"author":[{"embeddable":true,"href":"https:\/\/wemarry.io\/cs\/wp-json\/wp\/v2\/users\/1"}],"replies":[{"embeddable":true,"href":"https:\/\/wemarry.io\/cs\/wp-json\/wp\/v2\/comments?post=82"}],"version-history":[{"count":8,"href":"https:\/\/wemarry.io\/cs\/wp-json\/wp\/v2\/pages\/82\/revisions"}],"predecessor-version":[{"id":1553,"href":"https:\/\/wemarry.io\/cs\/wp-json\/wp\/v2\/pages\/82\/revisions\/1553"}],"wp:attachment":[{"href":"https:\/\/wemarry.io\/cs\/wp-json\/wp\/v2\/media?parent=82"}],"curies":[{"name":"wp","href":"https:\/\/api.w.org\/{rel}","templated":true}]}}