{"id":1309,"date":"2025-07-25T11:11:50","date_gmt":"2025-07-25T09:11:50","guid":{"rendered":"https:\/\/dev.wemarry.io\/blog\/"},"modified":"2025-12-22T11:00:57","modified_gmt":"2025-12-22T10:00:57","slug":"blog","status":"publish","type":"page","link":"https:\/\/wemarry.io\/de\/blog\/","title":{"rendered":"Blog"},"content":{"rendered":"\n<div class=\"gb-element-eff3c292\">\n<h1 class=\"wp-block-heading has-text-align-center\" style=\"padding-top:0;padding-right:var(--wp--preset--spacing--10);padding-bottom:0;padding-left:var(--wp--preset--spacing--10)\">Hochzeitsblog<\/h1>\n\n\n\n<p class=\"has-text-align-center\" style=\"padding-top:0;padding-right:var(--wp--preset--spacing--10);padding-bottom:0;padding-left:var(--wp--preset--spacing--10)\">Praktische Informationen f\u00fcr die Planung Ihres gro\u00dfen Tages<\/p>\n<\/div>\n\n\n\n<div class=\"gbp-section gb-element-f591134b\">\n<div class=\"gbp-section__inner gb-element-a6e07447\">\n<div><div class=\"gbp-list--unstyled gb-looper-94cc7af1\">\n<article class=\"gb-loop-item gb-loop-item-4c051cd6 post-1456 post type-post status-publish format-standard has-post-thumbnail hentry category-gaste-und-organisation\">\n<div class=\"gb-element-d4cf4889\">\n<p class=\"gb-text gbp-card__meta-text\"><span>G\u00e4ste und Organisation<\/span><\/p>\n\n\n\n<h2 class=\"gb-text\"><a href=\"https:\/\/wemarry.io\/de\/hochzeitsgeschenk-geld\/\">Hochzeitsgeschenk &#8211; Geld<\/a><\/h2>\n\n\n\n<p class=\"gb-text\">Die Zeiten, in denen man praktische und materielle Geschenke zur Hochzeit mitbrachte, sind vielleicht vorbei. Viele Paare haben schon vor der Hochzeit eine gemeinsame Wohnung inklusive Ausstattung. Au\u00dferdem ist es heutzutage nicht einfach, den Geschmack zu treffen, und so ist Geld als Hochzeitsgeschenk eigentlich eine sichere Sache. Der erste Teil dieses Artikels ist den G\u00e4sten [&hellip;]<\/p>\n\n\n\n<div class=\"gb-element-675d2fd9\">\n<div class=\"gb-element-7424f225\">\n<div class=\"gb-text gbp-card__meta-text gb-text-b1c6a3a1\">25. 7. 2025<\/div>\n<\/div>\n<\/div>\n<\/div>\n\n\n\n<a href=\"http:\/\/%7B%7Bpost_permalink%7D%7D\"><img decoding=\"async\" class=\"gb-media-cb8b010e\" src=\"\"><\/a>\n<\/article>\n<\/div><\/div>\n<\/div>\n<\/div>\n\n\n\n\n\n<div class=\"gbp-section gb-element-eb83cfeb\">\n<div class=\"gbp-section__inner gb-element-411810b7\">\n<div><div class=\"gb-looper-28b36fb1\">\n<div class=\"gb-loop-item gb-loop-item-d58a1f78 post-1460 post type-post status-publish format-standard has-post-thumbnail hentry category-gaste-und-organisation category-hochzeitsplanung\">\n<img decoding=\"async\" class=\"gb-media-08fee871\" src=\"\" alt=\"{&lt;wpml_curved wpml_value=&apos;post_title&apos;&gt;&lt;\/wpml_curved&gt;}\">\n\n\n\n<h2 class=\"gb-text gb-text-3e276fc5\"><a href=\"https:\/\/wemarry.io\/de\/sitzordnung-bei-der-hochzeit\/\">Sitzordnung bei der Hochzeit<\/a><\/h2>\n\n\n\n<p class=\"gb-text gb-text-24e42262\">25. 7. 2025<\/p>\n\n\n\n<p class=\"gb-text\">Wie erstellt man eine Sitzordnung f\u00fcr Ihre Hochzeit? Die Sitzordnung bei Ihrem Hochzeitsessen folgt einfachen kulturellen Gepflogenheiten. Sprechen wir zun\u00e4chst dar\u00fcber, wie man eine solche Sitzordnung zusammenstellt, vorausgesetzt, alle m\u00f6gen sich und niemand hat gest\u00f6rte Beziehungen zueinander. Die Sitzordnung sollte vorbereitet und am Eingang zum Raum \u201cver\u00f6ffentlicht\u201d sein. Sie k\u00f6nnen Tische und einzelne St\u00fchle nummerieren<\/p>\n<\/div>\n<\/div>\n\n\n<div class=\"gb-element-0511d2e9 gb-query-loop-pagination\">\n<a class=\"gb-text gb-text-a9866b2b\" href=\"http:\/\/%7B%7Bprevious_posts_page_url%7D%7D\">Vorherige<\/a>\n\n\n\n\n\n<a class=\"gb-text gb-text-458667c2\" href=\"http:\/\/%7B%7Bnext_posts_page_url%7D%7D\">N\u00e4chste<\/a>\n<\/div>\n\n\n<\/div>\n<\/div>\n<\/div>\n","protected":false},"excerpt":{"rendered":"<p>Hochzeitsblog Praktische Informationen f\u00fcr die Planung Ihres gro\u00dfen Tages<\/p>\n","protected":false},"author":1,"featured_media":0,"parent":0,"menu_order":0,"comment_status":"closed","ping_status":"closed","template":"","meta":{"_acf_changed":false,"footnotes":""},"class_list":["post-1309","page","type-page","status-publish","hentry"],"acf":[],"yoast_head":"<!-- This site is optimized with the Yoast SEO plugin v27.4 - https:\/\/yoast.com\/product\/yoast-seo-wordpress\/ -->\n<title>Blog - WeMarry<\/title>\n<meta name=\"robots\" content=\"index, follow, max-snippet:-1, max-image-preview:large, max-video-preview:-1\" \/>\n<link rel=\"canonical\" href=\"https:\/\/wemarry.io\/de\/blog\/\" \/>\n<meta property=\"og:locale\" content=\"de_DE\" \/>\n<meta property=\"og:type\" content=\"article\" \/>\n<meta property=\"og:title\" content=\"Blog - WeMarry\" \/>\n<meta property=\"og:description\" content=\"Hochzeitsblog Praktische Informationen f\u00fcr die Planung Ihres gro\u00dfen Tages\" \/>\n<meta property=\"og:url\" content=\"https:\/\/wemarry.io\/de\/blog\/\" \/>\n<meta property=\"og:site_name\" content=\"WeMarry\" \/>\n<meta property=\"article:modified_time\" content=\"2025-12-22T10:00:57+00:00\" \/>\n<meta name=\"twitter:card\" content=\"summary_large_image\" \/>\n<script type=\"application\/ld+json\" class=\"yoast-schema-graph\">{\"@context\":\"https:\\\/\\\/schema.org\",\"@graph\":[{\"@type\":\"WebPage\",\"@id\":\"https:\\\/\\\/wemarry.io\\\/de\\\/blog\\\/\",\"url\":\"https:\\\/\\\/wemarry.io\\\/de\\\/blog\\\/\",\"name\":\"Blog - WeMarry\",\"isPartOf\":{\"@id\":\"https:\\\/\\\/wemarry.io\\\/cs\\\/#website\"},\"datePublished\":\"2025-07-25T09:11:50+00:00\",\"dateModified\":\"2025-12-22T10:00:57+00:00\",\"breadcrumb\":{\"@id\":\"https:\\\/\\\/wemarry.io\\\/de\\\/blog\\\/#breadcrumb\"},\"inLanguage\":\"de\",\"potentialAction\":[{\"@type\":\"ReadAction\",\"target\":[\"https:\\\/\\\/wemarry.io\\\/de\\\/blog\\\/\"]}]},{\"@type\":\"BreadcrumbList\",\"@id\":\"https:\\\/\\\/wemarry.io\\\/de\\\/blog\\\/#breadcrumb\",\"itemListElement\":[{\"@type\":\"ListItem\",\"position\":1,\"name\":\"Dom\u016f\",\"item\":\"https:\\\/\\\/wemarry.io\\\/de\\\/\"},{\"@type\":\"ListItem\",\"position\":2,\"name\":\"Blog\"}]},{\"@type\":\"WebSite\",\"@id\":\"https:\\\/\\\/wemarry.io\\\/cs\\\/#website\",\"url\":\"https:\\\/\\\/wemarry.io\\\/cs\\\/\",\"name\":\"WeMarry\",\"description\":\"Napl\u00e1nujte si svou vysn\u011bnou svatbu bez stresu. wemarry.io v\u00e1m p\u0159in\u00e1\u0161\u00ed modern\u00ed svatebn\u00ed web, digit\u00e1ln\u00ed pozv\u00e1nky a online potvrzen\u00ed \u00fa\u010dasti (RSVP) na jednom m\u00edst\u011b. U\u0161et\u0159ete des\u00edtky hodin p\u0159i organizaci a sd\u00edlejte radost s hosty elegantn\u011b a online.\",\"publisher\":{\"@id\":\"https:\\\/\\\/wemarry.io\\\/cs\\\/#organization\"},\"potentialAction\":[{\"@type\":\"SearchAction\",\"target\":{\"@type\":\"EntryPoint\",\"urlTemplate\":\"https:\\\/\\\/wemarry.io\\\/cs\\\/?s={search_term_string}\"},\"query-input\":{\"@type\":\"PropertyValueSpecification\",\"valueRequired\":true,\"valueName\":\"search_term_string\"}}],\"inLanguage\":\"de\"},{\"@type\":\"Organization\",\"@id\":\"https:\\\/\\\/wemarry.io\\\/cs\\\/#organization\",\"name\":\"WeMarry\",\"url\":\"https:\\\/\\\/wemarry.io\\\/cs\\\/\",\"logo\":{\"@type\":\"ImageObject\",\"inLanguage\":\"de\",\"@id\":\"https:\\\/\\\/wemarry.io\\\/cs\\\/#\\\/schema\\\/logo\\\/image\\\/\",\"url\":\"https:\\\/\\\/wemarry.io\\\/wp-content\\\/uploads\\\/2025\\\/09\\\/WeMarry-favicon.svg\",\"contentUrl\":\"https:\\\/\\\/wemarry.io\\\/wp-content\\\/uploads\\\/2025\\\/09\\\/WeMarry-favicon.svg\",\"width\":512,\"height\":512,\"caption\":\"WeMarry\"},\"image\":{\"@id\":\"https:\\\/\\\/wemarry.io\\\/cs\\\/#\\\/schema\\\/logo\\\/image\\\/\"}}]}<\/script>\n<!-- \/ Yoast SEO plugin. -->","yoast_head_json":{"title":"Blog - WeMarry","robots":{"index":"index","follow":"follow","max-snippet":"max-snippet:-1","max-image-preview":"max-image-preview:large","max-video-preview":"max-video-preview:-1"},"canonical":"https:\/\/wemarry.io\/de\/blog\/","og_locale":"de_DE","og_type":"article","og_title":"Blog - WeMarry","og_description":"Hochzeitsblog Praktische Informationen f\u00fcr die Planung Ihres gro\u00dfen Tages","og_url":"https:\/\/wemarry.io\/de\/blog\/","og_site_name":"WeMarry","article_modified_time":"2025-12-22T10:00:57+00:00","twitter_card":"summary_large_image","schema":{"@context":"https:\/\/schema.org","@graph":[{"@type":"WebPage","@id":"https:\/\/wemarry.io\/de\/blog\/","url":"https:\/\/wemarry.io\/de\/blog\/","name":"Blog - WeMarry","isPartOf":{"@id":"https:\/\/wemarry.io\/cs\/#website"},"datePublished":"2025-07-25T09:11:50+00:00","dateModified":"2025-12-22T10:00:57+00:00","breadcrumb":{"@id":"https:\/\/wemarry.io\/de\/blog\/#breadcrumb"},"inLanguage":"de","potentialAction":[{"@type":"ReadAction","target":["https:\/\/wemarry.io\/de\/blog\/"]}]},{"@type":"BreadcrumbList","@id":"https:\/\/wemarry.io\/de\/blog\/#breadcrumb","itemListElement":[{"@type":"ListItem","position":1,"name":"Dom\u016f","item":"https:\/\/wemarry.io\/de\/"},{"@type":"ListItem","position":2,"name":"Blog"}]},{"@type":"WebSite","@id":"https:\/\/wemarry.io\/cs\/#website","url":"https:\/\/wemarry.io\/cs\/","name":"WeMarry","description":"Napl\u00e1nujte si svou vysn\u011bnou svatbu bez stresu. wemarry.io v\u00e1m p\u0159in\u00e1\u0161\u00ed modern\u00ed svatebn\u00ed web, digit\u00e1ln\u00ed pozv\u00e1nky a online potvrzen\u00ed \u00fa\u010dasti (RSVP) na jednom m\u00edst\u011b. U\u0161et\u0159ete des\u00edtky hodin p\u0159i organizaci a sd\u00edlejte radost s hosty elegantn\u011b a online.","publisher":{"@id":"https:\/\/wemarry.io\/cs\/#organization"},"potentialAction":[{"@type":"SearchAction","target":{"@type":"EntryPoint","urlTemplate":"https:\/\/wemarry.io\/cs\/?s={search_term_string}"},"query-input":{"@type":"PropertyValueSpecification","valueRequired":true,"valueName":"search_term_string"}}],"inLanguage":"de"},{"@type":"Organization","@id":"https:\/\/wemarry.io\/cs\/#organization","name":"WeMarry","url":"https:\/\/wemarry.io\/cs\/","logo":{"@type":"ImageObject","inLanguage":"de","@id":"https:\/\/wemarry.io\/cs\/#\/schema\/logo\/image\/","url":"https:\/\/wemarry.io\/wp-content\/uploads\/2025\/09\/WeMarry-favicon.svg","contentUrl":"https:\/\/wemarry.io\/wp-content\/uploads\/2025\/09\/WeMarry-favicon.svg","width":512,"height":512,"caption":"WeMarry"},"image":{"@id":"https:\/\/wemarry.io\/cs\/#\/schema\/logo\/image\/"}}]}},"_links":{"self":[{"href":"https:\/\/wemarry.io\/de\/wp-json\/wp\/v2\/pages\/1309","targetHints":{"allow":["GET"]}}],"collection":[{"href":"https:\/\/wemarry.io\/de\/wp-json\/wp\/v2\/pages"}],"about":[{"href":"https:\/\/wemarry.io\/de\/wp-json\/wp\/v2\/types\/page"}],"author":[{"embeddable":true,"href":"https:\/\/wemarry.io\/de\/wp-json\/wp\/v2\/users\/1"}],"replies":[{"embeddable":true,"href":"https:\/\/wemarry.io\/de\/wp-json\/wp\/v2\/comments?post=1309"}],"version-history":[{"count":2,"href":"https:\/\/wemarry.io\/de\/wp-json\/wp\/v2\/pages\/1309\/revisions"}],"predecessor-version":[{"id":1569,"href":"https:\/\/wemarry.io\/de\/wp-json\/wp\/v2\/pages\/1309\/revisions\/1569"}],"wp:attachment":[{"href":"https:\/\/wemarry.io\/de\/wp-json\/wp\/v2\/media?parent=1309"}],"curies":[{"name":"wp","href":"https:\/\/api.w.org\/{rel}","templated":true}]}}