{"id":1312,"date":"2025-07-27T10:04:47","date_gmt":"2025-07-27T08:04:47","guid":{"rendered":"https:\/\/dev.wemarry.io\/kontakt\/"},"modified":"2025-12-22T11:06:47","modified_gmt":"2025-12-22T10:06:47","slug":"kontakt","status":"publish","type":"page","link":"https:\/\/wemarry.io\/de\/kontakt\/","title":{"rendered":"Kontakt"},"content":{"rendered":"\n<div class=\"gb-element-eff3c292\">\n<h1 class=\"wp-block-heading has-text-align-center\" style=\"padding-top:0;padding-right:var(--wp--preset--spacing--10);padding-bottom:0;padding-left:var(--wp--preset--spacing--10)\">Bei Fragen k\u00f6nnen Sie uns gerne kontaktieren<\/h1>\n<\/div>\n\n\n\n<div class=\"wp-block-media-text has-media-on-the-right is-stacked-on-mobile\"><div class=\"wp-block-media-text__content\">\n<p><a href=\"tel:+420608003789\">+420 608 003 789<\/a><\/p>\n\n\n\n<p><a href=\"mailto:info@wemarry.io\">info@wemarry.io<\/a><\/p>\n\n\n\n<div class=\"gb-element-a1c31b4f\">\n<a class=\"gb-text-127509e8\" aria-label=\"Visit our Facebook\" href=\"https:\/\/www.facebook.com\/wemarry.io\" target=\"_blank\" rel=\"noopener\"><span class=\"gb-shape\"><svg aria-hidden=\"true\" role=\"img\" height=\"1em\" width=\"1em\" viewbox=\"0 0 448 512\" xmlns=\"http:\/\/www.w3.org\/2000\/svg\"><path fill=\"currentColor\" d=\"M400 32H48A48 48 0 0 0 0 80v352a48 48 0 0 0 48 48h137.25V327.69h-63V256h63v-54.64c0-62.15 37-96.48 93.67-96.48 27.14 0 55.52 4.84 55.52 4.84v61h-31.27c-30.81 0-40.42 19.12-40.42 38.73V256h68.78l-11 71.69h-57.78V480H400a48 48 0 0 0 48-48V80a48 48 0 0 0-48-48z\"><\/path><\/svg><\/span><\/a>\n\n\n\n<a class=\"gb-text-dd205f14\" aria-label=\"Visit our Instagram\" href=\"https:\/\/www.instagram.com\/wemarry.io\/\" target=\"_blank\" rel=\"noopener\"><span class=\"gb-shape\"><svg aria-hidden=\"true\" role=\"img\" height=\"1em\" width=\"1em\" viewbox=\"0 0 448 512\" xmlns=\"http:\/\/www.w3.org\/2000\/svg\"><path fill=\"currentColor\" d=\"M224.1 141c-63.6 0-114.9 51.3-114.9 114.9s51.3 114.9 114.9 114.9S339 319.5 339 255.9 287.7 141 224.1 141zm0 189.6c-41.1 0-74.7-33.5-74.7-74.7s33.5-74.7 74.7-74.7 74.7 33.5 74.7 74.7-33.6 74.7-74.7 74.7zm146.4-194.3c0 14.9-12 26.8-26.8 26.8-14.9 0-26.8-12-26.8-26.8s12-26.8 26.8-26.8 26.8 12 26.8 26.8zm76.1 27.2c-1.7-35.9-9.9-67.7-36.2-93.9-26.2-26.2-58-34.4-93.9-36.2-37-2.1-147.9-2.1-184.9 0-35.8 1.7-67.6 9.9-93.9 36.1s-34.4 58-36.2 93.9c-2.1 37-2.1 147.9 0 184.9 1.7 35.9 9.9 67.7 36.2 93.9s58 34.4 93.9 36.2c37 2.1 147.9 2.1 184.9 0 35.9-1.7 67.7-9.9 93.9-36.2 26.2-26.2 34.4-58 36.2-93.9 2.1-37 2.1-147.8 0-184.8zM398.8 388c-7.8 19.6-22.9 34.7-42.6 42.6-29.5 11.7-99.5 9-132.1 9s-102.7 2.6-132.1-9c-19.6-7.8-34.7-22.9-42.6-42.6-11.7-29.5-9-99.5-9-132.1s-2.6-102.7 9-132.1c7.8-19.6 22.9-34.7 42.6-42.6 29.5-11.7 99.5-9 132.1-9s102.7-2.6 132.1 9c19.6 7.8 34.7 22.9 42.6 42.6 11.7 29.5 9 99.5 9 132.1s2.7 102.7-9 132.1z\"><\/path><\/svg><\/span><\/a>\n\n\n\n<a class=\"gb-text-47e148ca\" aria-label=\"Visit our LinkedIn\" href=\"https:\/\/cz.pinterest.com\/wemarryio\/\" target=\"_blank\" rel=\"noopener\"><span class=\"gb-shape\"><svg aria-hidden=\"true\" role=\"img\" height=\"1em\" width=\"1em\" viewbox=\"0 0 496 512\" xmlns=\"http:\/\/www.w3.org\/2000\/svg\"><path fill=\"currentColor\" d=\"M496 256c0 137-111 248-248 248-25.6 0-50.2-3.9-73.4-11.1 10.1-16.5 25.2-43.5 30.8-65 3-11.6 15.4-59 15.4-59 8.1 15.4 31.7 28.5 56.8 28.5 74.8 0 128.7-68.8 128.7-154.3 0-81.9-66.9-143.2-152.9-143.2-107 0-163.9 71.8-163.9 150.1 0 36.4 19.4 81.7 50.3 96.1 4.7 2.2 7.2 1.2 8.3-3.3.8-3.4 5-20.3 6.9-28.1.6-2.5.3-4.7-1.7-7.1-10.1-12.5-18.3-35.3-18.3-56.6 0-54.7 41.4-107.6 112-107.6 60.9 0 103.6 41.5 103.6 100.9 0 67.1-33.9 113.6-78 113.6-24.3 0-42.6-20.1-36.7-44.8 7-29.5 20.5-61.3 20.5-82.6 0-19-10.2-34.9-31.4-34.9-24.9 0-44.9 25.7-44.9 60.2 0 22 7.4 36.8 7.4 36.8s-24.5 103.8-29 123.2c-5 21.4-3 51.6-.9 71.2C65.4 450.9 0 361.1 0 256 0 119 111 8 248 8s248 111 248 248z\"><\/path><\/svg><\/span><\/a>\n\n\n\n<a class=\"gb-text-00ab5639\" aria-label=\"Visit our X\" href=\"https:\/\/www.youtube.com\/@wemarry_io\" target=\"_blank\" rel=\"noopener\"><span class=\"gb-shape\"><svg aria-hidden=\"true\" role=\"img\" height=\"1em\" width=\"1em\" viewbox=\"0 0 576 512\" xmlns=\"http:\/\/www.w3.org\/2000\/svg\"><path fill=\"currentColor\" d=\"M549.655 124.083c-6.281-23.65-24.787-42.276-48.284-48.597C458.781 64 288 64 288 64S117.22 64 74.629 75.486c-23.497 6.322-42.003 24.947-48.284 48.597-11.412 42.867-11.412 132.305-11.412 132.305s0 89.438 11.412 132.305c6.281 23.65 24.787 41.5 48.284 47.821C117.22 448 288 448 288 448s170.78 0 213.371-11.486c23.497-6.321 42.003-24.171 48.284-47.821 11.412-42.867 11.412-132.305 11.412-132.305s0-89.438-11.412-132.305zm-317.51 213.508V175.185l142.739 81.205-142.739 81.201z\"><\/path><\/svg><\/span><\/a>\n\n\n\n<a class=\"gb-text-e5d4d76e\" aria-label=\"Visit our X\" href=\"https:\/\/www.tiktok.com\/@wemarry.io\" target=\"_blank\" rel=\"noopener\"><span class=\"gb-shape\"><svg xmlns=\"http:\/\/www.w3.org\/2000\/svg\" width=\"1em\" height=\"1em\" fill=\"currentColor\" class=\"bi bi-tiktok\" viewbox=\"0 0 16 16\">\n  <path d=\"M9 0h1.98c.144.715.54 1.617 1.235 2.512C12.895 3.389 13.797 4 15 4v2c-1.753 0-3.07-.814-4-1.829V11a5 5 0 1 1-5-5v2a3 3 0 1 0 3 3z\"><\/path>\n<\/svg><\/span><\/a>\n<\/div>\n<\/div><figure class=\"wp-block-media-text__media\"><img decoding=\"async\" width=\"1512\" height=\"1008\" src=\"https:\/\/wemarry.io\/wp-content\/uploads\/2025\/09\/mockup.avif\" alt=\"\" class=\"wp-image-261 size-full\"><\/figure><\/div>\n","protected":false},"excerpt":{"rendered":"<p>Bei Fragen k\u00f6nnen Sie uns gerne kontaktieren<\/p>\n","protected":false},"author":1,"featured_media":0,"parent":0,"menu_order":0,"comment_status":"closed","ping_status":"closed","template":"","meta":{"_acf_changed":false,"footnotes":""},"class_list":["post-1312","page","type-page","status-publish","hentry"],"acf":[],"yoast_head":"<!-- This site is optimized with the Yoast SEO plugin v27.3 - https:\/\/yoast.com\/product\/yoast-seo-wordpress\/ -->\n<title>Kontakt - WeMarry<\/title>\n<meta name=\"robots\" content=\"index, follow, max-snippet:-1, max-image-preview:large, max-video-preview:-1\" \/>\n<link rel=\"canonical\" href=\"https:\/\/wemarry.io\/cs\/kontakt\/\" \/>\n<meta property=\"og:locale\" content=\"de_DE\" \/>\n<meta property=\"og:type\" content=\"article\" \/>\n<meta property=\"og:title\" content=\"Kontakt - WeMarry\" \/>\n<meta property=\"og:description\" content=\"Bei Fragen k\u00f6nnen Sie uns gerne kontaktieren\" \/>\n<meta property=\"og:url\" content=\"https:\/\/wemarry.io\/cs\/kontakt\/\" \/>\n<meta property=\"og:site_name\" content=\"WeMarry\" \/>\n<meta property=\"article:modified_time\" content=\"2025-12-22T10:06:47+00:00\" \/>\n<meta property=\"og:image\" content=\"https:\/\/wemarry.io\/wp-content\/uploads\/2025\/09\/mockup.avif\" \/>\n<meta name=\"twitter:card\" content=\"summary_large_image\" \/>\n<script type=\"application\/ld+json\" class=\"yoast-schema-graph\">{\"@context\":\"https:\\\/\\\/schema.org\",\"@graph\":[{\"@type\":\"WebPage\",\"@id\":\"https:\\\/\\\/wemarry.io\\\/cs\\\/kontakt\\\/\",\"url\":\"https:\\\/\\\/wemarry.io\\\/cs\\\/kontakt\\\/\",\"name\":\"Kontakt - WeMarry\",\"isPartOf\":{\"@id\":\"https:\\\/\\\/wemarry.io\\\/cs\\\/#website\"},\"primaryImageOfPage\":{\"@id\":\"https:\\\/\\\/wemarry.io\\\/cs\\\/kontakt\\\/#primaryimage\"},\"image\":{\"@id\":\"https:\\\/\\\/wemarry.io\\\/cs\\\/kontakt\\\/#primaryimage\"},\"thumbnailUrl\":\"https:\\\/\\\/wemarry.io\\\/wp-content\\\/uploads\\\/2025\\\/09\\\/mockup.avif\",\"datePublished\":\"2025-07-27T08:04:47+00:00\",\"dateModified\":\"2025-12-22T10:06:47+00:00\",\"breadcrumb\":{\"@id\":\"https:\\\/\\\/wemarry.io\\\/cs\\\/kontakt\\\/#breadcrumb\"},\"inLanguage\":\"de\",\"potentialAction\":[{\"@type\":\"ReadAction\",\"target\":[\"https:\\\/\\\/wemarry.io\\\/cs\\\/kontakt\\\/\"]}]},{\"@type\":\"ImageObject\",\"inLanguage\":\"de\",\"@id\":\"https:\\\/\\\/wemarry.io\\\/cs\\\/kontakt\\\/#primaryimage\",\"url\":\"https:\\\/\\\/wemarry.io\\\/wp-content\\\/uploads\\\/2025\\\/09\\\/mockup.avif\",\"contentUrl\":\"https:\\\/\\\/wemarry.io\\\/wp-content\\\/uploads\\\/2025\\\/09\\\/mockup.avif\"},{\"@type\":\"BreadcrumbList\",\"@id\":\"https:\\\/\\\/wemarry.io\\\/cs\\\/kontakt\\\/#breadcrumb\",\"itemListElement\":[{\"@type\":\"ListItem\",\"position\":1,\"name\":\"Dom\u016f\",\"item\":\"https:\\\/\\\/wemarry.io\\\/de\\\/\"},{\"@type\":\"ListItem\",\"position\":2,\"name\":\"Kontakt\"}]},{\"@type\":\"WebSite\",\"@id\":\"https:\\\/\\\/wemarry.io\\\/cs\\\/#website\",\"url\":\"https:\\\/\\\/wemarry.io\\\/cs\\\/\",\"name\":\"WeMarry\",\"description\":\"Napl\u00e1nujte si svou vysn\u011bnou svatbu bez stresu. wemarry.io v\u00e1m p\u0159in\u00e1\u0161\u00ed modern\u00ed svatebn\u00ed web, digit\u00e1ln\u00ed pozv\u00e1nky a online potvrzen\u00ed \u00fa\u010dasti (RSVP) na jednom m\u00edst\u011b. U\u0161et\u0159ete des\u00edtky hodin p\u0159i organizaci a sd\u00edlejte radost s hosty elegantn\u011b a online.\",\"publisher\":{\"@id\":\"https:\\\/\\\/wemarry.io\\\/cs\\\/#organization\"},\"potentialAction\":[{\"@type\":\"SearchAction\",\"target\":{\"@type\":\"EntryPoint\",\"urlTemplate\":\"https:\\\/\\\/wemarry.io\\\/cs\\\/?s={search_term_string}\"},\"query-input\":{\"@type\":\"PropertyValueSpecification\",\"valueRequired\":true,\"valueName\":\"search_term_string\"}}],\"inLanguage\":\"de\"},{\"@type\":\"Organization\",\"@id\":\"https:\\\/\\\/wemarry.io\\\/cs\\\/#organization\",\"name\":\"WeMarry\",\"url\":\"https:\\\/\\\/wemarry.io\\\/cs\\\/\",\"logo\":{\"@type\":\"ImageObject\",\"inLanguage\":\"de\",\"@id\":\"https:\\\/\\\/wemarry.io\\\/cs\\\/#\\\/schema\\\/logo\\\/image\\\/\",\"url\":\"https:\\\/\\\/wemarry.io\\\/wp-content\\\/uploads\\\/2025\\\/09\\\/WeMarry-favicon.svg\",\"contentUrl\":\"https:\\\/\\\/wemarry.io\\\/wp-content\\\/uploads\\\/2025\\\/09\\\/WeMarry-favicon.svg\",\"width\":512,\"height\":512,\"caption\":\"WeMarry\"},\"image\":{\"@id\":\"https:\\\/\\\/wemarry.io\\\/cs\\\/#\\\/schema\\\/logo\\\/image\\\/\"}}]}<\/script>\n<!-- \/ Yoast SEO plugin. -->","yoast_head_json":{"title":"Kontakt - WeMarry","robots":{"index":"index","follow":"follow","max-snippet":"max-snippet:-1","max-image-preview":"max-image-preview:large","max-video-preview":"max-video-preview:-1"},"canonical":"https:\/\/wemarry.io\/cs\/kontakt\/","og_locale":"de_DE","og_type":"article","og_title":"Kontakt - WeMarry","og_description":"Bei Fragen k\u00f6nnen Sie uns gerne kontaktieren","og_url":"https:\/\/wemarry.io\/cs\/kontakt\/","og_site_name":"WeMarry","article_modified_time":"2025-12-22T10:06:47+00:00","og_image":[{"url":"https:\/\/wemarry.io\/wp-content\/uploads\/2025\/09\/mockup.avif","type":"","width":"","height":""}],"twitter_card":"summary_large_image","schema":{"@context":"https:\/\/schema.org","@graph":[{"@type":"WebPage","@id":"https:\/\/wemarry.io\/cs\/kontakt\/","url":"https:\/\/wemarry.io\/cs\/kontakt\/","name":"Kontakt - WeMarry","isPartOf":{"@id":"https:\/\/wemarry.io\/cs\/#website"},"primaryImageOfPage":{"@id":"https:\/\/wemarry.io\/cs\/kontakt\/#primaryimage"},"image":{"@id":"https:\/\/wemarry.io\/cs\/kontakt\/#primaryimage"},"thumbnailUrl":"https:\/\/wemarry.io\/wp-content\/uploads\/2025\/09\/mockup.avif","datePublished":"2025-07-27T08:04:47+00:00","dateModified":"2025-12-22T10:06:47+00:00","breadcrumb":{"@id":"https:\/\/wemarry.io\/cs\/kontakt\/#breadcrumb"},"inLanguage":"de","potentialAction":[{"@type":"ReadAction","target":["https:\/\/wemarry.io\/cs\/kontakt\/"]}]},{"@type":"ImageObject","inLanguage":"de","@id":"https:\/\/wemarry.io\/cs\/kontakt\/#primaryimage","url":"https:\/\/wemarry.io\/wp-content\/uploads\/2025\/09\/mockup.avif","contentUrl":"https:\/\/wemarry.io\/wp-content\/uploads\/2025\/09\/mockup.avif"},{"@type":"BreadcrumbList","@id":"https:\/\/wemarry.io\/cs\/kontakt\/#breadcrumb","itemListElement":[{"@type":"ListItem","position":1,"name":"Dom\u016f","item":"https:\/\/wemarry.io\/de\/"},{"@type":"ListItem","position":2,"name":"Kontakt"}]},{"@type":"WebSite","@id":"https:\/\/wemarry.io\/cs\/#website","url":"https:\/\/wemarry.io\/cs\/","name":"WeMarry","description":"Napl\u00e1nujte si svou vysn\u011bnou svatbu bez stresu. wemarry.io v\u00e1m p\u0159in\u00e1\u0161\u00ed modern\u00ed svatebn\u00ed web, digit\u00e1ln\u00ed pozv\u00e1nky a online potvrzen\u00ed \u00fa\u010dasti (RSVP) na jednom m\u00edst\u011b. U\u0161et\u0159ete des\u00edtky hodin p\u0159i organizaci a sd\u00edlejte radost s hosty elegantn\u011b a online.","publisher":{"@id":"https:\/\/wemarry.io\/cs\/#organization"},"potentialAction":[{"@type":"SearchAction","target":{"@type":"EntryPoint","urlTemplate":"https:\/\/wemarry.io\/cs\/?s={search_term_string}"},"query-input":{"@type":"PropertyValueSpecification","valueRequired":true,"valueName":"search_term_string"}}],"inLanguage":"de"},{"@type":"Organization","@id":"https:\/\/wemarry.io\/cs\/#organization","name":"WeMarry","url":"https:\/\/wemarry.io\/cs\/","logo":{"@type":"ImageObject","inLanguage":"de","@id":"https:\/\/wemarry.io\/cs\/#\/schema\/logo\/image\/","url":"https:\/\/wemarry.io\/wp-content\/uploads\/2025\/09\/WeMarry-favicon.svg","contentUrl":"https:\/\/wemarry.io\/wp-content\/uploads\/2025\/09\/WeMarry-favicon.svg","width":512,"height":512,"caption":"WeMarry"},"image":{"@id":"https:\/\/wemarry.io\/cs\/#\/schema\/logo\/image\/"}}]}},"_links":{"self":[{"href":"https:\/\/wemarry.io\/de\/wp-json\/wp\/v2\/pages\/1312","targetHints":{"allow":["GET"]}}],"collection":[{"href":"https:\/\/wemarry.io\/de\/wp-json\/wp\/v2\/pages"}],"about":[{"href":"https:\/\/wemarry.io\/de\/wp-json\/wp\/v2\/types\/page"}],"author":[{"embeddable":true,"href":"https:\/\/wemarry.io\/de\/wp-json\/wp\/v2\/users\/1"}],"replies":[{"embeddable":true,"href":"https:\/\/wemarry.io\/de\/wp-json\/wp\/v2\/comments?post=1312"}],"version-history":[{"count":2,"href":"https:\/\/wemarry.io\/de\/wp-json\/wp\/v2\/pages\/1312\/revisions"}],"predecessor-version":[{"id":1577,"href":"https:\/\/wemarry.io\/de\/wp-json\/wp\/v2\/pages\/1312\/revisions\/1577"}],"wp:attachment":[{"href":"https:\/\/wemarry.io\/de\/wp-json\/wp\/v2\/media?parent=1312"}],"curies":[{"name":"wp","href":"https:\/\/api.w.org\/{rel}","templated":true}]}}