{"id":1313,"date":"2025-07-25T14:07:10","date_gmt":"2025-07-25T12:07:10","guid":{"rendered":"https:\/\/dev.wemarry.io\/faq\/"},"modified":"2025-12-22T11:05:12","modified_gmt":"2025-12-22T10:05:12","slug":"faq","status":"publish","type":"page","link":"https:\/\/wemarry.io\/de\/faq\/","title":{"rendered":"FAQ"},"content":{"rendered":"\n<div class=\"gb-element-eff3c292\">\n<h1 class=\"wp-block-heading has-text-align-center\" style=\"padding-top:0;padding-right:var(--wp--preset--spacing--10);padding-bottom:0;padding-left:var(--wp--preset--spacing--10)\">H\u00e4ufig gestellte Fragen<\/h1>\n\n\n\n<p class=\"has-text-align-center\" style=\"padding-top:0;padding-right:var(--wp--preset--spacing--10);padding-bottom:0;padding-left:var(--wp--preset--spacing--10)\">Antworten auf Fragen rund um WeMarry, die n\u00fctzlich sein k\u00f6nnten.<\/p>\n<\/div>\n\n\n\n<div class=\"gbp-section gb-element-477e9430\">\n<div class=\"gbp-section__inner gb-element-ee5fb925\">\n<h2 class=\"wp-block-heading has-text-align-center has-large-font-size\">Hochzeitswebsite<\/h2>\n\n\n\n<div class=\"gb-accordion\">\n<div class=\"gb-accordion__item gbp-card--border gb-accordion__item-a52dbb8c\">\n<div role=\"button\" tabindex=\"0\" class=\"gb-accordion__toggle gb-accordion__toggle-d5bdb051\" id=\"gb-accordion-toggle-d5bdb051\">\n<h3 class=\"gb-text gbp-card__title gb-text-30b2051f\">Warum eine Hochzeitswebsite?<\/h3>\n\n\n\n<span class=\"gb-accordion__toggle-icon gb-accordion__toggle-icon-ea264279\"><span class=\"gb-accordion__toggle-icon-open\"><svg aria-hidden=\"true\" viewbox=\"0 0 256 256\"><rect width=\"256\" height=\"256\" fill=\"none\"\/><polyline points=\"208 96 128 176 48 96\" fill=\"none\" stroke=\"currentColor\" stroke-linecap=\"round\" stroke-linejoin=\"round\" stroke-width=\"16\"><\/polyline><\/svg><\/span><span class=\"gb-accordion__toggle-icon-close\"><svg aria-hidden=\"true\" viewbox=\"0 0 256 256\"><rect width=\"256\" height=\"256\" fill=\"none\"\/><polyline points=\"48 160 128 80 208 160\" fill=\"none\" stroke=\"currentColor\" stroke-linecap=\"round\" stroke-linejoin=\"round\" stroke-width=\"16\"><\/polyline><\/svg><\/span><\/span>\n<\/div>\n\n\n\n<div class=\"gb-accordion__content\" id=\"gb-accordion-content-920a8a11\">\n<div class=\"gb-element-0167bf8c\">\n<p class=\"gb-text\">Die Hochzeitsplanung ist aufregend und stressig zugleich. Es ist hilfreich, eine einfache M\u00f6glichkeit zu haben, Einladungen zu versenden, einen \u00dcberblick \u00fcber die Anzahl der G\u00e4ste zu erhalten und alle wichtigen Informationen an einem Ort zu kommunizieren. Wir leben im digitalen Zeitalter, und ob es uns gef\u00e4llt oder nicht, die Online-Kommunikation ist einfach effektiver. Mit einer Website m\u00fcssen Sie niemanden hetzen oder ihm etwas erkl\u00e4ren, sondern einfach einen Link senden, und fertig.   <\/p>\n<\/div>\n<\/div>\n<\/div>\n\n\n\n<div class=\"gb-accordion__item gbp-card--border gb-accordion__item-6733de50\">\n<div role=\"button\" tabindex=\"0\" class=\"gb-accordion__toggle gb-accordion__toggle-6ab1fb53\" id=\"gb-accordion-toggle-6ab1fb53\">\n<h3 class=\"gb-text gbp-card__title gb-text-87524aa6\">Reicht eine normale Hochzeitseinladung nicht aus?<\/h3>\n\n\n\n<span class=\"gb-accordion__toggle-icon gb-accordion__toggle-icon-ece4051e\"><span class=\"gb-accordion__toggle-icon-open\"><svg aria-hidden=\"true\" viewbox=\"0 0 256 256\"><rect width=\"256\" height=\"256\" fill=\"none\"\/><polyline points=\"208 96 128 176 48 96\" fill=\"none\" stroke=\"currentColor\" stroke-linecap=\"round\" stroke-linejoin=\"round\" stroke-width=\"16\"><\/polyline><\/svg><\/span><span class=\"gb-accordion__toggle-icon-close\"><svg aria-hidden=\"true\" viewbox=\"0 0 256 256\"><rect width=\"256\" height=\"256\" fill=\"none\"\/><polyline points=\"48 160 128 80 208 160\" fill=\"none\" stroke=\"currentColor\" stroke-linecap=\"round\" stroke-linejoin=\"round\" stroke-width=\"16\"><\/polyline><\/svg><\/span><\/span>\n<\/div>\n\n\n\n<div class=\"gb-accordion__content\" id=\"gb-accordion-content-e8731a6a\">\n<div class=\"gb-element-0e2dc08f\">\n<p class=\"gb-text\">Das eine schlie\u00dft das andere nicht aus. Eine Hochzeitseinladung ist eine Tradition und eine Freude, besonders f\u00fcr Eltern und Gro\u00dfeltern. Eine Hochzeitswebsite fungiert eher als Assistent f\u00fcr die Hosentasche, der auf einfache Weise alle Fragen beantwortet, die Ihre G\u00e4ste haben.  <\/p>\n<\/div>\n<\/div>\n<\/div>\n\n\n\n<div class=\"gb-accordion__item gbp-card--border gb-accordion__item-b185c5d1\">\n<div role=\"button\" tabindex=\"0\" class=\"gb-accordion__toggle gb-accordion__toggle-a21dda9e\" id=\"gb-accordion-toggle-a21dda9e\">\n<h3 class=\"gb-text gbp-card__title gb-text-1029818d\">Kann ich es zuerst kostenlos ausprobieren?<\/h3>\n\n\n\n<span class=\"gb-accordion__toggle-icon gb-accordion__toggle-icon-c8aabfe4\"><span class=\"gb-accordion__toggle-icon-open\"><svg aria-hidden=\"true\" viewbox=\"0 0 256 256\"><rect width=\"256\" height=\"256\" fill=\"none\"\/><polyline points=\"208 96 128 176 48 96\" fill=\"none\" stroke=\"currentColor\" stroke-linecap=\"round\" stroke-linejoin=\"round\" stroke-width=\"16\"><\/polyline><\/svg><\/span><span class=\"gb-accordion__toggle-icon-close\"><svg aria-hidden=\"true\" viewbox=\"0 0 256 256\"><rect width=\"256\" height=\"256\" fill=\"none\"\/><polyline points=\"48 160 128 80 208 160\" fill=\"none\" stroke=\"currentColor\" stroke-linecap=\"round\" stroke-linejoin=\"round\" stroke-width=\"16\"><\/polyline><\/svg><\/span><\/span>\n<\/div>\n\n\n\n<div class=\"gb-accordion__content\" id=\"gb-accordion-content-1a8fdd8a\">\n<div class=\"gb-element-77e53ff4\">\n<p class=\"gb-text\">Ja, auf jeden Fall! Sie k\u00f6nnen die Website zuerst erstellen und f\u00fcr sich selbst bearbeiten. Sie wird erst nach Bezahlung des Tarifs \u00f6ffentlich.  <\/p>\n<\/div>\n<\/div>\n<\/div>\n\n\n\n<div class=\"gb-accordion__item gbp-card--border gb-accordion__item-22d77fce\">\n<div role=\"button\" tabindex=\"0\" class=\"gb-accordion__toggle gb-accordion__toggle-4fa175d4\" id=\"gb-accordion-toggle-4fa175d4\">\n<h3 class=\"gb-text gbp-card__title gb-text-c9213836\">Warum sollte ich f\u00fcr eine Website bezahlen, wenn ich sie woanders kostenlos erstellen kann?<\/h3>\n\n\n\n<span class=\"gb-accordion__toggle-icon gb-accordion__toggle-icon-e9fe6fa9\"><span class=\"gb-accordion__toggle-icon-open\"><svg aria-hidden=\"true\" viewbox=\"0 0 256 256\"><rect width=\"256\" height=\"256\" fill=\"none\"\/><polyline points=\"208 96 128 176 48 96\" fill=\"none\" stroke=\"currentColor\" stroke-linecap=\"round\" stroke-linejoin=\"round\" stroke-width=\"16\"><\/polyline><\/svg><\/span><span class=\"gb-accordion__toggle-icon-close\"><svg aria-hidden=\"true\" viewbox=\"0 0 256 256\"><rect width=\"256\" height=\"256\" fill=\"none\"\/><polyline points=\"48 160 128 80 208 160\" fill=\"none\" stroke=\"currentColor\" stroke-linecap=\"round\" stroke-linejoin=\"round\" stroke-width=\"16\"><\/polyline><\/svg><\/span><\/span>\n<\/div>\n\n\n\n<div class=\"gb-accordion__content\" id=\"gb-accordion-content-28abfac3\">\n<div class=\"gb-element-c1705d81\">\n<p class=\"gb-text\">Wir zwingen Sie zu nichts. Wenn Sie wissen, wie man Websites erstellt, und es Ihnen nichts ausmacht, Stunden damit zu verbringen, warum nicht. Wir haben die WeMarry-Plattform entwickelt, um Ihnen Zeit zu sparen. Sie k\u00f6nnen die Website selbst und einfach in 5 Minuten erstellen und wir garantieren au\u00dferdem, dass die Website in jeder Situation und auf jedem Ger\u00e4t gut aussieht.  <\/p>\n<\/div>\n<\/div>\n<\/div>\n\n\n\n<div class=\"gb-accordion__item gbp-card--border gb-accordion__item-0013a5e6\">\n<div role=\"button\" tabindex=\"0\" class=\"gb-accordion__toggle gb-accordion__toggle-6cb573e9\" id=\"gb-accordion-toggle-6cb573e9\">\n<h3 class=\"gb-text gbp-card__title gb-text-7bf21395\">Was ist, wenn ich es mir mit der Website anders \u00fcberlege?<\/h3>\n\n\n\n<span class=\"gb-accordion__toggle-icon gb-accordion__toggle-icon-95042eeb\"><span class=\"gb-accordion__toggle-icon-open\"><svg aria-hidden=\"true\" viewbox=\"0 0 256 256\"><rect width=\"256\" height=\"256\" fill=\"none\"\/><polyline points=\"208 96 128 176 48 96\" fill=\"none\" stroke=\"currentColor\" stroke-linecap=\"round\" stroke-linejoin=\"round\" stroke-width=\"16\"><\/polyline><\/svg><\/span><span class=\"gb-accordion__toggle-icon-close\"><svg aria-hidden=\"true\" viewbox=\"0 0 256 256\"><rect width=\"256\" height=\"256\" fill=\"none\"\/><polyline points=\"48 160 128 80 208 160\" fill=\"none\" stroke=\"currentColor\" stroke-linecap=\"round\" stroke-linejoin=\"round\" stroke-width=\"16\"><\/polyline><\/svg><\/span><\/span>\n<\/div>\n\n\n\n<div class=\"gb-accordion__content\" id=\"gb-accordion-content-25632167\">\n<div class=\"gb-element-1e388920\">\n<p class=\"gb-text\">Meinen Sie eine Reklamation? Falls Sie die Website bezahlen und sich wirklich entscheiden, dass Sie sie nicht ben\u00f6tigen, kontaktieren Sie uns einfach und wir erstatten Ihnen problemlos das Geld zur\u00fcck. <\/p>\n<\/div>\n<\/div>\n<\/div>\n\n\n\n<div class=\"gb-accordion__item gbp-card--border gb-accordion__item-5dfde5ba\">\n<div role=\"button\" tabindex=\"0\" class=\"gb-accordion__toggle gb-accordion__toggle-35603d0d\" id=\"gb-accordion-toggle-35603d0d\">\n<h3 class=\"gb-text gbp-card__title gb-text-21178c23\">Wie lange wird meine Website funktionieren?<\/h3>\n\n\n\n<span class=\"gb-accordion__toggle-icon gb-accordion__toggle-icon-bb1d4095\"><span class=\"gb-accordion__toggle-icon-open\"><svg aria-hidden=\"true\" viewbox=\"0 0 256 256\"><rect width=\"256\" height=\"256\" fill=\"none\"\/><polyline points=\"208 96 128 176 48 96\" fill=\"none\" stroke=\"currentColor\" stroke-linecap=\"round\" stroke-linejoin=\"round\" stroke-width=\"16\"><\/polyline><\/svg><\/span><span class=\"gb-accordion__toggle-icon-close\"><svg aria-hidden=\"true\" viewbox=\"0 0 256 256\"><rect width=\"256\" height=\"256\" fill=\"none\"\/><polyline points=\"48 160 128 80 208 160\" fill=\"none\" stroke=\"currentColor\" stroke-linecap=\"round\" stroke-linejoin=\"round\" stroke-width=\"16\"><\/polyline><\/svg><\/span><\/span>\n<\/div>\n\n\n\n<div class=\"gb-accordion__content\" id=\"gb-accordion-content-942cdc59\">\n<div class=\"gb-element-028e8a3c\">\n<p class=\"gb-text\">Ihre Seiten sind ab Bezahlung 18 Monate lang \u00f6ffentlich.<\/p>\n<\/div>\n<\/div>\n<\/div>\n\n\n\n<div class=\"gb-accordion__item gbp-card--border gb-accordion__item-0cfb911d\">\n<div role=\"button\" tabindex=\"0\" class=\"gb-accordion__toggle gb-accordion__toggle-459c2b2e\" id=\"gb-accordion-toggle-459c2b2e\">\n<h3 class=\"gb-text gbp-card__title gb-text-016055a7\">Schaffen wir das auch ohne Erfahrung mit Webseiten?<\/h3>\n\n\n\n<span class=\"gb-accordion__toggle-icon gb-accordion__toggle-icon-21aaaecf\"><span class=\"gb-accordion__toggle-icon-open\"><svg aria-hidden=\"true\" viewbox=\"0 0 256 256\"><rect width=\"256\" height=\"256\" fill=\"none\"\/><polyline points=\"208 96 128 176 48 96\" fill=\"none\" stroke=\"currentColor\" stroke-linecap=\"round\" stroke-linejoin=\"round\" stroke-width=\"16\"><\/polyline><\/svg><\/span><span class=\"gb-accordion__toggle-icon-close\"><svg aria-hidden=\"true\" viewbox=\"0 0 256 256\"><rect width=\"256\" height=\"256\" fill=\"none\"\/><polyline points=\"48 160 128 80 208 160\" fill=\"none\" stroke=\"currentColor\" stroke-linecap=\"round\" stroke-linejoin=\"round\" stroke-width=\"16\"><\/polyline><\/svg><\/span><\/span>\n<\/div>\n\n\n\n<div class=\"gb-accordion__content\" id=\"gb-accordion-content-7f4d3b9e\">\n<div class=\"gb-element-9f62a681\">\n<p class=\"gb-text\">Selbstverst\u00e4ndlich! Die Verwaltung der Hochzeitswebsite ist einfach und intuitiv. Wenn Sie sichergehen wollen, schauen Sie sich die Anleitung an.  <\/p>\n<\/div>\n<\/div>\n<\/div>\n\n\n\n<div class=\"gb-accordion__item gbp-card--border gb-accordion__item-ed696784\">\n<div role=\"button\" tabindex=\"0\" class=\"gb-accordion__toggle gb-accordion__toggle-9babdd4a\" id=\"gb-accordion-toggle-9babdd4a\">\n<h3 class=\"gb-text gbp-card__title gb-text-5ff1d32e\">K\u00f6nnen wir die Website auch auf dem Handy bearbeiten?<\/h3>\n\n\n\n<span class=\"gb-accordion__toggle-icon gb-accordion__toggle-icon-e3c9819b\"><span class=\"gb-accordion__toggle-icon-open\"><svg aria-hidden=\"true\" viewbox=\"0 0 256 256\"><rect width=\"256\" height=\"256\" fill=\"none\"\/><polyline points=\"208 96 128 176 48 96\" fill=\"none\" stroke=\"currentColor\" stroke-linecap=\"round\" stroke-linejoin=\"round\" stroke-width=\"16\"><\/polyline><\/svg><\/span><span class=\"gb-accordion__toggle-icon-close\"><svg aria-hidden=\"true\" viewbox=\"0 0 256 256\"><rect width=\"256\" height=\"256\" fill=\"none\"\/><polyline points=\"48 160 128 80 208 160\" fill=\"none\" stroke=\"currentColor\" stroke-linecap=\"round\" stroke-linejoin=\"round\" stroke-width=\"16\"><\/polyline><\/svg><\/span><\/span>\n<\/div>\n\n\n\n<div class=\"gb-accordion__content\" id=\"gb-accordion-content-936aff12\">\n<div class=\"gb-element-d80d7bad\">\n<p class=\"gb-text\">Ja. Heutzutage k\u00f6nnen wir uns kaum noch etwas vorstellen, das nicht auf einer mobilen Oberfl\u00e4che funktioniert. <\/p>\n<\/div>\n<\/div>\n<\/div>\n\n\n\n<div class=\"gb-accordion__item gbp-card--border gb-accordion__item-842e4148\">\n<div role=\"button\" tabindex=\"0\" class=\"gb-accordion__toggle gb-accordion__toggle-f5b47e56\" id=\"gb-accordion-toggle-f5b47e56\">\n<h3 class=\"gb-text gbp-card__title gb-text-86ae7599\">Kann ich eine eigene URL-Adresse f\u00fcr meine Hochzeitswebsite haben?<\/h3>\n\n\n\n<span class=\"gb-accordion__toggle-icon gb-accordion__toggle-icon-e56292dd\"><span class=\"gb-accordion__toggle-icon-open\"><svg aria-hidden=\"true\" viewbox=\"0 0 256 256\"><rect width=\"256\" height=\"256\" fill=\"none\"\/><polyline points=\"208 96 128 176 48 96\" fill=\"none\" stroke=\"currentColor\" stroke-linecap=\"round\" stroke-linejoin=\"round\" stroke-width=\"16\"><\/polyline><\/svg><\/span><span class=\"gb-accordion__toggle-icon-close\"><svg aria-hidden=\"true\" viewbox=\"0 0 256 256\"><rect width=\"256\" height=\"256\" fill=\"none\"\/><polyline points=\"48 160 128 80 208 160\" fill=\"none\" stroke=\"currentColor\" stroke-linecap=\"round\" stroke-linejoin=\"round\" stroke-width=\"16\"><\/polyline><\/svg><\/span><\/span>\n<\/div>\n\n\n\n<div class=\"gb-accordion__content\" id=\"gb-accordion-content-05fe828e\">\n<div class=\"gb-element-c922ab34\">\n<p class=\"gb-text\">Ja, wenn Sie eine eigene Domain haben, zeigen wir Ihnen nach der Bezahlung, wie es geht!<\/p>\n<\/div>\n<\/div>\n<\/div>\n\n\n\n<div class=\"gb-accordion__item gbp-card--border gb-accordion__item-08f0d0c8\">\n<div role=\"button\" tabindex=\"0\" class=\"gb-accordion__toggle gb-accordion__toggle-b3db513b\" id=\"gb-accordion-toggle-b3db513b\">\n<h3 class=\"gb-text gbp-card__title gb-text-c7fce2fe\">Kann ich die Website auch nach der Ver\u00f6ffentlichung bearbeiten?<\/h3>\n\n\n\n<span class=\"gb-accordion__toggle-icon gb-accordion__toggle-icon-769bec36\"><span class=\"gb-accordion__toggle-icon-open\"><svg aria-hidden=\"true\" viewbox=\"0 0 256 256\"><rect width=\"256\" height=\"256\" fill=\"none\"\/><polyline points=\"208 96 128 176 48 96\" fill=\"none\" stroke=\"currentColor\" stroke-linecap=\"round\" stroke-linejoin=\"round\" stroke-width=\"16\"><\/polyline><\/svg><\/span><span class=\"gb-accordion__toggle-icon-close\"><svg aria-hidden=\"true\" viewbox=\"0 0 256 256\"><rect width=\"256\" height=\"256\" fill=\"none\"\/><polyline points=\"48 160 128 80 208 160\" fill=\"none\" stroke=\"currentColor\" stroke-linecap=\"round\" stroke-linejoin=\"round\" stroke-width=\"16\"><\/polyline><\/svg><\/span><\/span>\n<\/div>\n\n\n\n<div class=\"gb-accordion__content\" id=\"gb-accordion-content-59b5c805\">\n<div class=\"gb-element-a33a3989\">\n<p class=\"gb-text\">Selbstverst\u00e4ndlich! Sie k\u00f6nnen den Inhalt der Hochzeitswebsite und ihre Vorlage jederzeit \u00e4ndern. <\/p>\n<\/div>\n<\/div>\n<\/div>\n\n\n\n<div class=\"gb-accordion__item gbp-card--border gb-accordion__item-9938f89b\">\n<div role=\"button\" tabindex=\"0\" class=\"gb-accordion__toggle gb-accordion__toggle-0eac09b2\" id=\"gb-accordion-toggle-0eac09b2\">\n<h3 class=\"gb-text gbp-card__title gb-text-4eadf42e\">Was sollte auf der Seite nicht fehlen?<\/h3>\n\n\n\n<span class=\"gb-accordion__toggle-icon gb-accordion__toggle-icon-d1e8a986\"><span class=\"gb-accordion__toggle-icon-open\"><svg aria-hidden=\"true\" viewbox=\"0 0 256 256\"><rect width=\"256\" height=\"256\" fill=\"none\"\/><polyline points=\"208 96 128 176 48 96\" fill=\"none\" stroke=\"currentColor\" stroke-linecap=\"round\" stroke-linejoin=\"round\" stroke-width=\"16\"><\/polyline><\/svg><\/span><span class=\"gb-accordion__toggle-icon-close\"><svg aria-hidden=\"true\" viewbox=\"0 0 256 256\"><rect width=\"256\" height=\"256\" fill=\"none\"\/><polyline points=\"48 160 128 80 208 160\" fill=\"none\" stroke=\"currentColor\" stroke-linecap=\"round\" stroke-linejoin=\"round\" stroke-width=\"16\"><\/polyline><\/svg><\/span><\/span>\n<\/div>\n\n\n\n<div class=\"gb-accordion__content\" id=\"gb-accordion-content-5f86ff31\">\n<div class=\"gb-element-68755e51\">\n<p class=\"gb-text\">Daran haben wir f\u00fcr Sie gedacht! Sie erstellen die Website nach Ihren W\u00fcnschen, aber wir haben sie vorausgef\u00fcllt, damit Sie wissen, was wohin geh\u00f6rt und wie es aussehen wird. <\/p>\n<\/div>\n<\/div>\n<\/div>\n<\/div>\n<\/div>\n\n\n\n<div class=\"gbp-section__inner gb-element-f3c32fa4\">\n<div class=\"gb-element-fd602984\">\n<h3 class=\"gb-text gbp-section__headline\">Haben Sie keine Antwort auf Ihre Frage gefunden?<\/h3>\n\n\n\n<div class=\"gb-text gbp-section__text\">In diesem Fall schreiben Sie uns einfach an info@wemarry.io und wir werden Ihnen innerhalb eines Werktages antworten.<\/div>\n\n\n\n<a class=\"gb-text gbp-button--primary gb-text-b3b9c2a3\" href=\"#\">Button<\/a>\n<\/div>\n<\/div>\n<\/div>\n","protected":false},"excerpt":{"rendered":"<p>H\u00e4ufig gestellte Fragen Antworten auf Fragen rund um WeMarry, die n\u00fctzlich sein k\u00f6nnten. Hochzeitswebsite Haben Sie keine Antwort auf Ihre Frage gefunden? In diesem Fall schreiben Sie uns einfach an info@wemarry.io und wir werden Ihnen innerhalb eines Werktages antworten. Button<\/p>\n","protected":false},"author":1,"featured_media":0,"parent":0,"menu_order":0,"comment_status":"closed","ping_status":"closed","template":"","meta":{"_acf_changed":false,"footnotes":""},"class_list":["post-1313","page","type-page","status-publish","hentry"],"acf":[],"yoast_head":"<!-- This site is optimized with the Yoast SEO plugin v27.3 - https:\/\/yoast.com\/product\/yoast-seo-wordpress\/ -->\n<title>FAQ - WeMarry<\/title>\n<meta name=\"robots\" content=\"index, follow, max-snippet:-1, max-image-preview:large, max-video-preview:-1\" \/>\n<link rel=\"canonical\" href=\"https:\/\/wemarry.io\/cs\/faq\/\" \/>\n<meta property=\"og:locale\" content=\"de_DE\" \/>\n<meta property=\"og:type\" content=\"article\" \/>\n<meta property=\"og:title\" content=\"FAQ - WeMarry\" \/>\n<meta property=\"og:description\" content=\"H\u00e4ufig gestellte Fragen Antworten auf Fragen rund um WeMarry, die n\u00fctzlich sein k\u00f6nnten. Hochzeitswebsite Haben Sie keine Antwort auf Ihre Frage gefunden? In diesem Fall schreiben Sie uns einfach an info@wemarry.io und wir werden Ihnen innerhalb eines Werktages antworten. Button\" \/>\n<meta property=\"og:url\" content=\"https:\/\/wemarry.io\/cs\/faq\/\" \/>\n<meta property=\"og:site_name\" content=\"WeMarry\" \/>\n<meta property=\"article:modified_time\" content=\"2025-12-22T10:05:12+00:00\" \/>\n<meta name=\"twitter:card\" content=\"summary_large_image\" \/>\n<meta name=\"twitter:label1\" content=\"Gesch\u00e4tzte Lesezeit\" \/>\n\t<meta name=\"twitter:data1\" content=\"2\u00a0Minuten\" \/>\n<script type=\"application\/ld+json\" class=\"yoast-schema-graph\">{\"@context\":\"https:\\\/\\\/schema.org\",\"@graph\":[{\"@type\":\"WebPage\",\"@id\":\"https:\\\/\\\/wemarry.io\\\/cs\\\/faq\\\/\",\"url\":\"https:\\\/\\\/wemarry.io\\\/cs\\\/faq\\\/\",\"name\":\"FAQ - WeMarry\",\"isPartOf\":{\"@id\":\"https:\\\/\\\/wemarry.io\\\/cs\\\/#website\"},\"datePublished\":\"2025-07-25T12:07:10+00:00\",\"dateModified\":\"2025-12-22T10:05:12+00:00\",\"breadcrumb\":{\"@id\":\"https:\\\/\\\/wemarry.io\\\/cs\\\/faq\\\/#breadcrumb\"},\"inLanguage\":\"de\",\"potentialAction\":[{\"@type\":\"ReadAction\",\"target\":[\"https:\\\/\\\/wemarry.io\\\/cs\\\/faq\\\/\"]}]},{\"@type\":\"BreadcrumbList\",\"@id\":\"https:\\\/\\\/wemarry.io\\\/cs\\\/faq\\\/#breadcrumb\",\"itemListElement\":[{\"@type\":\"ListItem\",\"position\":1,\"name\":\"Dom\u016f\",\"item\":\"https:\\\/\\\/wemarry.io\\\/de\\\/\"},{\"@type\":\"ListItem\",\"position\":2,\"name\":\"FAQ\"}]},{\"@type\":\"WebSite\",\"@id\":\"https:\\\/\\\/wemarry.io\\\/cs\\\/#website\",\"url\":\"https:\\\/\\\/wemarry.io\\\/cs\\\/\",\"name\":\"WeMarry\",\"description\":\"Napl\u00e1nujte si svou vysn\u011bnou svatbu bez stresu. wemarry.io v\u00e1m p\u0159in\u00e1\u0161\u00ed modern\u00ed svatebn\u00ed web, digit\u00e1ln\u00ed pozv\u00e1nky a online potvrzen\u00ed \u00fa\u010dasti (RSVP) na jednom m\u00edst\u011b. U\u0161et\u0159ete des\u00edtky hodin p\u0159i organizaci a sd\u00edlejte radost s hosty elegantn\u011b a online.\",\"publisher\":{\"@id\":\"https:\\\/\\\/wemarry.io\\\/cs\\\/#organization\"},\"potentialAction\":[{\"@type\":\"SearchAction\",\"target\":{\"@type\":\"EntryPoint\",\"urlTemplate\":\"https:\\\/\\\/wemarry.io\\\/cs\\\/?s={search_term_string}\"},\"query-input\":{\"@type\":\"PropertyValueSpecification\",\"valueRequired\":true,\"valueName\":\"search_term_string\"}}],\"inLanguage\":\"de\"},{\"@type\":\"Organization\",\"@id\":\"https:\\\/\\\/wemarry.io\\\/cs\\\/#organization\",\"name\":\"WeMarry\",\"url\":\"https:\\\/\\\/wemarry.io\\\/cs\\\/\",\"logo\":{\"@type\":\"ImageObject\",\"inLanguage\":\"de\",\"@id\":\"https:\\\/\\\/wemarry.io\\\/cs\\\/#\\\/schema\\\/logo\\\/image\\\/\",\"url\":\"https:\\\/\\\/wemarry.io\\\/wp-content\\\/uploads\\\/2025\\\/09\\\/WeMarry-favicon.svg\",\"contentUrl\":\"https:\\\/\\\/wemarry.io\\\/wp-content\\\/uploads\\\/2025\\\/09\\\/WeMarry-favicon.svg\",\"width\":512,\"height\":512,\"caption\":\"WeMarry\"},\"image\":{\"@id\":\"https:\\\/\\\/wemarry.io\\\/cs\\\/#\\\/schema\\\/logo\\\/image\\\/\"}}]}<\/script>\n<!-- \/ Yoast SEO plugin. -->","yoast_head_json":{"title":"FAQ - WeMarry","robots":{"index":"index","follow":"follow","max-snippet":"max-snippet:-1","max-image-preview":"max-image-preview:large","max-video-preview":"max-video-preview:-1"},"canonical":"https:\/\/wemarry.io\/cs\/faq\/","og_locale":"de_DE","og_type":"article","og_title":"FAQ - WeMarry","og_description":"H\u00e4ufig gestellte Fragen Antworten auf Fragen rund um WeMarry, die n\u00fctzlich sein k\u00f6nnten. Hochzeitswebsite Haben Sie keine Antwort auf Ihre Frage gefunden? In diesem Fall schreiben Sie uns einfach an info@wemarry.io und wir werden Ihnen innerhalb eines Werktages antworten. Button","og_url":"https:\/\/wemarry.io\/cs\/faq\/","og_site_name":"WeMarry","article_modified_time":"2025-12-22T10:05:12+00:00","twitter_card":"summary_large_image","twitter_misc":{"Gesch\u00e4tzte Lesezeit":"2\u00a0Minuten"},"schema":{"@context":"https:\/\/schema.org","@graph":[{"@type":"WebPage","@id":"https:\/\/wemarry.io\/cs\/faq\/","url":"https:\/\/wemarry.io\/cs\/faq\/","name":"FAQ - WeMarry","isPartOf":{"@id":"https:\/\/wemarry.io\/cs\/#website"},"datePublished":"2025-07-25T12:07:10+00:00","dateModified":"2025-12-22T10:05:12+00:00","breadcrumb":{"@id":"https:\/\/wemarry.io\/cs\/faq\/#breadcrumb"},"inLanguage":"de","potentialAction":[{"@type":"ReadAction","target":["https:\/\/wemarry.io\/cs\/faq\/"]}]},{"@type":"BreadcrumbList","@id":"https:\/\/wemarry.io\/cs\/faq\/#breadcrumb","itemListElement":[{"@type":"ListItem","position":1,"name":"Dom\u016f","item":"https:\/\/wemarry.io\/de\/"},{"@type":"ListItem","position":2,"name":"FAQ"}]},{"@type":"WebSite","@id":"https:\/\/wemarry.io\/cs\/#website","url":"https:\/\/wemarry.io\/cs\/","name":"WeMarry","description":"Napl\u00e1nujte si svou vysn\u011bnou svatbu bez stresu. wemarry.io v\u00e1m p\u0159in\u00e1\u0161\u00ed modern\u00ed svatebn\u00ed web, digit\u00e1ln\u00ed pozv\u00e1nky a online potvrzen\u00ed \u00fa\u010dasti (RSVP) na jednom m\u00edst\u011b. U\u0161et\u0159ete des\u00edtky hodin p\u0159i organizaci a sd\u00edlejte radost s hosty elegantn\u011b a online.","publisher":{"@id":"https:\/\/wemarry.io\/cs\/#organization"},"potentialAction":[{"@type":"SearchAction","target":{"@type":"EntryPoint","urlTemplate":"https:\/\/wemarry.io\/cs\/?s={search_term_string}"},"query-input":{"@type":"PropertyValueSpecification","valueRequired":true,"valueName":"search_term_string"}}],"inLanguage":"de"},{"@type":"Organization","@id":"https:\/\/wemarry.io\/cs\/#organization","name":"WeMarry","url":"https:\/\/wemarry.io\/cs\/","logo":{"@type":"ImageObject","inLanguage":"de","@id":"https:\/\/wemarry.io\/cs\/#\/schema\/logo\/image\/","url":"https:\/\/wemarry.io\/wp-content\/uploads\/2025\/09\/WeMarry-favicon.svg","contentUrl":"https:\/\/wemarry.io\/wp-content\/uploads\/2025\/09\/WeMarry-favicon.svg","width":512,"height":512,"caption":"WeMarry"},"image":{"@id":"https:\/\/wemarry.io\/cs\/#\/schema\/logo\/image\/"}}]}},"_links":{"self":[{"href":"https:\/\/wemarry.io\/de\/wp-json\/wp\/v2\/pages\/1313","targetHints":{"allow":["GET"]}}],"collection":[{"href":"https:\/\/wemarry.io\/de\/wp-json\/wp\/v2\/pages"}],"about":[{"href":"https:\/\/wemarry.io\/de\/wp-json\/wp\/v2\/types\/page"}],"author":[{"embeddable":true,"href":"https:\/\/wemarry.io\/de\/wp-json\/wp\/v2\/users\/1"}],"replies":[{"embeddable":true,"href":"https:\/\/wemarry.io\/de\/wp-json\/wp\/v2\/comments?post=1313"}],"version-history":[{"count":2,"href":"https:\/\/wemarry.io\/de\/wp-json\/wp\/v2\/pages\/1313\/revisions"}],"predecessor-version":[{"id":1573,"href":"https:\/\/wemarry.io\/de\/wp-json\/wp\/v2\/pages\/1313\/revisions\/1573"}],"wp:attachment":[{"href":"https:\/\/wemarry.io\/de\/wp-json\/wp\/v2\/media?parent=1313"}],"curies":[{"name":"wp","href":"https:\/\/api.w.org\/{rel}","templated":true}]}}