{"id":1423,"date":"2025-07-25T11:09:10","date_gmt":"2025-07-25T09:09:10","guid":{"rendered":"https:\/\/dev.wemarry.io\/so-funktioniert-es\/"},"modified":"2025-12-22T10:54:27","modified_gmt":"2025-12-22T09:54:27","slug":"so-funktioniert-es","status":"publish","type":"page","link":"https:\/\/wemarry.io\/de\/so-funktioniert-es\/","title":{"rendered":"So funktioniert es"},"content":{"rendered":"\n<div class=\"gb-element-eff3c292\">\n<h1 class=\"wp-block-heading has-text-align-center\" style=\"padding-top:0;padding-right:var(--wp--preset--spacing--10);padding-bottom:0;padding-left:var(--wp--preset--spacing--10)\">Du bist nur 2 Klicks von der perfekten Hochzeit entfernt<\/h1>\n\n\n\n<p class=\"has-text-align-center\" style=\"padding-top:0;padding-right:var(--wp--preset--spacing--10);padding-bottom:0;padding-left:var(--wp--preset--spacing--10)\">Melde dich kostenlos bei WeMarry an und erlebe, wie es ist, eine perfekte Hochzeit ohne Stress und Verwirrung zu planen.<\/p>\n<\/div>\n\n\n\n<div class=\"gb-element-d3ac0ebd\">\n<div class=\"wp-block-media-text has-media-on-the-right is-stacked-on-mobile\"><div class=\"wp-block-media-text__content\">\n<h2 class=\"wp-block-heading\">1. Erstelle ein Konto auf WeMarry<\/h2>\n\n\n\n<p>Alles, was du brauchst, ist eine E-Mail-Adresse, und schon kann es losgehen.<\/p>\n\n\n\n<p>Unmittelbar nach der Registrierung \u00f6ffnet sich unsere Online-Anwendung und du kannst mit der Planung beginnen.<\/p>\n\n\n\n<p><a href=\"https:\/\/wemarry.app\/cs\/auth\/signup\" target=\"_blank\" rel=\"noreferrer noopener\">https:\/\/wemarry.app\/cs\/auth\/signup<\/a><\/p>\n\n\n\n<div class=\"wp-block-buttons is-layout-flex wp-block-buttons-is-layout-flex\"><\/div>\n<\/div><figure class=\"wp-block-media-text__media\"><video controls src=\"https:\/\/wemarry.io\/wp-content\/uploads\/2025\/09\/sign-up.mp4\"><\/video><\/figure><\/div>\n\n\n\n<div class=\"wp-block-media-text is-stacked-on-mobile\"><figure class=\"wp-block-media-text__media\"><video controls src=\"https:\/\/wemarry.io\/wp-content\/uploads\/2025\/09\/editor.mp4\"><\/video><\/figure><div class=\"wp-block-media-text__content\">\n<h2 class=\"wp-block-heading\">2. Klicke deine Hochzeitswebsite zusammen<\/h2>\n\n\n\n<p>Unmittelbar nach der Registrierung \u00f6ffnet sich der Web-Editor, in dem du nach und nach Informationen \u00fcber deine Hochzeit eingeben kannst. Du hast die Wahl zwischen 3 responsiven Vorlagen, die du farblich an den Stil deiner Hochzeit anpassen kannst.  <\/p>\n\n\n\n<p>F\u00fcge ein RSVP-Formular hinzu, um best\u00e4tigte Einladungen zu sammeln<\/p>\n\n\n\n<p>Bearbeite Texte und f\u00fcge ein atemberaubendes Einleitungsfoto hinzu<\/p>\n\n\n\n<p>F\u00fcge Informationen \u00fcber den Ort, das Hochzeitsprogramm oder den Dresscode hinzu<\/p>\n<\/div><\/div>\n\n\n\n<div class=\"wp-block-media-text has-media-on-the-right is-stacked-on-mobile\"><div class=\"wp-block-media-text__content\">\n<h2 class=\"wp-block-heading\">3. Ver\u00f6ffentliche deine Hochzeitswebsite f\u00fcr 1.490 K\u010d<\/h2>\n\n\n\n<p>Sobald du mit dem Aussehen der Website zufrieden bist, kannst du sie ver\u00f6ffentlichen.&nbsp;<\/p>\n\n\n\n<ul class=\"wp-block-list\">\n<li>Die Ver\u00f6ffentlichung der WeMarry-Website f\u00fcr einen Zeitraum von 18 Monaten kostet 1.490 K\u010d<\/li>\n\n\n\n<li>Die Zahlung ist per Kreditkarte oder \u00fcber Apple Pay m\u00f6glich&nbsp;<\/li>\n\n\n\n<li>Du kannst die Website jederzeit nach der Ver\u00f6ffentlichung bearbeiten&nbsp;<\/li>\n<\/ul>\n\n\n\n<p>Nach der Bezahlung der Website w\u00e4hlst du eine Domain, z.B. novakovi.wemarry.cz, die du dann an die G\u00e4ste senden kannst. Wenn du eine eigene Domain erworben hast, kannst du diese einfach mit WeMarry verbinden.  <\/p>\n<\/div><figure class=\"wp-block-media-text__media\"><video controls src=\"https:\/\/wemarry.io\/wp-content\/uploads\/2025\/09\/payment.mp4\"><\/video><\/figure><\/div>\n\n\n\n<div class=\"wp-block-media-text is-stacked-on-mobile\"><figure class=\"wp-block-media-text__media\"><video controls src=\"https:\/\/wemarry.io\/wp-content\/uploads\/2025\/09\/invites.mp4\"><\/video><\/figure><div class=\"wp-block-media-text__content\">\n<h2 class=\"wp-block-heading\">4. Versende Einladungen online<\/h2>\n\n\n\n<p>Im Bereich Einladungen kannst du Hochzeitseinladungen \u00fcber einen Link zur Website oder direkt an die E-Mail-Postf\u00e4cher deiner G\u00e4ste versenden. Sie finden alles Wesentliche auf deiner Hochzeitswebsite.  <\/p>\n\n\n\n<p>Jede Website enth\u00e4lt ein RSVP-Formular zur Best\u00e4tigung der Teilnahme, das dir auch hilft, Informationen \u00fcber deine G\u00e4ste zu sammeln. Dank ihm wei\u00dft du, welche G\u00e4ste vegetarisches Essen bevorzugen oder welches Lied sie auf deiner Hochzeit h\u00f6ren m\u00f6chten. Alle Antworten werden automatisch im RSVP-Bereich gespeichert. Wenn die G\u00e4ste das Formular nicht ausf\u00fcllen, erinnert WeMarry sie automatisch daran.    <\/p>\n<\/div><\/div>\n\n\n\n<div class=\"wp-block-media-text has-media-on-the-right is-stacked-on-mobile\"><div class=\"wp-block-media-text__content\">\n<h2 class=\"wp-block-heading\">5. WeMarry \u00fcbernimmt die Kommunikation mit den G\u00e4sten f\u00fcr dich<\/h2>\n\n\n\n<p>Dank der automatischen Speicherung der Antworten aus dem RSVP-Formular sparst du dir Dutzende von wiederholten Anrufen. Alle wichtigen Informationen stehen deinen G\u00e4sten rund um die Uhr zur Verf\u00fcgung.  <\/p>\n\n\n\n<p>Teile eine Liste von Geschenken, f\u00fcge Links zu bestimmten Produkten oder einen QR-Code f\u00fcr ein finanzielles Geschenk hinzu<\/p>\n\n\n\n<p>Die Website kann in mehreren Sprachversionen erstellt werden<\/p>\n\n\n\n<p>Du kannst die Antworten der G\u00e4ste einfach in eine Tabelle exportieren<\/p>\n<\/div><figure class=\"wp-block-media-text__media\"><video controls src=\"https:\/\/wemarry.io\/wp-content\/uploads\/2025\/09\/dashboard.mp4\"><\/video><\/figure><\/div>\n\n\n\n<div class=\"wp-block-media-text is-stacked-on-mobile\"><figure class=\"wp-block-media-text__media\"><video controls src=\"https:\/\/wemarry.io\/wp-content\/uploads\/2025\/09\/budgeter.mp4\"><\/video><\/figure><div class=\"wp-block-media-text__content\">\n<h2 class=\"wp-block-heading\">6. Behalte dein Budget mit dem Kostenrechner im Auge<\/h2>\n\n\n\n<p>Plane dein Hochzeitsbudget entsprechend deinen finanziellen M\u00f6glichkeiten und verfolge dann alle Ausgaben und Zahlungen. Du kannst einzelne Posten laufend an die aktuelle Situation anpassen.  &nbsp;<\/p>\n\n\n\n<p>Weniger mentale Belastung bei der Planung einer Hochzeit<\/p>\n\n\n\n<p>Grafisch dargestelltes Budget und seine aktuellen Ausgaben<\/p>\n\n\n\n<p>\u00dcberblick \u00fcber den Status der abgeschlossenen Zahlungen<\/p>\n<\/div><\/div>\n\n\n\n<div class=\"wp-block-media-text has-media-on-the-right is-stacked-on-mobile\"><div class=\"wp-block-media-text__content\">\n<h2 class=\"wp-block-heading\">7. Plane die Sitzordnung f\u00fcr die G\u00e4ste<\/h2>\n\n\n\n<p>In unserem interaktiven Tool kannst du Tische verschieben und St\u00fchle hinzuf\u00fcgen oder entfernen, bis sich jeder Gast an seinem Platz wohlf\u00fchlt.&nbsp;<\/p>\n\n\n\n<ul class=\"wp-block-list\">\n<li>Du kannst alle \u00c4nderungen in der Sitzordnung sofort sehen&nbsp;<\/li>\n\n\n\n<li>Alle Formen und Gr\u00f6\u00dfen von Tischen, die du dir vorstellen kannst<\/li>\n\n\n\n<li>Du kannst den Sitzplan einfach herunterladen und ausdrucken<\/li>\n<\/ul>\n\n\n\n<p><a href=\"https:\/\/wemarry.io\/cs\/zasedaci-poradek-svatba\" target=\"_blank\" rel=\"noreferrer noopener\">https:\/\/wemarry.io\/cs\/zasedaci-poradek-svatba<\/a><\/p>\n<\/div><figure class=\"wp-block-media-text__media\"><video controls src=\"https:\/\/wemarry.io\/wp-content\/uploads\/2025\/09\/seating.mp4\"><\/video><\/figure><\/div>\n\n\n\n<div class=\"wp-block-media-text is-stacked-on-mobile\"><figure class=\"wp-block-media-text__media\"><video controls src=\"https:\/\/wemarry.io\/wp-content\/uploads\/2025\/09\/gallery.mp4\"><\/video><\/figure><div class=\"wp-block-media-text__content\">\n<h2 class=\"wp-block-heading\">8. Teile Schnappsch\u00fcsse mit deinen Lieben<\/h2>\n\n\n\n<p>Am Hochzeitstag verwandelt sich deine Hochzeitswebsite in eine Online-Galerie, in der deine G\u00e4ste den ganzen Tag \u00fcber alle ber\u00fchrenden Momente direkt von ihren Mobiltelefonen aus teilen k\u00f6nnen. Sobald du professionelle Fotos von den Fotografen erh\u00e4ltst, kannst du sie in die Galerie hochladen und einfach an die G\u00e4ste senden.  <\/p>\n\n\n\n<p>Du musst nicht m\u00fchsam Fotos per E-Mail an alle senden<\/p>\n\n\n\n<p>G\u00e4ste k\u00f6nnen Fotos einfach per QR-Code teilen<\/p>\n\n\n\n<p>Du und deine G\u00e4ste k\u00f6nnen jederzeit und \u00fcberall auf die Fotos zugreifen<\/p>\n<\/div><\/div>\n\n\n\n<p><\/p>\n<\/div>\n","protected":false},"excerpt":{"rendered":"<p>Du bist nur 2 Klicks von der perfekten Hochzeit entfernt Melde dich kostenlos bei WeMarry an und erlebe, wie es ist, eine perfekte Hochzeit ohne Stress und Verwirrung zu planen. 1. Erstelle ein Konto auf WeMarry Alles, was du brauchst, ist eine E-Mail-Adresse, und schon kann es losgehen. Unmittelbar nach der Registrierung \u00f6ffnet sich unsere [&hellip;]<\/p>\n","protected":false},"author":1,"featured_media":0,"parent":0,"menu_order":0,"comment_status":"closed","ping_status":"closed","template":"","meta":{"_acf_changed":false,"footnotes":""},"class_list":["post-1423","page","type-page","status-publish","hentry"],"acf":[],"yoast_head":"<!-- This site is optimized with the Yoast SEO plugin v27.3 - https:\/\/yoast.com\/product\/yoast-seo-wordpress\/ -->\n<title>So funktioniert es - WeMarry<\/title>\n<meta name=\"robots\" content=\"index, follow, max-snippet:-1, max-image-preview:large, max-video-preview:-1\" \/>\n<link rel=\"canonical\" href=\"https:\/\/wemarry.io\/cs\/jak-to-funguje\/\" \/>\n<meta property=\"og:locale\" content=\"de_DE\" \/>\n<meta property=\"og:type\" content=\"article\" \/>\n<meta property=\"og:title\" content=\"So funktioniert es - WeMarry\" \/>\n<meta property=\"og:description\" content=\"Du bist nur 2 Klicks von der perfekten Hochzeit entfernt Melde dich kostenlos bei WeMarry an und erlebe, wie es ist, eine perfekte Hochzeit ohne Stress und Verwirrung zu planen. 1. Erstelle ein Konto auf WeMarry Alles, was du brauchst, ist eine E-Mail-Adresse, und schon kann es losgehen. Unmittelbar nach der Registrierung \u00f6ffnet sich unsere [&hellip;]\" \/>\n<meta property=\"og:url\" content=\"https:\/\/wemarry.io\/cs\/jak-to-funguje\/\" \/>\n<meta property=\"og:site_name\" content=\"WeMarry\" \/>\n<meta property=\"article:modified_time\" content=\"2025-12-22T09:54:27+00:00\" \/>\n<meta name=\"twitter:card\" content=\"summary_large_image\" \/>\n<meta name=\"twitter:label1\" content=\"Gesch\u00e4tzte Lesezeit\" \/>\n\t<meta name=\"twitter:data1\" content=\"3\u00a0Minuten\" \/>\n<script type=\"application\/ld+json\" class=\"yoast-schema-graph\">{\"@context\":\"https:\\\/\\\/schema.org\",\"@graph\":[{\"@type\":\"WebPage\",\"@id\":\"https:\\\/\\\/wemarry.io\\\/cs\\\/jak-to-funguje\\\/\",\"url\":\"https:\\\/\\\/wemarry.io\\\/cs\\\/jak-to-funguje\\\/\",\"name\":\"So funktioniert es - WeMarry\",\"isPartOf\":{\"@id\":\"https:\\\/\\\/wemarry.io\\\/cs\\\/#website\"},\"datePublished\":\"2025-07-25T09:09:10+00:00\",\"dateModified\":\"2025-12-22T09:54:27+00:00\",\"breadcrumb\":{\"@id\":\"https:\\\/\\\/wemarry.io\\\/cs\\\/jak-to-funguje\\\/#breadcrumb\"},\"inLanguage\":\"de\",\"potentialAction\":[{\"@type\":\"ReadAction\",\"target\":[\"https:\\\/\\\/wemarry.io\\\/cs\\\/jak-to-funguje\\\/\"]}]},{\"@type\":\"BreadcrumbList\",\"@id\":\"https:\\\/\\\/wemarry.io\\\/cs\\\/jak-to-funguje\\\/#breadcrumb\",\"itemListElement\":[{\"@type\":\"ListItem\",\"position\":1,\"name\":\"Dom\u016f\",\"item\":\"https:\\\/\\\/wemarry.io\\\/de\\\/\"},{\"@type\":\"ListItem\",\"position\":2,\"name\":\"So funktioniert es\"}]},{\"@type\":\"WebSite\",\"@id\":\"https:\\\/\\\/wemarry.io\\\/cs\\\/#website\",\"url\":\"https:\\\/\\\/wemarry.io\\\/cs\\\/\",\"name\":\"WeMarry\",\"description\":\"Napl\u00e1nujte si svou vysn\u011bnou svatbu bez stresu. wemarry.io v\u00e1m p\u0159in\u00e1\u0161\u00ed modern\u00ed svatebn\u00ed web, digit\u00e1ln\u00ed pozv\u00e1nky a online potvrzen\u00ed \u00fa\u010dasti (RSVP) na jednom m\u00edst\u011b. U\u0161et\u0159ete des\u00edtky hodin p\u0159i organizaci a sd\u00edlejte radost s hosty elegantn\u011b a online.\",\"publisher\":{\"@id\":\"https:\\\/\\\/wemarry.io\\\/cs\\\/#organization\"},\"potentialAction\":[{\"@type\":\"SearchAction\",\"target\":{\"@type\":\"EntryPoint\",\"urlTemplate\":\"https:\\\/\\\/wemarry.io\\\/cs\\\/?s={search_term_string}\"},\"query-input\":{\"@type\":\"PropertyValueSpecification\",\"valueRequired\":true,\"valueName\":\"search_term_string\"}}],\"inLanguage\":\"de\"},{\"@type\":\"Organization\",\"@id\":\"https:\\\/\\\/wemarry.io\\\/cs\\\/#organization\",\"name\":\"WeMarry\",\"url\":\"https:\\\/\\\/wemarry.io\\\/cs\\\/\",\"logo\":{\"@type\":\"ImageObject\",\"inLanguage\":\"de\",\"@id\":\"https:\\\/\\\/wemarry.io\\\/cs\\\/#\\\/schema\\\/logo\\\/image\\\/\",\"url\":\"https:\\\/\\\/wemarry.io\\\/wp-content\\\/uploads\\\/2025\\\/09\\\/WeMarry-favicon.svg\",\"contentUrl\":\"https:\\\/\\\/wemarry.io\\\/wp-content\\\/uploads\\\/2025\\\/09\\\/WeMarry-favicon.svg\",\"width\":512,\"height\":512,\"caption\":\"WeMarry\"},\"image\":{\"@id\":\"https:\\\/\\\/wemarry.io\\\/cs\\\/#\\\/schema\\\/logo\\\/image\\\/\"}}]}<\/script>\n<!-- \/ Yoast SEO plugin. -->","yoast_head_json":{"title":"So funktioniert es - WeMarry","robots":{"index":"index","follow":"follow","max-snippet":"max-snippet:-1","max-image-preview":"max-image-preview:large","max-video-preview":"max-video-preview:-1"},"canonical":"https:\/\/wemarry.io\/cs\/jak-to-funguje\/","og_locale":"de_DE","og_type":"article","og_title":"So funktioniert es - WeMarry","og_description":"Du bist nur 2 Klicks von der perfekten Hochzeit entfernt Melde dich kostenlos bei WeMarry an und erlebe, wie es ist, eine perfekte Hochzeit ohne Stress und Verwirrung zu planen. 1. Erstelle ein Konto auf WeMarry Alles, was du brauchst, ist eine E-Mail-Adresse, und schon kann es losgehen. Unmittelbar nach der Registrierung \u00f6ffnet sich unsere [&hellip;]","og_url":"https:\/\/wemarry.io\/cs\/jak-to-funguje\/","og_site_name":"WeMarry","article_modified_time":"2025-12-22T09:54:27+00:00","twitter_card":"summary_large_image","twitter_misc":{"Gesch\u00e4tzte Lesezeit":"3\u00a0Minuten"},"schema":{"@context":"https:\/\/schema.org","@graph":[{"@type":"WebPage","@id":"https:\/\/wemarry.io\/cs\/jak-to-funguje\/","url":"https:\/\/wemarry.io\/cs\/jak-to-funguje\/","name":"So funktioniert es - WeMarry","isPartOf":{"@id":"https:\/\/wemarry.io\/cs\/#website"},"datePublished":"2025-07-25T09:09:10+00:00","dateModified":"2025-12-22T09:54:27+00:00","breadcrumb":{"@id":"https:\/\/wemarry.io\/cs\/jak-to-funguje\/#breadcrumb"},"inLanguage":"de","potentialAction":[{"@type":"ReadAction","target":["https:\/\/wemarry.io\/cs\/jak-to-funguje\/"]}]},{"@type":"BreadcrumbList","@id":"https:\/\/wemarry.io\/cs\/jak-to-funguje\/#breadcrumb","itemListElement":[{"@type":"ListItem","position":1,"name":"Dom\u016f","item":"https:\/\/wemarry.io\/de\/"},{"@type":"ListItem","position":2,"name":"So funktioniert es"}]},{"@type":"WebSite","@id":"https:\/\/wemarry.io\/cs\/#website","url":"https:\/\/wemarry.io\/cs\/","name":"WeMarry","description":"Napl\u00e1nujte si svou vysn\u011bnou svatbu bez stresu. wemarry.io v\u00e1m p\u0159in\u00e1\u0161\u00ed modern\u00ed svatebn\u00ed web, digit\u00e1ln\u00ed pozv\u00e1nky a online potvrzen\u00ed \u00fa\u010dasti (RSVP) na jednom m\u00edst\u011b. U\u0161et\u0159ete des\u00edtky hodin p\u0159i organizaci a sd\u00edlejte radost s hosty elegantn\u011b a online.","publisher":{"@id":"https:\/\/wemarry.io\/cs\/#organization"},"potentialAction":[{"@type":"SearchAction","target":{"@type":"EntryPoint","urlTemplate":"https:\/\/wemarry.io\/cs\/?s={search_term_string}"},"query-input":{"@type":"PropertyValueSpecification","valueRequired":true,"valueName":"search_term_string"}}],"inLanguage":"de"},{"@type":"Organization","@id":"https:\/\/wemarry.io\/cs\/#organization","name":"WeMarry","url":"https:\/\/wemarry.io\/cs\/","logo":{"@type":"ImageObject","inLanguage":"de","@id":"https:\/\/wemarry.io\/cs\/#\/schema\/logo\/image\/","url":"https:\/\/wemarry.io\/wp-content\/uploads\/2025\/09\/WeMarry-favicon.svg","contentUrl":"https:\/\/wemarry.io\/wp-content\/uploads\/2025\/09\/WeMarry-favicon.svg","width":512,"height":512,"caption":"WeMarry"},"image":{"@id":"https:\/\/wemarry.io\/cs\/#\/schema\/logo\/image\/"}}]}},"_links":{"self":[{"href":"https:\/\/wemarry.io\/de\/wp-json\/wp\/v2\/pages\/1423","targetHints":{"allow":["GET"]}}],"collection":[{"href":"https:\/\/wemarry.io\/de\/wp-json\/wp\/v2\/pages"}],"about":[{"href":"https:\/\/wemarry.io\/de\/wp-json\/wp\/v2\/types\/page"}],"author":[{"embeddable":true,"href":"https:\/\/wemarry.io\/de\/wp-json\/wp\/v2\/users\/1"}],"replies":[{"embeddable":true,"href":"https:\/\/wemarry.io\/de\/wp-json\/wp\/v2\/comments?post=1423"}],"version-history":[{"count":1,"href":"https:\/\/wemarry.io\/de\/wp-json\/wp\/v2\/pages\/1423\/revisions"}],"predecessor-version":[{"id":1555,"href":"https:\/\/wemarry.io\/de\/wp-json\/wp\/v2\/pages\/1423\/revisions\/1555"}],"wp:attachment":[{"href":"https:\/\/wemarry.io\/de\/wp-json\/wp\/v2\/media?parent=1423"}],"curies":[{"name":"wp","href":"https:\/\/api.w.org\/{rel}","templated":true}]}}