{"id":1440,"date":"2025-07-25T14:12:15","date_gmt":"2025-07-25T12:12:15","guid":{"rendered":"https:\/\/dev.wemarry.io\/vorlagen\/"},"modified":"2025-12-22T10:57:46","modified_gmt":"2025-12-22T09:57:46","slug":"vorlagen","status":"publish","type":"page","link":"https:\/\/wemarry.io\/de\/vorlagen\/","title":{"rendered":"Vorlagen"},"content":{"rendered":"\n<div class=\"gb-element-564f45ed\">\n<h1 class=\"wp-block-heading has-text-align-center\" style=\"padding-top:0;padding-right:var(--wp--preset--spacing--10);padding-bottom:0;padding-left:var(--wp--preset--spacing--10)\">Ein einzigartiges Kleid f\u00fcr Ihre Hochzeitswebsite<\/h1>\n\n\n\n<p class=\"has-text-align-center\" style=\"padding-top:0;padding-right:var(--wp--preset--spacing--10);padding-bottom:0;padding-left:var(--wp--preset--spacing--10)\">W\u00e4hlen Sie eine Vorlage, die die Stimmung Ihrer Hochzeit am besten widerspiegelt. Sehen Sie sich Beispiele von Hochzeitswebsites an, die mit WeMarry erstellt wurden. <\/p>\n<\/div>\n\n\n\n<div class=\"gbp-section gb-element-2ef5d7a6\">\n<div class=\"gbp-section__inner gb-element-95a79524\">\n<div class=\"gb-element-9ea64b5e\">\n<div class=\"gb-element-c667d959\">\n<p class=\"gb-text gb-text-1739cbec\">Modern<\/p>\n\n\n\n<p class=\"gb-text gb-text-1fa60ac4\">Modernes Aussehen<\/p>\n\n\n\n<a class=\"gb-text gb-text-8708b7f5\" href=\"https:\/\/modern.wemarry.io\/\">Ansehen<\/a>\n\n\n\n<div class=\"gb-element-65bbe7a2\">\n<figure class=\"wp-block-image size-large is-resized\" style=\"margin-top:0;margin-bottom:0\"><img decoding=\"async\" width=\"1024\" height=\"739\" src=\"https:\/\/wemarry.io\/wp-content\/uploads\/2025\/10\/iPed_modern-1024x739.png\" alt=\"\" class=\"wp-image-1040\" style=\"width:300px\" srcset=\"https:\/\/wemarry.io\/wp-content\/uploads\/2025\/10\/iPed_modern-1024x739.png 1024w, https:\/\/wemarry.io\/wp-content\/uploads\/2025\/10\/iPed_modern-300x217.png 300w, https:\/\/wemarry.io\/wp-content\/uploads\/2025\/10\/iPed_modern-768x554.png 768w, https:\/\/wemarry.io\/wp-content\/uploads\/2025\/10\/iPed_modern.png 1291w\" sizes=\"(max-width: 1024px) 100vw, 1024px\" \/><\/figure>\n<\/div>\n<\/div>\n\n\n\n<div class=\"gb-element-080b7645\">\n<p class=\"gb-text gb-text-25bf9f22\">Elegant <\/p>\n\n\n\n<p class=\"gb-text gb-text-de713bfe\">Elegantes Aussehen<\/p>\n\n\n\n<a class=\"gb-text gb-text-e4689d79\" href=\"https:\/\/elegant.wemarry.io\/\">Ansehen<\/a>\n\n\n\n<div class=\"gb-element-80a7f163\">\n<figure class=\"wp-block-image size-large is-resized\" style=\"margin-top:0;margin-bottom:0\"><img decoding=\"async\" width=\"1024\" height=\"739\" src=\"https:\/\/wemarry.io\/wp-content\/uploads\/2025\/10\/iPed_elegant-1024x739.png\" alt=\"\" class=\"wp-image-1042\" style=\"width:300px\" srcset=\"https:\/\/wemarry.io\/wp-content\/uploads\/2025\/10\/iPed_elegant-1024x739.png 1024w, https:\/\/wemarry.io\/wp-content\/uploads\/2025\/10\/iPed_elegant-300x217.png 300w, https:\/\/wemarry.io\/wp-content\/uploads\/2025\/10\/iPed_elegant-768x554.png 768w, https:\/\/wemarry.io\/wp-content\/uploads\/2025\/10\/iPed_elegant.png 1291w\" sizes=\"(max-width: 1024px) 100vw, 1024px\" \/><\/figure>\n<\/div>\n<\/div>\n\n\n\n<div class=\"gb-element-55615419\">\n<p class=\"gb-text gb-text-3defd358\">Verspielt <\/p>\n\n\n\n<p class=\"gb-text gb-text-d0d3c3ad\">Verspieltes Aussehen<\/p>\n\n\n\n<a class=\"gb-text gb-text-32ffb175\" href=\"https:\/\/playful.wemarry.io\/\">Ansehen<\/a>\n\n\n\n<div class=\"gb-element-e11880ba\">\n<figure class=\"wp-block-image size-large is-resized\" style=\"margin-top:0;margin-bottom:0\"><img decoding=\"async\" width=\"1024\" height=\"739\" src=\"https:\/\/wemarry.io\/wp-content\/uploads\/2025\/10\/iPed_flayful-1024x739.png\" alt=\"\" class=\"wp-image-1039\" style=\"width:300px\" srcset=\"https:\/\/wemarry.io\/wp-content\/uploads\/2025\/10\/iPed_flayful-1024x739.png 1024w, https:\/\/wemarry.io\/wp-content\/uploads\/2025\/10\/iPed_flayful-300x217.png 300w, https:\/\/wemarry.io\/wp-content\/uploads\/2025\/10\/iPed_flayful-768x554.png 768w, https:\/\/wemarry.io\/wp-content\/uploads\/2025\/10\/iPed_flayful.png 1291w\" sizes=\"(max-width: 1024px) 100vw, 1024px\" \/><\/figure>\n<\/div>\n<\/div>\n<\/div>\n<\/div>\n<\/div>\n\n\n\n<div class=\"gb-element-9868b74e\">\n<div class=\"wp-block-media-text is-stacked-on-mobile\"><figure class=\"wp-block-media-text__media\"><video controls=\"\" src=\"https:\/\/wemarry.io\/wp-content\/uploads\/2025\/09\/color-change.mp4\"><\/video><\/figure><div class=\"wp-block-media-text__content\">\n<h2 class=\"wp-block-heading\">Ihre Hochzeit = Ihr Stil<\/h2>\n\n\n\n<p>Sie k\u00f6nnen die Vorlagen genau nach Ihren W\u00fcnschen anpassen. \u00c4ndern Sie die Farben so, dass sie am besten zu Ihrer Hochzeit passen. Au\u00dferdem berechnet WeMarry die Farben automatisch so, dass sie immer zusammenpassen und alles lesbar ist.  <\/p>\n<\/div><\/div>\n\n\n\n<div class=\"wp-block-media-text has-media-on-the-right is-stacked-on-mobile\"><div class=\"wp-block-media-text__content\">\n<h2 class=\"wp-block-heading\">Vorlagenwechsel = 1 Klick<\/h2>\n\n\n\n<p>Sie k\u00f6nnen sich nicht entscheiden, welche Vorlage Sie f\u00fcr Ihre Hochzeitswebsite w\u00e4hlen sollen? Kein Problem! Sie k\u00f6nnen die Vorlagen jederzeit \u00e4ndern und m\u00fcssen keine Angst haben, dass Sie Informationen verlieren, die bereits auf der Website vorhanden sind.  <\/p>\n<\/div><figure class=\"wp-block-media-text__media\"><video controls=\"\" src=\"https:\/\/wemarry.io\/wp-content\/uploads\/2025\/09\/theme-change.mp4\"><\/video><\/figure><\/div>\n\n\n\n<p><\/p>\n<\/div>\n","protected":false},"excerpt":{"rendered":"<p>Ein einzigartiges Kleid f\u00fcr Ihre Hochzeitswebsite W\u00e4hlen Sie eine Vorlage, die die Stimmung Ihrer Hochzeit am besten widerspiegelt. Sehen Sie sich Beispiele von Hochzeitswebsites an, die mit WeMarry erstellt wurden. Modern Modernes Aussehen Ansehen Elegant Elegantes Aussehen Ansehen Verspielt Verspieltes Aussehen Ansehen Ihre Hochzeit = Ihr Stil Sie k\u00f6nnen die Vorlagen genau nach Ihren W\u00fcnschen [&hellip;]<\/p>\n","protected":false},"author":1,"featured_media":0,"parent":0,"menu_order":0,"comment_status":"closed","ping_status":"closed","template":"","meta":{"_acf_changed":false,"footnotes":""},"class_list":["post-1440","page","type-page","status-publish","hentry"],"acf":[],"yoast_head":"<!-- This site is optimized with the Yoast SEO plugin v27.4 - https:\/\/yoast.com\/product\/yoast-seo-wordpress\/ -->\n<title>Beispiele f\u00fcr Hochzeitswebsites<\/title>\n<meta name=\"description\" content=\"Lassen Sie sich f\u00fcr Ihre Hochzeitswebsite inspirieren und sehen Sie sich Beispiele unserer stilvollen Vorlagen an. Mit WeMarry macht die Hochzeitsplanung Spa\u00df.\" \/>\n<meta name=\"robots\" content=\"index, follow, max-snippet:-1, max-image-preview:large, max-video-preview:-1\" \/>\n<link rel=\"canonical\" href=\"https:\/\/wemarry.io\/cs\/sablony-pro-svatebni-web\/\" \/>\n<meta property=\"og:locale\" content=\"de_DE\" \/>\n<meta property=\"og:type\" content=\"article\" \/>\n<meta property=\"og:title\" content=\"Beispiele f\u00fcr Hochzeitswebsites\" \/>\n<meta property=\"og:description\" content=\"Lassen Sie sich f\u00fcr Ihre Hochzeitswebsite inspirieren und sehen Sie sich Beispiele unserer stilvollen Vorlagen an. Mit WeMarry macht die Hochzeitsplanung Spa\u00df.\" \/>\n<meta property=\"og:url\" content=\"https:\/\/wemarry.io\/cs\/sablony-pro-svatebni-web\/\" \/>\n<meta property=\"og:site_name\" content=\"WeMarry\" \/>\n<meta property=\"article:modified_time\" content=\"2025-12-22T09:57:46+00:00\" \/>\n<meta property=\"og:image\" content=\"https:\/\/wemarry.io\/wp-content\/uploads\/2025\/10\/iPed_modern-1024x739.png\" \/>\n<meta name=\"twitter:card\" content=\"summary_large_image\" \/>\n<meta name=\"twitter:label1\" content=\"Gesch\u00e4tzte Lesezeit\" \/>\n\t<meta name=\"twitter:data1\" content=\"1\u00a0Minute\" \/>\n<script type=\"application\/ld+json\" class=\"yoast-schema-graph\">{\"@context\":\"https:\\\/\\\/schema.org\",\"@graph\":[{\"@type\":\"WebPage\",\"@id\":\"https:\\\/\\\/wemarry.io\\\/cs\\\/sablony-pro-svatebni-web\\\/\",\"url\":\"https:\\\/\\\/wemarry.io\\\/cs\\\/sablony-pro-svatebni-web\\\/\",\"name\":\"Beispiele f\u00fcr Hochzeitswebsites\",\"isPartOf\":{\"@id\":\"https:\\\/\\\/wemarry.io\\\/cs\\\/#website\"},\"primaryImageOfPage\":{\"@id\":\"https:\\\/\\\/wemarry.io\\\/cs\\\/sablony-pro-svatebni-web\\\/#primaryimage\"},\"image\":{\"@id\":\"https:\\\/\\\/wemarry.io\\\/cs\\\/sablony-pro-svatebni-web\\\/#primaryimage\"},\"thumbnailUrl\":\"https:\\\/\\\/wemarry.io\\\/wp-content\\\/uploads\\\/2025\\\/10\\\/iPed_modern-1024x739.png\",\"datePublished\":\"2025-07-25T12:12:15+00:00\",\"dateModified\":\"2025-12-22T09:57:46+00:00\",\"description\":\"Lassen Sie sich f\u00fcr Ihre Hochzeitswebsite inspirieren und sehen Sie sich Beispiele unserer stilvollen Vorlagen an. Mit WeMarry macht die Hochzeitsplanung Spa\u00df.\",\"breadcrumb\":{\"@id\":\"https:\\\/\\\/wemarry.io\\\/cs\\\/sablony-pro-svatebni-web\\\/#breadcrumb\"},\"inLanguage\":\"de\",\"potentialAction\":[{\"@type\":\"ReadAction\",\"target\":[\"https:\\\/\\\/wemarry.io\\\/cs\\\/sablony-pro-svatebni-web\\\/\"]}]},{\"@type\":\"ImageObject\",\"inLanguage\":\"de\",\"@id\":\"https:\\\/\\\/wemarry.io\\\/cs\\\/sablony-pro-svatebni-web\\\/#primaryimage\",\"url\":\"https:\\\/\\\/wemarry.io\\\/wp-content\\\/uploads\\\/2025\\\/10\\\/iPed_modern-1024x739.png\",\"contentUrl\":\"https:\\\/\\\/wemarry.io\\\/wp-content\\\/uploads\\\/2025\\\/10\\\/iPed_modern-1024x739.png\"},{\"@type\":\"BreadcrumbList\",\"@id\":\"https:\\\/\\\/wemarry.io\\\/cs\\\/sablony-pro-svatebni-web\\\/#breadcrumb\",\"itemListElement\":[{\"@type\":\"ListItem\",\"position\":1,\"name\":\"Dom\u016f\",\"item\":\"https:\\\/\\\/wemarry.io\\\/de\\\/\"},{\"@type\":\"ListItem\",\"position\":2,\"name\":\"Vorlagen\"}]},{\"@type\":\"WebSite\",\"@id\":\"https:\\\/\\\/wemarry.io\\\/cs\\\/#website\",\"url\":\"https:\\\/\\\/wemarry.io\\\/cs\\\/\",\"name\":\"WeMarry\",\"description\":\"Napl\u00e1nujte si svou vysn\u011bnou svatbu bez stresu. wemarry.io v\u00e1m p\u0159in\u00e1\u0161\u00ed modern\u00ed svatebn\u00ed web, digit\u00e1ln\u00ed pozv\u00e1nky a online potvrzen\u00ed \u00fa\u010dasti (RSVP) na jednom m\u00edst\u011b. U\u0161et\u0159ete des\u00edtky hodin p\u0159i organizaci a sd\u00edlejte radost s hosty elegantn\u011b a online.\",\"publisher\":{\"@id\":\"https:\\\/\\\/wemarry.io\\\/cs\\\/#organization\"},\"potentialAction\":[{\"@type\":\"SearchAction\",\"target\":{\"@type\":\"EntryPoint\",\"urlTemplate\":\"https:\\\/\\\/wemarry.io\\\/cs\\\/?s={search_term_string}\"},\"query-input\":{\"@type\":\"PropertyValueSpecification\",\"valueRequired\":true,\"valueName\":\"search_term_string\"}}],\"inLanguage\":\"de\"},{\"@type\":\"Organization\",\"@id\":\"https:\\\/\\\/wemarry.io\\\/cs\\\/#organization\",\"name\":\"WeMarry\",\"url\":\"https:\\\/\\\/wemarry.io\\\/cs\\\/\",\"logo\":{\"@type\":\"ImageObject\",\"inLanguage\":\"de\",\"@id\":\"https:\\\/\\\/wemarry.io\\\/cs\\\/#\\\/schema\\\/logo\\\/image\\\/\",\"url\":\"https:\\\/\\\/wemarry.io\\\/wp-content\\\/uploads\\\/2025\\\/09\\\/WeMarry-favicon.svg\",\"contentUrl\":\"https:\\\/\\\/wemarry.io\\\/wp-content\\\/uploads\\\/2025\\\/09\\\/WeMarry-favicon.svg\",\"width\":512,\"height\":512,\"caption\":\"WeMarry\"},\"image\":{\"@id\":\"https:\\\/\\\/wemarry.io\\\/cs\\\/#\\\/schema\\\/logo\\\/image\\\/\"}}]}<\/script>\n<!-- \/ Yoast SEO plugin. -->","yoast_head_json":{"title":"Beispiele f\u00fcr Hochzeitswebsites","description":"Lassen Sie sich f\u00fcr Ihre Hochzeitswebsite inspirieren und sehen Sie sich Beispiele unserer stilvollen Vorlagen an. Mit WeMarry macht die Hochzeitsplanung Spa\u00df.","robots":{"index":"index","follow":"follow","max-snippet":"max-snippet:-1","max-image-preview":"max-image-preview:large","max-video-preview":"max-video-preview:-1"},"canonical":"https:\/\/wemarry.io\/cs\/sablony-pro-svatebni-web\/","og_locale":"de_DE","og_type":"article","og_title":"Beispiele f\u00fcr Hochzeitswebsites","og_description":"Lassen Sie sich f\u00fcr Ihre Hochzeitswebsite inspirieren und sehen Sie sich Beispiele unserer stilvollen Vorlagen an. Mit WeMarry macht die Hochzeitsplanung Spa\u00df.","og_url":"https:\/\/wemarry.io\/cs\/sablony-pro-svatebni-web\/","og_site_name":"WeMarry","article_modified_time":"2025-12-22T09:57:46+00:00","og_image":[{"url":"https:\/\/wemarry.io\/wp-content\/uploads\/2025\/10\/iPed_modern-1024x739.png","type":"","width":"","height":""}],"twitter_card":"summary_large_image","twitter_misc":{"Gesch\u00e4tzte Lesezeit":"1\u00a0Minute"},"schema":{"@context":"https:\/\/schema.org","@graph":[{"@type":"WebPage","@id":"https:\/\/wemarry.io\/cs\/sablony-pro-svatebni-web\/","url":"https:\/\/wemarry.io\/cs\/sablony-pro-svatebni-web\/","name":"Beispiele f\u00fcr Hochzeitswebsites","isPartOf":{"@id":"https:\/\/wemarry.io\/cs\/#website"},"primaryImageOfPage":{"@id":"https:\/\/wemarry.io\/cs\/sablony-pro-svatebni-web\/#primaryimage"},"image":{"@id":"https:\/\/wemarry.io\/cs\/sablony-pro-svatebni-web\/#primaryimage"},"thumbnailUrl":"https:\/\/wemarry.io\/wp-content\/uploads\/2025\/10\/iPed_modern-1024x739.png","datePublished":"2025-07-25T12:12:15+00:00","dateModified":"2025-12-22T09:57:46+00:00","description":"Lassen Sie sich f\u00fcr Ihre Hochzeitswebsite inspirieren und sehen Sie sich Beispiele unserer stilvollen Vorlagen an. Mit WeMarry macht die Hochzeitsplanung Spa\u00df.","breadcrumb":{"@id":"https:\/\/wemarry.io\/cs\/sablony-pro-svatebni-web\/#breadcrumb"},"inLanguage":"de","potentialAction":[{"@type":"ReadAction","target":["https:\/\/wemarry.io\/cs\/sablony-pro-svatebni-web\/"]}]},{"@type":"ImageObject","inLanguage":"de","@id":"https:\/\/wemarry.io\/cs\/sablony-pro-svatebni-web\/#primaryimage","url":"https:\/\/wemarry.io\/wp-content\/uploads\/2025\/10\/iPed_modern-1024x739.png","contentUrl":"https:\/\/wemarry.io\/wp-content\/uploads\/2025\/10\/iPed_modern-1024x739.png"},{"@type":"BreadcrumbList","@id":"https:\/\/wemarry.io\/cs\/sablony-pro-svatebni-web\/#breadcrumb","itemListElement":[{"@type":"ListItem","position":1,"name":"Dom\u016f","item":"https:\/\/wemarry.io\/de\/"},{"@type":"ListItem","position":2,"name":"Vorlagen"}]},{"@type":"WebSite","@id":"https:\/\/wemarry.io\/cs\/#website","url":"https:\/\/wemarry.io\/cs\/","name":"WeMarry","description":"Napl\u00e1nujte si svou vysn\u011bnou svatbu bez stresu. wemarry.io v\u00e1m p\u0159in\u00e1\u0161\u00ed modern\u00ed svatebn\u00ed web, digit\u00e1ln\u00ed pozv\u00e1nky a online potvrzen\u00ed \u00fa\u010dasti (RSVP) na jednom m\u00edst\u011b. U\u0161et\u0159ete des\u00edtky hodin p\u0159i organizaci a sd\u00edlejte radost s hosty elegantn\u011b a online.","publisher":{"@id":"https:\/\/wemarry.io\/cs\/#organization"},"potentialAction":[{"@type":"SearchAction","target":{"@type":"EntryPoint","urlTemplate":"https:\/\/wemarry.io\/cs\/?s={search_term_string}"},"query-input":{"@type":"PropertyValueSpecification","valueRequired":true,"valueName":"search_term_string"}}],"inLanguage":"de"},{"@type":"Organization","@id":"https:\/\/wemarry.io\/cs\/#organization","name":"WeMarry","url":"https:\/\/wemarry.io\/cs\/","logo":{"@type":"ImageObject","inLanguage":"de","@id":"https:\/\/wemarry.io\/cs\/#\/schema\/logo\/image\/","url":"https:\/\/wemarry.io\/wp-content\/uploads\/2025\/09\/WeMarry-favicon.svg","contentUrl":"https:\/\/wemarry.io\/wp-content\/uploads\/2025\/09\/WeMarry-favicon.svg","width":512,"height":512,"caption":"WeMarry"},"image":{"@id":"https:\/\/wemarry.io\/cs\/#\/schema\/logo\/image\/"}}]}},"_links":{"self":[{"href":"https:\/\/wemarry.io\/de\/wp-json\/wp\/v2\/pages\/1440","targetHints":{"allow":["GET"]}}],"collection":[{"href":"https:\/\/wemarry.io\/de\/wp-json\/wp\/v2\/pages"}],"about":[{"href":"https:\/\/wemarry.io\/de\/wp-json\/wp\/v2\/types\/page"}],"author":[{"embeddable":true,"href":"https:\/\/wemarry.io\/de\/wp-json\/wp\/v2\/users\/1"}],"replies":[{"embeddable":true,"href":"https:\/\/wemarry.io\/de\/wp-json\/wp\/v2\/comments?post=1440"}],"version-history":[{"count":1,"href":"https:\/\/wemarry.io\/de\/wp-json\/wp\/v2\/pages\/1440\/revisions"}],"predecessor-version":[{"id":1561,"href":"https:\/\/wemarry.io\/de\/wp-json\/wp\/v2\/pages\/1440\/revisions\/1561"}],"wp:attachment":[{"href":"https:\/\/wemarry.io\/de\/wp-json\/wp\/v2\/media?parent=1440"}],"curies":[{"name":"wp","href":"https:\/\/api.w.org\/{rel}","templated":true}]}}