{"id":1480,"date":"2025-07-25T14:48:13","date_gmt":"2025-07-25T12:48:13","guid":{"rendered":"https:\/\/dev.wemarry.io\/uber-uns\/"},"modified":"2025-07-25T14:48:13","modified_gmt":"2025-07-25T12:48:13","slug":"uber-uns","status":"publish","type":"page","link":"https:\/\/wemarry.io\/de\/uber-uns\/","title":{"rendered":"\u00dcber uns"},"content":{"rendered":"\n<div class=\"gb-element-eff3c292\">\n<h1 class=\"wp-block-heading has-text-align-center\" style=\"padding-top:0;padding-bottom:0\">\u00dcber uns<\/h1>\n\n\n\n<p class=\"has-text-align-center\" style=\"padding-top:0;padding-right:0;padding-bottom:0;padding-left:0\">WeMarry ist ein kleines Startup aus Prag.<\/p>\n<\/div>\n\n\n\n<div class=\"wp-block-media-text has-media-on-the-right is-stacked-on-mobile\"><div class=\"wp-block-media-text__content\">\n<p>Wir sind ein paar langj\u00e4hrige Freunde, die viele Erlebnisse verbinden. Als sich die Beziehungen von uns und unseren Freunden entwickelten, begannen sich allm\u00e4hlich Hochzeitspl\u00e4ne herauszukristallisieren.<br>All diese Pl\u00e4ne vereinte ein \u00fcberraschender Mangel \u2013 die sehr geringe Qualit\u00e4t der Webdienste zur Erstellung einer Hochzeitswebsite. Das war eine ziemlich schockierende Erkenntnis, insbesondere im Kontext des heutigen digitalen Zeitalters.<br>Wir haben sofort mit der Entwicklung dieser Plattform begonnen, um es Tausenden von Menschen auf der ganzen Welt zu erm\u00f6glichen, diese T\u00e4tigkeit maximal zu vereinfachen und gestalterisch aufzuwerten. Selbstverst\u00e4ndlich im h\u00f6chstm\u00f6glichen Modus der Privatsph\u00e4re und Datensicherheit.<br>Willkommen und wir w\u00fcnschen Ihnen eine wundersch\u00f6ne Hochzeit.<br>WeMarry.io   <\/p>\n\n\n\n<p><\/p>\n<\/div><figure class=\"wp-block-media-text__media\"><\/figure><\/div>\n\n\n\n<p><\/p>\n","protected":false},"excerpt":{"rendered":"<p>\u00dcber uns WeMarry ist ein kleines Startup aus Prag. Wir sind ein paar langj\u00e4hrige Freunde, die viele Erlebnisse verbinden. Als sich die Beziehungen von uns und unseren Freunden entwickelten, begannen sich allm\u00e4hlich Hochzeitspl\u00e4ne herauszukristallisieren.All diese Pl\u00e4ne vereinte ein \u00fcberraschender Mangel \u2013 die sehr geringe Qualit\u00e4t der Webdienste zur Erstellung einer Hochzeitswebsite. Das war eine ziemlich [&hellip;]<\/p>\n","protected":false},"author":1,"featured_media":0,"parent":0,"menu_order":0,"comment_status":"closed","ping_status":"closed","template":"","meta":{"_acf_changed":false,"footnotes":""},"class_list":["post-1480","page","type-page","status-publish","hentry"],"acf":[],"yoast_head":"<!-- This site is optimized with the Yoast SEO plugin v27.3 - https:\/\/yoast.com\/product\/yoast-seo-wordpress\/ -->\n<title>\u00dcber uns - WeMarry<\/title>\n<meta name=\"robots\" content=\"index, follow, max-snippet:-1, max-image-preview:large, max-video-preview:-1\" \/>\n<link rel=\"canonical\" href=\"https:\/\/wemarry.io\/cs\/o-nas\/\" \/>\n<meta property=\"og:locale\" content=\"de_DE\" \/>\n<meta property=\"og:type\" content=\"article\" \/>\n<meta property=\"og:title\" content=\"\u00dcber uns - WeMarry\" \/>\n<meta property=\"og:description\" content=\"\u00dcber uns WeMarry ist ein kleines Startup aus Prag. Wir sind ein paar langj\u00e4hrige Freunde, die viele Erlebnisse verbinden. Als sich die Beziehungen von uns und unseren Freunden entwickelten, begannen sich allm\u00e4hlich Hochzeitspl\u00e4ne herauszukristallisieren.All diese Pl\u00e4ne vereinte ein \u00fcberraschender Mangel \u2013 die sehr geringe Qualit\u00e4t der Webdienste zur Erstellung einer Hochzeitswebsite. Das war eine ziemlich [&hellip;]\" \/>\n<meta property=\"og:url\" content=\"https:\/\/wemarry.io\/cs\/o-nas\/\" \/>\n<meta property=\"og:site_name\" content=\"WeMarry\" \/>\n<meta name=\"twitter:card\" content=\"summary_large_image\" \/>\n<meta name=\"twitter:label1\" content=\"Gesch\u00e4tzte Lesezeit\" \/>\n\t<meta name=\"twitter:data1\" content=\"1\u00a0Minute\" \/>\n<script type=\"application\/ld+json\" class=\"yoast-schema-graph\">{\"@context\":\"https:\\\/\\\/schema.org\",\"@graph\":[{\"@type\":\"WebPage\",\"@id\":\"https:\\\/\\\/wemarry.io\\\/cs\\\/o-nas\\\/\",\"url\":\"https:\\\/\\\/wemarry.io\\\/cs\\\/o-nas\\\/\",\"name\":\"\u00dcber uns - WeMarry\",\"isPartOf\":{\"@id\":\"https:\\\/\\\/wemarry.io\\\/cs\\\/#website\"},\"datePublished\":\"2025-07-25T12:48:13+00:00\",\"breadcrumb\":{\"@id\":\"https:\\\/\\\/wemarry.io\\\/cs\\\/o-nas\\\/#breadcrumb\"},\"inLanguage\":\"de\",\"potentialAction\":[{\"@type\":\"ReadAction\",\"target\":[\"https:\\\/\\\/wemarry.io\\\/cs\\\/o-nas\\\/\"]}]},{\"@type\":\"BreadcrumbList\",\"@id\":\"https:\\\/\\\/wemarry.io\\\/cs\\\/o-nas\\\/#breadcrumb\",\"itemListElement\":[{\"@type\":\"ListItem\",\"position\":1,\"name\":\"Dom\u016f\",\"item\":\"https:\\\/\\\/wemarry.io\\\/de\\\/\"},{\"@type\":\"ListItem\",\"position\":2,\"name\":\"\u00dcber uns\"}]},{\"@type\":\"WebSite\",\"@id\":\"https:\\\/\\\/wemarry.io\\\/cs\\\/#website\",\"url\":\"https:\\\/\\\/wemarry.io\\\/cs\\\/\",\"name\":\"WeMarry\",\"description\":\"Napl\u00e1nujte si svou vysn\u011bnou svatbu bez stresu. wemarry.io v\u00e1m p\u0159in\u00e1\u0161\u00ed modern\u00ed svatebn\u00ed web, digit\u00e1ln\u00ed pozv\u00e1nky a online potvrzen\u00ed \u00fa\u010dasti (RSVP) na jednom m\u00edst\u011b. U\u0161et\u0159ete des\u00edtky hodin p\u0159i organizaci a sd\u00edlejte radost s hosty elegantn\u011b a online.\",\"publisher\":{\"@id\":\"https:\\\/\\\/wemarry.io\\\/cs\\\/#organization\"},\"potentialAction\":[{\"@type\":\"SearchAction\",\"target\":{\"@type\":\"EntryPoint\",\"urlTemplate\":\"https:\\\/\\\/wemarry.io\\\/cs\\\/?s={search_term_string}\"},\"query-input\":{\"@type\":\"PropertyValueSpecification\",\"valueRequired\":true,\"valueName\":\"search_term_string\"}}],\"inLanguage\":\"de\"},{\"@type\":\"Organization\",\"@id\":\"https:\\\/\\\/wemarry.io\\\/cs\\\/#organization\",\"name\":\"WeMarry\",\"url\":\"https:\\\/\\\/wemarry.io\\\/cs\\\/\",\"logo\":{\"@type\":\"ImageObject\",\"inLanguage\":\"de\",\"@id\":\"https:\\\/\\\/wemarry.io\\\/cs\\\/#\\\/schema\\\/logo\\\/image\\\/\",\"url\":\"https:\\\/\\\/wemarry.io\\\/wp-content\\\/uploads\\\/2025\\\/09\\\/WeMarry-favicon.svg\",\"contentUrl\":\"https:\\\/\\\/wemarry.io\\\/wp-content\\\/uploads\\\/2025\\\/09\\\/WeMarry-favicon.svg\",\"width\":512,\"height\":512,\"caption\":\"WeMarry\"},\"image\":{\"@id\":\"https:\\\/\\\/wemarry.io\\\/cs\\\/#\\\/schema\\\/logo\\\/image\\\/\"}}]}<\/script>\n<!-- \/ Yoast SEO plugin. -->","yoast_head_json":{"title":"\u00dcber uns - WeMarry","robots":{"index":"index","follow":"follow","max-snippet":"max-snippet:-1","max-image-preview":"max-image-preview:large","max-video-preview":"max-video-preview:-1"},"canonical":"https:\/\/wemarry.io\/cs\/o-nas\/","og_locale":"de_DE","og_type":"article","og_title":"\u00dcber uns - WeMarry","og_description":"\u00dcber uns WeMarry ist ein kleines Startup aus Prag. Wir sind ein paar langj\u00e4hrige Freunde, die viele Erlebnisse verbinden. Als sich die Beziehungen von uns und unseren Freunden entwickelten, begannen sich allm\u00e4hlich Hochzeitspl\u00e4ne herauszukristallisieren.All diese Pl\u00e4ne vereinte ein \u00fcberraschender Mangel \u2013 die sehr geringe Qualit\u00e4t der Webdienste zur Erstellung einer Hochzeitswebsite. Das war eine ziemlich [&hellip;]","og_url":"https:\/\/wemarry.io\/cs\/o-nas\/","og_site_name":"WeMarry","twitter_card":"summary_large_image","twitter_misc":{"Gesch\u00e4tzte Lesezeit":"1\u00a0Minute"},"schema":{"@context":"https:\/\/schema.org","@graph":[{"@type":"WebPage","@id":"https:\/\/wemarry.io\/cs\/o-nas\/","url":"https:\/\/wemarry.io\/cs\/o-nas\/","name":"\u00dcber uns - WeMarry","isPartOf":{"@id":"https:\/\/wemarry.io\/cs\/#website"},"datePublished":"2025-07-25T12:48:13+00:00","breadcrumb":{"@id":"https:\/\/wemarry.io\/cs\/o-nas\/#breadcrumb"},"inLanguage":"de","potentialAction":[{"@type":"ReadAction","target":["https:\/\/wemarry.io\/cs\/o-nas\/"]}]},{"@type":"BreadcrumbList","@id":"https:\/\/wemarry.io\/cs\/o-nas\/#breadcrumb","itemListElement":[{"@type":"ListItem","position":1,"name":"Dom\u016f","item":"https:\/\/wemarry.io\/de\/"},{"@type":"ListItem","position":2,"name":"\u00dcber uns"}]},{"@type":"WebSite","@id":"https:\/\/wemarry.io\/cs\/#website","url":"https:\/\/wemarry.io\/cs\/","name":"WeMarry","description":"Napl\u00e1nujte si svou vysn\u011bnou svatbu bez stresu. wemarry.io v\u00e1m p\u0159in\u00e1\u0161\u00ed modern\u00ed svatebn\u00ed web, digit\u00e1ln\u00ed pozv\u00e1nky a online potvrzen\u00ed \u00fa\u010dasti (RSVP) na jednom m\u00edst\u011b. U\u0161et\u0159ete des\u00edtky hodin p\u0159i organizaci a sd\u00edlejte radost s hosty elegantn\u011b a online.","publisher":{"@id":"https:\/\/wemarry.io\/cs\/#organization"},"potentialAction":[{"@type":"SearchAction","target":{"@type":"EntryPoint","urlTemplate":"https:\/\/wemarry.io\/cs\/?s={search_term_string}"},"query-input":{"@type":"PropertyValueSpecification","valueRequired":true,"valueName":"search_term_string"}}],"inLanguage":"de"},{"@type":"Organization","@id":"https:\/\/wemarry.io\/cs\/#organization","name":"WeMarry","url":"https:\/\/wemarry.io\/cs\/","logo":{"@type":"ImageObject","inLanguage":"de","@id":"https:\/\/wemarry.io\/cs\/#\/schema\/logo\/image\/","url":"https:\/\/wemarry.io\/wp-content\/uploads\/2025\/09\/WeMarry-favicon.svg","contentUrl":"https:\/\/wemarry.io\/wp-content\/uploads\/2025\/09\/WeMarry-favicon.svg","width":512,"height":512,"caption":"WeMarry"},"image":{"@id":"https:\/\/wemarry.io\/cs\/#\/schema\/logo\/image\/"}}]}},"_links":{"self":[{"href":"https:\/\/wemarry.io\/de\/wp-json\/wp\/v2\/pages\/1480","targetHints":{"allow":["GET"]}}],"collection":[{"href":"https:\/\/wemarry.io\/de\/wp-json\/wp\/v2\/pages"}],"about":[{"href":"https:\/\/wemarry.io\/de\/wp-json\/wp\/v2\/types\/page"}],"author":[{"embeddable":true,"href":"https:\/\/wemarry.io\/de\/wp-json\/wp\/v2\/users\/1"}],"replies":[{"embeddable":true,"href":"https:\/\/wemarry.io\/de\/wp-json\/wp\/v2\/comments?post=1480"}],"version-history":[{"count":0,"href":"https:\/\/wemarry.io\/de\/wp-json\/wp\/v2\/pages\/1480\/revisions"}],"wp:attachment":[{"href":"https:\/\/wemarry.io\/de\/wp-json\/wp\/v2\/media?parent=1480"}],"curies":[{"name":"wp","href":"https:\/\/api.w.org\/{rel}","templated":true}]}}