{"id":1488,"date":"2025-07-25T14:34:28","date_gmt":"2025-07-25T12:34:28","guid":{"rendered":"https:\/\/dev.wemarry.io\/anleitung-zum-erstellen-einer-hochzeitswebsite\/"},"modified":"2025-12-22T11:18:06","modified_gmt":"2025-12-22T10:18:06","slug":"anleitung-zum-erstellen-einer-hochzeitswebsite","status":"publish","type":"page","link":"https:\/\/wemarry.io\/de\/anleitung-zum-erstellen-einer-hochzeitswebsite\/","title":{"rendered":"Anleitung zum Erstellen einer Hochzeitswebsite?"},"content":{"rendered":"\n<div class=\"gb-element-eff3c292\">\n<h1 class=\"wp-block-heading has-text-align-center\" style=\"padding-top:0;padding-right:var(--wp--preset--spacing--10);padding-bottom:0;padding-left:var(--wp--preset--spacing--10)\">Anleitung zum Erstellen einer Hochzeitswebsite<\/h1>\n\n\n\n<p class=\"has-text-align-center\" style=\"padding-top:0;padding-right:var(--wp--preset--spacing--10);padding-bottom:0;padding-left:var(--wp--preset--spacing--10)\">Eine kurze Demonstration, wie einfach es ist, eine Hochzeitswebsite auf der WeMarry-Plattform zu erstellen und wie Sie ihr Potenzial optimal nutzen k\u00f6nnen.<\/p>\n<\/div>\n\n\n\n<figure class=\"wp-block-embed is-type-video is-provider-youtube wp-block-embed-youtube wp-embed-aspect-16-9 wp-has-aspect-ratio\"><div class=\"wp-block-embed__wrapper\">\n<iframe loading=\"lazy\" title=\"N\u00e1vod: Jak funguje WeMarry\" width=\"500\" height=\"281\" src=\"https:\/\/www.youtube.com\/embed\/X2uNMUPL6W4?feature=oembed\" frameborder=\"0\" allow=\"accelerometer; autoplay; clipboard-write; encrypted-media; gyroscope; picture-in-picture; web-share\" referrerpolicy=\"strict-origin-when-cross-origin\" allowfullscreen><\/iframe>\n<\/div><\/figure>\n\n\n\n<div class=\"gb-element-4ffa02d2\">\n<h1 class=\"wp-block-heading has-text-align-center\" style=\"padding-top:0;padding-bottom:0\">Wenn Sie kein Video ansehen m\u00f6chten<\/h1>\n<\/div>\n\n\n\n<div class=\"wp-block-media-text has-media-on-the-right is-stacked-on-mobile\"><div class=\"wp-block-media-text__content\">\n<h2 class=\"wp-block-heading\">1. Abschluss der Registrierung<\/h2>\n\n\n\n<p>Um eine Website erstellen zu k\u00f6nnen, ist eine Registrierung erforderlich.<\/p>\n\n\n\n<p>Sie tun dies, indem Sie auf die Schaltfl\u00e4che <strong>Registrieren<\/strong> in der oberen rechten Ecke oder auf die Schaltfl\u00e4che <strong>Ausprobieren<\/strong> in der Mitte der Startseite klicken.<\/p>\n\n\n\n<p><strong>F\u00fcllen Sie Ihre E-Mail-Adresse aus<\/strong> und schlie\u00dfen Sie die Registrierung ab. Sie k\u00f6nnen die eingegebenen Daten sp\u00e4ter jederzeit \u00e4ndern. <\/p>\n<\/div><figure class=\"wp-block-media-text__media\"><video controls=\"\" src=\"https:\/\/wemarry.io\/wp-content\/uploads\/2025\/09\/sign-up.mp4\"><\/video><\/figure><\/div>\n\n\n\n<div class=\"wp-block-media-text is-stacked-on-mobile\"><figure class=\"wp-block-media-text__media\"><video controls=\"\" src=\"https:\/\/wemarry.io\/wp-content\/uploads\/2025\/09\/editor.mp4\"><\/video><\/figure><div class=\"wp-block-media-text__content\">\n<h2 class=\"wp-block-heading\">2. Informationen ausf\u00fcllen<\/h2>\n\n\n\n<p>Die Bearbeitung der Website ist sehr intuitiv. Im linken Teil des Bildschirms sehen Sie den <g id=\"gid_0\">Editor<\/g>, der in einzelne Abschnitte unterteilt ist. Im rechten Teil sehen Sie die aktuelle <strong>Vorschau der Website<\/strong>.  <\/p>\n\n\n\n<p>Sie k\u00f6nnen <strong>eine zweite Sprache<\/strong> f\u00fcr die Website einfach im Reiter <strong>Einstellungen<\/strong> hinzuf\u00fcgen.<strong> <\/strong>Die Sprachversion wird <strong>nicht automatisch \u00fcbersetzt<\/strong>, daher m\u00fcssen Sie sie selbst ausf\u00fcllen.<\/p>\n\n\n\n<p>Das <strong>Datumsformat<\/strong> f\u00fcr die Hochzeit wird automatisch gem\u00e4\u00df dem System des Ger\u00e4ts eingestellt, nicht gem\u00e4\u00df der Sprache der Website, d. h. wenn Ihr System auf Englisch eingestellt ist, sehen Sie das Datum im englischen Format, auch auf der tschechischen Version der Website. <\/p>\n\n\n\n<p>Sie k\u00f6nnen <strong>Fotos<\/strong> einfach \u00fcber die Schaltfl\u00e4che hochladen&nbsp;<strong>Hochladen<\/strong>. Von jedem beliebigen Ger\u00e4t aus, Sie m\u00fcssen sie nicht auf einen Computer oder ein Tablet verschieben. <\/p>\n\n\n\n<p>Vergessen Sie nach dem Ausf\u00fcllen der Informationen nicht, auf die Schaltfl\u00e4che <strong>\u00c4nderungen speichern<\/strong> zu klicken.<\/p>\n<\/div><\/div>\n\n\n\n<div class=\"wp-block-media-text has-media-on-the-right is-stacked-on-mobile\"><div class=\"wp-block-media-text__content\">\n<h2 class=\"wp-block-heading\">3. Auswahl einer Vorlage und weitere Anpassungen des Designs<\/h2>\n\n\n\n<p>Wenn Sie ausprobieren m\u00f6chten, wie Ihre Website in einem anderen Design aussehen w\u00fcrde, k\u00f6nnen Sie die Vorlage jederzeit im Reiter <strong>Design<\/strong> \u00e4ndern.<\/p>\n\n\n\n<p>In diesem Reiter k\u00f6nnen Sie <strong>eine Vorlage ausw\u00e4hlen, Farben und andere Elemente \u00e4ndern<\/strong> auf Ihrer Hochzeitswebsite.<\/p>\n\n\n\n<p>Sie <strong>k\u00f6nnen das Design der Website jederzeit \u00e4ndern<\/strong>, auch nach der Ver\u00f6ffentlichung und dem Versand an die Hochzeitsg\u00e4ste.<\/p>\n<\/div><figure class=\"wp-block-media-text__media\"><video controls=\"\" src=\"https:\/\/wemarry.io\/wp-content\/uploads\/2025\/09\/theme-change.mp4\"><\/video><\/figure><\/div>\n\n\n\n<div class=\"wp-block-media-text is-stacked-on-mobile\"><figure class=\"wp-block-media-text__media\"><video controls=\"\" src=\"https:\/\/wemarry.io\/wp-content\/uploads\/2025\/09\/wedding-gifts.mp4\"><\/video><\/figure><div class=\"wp-block-media-text__content\">\n<h2 class=\"wp-block-heading\">4. Hochzeitsgeschenke<\/h2>\n\n\n\n<p>Im Bereich der Hochzeitsgeschenke k\u00f6nnen Sie die G\u00e4ste wissen lassen, was Sie sich w\u00fcnschen, und Sie haben mehrere M\u00f6glichkeiten.<\/p>\n\n\n\n<ul class=\"wp-block-list\">\n<li><strong>QR-Zahlung<\/strong> &#8211; es kommt immer h\u00e4ufiger vor, dass materielle Geschenke durch finanzielle Mittel ersetzt werden. Einige Leute m\u00f6chten jedoch keine gr\u00f6\u00dferen Betr\u00e4ge in bar spenden, und so haben wir die M\u00f6glichkeit hinzugef\u00fcgt, einen QR-Code auf die Website hochzuladen, wo Sie einfach eine Zahlung in Ihrem Online-Banking generieren k\u00f6nnen und so sicherstellen, dass <strong>das Geld dort ankommt, wo es soll<\/strong>. <\/li>\n\n\n\n<li><strong>Geschenkeliste<\/strong> &#8211; Sie haben auch die M\u00f6glichkeit, eine Liste von materiellen Geschenken zu erstellen, die Ihnen Freude bereiten w\u00fcrden, und Sie <strong>k\u00f6nnen zu jedem Artikel einen Link<\/strong> direkt zum gew\u00fcnschten Geschenk hinzuf\u00fcgen.<\/li>\n\n\n\n<li><strong>Geschenkreservierung<\/strong> &#8211; um zu verhindern, dass es auf der Hochzeit mehrere gleiche Geschenke gibt, haben die G\u00e4ste die M\u00f6glichkeit, <strong>im RSVP-Formular<\/strong> ein Geschenk zu reservieren, das in diesem Moment in der Liste <strong>durchgestrichen wird<\/strong>, um klarzustellen, dass dieses Geschenk bereits vergeben ist.<\/li>\n<\/ul>\n<\/div><\/div>\n\n\n\n<div class=\"wp-block-media-text has-media-on-the-right is-stacked-on-mobile\"><div class=\"wp-block-media-text__content\">\n<h2 class=\"wp-block-heading\">5. Teilnahmebest\u00e4tigungsformular<\/h2>\n\n\n\n<p>Legen Sie zuerst das Passwort f\u00fcr das Formular im Reiter <strong>Einstellungen<\/strong> fest. <strong>Das Passwort ist obligatorisch<\/strong> und kann aus Sicherheitsgr\u00fcnden nicht deaktiviert werden.<\/p>\n\n\n\n<p>Damit die G\u00e4ste das Passwort nicht eingeben m\u00fcssen, k\u00f6nnen Sie ihnen einen <strong>speziellen Link<\/strong> senden, der das Formular <strong>automatisch entsperrt<\/strong>. Dieser Link wird nach der Bezahlung auf dem Dashboard unter dem QR-Code angezeigt. <\/p>\n\n\n\n<p>Im Formular-Editor sehen Sie die Reiter <strong>Integrierte Fragen<\/strong> und <strong>Eigene Fragen<\/strong>. F\u00fcllen Sie die Fragen aus, die Ihnen <strong>bei der Hochzeitsplanung helfen<\/strong>. <\/p>\n\n\n\n<p>Die Gesamtzahl der best\u00e4tigten G\u00e4ste und Kinder sehen Sie auf dem <strong>Dashboard<\/strong>. Die einzelnen Antworten der G\u00e4ste finden Sie im Bereich <strong>Einladungen<\/strong>. <\/p>\n<\/div><figure class=\"wp-block-media-text__media\"><video controls=\"\" src=\"https:\/\/wemarry.io\/wp-content\/uploads\/2025\/09\/RSVP-form.mp4\"><\/video><\/figure><\/div>\n\n\n\n<div class=\"wp-block-media-text is-stacked-on-mobile\"><figure class=\"wp-block-media-text__media\"><video controls=\"\" src=\"https:\/\/wemarry.io\/wp-content\/uploads\/2025\/09\/payment.mp4\"><\/video><\/figure><div class=\"wp-block-media-text__content\">\n<h2 class=\"wp-block-heading\">6. Zahlung und Domainauswahl<\/h2>\n\n\n\n<p>Sie k\u00f6nnen die Erstellung der Website <strong>kostenlos ausprobieren<\/strong>. Wenn Sie die Hochzeitswebsite mit Freunden teilen und ihr Potenzial nutzen m\u00f6chten, m\u00fcssen Sie die Website ver\u00f6ffentlichen. <\/p>\n\n\n\n<p>Sie ver\u00f6ffentlichen Ihre Hochzeitswebsite, indem Sie auf die Schaltfl\u00e4che <strong>Bezahlen<\/strong> klicken. Sie zahlen einfach mit Karte. <\/p>\n\n\n\n<p>Nach der Bezahlung sehen Sie die M\u00f6glichkeit, <strong>eine Domain auszuw\u00e4hlen<\/strong>. Sie haben die Wahl zwischen zwei Optionen. <\/p>\n\n\n\n<ul class=\"wp-block-list\">\n<li><strong>WeMarry-Domain<\/strong> &#8211; Sie w\u00e4hlen einfach ein Pr\u00e4fix und die Hauptdomain aus, unter der Ihre Website erreichbar sein wird, <strong>z. B. modern.wemarry.io <\/strong>.<\/li>\n\n\n\n<li><strong>Eigene Domain<\/strong> &#8211; wenn Sie Ihre eigene Domain gekauft haben <strong>z. B. novakovi.cz <\/strong> sehen Sie eine Anleitung zum \u00c4ndern der DNS-Eintr\u00e4ge, nach der Ihre Website unter dieser Adresse erreichbar sein wird.<\/li>\n<\/ul>\n<\/div><\/div>\n\n\n\n<div class=\"wp-block-media-text has-media-on-the-right is-stacked-on-mobile\"><div class=\"wp-block-media-text__content\">\n<h2 class=\"wp-block-heading\">7. Versand von Einladungen<\/h2>\n\n\n\n<p>Sie haben die Website ausgef\u00fcllt, bezahlt und m\u00f6chten nun die Hochzeitsg\u00e4ste einladen. Mit WeMarry haben Sie <strong>mehrere M\u00f6glichkeiten<\/strong>. <\/p>\n\n\n\n<ul class=\"wp-block-list\">\n<li><strong>Link ohne Passwort<\/strong> &#8211; wenn Sie den G\u00e4sten einen normalen Link zur Website senden, z. B. modern.wemarry.io, denken Sie daran, dass <strong>die G\u00e4ste ein Passwort ben\u00f6tigen<\/strong>, um ihre Teilnahme an der Hochzeit zu best\u00e4tigen. <\/li>\n\n\n\n<li><strong>Link mit Passwort<\/strong> &#8211; nach der Bezahlung sehen Sie auf dem Dashboard einen Link, der das Passwort in der URL enth\u00e4lt. In diesem Fall wird das <strong>Formular automatisch entsperrt<\/strong> und die G\u00e4ste m\u00fcssen es nicht ausf\u00fcllen. <\/li>\n\n\n\n<li><strong>Versand per E-Mail<\/strong> &#8211; wenn Sie die E-Mail-Adressen Ihrer G\u00e4ste kennen, k\u00f6nnen Sie ihnen Einladungen direkt in ihr Postfach senden. Diese Methode hat den Vorteil, dass WeMarry erkennt, ob die G\u00e4ste das Formular ausgef\u00fcllt haben, und wenn nicht, <strong>automatisch eine Erinnerung sendet<\/strong>. <\/li>\n<\/ul>\n<\/div><figure class=\"wp-block-media-text__media\"><video controls=\"\" src=\"https:\/\/wemarry.io\/wp-content\/uploads\/2025\/09\/invites.mp4\"><\/video><\/figure><\/div>\n\n\n\n<div class=\"wp-block-media-text is-stacked-on-mobile\"><figure class=\"wp-block-media-text__media\"><video controls=\"\" src=\"https:\/\/wemarry.io\/wp-content\/uploads\/2025\/09\/dashboard.mp4\"><\/video><\/figure><div class=\"wp-block-media-text__content\">\n<h2 class=\"wp-block-heading\">8. Dashboard<\/h2>\n\n\n\n<p>Das Dashboard fungiert als <strong>\u00dcbersicht und Wegweiser<\/strong> zu anderen Bereichen der WeMarry-Anwendung.<\/p>\n\n\n\n<p>Hier finden Sie auch einen Countdown bis zur Hochzeit, eine \u00dcbersicht \u00fcber die G\u00e4ste, eine Aufgabenliste, einen <strong>QR-Code zum Herunterladen<\/strong> oder einen Link, mit dem die G\u00e4ste kein Passwort f\u00fcr das Formular eingeben m\u00fcssen.<\/p>\n\n\n\n<p>Sie k\u00f6nnen den QR-Code oder den Link zur Hochzeitswebsite <strong>auf die Hochzeitseinladung hinzuf\u00fcgen<\/strong>, damit die G\u00e4ste wissen, wo sie alle wichtigen Details zu Ihrer Hochzeit finden.<\/p>\n<\/div><\/div>\n\n\n\n<p><\/p>\n","protected":false},"excerpt":{"rendered":"<p>Anleitung zum Erstellen einer Hochzeitswebsite Eine kurze Demonstration, wie einfach es ist, eine Hochzeitswebsite auf der WeMarry-Plattform zu erstellen und wie Sie ihr Potenzial optimal nutzen k\u00f6nnen. Wenn Sie kein Video ansehen m\u00f6chten 1. Abschluss der Registrierung Um eine Website erstellen zu k\u00f6nnen, ist eine Registrierung erforderlich. Sie tun dies, indem Sie auf die Schaltfl\u00e4che [&hellip;]<\/p>\n","protected":false},"author":1,"featured_media":0,"parent":0,"menu_order":0,"comment_status":"closed","ping_status":"closed","template":"","meta":{"_acf_changed":false,"footnotes":""},"class_list":["post-1488","page","type-page","status-publish","hentry"],"acf":[],"yoast_head":"<!-- This site is optimized with the Yoast SEO plugin v27.3 - https:\/\/yoast.com\/product\/yoast-seo-wordpress\/ -->\n<title>Wie erstelle ich eine Hochzeitswebsite?<\/title>\n<meta name=\"description\" content=\"Lesen Sie, wie Sie eine Hochzeitswebsite auf WeMarry erstellen und welche M\u00f6glichkeiten es f\u00fcr eine einfachere Hochzeitsplanung bietet.\" \/>\n<meta name=\"robots\" content=\"index, follow, max-snippet:-1, max-image-preview:large, max-video-preview:-1\" \/>\n<link rel=\"canonical\" href=\"https:\/\/wemarry.io\/cs\/jak-vytvorit-svatebni-web-wemarry\/\" \/>\n<meta property=\"og:locale\" content=\"de_DE\" \/>\n<meta property=\"og:type\" content=\"article\" \/>\n<meta property=\"og:title\" content=\"Wie erstelle ich eine Hochzeitswebsite?\" \/>\n<meta property=\"og:description\" content=\"Lesen Sie, wie Sie eine Hochzeitswebsite auf WeMarry erstellen und welche M\u00f6glichkeiten es f\u00fcr eine einfachere Hochzeitsplanung bietet.\" \/>\n<meta property=\"og:url\" content=\"https:\/\/wemarry.io\/cs\/jak-vytvorit-svatebni-web-wemarry\/\" \/>\n<meta property=\"og:site_name\" content=\"WeMarry\" \/>\n<meta property=\"article:modified_time\" content=\"2025-12-22T10:18:06+00:00\" \/>\n<meta name=\"twitter:card\" content=\"summary_large_image\" \/>\n<meta name=\"twitter:label1\" content=\"Gesch\u00e4tzte Lesezeit\" \/>\n\t<meta name=\"twitter:data1\" content=\"5\u00a0Minuten\" \/>\n<script type=\"application\/ld+json\" class=\"yoast-schema-graph\">{\"@context\":\"https:\\\/\\\/schema.org\",\"@graph\":[{\"@type\":\"WebPage\",\"@id\":\"https:\\\/\\\/wemarry.io\\\/cs\\\/jak-vytvorit-svatebni-web-wemarry\\\/\",\"url\":\"https:\\\/\\\/wemarry.io\\\/cs\\\/jak-vytvorit-svatebni-web-wemarry\\\/\",\"name\":\"Wie erstelle ich eine Hochzeitswebsite?\",\"isPartOf\":{\"@id\":\"https:\\\/\\\/wemarry.io\\\/cs\\\/#website\"},\"datePublished\":\"2025-07-25T12:34:28+00:00\",\"dateModified\":\"2025-12-22T10:18:06+00:00\",\"description\":\"Lesen Sie, wie Sie eine Hochzeitswebsite auf WeMarry erstellen und welche M\u00f6glichkeiten es f\u00fcr eine einfachere Hochzeitsplanung bietet.\",\"breadcrumb\":{\"@id\":\"https:\\\/\\\/wemarry.io\\\/cs\\\/jak-vytvorit-svatebni-web-wemarry\\\/#breadcrumb\"},\"inLanguage\":\"de\",\"potentialAction\":[{\"@type\":\"ReadAction\",\"target\":[\"https:\\\/\\\/wemarry.io\\\/cs\\\/jak-vytvorit-svatebni-web-wemarry\\\/\"]}]},{\"@type\":\"BreadcrumbList\",\"@id\":\"https:\\\/\\\/wemarry.io\\\/cs\\\/jak-vytvorit-svatebni-web-wemarry\\\/#breadcrumb\",\"itemListElement\":[{\"@type\":\"ListItem\",\"position\":1,\"name\":\"Dom\u016f\",\"item\":\"https:\\\/\\\/wemarry.io\\\/de\\\/\"},{\"@type\":\"ListItem\",\"position\":2,\"name\":\"Anleitung zum Erstellen einer Hochzeitswebsite?\"}]},{\"@type\":\"WebSite\",\"@id\":\"https:\\\/\\\/wemarry.io\\\/cs\\\/#website\",\"url\":\"https:\\\/\\\/wemarry.io\\\/cs\\\/\",\"name\":\"WeMarry\",\"description\":\"Napl\u00e1nujte si svou vysn\u011bnou svatbu bez stresu. wemarry.io v\u00e1m p\u0159in\u00e1\u0161\u00ed modern\u00ed svatebn\u00ed web, digit\u00e1ln\u00ed pozv\u00e1nky a online potvrzen\u00ed \u00fa\u010dasti (RSVP) na jednom m\u00edst\u011b. U\u0161et\u0159ete des\u00edtky hodin p\u0159i organizaci a sd\u00edlejte radost s hosty elegantn\u011b a online.\",\"publisher\":{\"@id\":\"https:\\\/\\\/wemarry.io\\\/cs\\\/#organization\"},\"potentialAction\":[{\"@type\":\"SearchAction\",\"target\":{\"@type\":\"EntryPoint\",\"urlTemplate\":\"https:\\\/\\\/wemarry.io\\\/cs\\\/?s={search_term_string}\"},\"query-input\":{\"@type\":\"PropertyValueSpecification\",\"valueRequired\":true,\"valueName\":\"search_term_string\"}}],\"inLanguage\":\"de\"},{\"@type\":\"Organization\",\"@id\":\"https:\\\/\\\/wemarry.io\\\/cs\\\/#organization\",\"name\":\"WeMarry\",\"url\":\"https:\\\/\\\/wemarry.io\\\/cs\\\/\",\"logo\":{\"@type\":\"ImageObject\",\"inLanguage\":\"de\",\"@id\":\"https:\\\/\\\/wemarry.io\\\/cs\\\/#\\\/schema\\\/logo\\\/image\\\/\",\"url\":\"https:\\\/\\\/wemarry.io\\\/wp-content\\\/uploads\\\/2025\\\/09\\\/WeMarry-favicon.svg\",\"contentUrl\":\"https:\\\/\\\/wemarry.io\\\/wp-content\\\/uploads\\\/2025\\\/09\\\/WeMarry-favicon.svg\",\"width\":512,\"height\":512,\"caption\":\"WeMarry\"},\"image\":{\"@id\":\"https:\\\/\\\/wemarry.io\\\/cs\\\/#\\\/schema\\\/logo\\\/image\\\/\"}}]}<\/script>\n<!-- \/ Yoast SEO plugin. -->","yoast_head_json":{"title":"Wie erstelle ich eine Hochzeitswebsite?","description":"Lesen Sie, wie Sie eine Hochzeitswebsite auf WeMarry erstellen und welche M\u00f6glichkeiten es f\u00fcr eine einfachere Hochzeitsplanung bietet.","robots":{"index":"index","follow":"follow","max-snippet":"max-snippet:-1","max-image-preview":"max-image-preview:large","max-video-preview":"max-video-preview:-1"},"canonical":"https:\/\/wemarry.io\/cs\/jak-vytvorit-svatebni-web-wemarry\/","og_locale":"de_DE","og_type":"article","og_title":"Wie erstelle ich eine Hochzeitswebsite?","og_description":"Lesen Sie, wie Sie eine Hochzeitswebsite auf WeMarry erstellen und welche M\u00f6glichkeiten es f\u00fcr eine einfachere Hochzeitsplanung bietet.","og_url":"https:\/\/wemarry.io\/cs\/jak-vytvorit-svatebni-web-wemarry\/","og_site_name":"WeMarry","article_modified_time":"2025-12-22T10:18:06+00:00","twitter_card":"summary_large_image","twitter_misc":{"Gesch\u00e4tzte Lesezeit":"5\u00a0Minuten"},"schema":{"@context":"https:\/\/schema.org","@graph":[{"@type":"WebPage","@id":"https:\/\/wemarry.io\/cs\/jak-vytvorit-svatebni-web-wemarry\/","url":"https:\/\/wemarry.io\/cs\/jak-vytvorit-svatebni-web-wemarry\/","name":"Wie erstelle ich eine Hochzeitswebsite?","isPartOf":{"@id":"https:\/\/wemarry.io\/cs\/#website"},"datePublished":"2025-07-25T12:34:28+00:00","dateModified":"2025-12-22T10:18:06+00:00","description":"Lesen Sie, wie Sie eine Hochzeitswebsite auf WeMarry erstellen und welche M\u00f6glichkeiten es f\u00fcr eine einfachere Hochzeitsplanung bietet.","breadcrumb":{"@id":"https:\/\/wemarry.io\/cs\/jak-vytvorit-svatebni-web-wemarry\/#breadcrumb"},"inLanguage":"de","potentialAction":[{"@type":"ReadAction","target":["https:\/\/wemarry.io\/cs\/jak-vytvorit-svatebni-web-wemarry\/"]}]},{"@type":"BreadcrumbList","@id":"https:\/\/wemarry.io\/cs\/jak-vytvorit-svatebni-web-wemarry\/#breadcrumb","itemListElement":[{"@type":"ListItem","position":1,"name":"Dom\u016f","item":"https:\/\/wemarry.io\/de\/"},{"@type":"ListItem","position":2,"name":"Anleitung zum Erstellen einer Hochzeitswebsite?"}]},{"@type":"WebSite","@id":"https:\/\/wemarry.io\/cs\/#website","url":"https:\/\/wemarry.io\/cs\/","name":"WeMarry","description":"Napl\u00e1nujte si svou vysn\u011bnou svatbu bez stresu. wemarry.io v\u00e1m p\u0159in\u00e1\u0161\u00ed modern\u00ed svatebn\u00ed web, digit\u00e1ln\u00ed pozv\u00e1nky a online potvrzen\u00ed \u00fa\u010dasti (RSVP) na jednom m\u00edst\u011b. U\u0161et\u0159ete des\u00edtky hodin p\u0159i organizaci a sd\u00edlejte radost s hosty elegantn\u011b a online.","publisher":{"@id":"https:\/\/wemarry.io\/cs\/#organization"},"potentialAction":[{"@type":"SearchAction","target":{"@type":"EntryPoint","urlTemplate":"https:\/\/wemarry.io\/cs\/?s={search_term_string}"},"query-input":{"@type":"PropertyValueSpecification","valueRequired":true,"valueName":"search_term_string"}}],"inLanguage":"de"},{"@type":"Organization","@id":"https:\/\/wemarry.io\/cs\/#organization","name":"WeMarry","url":"https:\/\/wemarry.io\/cs\/","logo":{"@type":"ImageObject","inLanguage":"de","@id":"https:\/\/wemarry.io\/cs\/#\/schema\/logo\/image\/","url":"https:\/\/wemarry.io\/wp-content\/uploads\/2025\/09\/WeMarry-favicon.svg","contentUrl":"https:\/\/wemarry.io\/wp-content\/uploads\/2025\/09\/WeMarry-favicon.svg","width":512,"height":512,"caption":"WeMarry"},"image":{"@id":"https:\/\/wemarry.io\/cs\/#\/schema\/logo\/image\/"}}]}},"_links":{"self":[{"href":"https:\/\/wemarry.io\/de\/wp-json\/wp\/v2\/pages\/1488","targetHints":{"allow":["GET"]}}],"collection":[{"href":"https:\/\/wemarry.io\/de\/wp-json\/wp\/v2\/pages"}],"about":[{"href":"https:\/\/wemarry.io\/de\/wp-json\/wp\/v2\/types\/page"}],"author":[{"embeddable":true,"href":"https:\/\/wemarry.io\/de\/wp-json\/wp\/v2\/users\/1"}],"replies":[{"embeddable":true,"href":"https:\/\/wemarry.io\/de\/wp-json\/wp\/v2\/comments?post=1488"}],"version-history":[{"count":1,"href":"https:\/\/wemarry.io\/de\/wp-json\/wp\/v2\/pages\/1488\/revisions"}],"predecessor-version":[{"id":1585,"href":"https:\/\/wemarry.io\/de\/wp-json\/wp\/v2\/pages\/1488\/revisions\/1585"}],"wp:attachment":[{"href":"https:\/\/wemarry.io\/de\/wp-json\/wp\/v2\/media?parent=1488"}],"curies":[{"name":"wp","href":"https:\/\/api.w.org\/{rel}","templated":true}]}}