{"id":1496,"date":"2025-07-25T14:41:23","date_gmt":"2025-07-25T12:41:23","guid":{"rendered":"https:\/\/dev.wemarry.io\/fur-hochzeitsagenturen-und-koordinatoren\/"},"modified":"2025-12-22T11:13:23","modified_gmt":"2025-12-22T10:13:23","slug":"fur-hochzeitsagenturen-und-koordinatoren","status":"publish","type":"page","link":"https:\/\/wemarry.io\/de\/fur-hochzeitsagenturen-und-koordinatoren\/","title":{"rendered":"F\u00fcr Hochzeitsagenturen und Koordinatoren"},"content":{"rendered":"\n<div class=\"gb-element-eff3c292\">\n<h1 class=\"wp-block-heading has-text-align-center\" style=\"padding-top:0;padding-right:var(--wp--preset--spacing--10);padding-bottom:0;padding-left:var(--wp--preset--spacing--10)\">Planen Sie die Hochzeiten Ihrer Kunden einfach von einem Ort aus<\/h1>\n<\/div>\n\n\n\n<div class=\"wp-block-media-text has-media-on-the-right is-stacked-on-mobile\"><div class=\"wp-block-media-text__content\">\n<h2 class=\"wp-block-heading\">F\u00fcr Hochzeitsplaner haben wir eine spezielle Schnittstelle.<\/h2>\n\n\n\n<p>Sie haben <strong>alles<\/strong> \u00fcbersichtlich <strong>an einem Ort<\/strong><\/p>\n\n\n\n<p>Sie <strong>sparen<\/strong> <strong>Zeit und Geld<\/strong> bei der Hochzeitsplanung<\/p>\n\n\n\n<p>Sie <strong>bieten Ihren Kunden bessere Dienstleistungen<\/strong><\/p>\n<\/div><figure class=\"wp-block-media-text__media\"><video controls=\"\" src=\"https:\/\/wemarry.io\/wp-content\/uploads\/2025\/09\/agency-account.mp4\"><\/video><\/figure><\/div>\n\n\n\n<div class=\"wp-block-media-text is-stacked-on-mobile\"><figure class=\"wp-block-media-text__media\"><img decoding=\"async\" width=\"1512\" height=\"1008\" src=\"https:\/\/wemarry.io\/wp-content\/uploads\/2025\/09\/mockup.avif\" alt=\"\" class=\"wp-image-261 size-full\"><\/figure><div class=\"wp-block-media-text__content\">\n<h2 class=\"wp-block-heading\">Wobei hilft Ihnen eine Hochzeitswebsite?<\/h2>\n\n\n\n<ul class=\"wp-block-list\">\n<li>Die G\u00e4ste haben alle <strong>wichtigen Informationen<\/strong> \u00fcber die Hochzeit <strong>an einem Ort 24\/7<\/strong><\/li>\n\n\n\n<li>Dank der Teilnahmebest\u00e4tigung haben Sie <strong>einen \u00dcberblick \u00fcber<\/strong> die eingeladenen <strong>G\u00e4ste<\/strong> und deren Vorlieben, z. B. Di\u00e4ten usw. <\/li>\n\n\n\n<li>F\u00fcgen Sie einfach eine <strong>zweite Sprache f\u00fcr ausl\u00e4ndische G\u00e4ste<\/strong> hinzu, damit bei der \u00dcbersetzung nichts verloren geht<\/li>\n\n\n\n<li>Es ist <strong>billiger<\/strong> und umweltfreundlicher <strong>als gedruckte<\/strong> Ank\u00fcndigungen oder funktioniert hervorragend als Erg\u00e4nzung<\/li>\n\n\n\n<li>Nach der Hochzeit k\u00f6nnen Sie die Website als <strong>Hochzeitsgalerie<\/strong> nutzen<\/li>\n<\/ul>\n<\/div><\/div>\n","protected":false},"excerpt":{"rendered":"<p>Planen Sie die Hochzeiten Ihrer Kunden einfach von einem Ort aus F\u00fcr Hochzeitsplaner haben wir eine spezielle Schnittstelle. Sie haben alles \u00fcbersichtlich an einem Ort Sie sparen Zeit und Geld bei der Hochzeitsplanung Sie bieten Ihren Kunden bessere Dienstleistungen<\/p>\n","protected":false},"author":1,"featured_media":0,"parent":0,"menu_order":0,"comment_status":"closed","ping_status":"closed","template":"","meta":{"_acf_changed":false,"footnotes":""},"class_list":["post-1496","page","type-page","status-publish","hentry"],"acf":[],"yoast_head":"<!-- This site is optimized with the Yoast SEO plugin v27.4 - https:\/\/yoast.com\/product\/yoast-seo-wordpress\/ -->\n<title>Konto f\u00fcr Hochzeitsagenturen und -koordinatoren<\/title>\n<meta name=\"description\" content=\"Dank eines speziellen Kontotyps ist WeMarry ein hervorragendes Werkzeug f\u00fcr Hochzeitsagenturen und -koordinatoren, die ihre Arbeit modern und effizient gestalten m\u00f6chten.\" \/>\n<meta name=\"robots\" content=\"index, follow, max-snippet:-1, max-image-preview:large, max-video-preview:-1\" \/>\n<link rel=\"canonical\" href=\"https:\/\/wemarry.io\/cs\/pro-svatebni-agentury-a-koordinatory\/\" \/>\n<meta property=\"og:locale\" content=\"de_DE\" \/>\n<meta property=\"og:type\" content=\"article\" \/>\n<meta property=\"og:title\" content=\"Konto f\u00fcr Hochzeitsagenturen und -koordinatoren\" \/>\n<meta property=\"og:description\" content=\"Dank eines speziellen Kontotyps ist WeMarry ein hervorragendes Werkzeug f\u00fcr Hochzeitsagenturen und -koordinatoren, die ihre Arbeit modern und effizient gestalten m\u00f6chten.\" \/>\n<meta property=\"og:url\" content=\"https:\/\/wemarry.io\/cs\/pro-svatebni-agentury-a-koordinatory\/\" \/>\n<meta property=\"og:site_name\" content=\"WeMarry\" \/>\n<meta property=\"article:modified_time\" content=\"2025-12-22T10:13:23+00:00\" \/>\n<meta property=\"og:image\" content=\"https:\/\/wemarry.io\/wp-content\/uploads\/2025\/09\/mockup.avif\" \/>\n<meta name=\"twitter:card\" content=\"summary_large_image\" \/>\n<meta name=\"twitter:label1\" content=\"Gesch\u00e4tzte Lesezeit\" \/>\n\t<meta name=\"twitter:data1\" content=\"1\u00a0Minute\" \/>\n<script type=\"application\/ld+json\" class=\"yoast-schema-graph\">{\"@context\":\"https:\\\/\\\/schema.org\",\"@graph\":[{\"@type\":\"WebPage\",\"@id\":\"https:\\\/\\\/wemarry.io\\\/cs\\\/pro-svatebni-agentury-a-koordinatory\\\/\",\"url\":\"https:\\\/\\\/wemarry.io\\\/cs\\\/pro-svatebni-agentury-a-koordinatory\\\/\",\"name\":\"Konto f\u00fcr Hochzeitsagenturen und -koordinatoren\",\"isPartOf\":{\"@id\":\"https:\\\/\\\/wemarry.io\\\/cs\\\/#website\"},\"primaryImageOfPage\":{\"@id\":\"https:\\\/\\\/wemarry.io\\\/cs\\\/pro-svatebni-agentury-a-koordinatory\\\/#primaryimage\"},\"image\":{\"@id\":\"https:\\\/\\\/wemarry.io\\\/cs\\\/pro-svatebni-agentury-a-koordinatory\\\/#primaryimage\"},\"thumbnailUrl\":\"https:\\\/\\\/wemarry.io\\\/wp-content\\\/uploads\\\/2025\\\/09\\\/mockup.avif\",\"datePublished\":\"2025-07-25T12:41:23+00:00\",\"dateModified\":\"2025-12-22T10:13:23+00:00\",\"description\":\"Dank eines speziellen Kontotyps ist WeMarry ein hervorragendes Werkzeug f\u00fcr Hochzeitsagenturen und -koordinatoren, die ihre Arbeit modern und effizient gestalten m\u00f6chten.\",\"breadcrumb\":{\"@id\":\"https:\\\/\\\/wemarry.io\\\/cs\\\/pro-svatebni-agentury-a-koordinatory\\\/#breadcrumb\"},\"inLanguage\":\"de\",\"potentialAction\":[{\"@type\":\"ReadAction\",\"target\":[\"https:\\\/\\\/wemarry.io\\\/cs\\\/pro-svatebni-agentury-a-koordinatory\\\/\"]}]},{\"@type\":\"ImageObject\",\"inLanguage\":\"de\",\"@id\":\"https:\\\/\\\/wemarry.io\\\/cs\\\/pro-svatebni-agentury-a-koordinatory\\\/#primaryimage\",\"url\":\"https:\\\/\\\/wemarry.io\\\/wp-content\\\/uploads\\\/2025\\\/09\\\/mockup.avif\",\"contentUrl\":\"https:\\\/\\\/wemarry.io\\\/wp-content\\\/uploads\\\/2025\\\/09\\\/mockup.avif\"},{\"@type\":\"BreadcrumbList\",\"@id\":\"https:\\\/\\\/wemarry.io\\\/cs\\\/pro-svatebni-agentury-a-koordinatory\\\/#breadcrumb\",\"itemListElement\":[{\"@type\":\"ListItem\",\"position\":1,\"name\":\"Dom\u016f\",\"item\":\"https:\\\/\\\/wemarry.io\\\/de\\\/\"},{\"@type\":\"ListItem\",\"position\":2,\"name\":\"F\u00fcr Hochzeitsagenturen und Koordinatoren\"}]},{\"@type\":\"WebSite\",\"@id\":\"https:\\\/\\\/wemarry.io\\\/cs\\\/#website\",\"url\":\"https:\\\/\\\/wemarry.io\\\/cs\\\/\",\"name\":\"WeMarry\",\"description\":\"Napl\u00e1nujte si svou vysn\u011bnou svatbu bez stresu. wemarry.io v\u00e1m p\u0159in\u00e1\u0161\u00ed modern\u00ed svatebn\u00ed web, digit\u00e1ln\u00ed pozv\u00e1nky a online potvrzen\u00ed \u00fa\u010dasti (RSVP) na jednom m\u00edst\u011b. U\u0161et\u0159ete des\u00edtky hodin p\u0159i organizaci a sd\u00edlejte radost s hosty elegantn\u011b a online.\",\"publisher\":{\"@id\":\"https:\\\/\\\/wemarry.io\\\/cs\\\/#organization\"},\"potentialAction\":[{\"@type\":\"SearchAction\",\"target\":{\"@type\":\"EntryPoint\",\"urlTemplate\":\"https:\\\/\\\/wemarry.io\\\/cs\\\/?s={search_term_string}\"},\"query-input\":{\"@type\":\"PropertyValueSpecification\",\"valueRequired\":true,\"valueName\":\"search_term_string\"}}],\"inLanguage\":\"de\"},{\"@type\":\"Organization\",\"@id\":\"https:\\\/\\\/wemarry.io\\\/cs\\\/#organization\",\"name\":\"WeMarry\",\"url\":\"https:\\\/\\\/wemarry.io\\\/cs\\\/\",\"logo\":{\"@type\":\"ImageObject\",\"inLanguage\":\"de\",\"@id\":\"https:\\\/\\\/wemarry.io\\\/cs\\\/#\\\/schema\\\/logo\\\/image\\\/\",\"url\":\"https:\\\/\\\/wemarry.io\\\/wp-content\\\/uploads\\\/2025\\\/09\\\/WeMarry-favicon.svg\",\"contentUrl\":\"https:\\\/\\\/wemarry.io\\\/wp-content\\\/uploads\\\/2025\\\/09\\\/WeMarry-favicon.svg\",\"width\":512,\"height\":512,\"caption\":\"WeMarry\"},\"image\":{\"@id\":\"https:\\\/\\\/wemarry.io\\\/cs\\\/#\\\/schema\\\/logo\\\/image\\\/\"}}]}<\/script>\n<!-- \/ Yoast SEO plugin. -->","yoast_head_json":{"title":"Konto f\u00fcr Hochzeitsagenturen und -koordinatoren","description":"Dank eines speziellen Kontotyps ist WeMarry ein hervorragendes Werkzeug f\u00fcr Hochzeitsagenturen und -koordinatoren, die ihre Arbeit modern und effizient gestalten m\u00f6chten.","robots":{"index":"index","follow":"follow","max-snippet":"max-snippet:-1","max-image-preview":"max-image-preview:large","max-video-preview":"max-video-preview:-1"},"canonical":"https:\/\/wemarry.io\/cs\/pro-svatebni-agentury-a-koordinatory\/","og_locale":"de_DE","og_type":"article","og_title":"Konto f\u00fcr Hochzeitsagenturen und -koordinatoren","og_description":"Dank eines speziellen Kontotyps ist WeMarry ein hervorragendes Werkzeug f\u00fcr Hochzeitsagenturen und -koordinatoren, die ihre Arbeit modern und effizient gestalten m\u00f6chten.","og_url":"https:\/\/wemarry.io\/cs\/pro-svatebni-agentury-a-koordinatory\/","og_site_name":"WeMarry","article_modified_time":"2025-12-22T10:13:23+00:00","og_image":[{"url":"https:\/\/wemarry.io\/wp-content\/uploads\/2025\/09\/mockup.avif","type":"","width":"","height":""}],"twitter_card":"summary_large_image","twitter_misc":{"Gesch\u00e4tzte Lesezeit":"1\u00a0Minute"},"schema":{"@context":"https:\/\/schema.org","@graph":[{"@type":"WebPage","@id":"https:\/\/wemarry.io\/cs\/pro-svatebni-agentury-a-koordinatory\/","url":"https:\/\/wemarry.io\/cs\/pro-svatebni-agentury-a-koordinatory\/","name":"Konto f\u00fcr Hochzeitsagenturen und -koordinatoren","isPartOf":{"@id":"https:\/\/wemarry.io\/cs\/#website"},"primaryImageOfPage":{"@id":"https:\/\/wemarry.io\/cs\/pro-svatebni-agentury-a-koordinatory\/#primaryimage"},"image":{"@id":"https:\/\/wemarry.io\/cs\/pro-svatebni-agentury-a-koordinatory\/#primaryimage"},"thumbnailUrl":"https:\/\/wemarry.io\/wp-content\/uploads\/2025\/09\/mockup.avif","datePublished":"2025-07-25T12:41:23+00:00","dateModified":"2025-12-22T10:13:23+00:00","description":"Dank eines speziellen Kontotyps ist WeMarry ein hervorragendes Werkzeug f\u00fcr Hochzeitsagenturen und -koordinatoren, die ihre Arbeit modern und effizient gestalten m\u00f6chten.","breadcrumb":{"@id":"https:\/\/wemarry.io\/cs\/pro-svatebni-agentury-a-koordinatory\/#breadcrumb"},"inLanguage":"de","potentialAction":[{"@type":"ReadAction","target":["https:\/\/wemarry.io\/cs\/pro-svatebni-agentury-a-koordinatory\/"]}]},{"@type":"ImageObject","inLanguage":"de","@id":"https:\/\/wemarry.io\/cs\/pro-svatebni-agentury-a-koordinatory\/#primaryimage","url":"https:\/\/wemarry.io\/wp-content\/uploads\/2025\/09\/mockup.avif","contentUrl":"https:\/\/wemarry.io\/wp-content\/uploads\/2025\/09\/mockup.avif"},{"@type":"BreadcrumbList","@id":"https:\/\/wemarry.io\/cs\/pro-svatebni-agentury-a-koordinatory\/#breadcrumb","itemListElement":[{"@type":"ListItem","position":1,"name":"Dom\u016f","item":"https:\/\/wemarry.io\/de\/"},{"@type":"ListItem","position":2,"name":"F\u00fcr Hochzeitsagenturen und Koordinatoren"}]},{"@type":"WebSite","@id":"https:\/\/wemarry.io\/cs\/#website","url":"https:\/\/wemarry.io\/cs\/","name":"WeMarry","description":"Napl\u00e1nujte si svou vysn\u011bnou svatbu bez stresu. wemarry.io v\u00e1m p\u0159in\u00e1\u0161\u00ed modern\u00ed svatebn\u00ed web, digit\u00e1ln\u00ed pozv\u00e1nky a online potvrzen\u00ed \u00fa\u010dasti (RSVP) na jednom m\u00edst\u011b. U\u0161et\u0159ete des\u00edtky hodin p\u0159i organizaci a sd\u00edlejte radost s hosty elegantn\u011b a online.","publisher":{"@id":"https:\/\/wemarry.io\/cs\/#organization"},"potentialAction":[{"@type":"SearchAction","target":{"@type":"EntryPoint","urlTemplate":"https:\/\/wemarry.io\/cs\/?s={search_term_string}"},"query-input":{"@type":"PropertyValueSpecification","valueRequired":true,"valueName":"search_term_string"}}],"inLanguage":"de"},{"@type":"Organization","@id":"https:\/\/wemarry.io\/cs\/#organization","name":"WeMarry","url":"https:\/\/wemarry.io\/cs\/","logo":{"@type":"ImageObject","inLanguage":"de","@id":"https:\/\/wemarry.io\/cs\/#\/schema\/logo\/image\/","url":"https:\/\/wemarry.io\/wp-content\/uploads\/2025\/09\/WeMarry-favicon.svg","contentUrl":"https:\/\/wemarry.io\/wp-content\/uploads\/2025\/09\/WeMarry-favicon.svg","width":512,"height":512,"caption":"WeMarry"},"image":{"@id":"https:\/\/wemarry.io\/cs\/#\/schema\/logo\/image\/"}}]}},"_links":{"self":[{"href":"https:\/\/wemarry.io\/de\/wp-json\/wp\/v2\/pages\/1496","targetHints":{"allow":["GET"]}}],"collection":[{"href":"https:\/\/wemarry.io\/de\/wp-json\/wp\/v2\/pages"}],"about":[{"href":"https:\/\/wemarry.io\/de\/wp-json\/wp\/v2\/types\/page"}],"author":[{"embeddable":true,"href":"https:\/\/wemarry.io\/de\/wp-json\/wp\/v2\/users\/1"}],"replies":[{"embeddable":true,"href":"https:\/\/wemarry.io\/de\/wp-json\/wp\/v2\/comments?post=1496"}],"version-history":[{"count":1,"href":"https:\/\/wemarry.io\/de\/wp-json\/wp\/v2\/pages\/1496\/revisions"}],"predecessor-version":[{"id":1581,"href":"https:\/\/wemarry.io\/de\/wp-json\/wp\/v2\/pages\/1496\/revisions\/1581"}],"wp:attachment":[{"href":"https:\/\/wemarry.io\/de\/wp-json\/wp\/v2\/media?parent=1496"}],"curies":[{"name":"wp","href":"https:\/\/api.w.org\/{rel}","templated":true}]}}