{"id":1607,"date":"2025-07-24T08:37:06","date_gmt":"2025-07-24T06:37:06","guid":{"rendered":"https:\/\/dev.wemarry.io\/datenschutzrichtlinie\/"},"modified":"2025-07-24T08:37:06","modified_gmt":"2025-07-24T06:37:06","slug":"datenschutzrichtlinie","status":"publish","type":"page","link":"https:\/\/wemarry.io\/de\/datenschutzrichtlinie\/","title":{"rendered":"Datenschutzrichtlinie"},"content":{"rendered":"\n<p>Zweck dieser Datenschutzrichtlinie (nachfolgend die \u201eRichtlinie\u201c) ist es, der betroffenen Person Informationen dar\u00fcber bereitzustellen, welche personenbezogenen Daten nat\u00fcrlicher Personen bei der Erbringung von Dienstleistungen durch den Betreiber der Website verarbeitet werden, zu welchen Zwecken und wie lange der Betreiber diese personenbezogenen Daten gem\u00e4\u00df den geltenden Rechtsvorschriften verarbeitet, wem und aus welchen Gr\u00fcnden sie \u00fcbermittelt werden k\u00f6nnen, sowie dar\u00fcber zu informieren, welche Rechte nat\u00fcrlichen Personen im Zusammenhang mit der Verarbeitung ihrer personenbezogenen Daten zustehen.<br>Diese Richtlinie gilt ab dem 1. Januar 2025 und wurde gem\u00e4\u00df der Verordnung (EU) 2016\/679 des Europ\u00e4ischen Parlaments und des Rates vom 27. April 2016 zum Schutz nat\u00fcrlicher Personen bei der Verarbeitung personenbezogener Daten und zum freien Datenverkehr (\u201eDSGVO\u201c) erlassen.   <\/p>\n\n\n\n<h3 class=\"wp-block-heading\"><strong>1. Verantwortlicher und Kontaktangaben f\u00fcr Datenschutzanfragen<\/strong><\/h3>\n\n\n\n<p>Verantwortlicher f\u00fcr die Verarbeitung personenbezogener Daten ist WeMarry s.r.o., I\u010cO 22269347, mit Sitz Ho\u0159ansk\u00e1 1510\/1, \u017di\u017ekov, 130 00 Prag 3 (im Folgenden der \u201eVerantwortliche\u201c). Alle Anfragen zur Verarbeitung personenbezogener Daten k\u00f6nnen an die Anschrift des Verantwortlichen oder per E\u2011Mail an info@wemarry.io gerichtet werden. <\/p>\n\n\n\n<h3 class=\"wp-block-heading\"><strong>2. Umfang der Verarbeitung und Kategorien personenbezogener Daten<\/strong><\/h3>\n\n\n\n<p>Personenbezogene Daten werden in dem Umfang verarbeitet, in dem sie die betroffene Person dem Verantwortlichen im Zusammenhang mit dem Abschluss eines Vertrags oder eines anderen Rechtsverh\u00e4ltnisses bereitgestellt hat, oder in dem sie der Verantwortliche auf andere Weise erhoben und in \u00dcbereinstimmung mit den geltenden Rechtsvorschriften bzw. zur Erf\u00fcllung gesetzlicher Pflichten verarbeitet. Der Verantwortliche verarbeitet insbesondere folgende Kategorien personenbezogener Daten: <\/p>\n\n\n\n<ol style=\"list-style-type:lower-alpha\" class=\"wp-block-list\">\n<li>Vor\u2011 und Nachname, ggf. akademischer Titel, <\/li>\n\n\n\n<li>Firmenname,<\/li>\n\n\n\n<li>Unternehmens\u2011ID (I\u010cO), Umsatzsteuer\u2011ID (DI\u010c),<\/li>\n\n\n\n<li>Adresse des st\u00e4ndigen Wohnsitzes,<\/li>\n\n\n\n<li>Sitz oder Gesch\u00e4ftsadresse,<\/li>\n\n\n\n<li>Lieferadresse,<\/li>\n\n\n\n<li>Kontakt\u2011E\u2011Mail\u2011Adresse,<\/li>\n\n\n\n<li>Kontakttelefonnummer,<\/li>\n\n\n\n<li>berufliche Position und\/oder Funktion im Unternehmen,<\/li>\n\n\n\n<li>Bankverbindung,<\/li>\n\n\n\n<li>Profilfoto,<\/li>\n\n\n\n<li>biografische Angaben,<\/li>\n\n\n\n<li>Angaben zum Datum und Ort der Hochzeit,<\/li>\n\n\n\n<li>pers\u00f6nliche Pr\u00e4ferenzen<\/li>\n\n\n\n<li>Verhaltensdaten auf den vom Verantwortlichen betriebenen Websites, die \u00fcber Cookies erhoben werden, sofern Cookies im Webbrowser aktiviert sind.<\/li>\n<\/ol>\n\n\n\n<h3 class=\"wp-block-heading\"><strong>3. Zweck der Verarbeitung personenbezogener Daten<\/strong><\/h3>\n\n\n\n<h4 class=\"wp-block-heading\"><strong>3.1 Verarbeitung zur Vertragserf\u00fcllung, zur Erf\u00fcllung gesetzlicher Pflichten und aufgrund berechtigter Interessen<\/strong><\/h4>\n\n\n\n<p>Die Bereitstellung personenbezogener Daten, die f\u00fcr die Vertragserf\u00fcllung, die Erf\u00fcllung gesetzlicher Pflichten des Verantwortlichen oder zur Wahrung berechtigter Interessen des Verantwortlichen erforderlich sind, ist verpflichtend. Ohne diese Daten k\u00f6nnen die Dienstleistungen nicht erbracht werden. F\u00fcr diese Zwecke ist keine Einwilligung der betroffenen Person erforderlich.  <\/p>\n\n\n\n<p>Die wichtigsten Teilzwecke der Verarbeitung sind insbesondere:<\/p>\n\n\n\n<ol style=\"list-style-type:lower-alpha\" class=\"wp-block-list\">\n<li>Prozesse im Zusammenhang mit der Identifizierung und m\u00f6glichen Kontaktaufnahme mit dem Nutzer (Vertragserf\u00fcllung),<\/li>\n\n\n\n<li>Erbringung der Dienstleistungen (Vertragserf\u00fcllung),<\/li>\n\n\n\n<li>Abrechnung der Dienstleistungen und Ausstellung steuerlicher Unterlagen (Vertragserf\u00fcllung),<\/li>\n\n\n\n<li>Erf\u00fcllung gesetzlicher steuerlicher Pflichten (gesetzliche Verpflichtung),<\/li>\n\n\n\n<li>Durchsetzung von Forderungen und sonstige Kundenstreitigkeiten (berechtigtes Interesse),<\/li>\n\n\n\n<li>F\u00fchrung eines Schuldnerregisters (berechtigtes Interesse).<\/li>\n<\/ol>\n\n\n\n<p>Personenbezogene Daten werden nur in dem Umfang verarbeitet, der zur Erreichung dieser Zwecke erforderlich ist, und f\u00fcr den Zeitraum, der zur Erf\u00fcllung dieser Zwecke notwendig oder gesetzlich vorgeschrieben ist. Anschlie\u00dfend werden die personenbezogenen Daten gel\u00f6scht oder anonymisiert. Die grundlegenden Aufbewahrungsfristen sind in Artikel 5 dieser Richtlinie aufgef\u00fchrt.   <\/p>\n\n\n\n<h4 class=\"wp-block-heading\"><strong>3.2 Verarbeitung von Kundendaten mit Einwilligung zu Marketing\u2011 und Gesch\u00e4ftszwecken<\/strong><\/h4>\n\n\n\n<p>Mit Einwilligung der betroffenen Person verarbeitet der Verantwortliche personenbezogene Daten zu Marketing und Gesch\u00e4ftszwecken, insbesondere zur Erstellung geeigneter Angebote von Produkten und Dienstleistungen sowie zur Kontaktaufnahme mit dem Kunden \u2014 ausschlie\u00dflich per elektronischer Kommunikation \u00fcber die angegebene Kontakt\u2011E\u2011Mail\u2011Adresse. Die Einwilligung ist freiwillig und kann jederzeit widerrufen werden. Sie bleibt 5 Jahre ab Erteilung g\u00fcltig oder f\u00fcr die Dauer der Nutzung der Dienstleistungen des Verantwortlichen und weitere 5 Jahre danach, oder bis zum Widerruf. F\u00fcr Marketing und Gesch\u00e4ftszwecke k\u00f6nnen auf Grundlage der Einwilligung alle in Artikel 2 dieser Richtlinie genannten Datenkategorien verarbeitet werden. Ein Widerruf der Einwilligung ber\u00fchrt nicht die Verarbeitung personenbezogener Daten f\u00fcr andere Zwecke und auf anderen Rechtsgrundlagen gem\u00e4\u00df dieser Richtlinie.     <\/p>\n\n\n\n<h4 class=\"wp-block-heading\"><strong>3.3 Verarbeitung von Cookies auf den vom Verantwortlichen betriebenen Websites<\/strong><\/h4>\n\n\n\n<p>Sind im Webbrowser der betroffenen Person Cookies aktiviert, verarbeitet der Verantwortliche Verhaltensdaten, die \u00fcber Cookies auf den von ihm betriebenen Websites erhoben werden, um den Betrieb der Websites zu verbessern oder f\u00fcr Online\u2011Werbezwecke des Verantwortlichen.<br>Liegt eine Einwilligung zur Verarbeitung personenbezogener Daten zu Marketing\u2011 und Gesch\u00e4ftszwecken vor, werden diese Daten gemeinsam mit anderen personenbezogenen Daten f\u00fcr diesen Zweck verarbeitet. <\/p>\n\n\n\n<h3 class=\"wp-block-heading\"><strong>4. Art und Weise der Verarbeitung sowie Schutz personenbezogener Daten<\/strong><\/h3>\n\n\n\n<p>Die Verarbeitung personenbezogener Daten erfolgt durch den Verantwortlichen. Die Verarbeitung findet in den Betriebsr\u00e4umen und am Sitz des Verantwortlichen durch dessen befugte Mitarbeiter oder durch Auftragsverarbeiter statt. Personenbezogene Daten k\u00f6nnen mittels IT\u2011Systemen oder \u2014 im Falle von Papierunterlagen \u2014 auch manuell verarbeitet werden, stets unter Einhaltung aller Sicherheitsgrunds\u00e4tze f\u00fcr die Verwaltung und Verarbeitung personenbezogener Daten. Zu diesem Zweck hat der Verantwortliche technische und organisatorische Ma\u00dfnahmen ergriffen, um den Schutz personenbezogener Daten sicherzustellen, insbesondere Ma\u00dfnahmen, die verhindern sollen, dass personenbezogene Daten unbefugt oder versehentlich eingesehen, ver\u00e4ndert, zerst\u00f6rt, verloren, unbefugt \u00fcbertragen oder anderweitig missbraucht werden. Alle Stellen, denen personenbezogene Daten zug\u00e4nglich gemacht werden k\u00f6nnen, respektieren das Recht der betroffenen Personen auf Privatsph\u00e4re und sind verpflichtet, gem\u00e4\u00df den geltenden Datenschutzvorschriften zu handeln. Bei der Verarbeitung personenbezogener Daten durch den Verantwortlichen findet keine automatisierte Entscheidungsfindung, einschlie\u00dflich Profiling im Sinne von Artikel 22 DSGVO, statt.        <\/p>\n\n\n\n<h3 class=\"wp-block-heading\"><strong>5. Aufbewahrungsdauer personenbezogener Daten<\/strong><\/h3>\n\n\n\n<p>Personenbezogene Daten werden f\u00fcr den Zeitraum verarbeitet, der f\u00fcr die Zwecke, f\u00fcr die sie verarbeitet werden, erforderlich ist \u2014 in \u00dcbereinstimmung mit den in den jeweiligen Vertr\u00e4gen festgelegten Fristen, den Akten\u2011 und Aufbewahrungsrichtlinien des Verantwortlichen oder den geltenden gesetzlichen Vorschriften. Die Aufbewahrungsfristen sind wie folgt: <\/p>\n\n\n\n<ol style=\"list-style-type:lower-alpha\" class=\"wp-block-list\">\n<li>Bei Kunden der Dienstleistungen ist der Verantwortliche berechtigt \u2014 sofern alle Verpflichtungen gegen\u00fcber dem Verantwortlichen erf\u00fcllt wurden \u2014 deren grundlegende personenbezogene, identifikationsbezogene und kontaktbezogene Daten, Angaben zu den Dienstleistungen sowie Kommunikationsdaten mit dem Verantwortlichen f\u00fcr 4 Jahre ab Beendigung des letzten Vertrags mit dem Verantwortlichen zu verarbeiten.<\/li>\n\n\n\n<li>Im Falle von Verhandlungen zwischen dem Verantwortlichen und einem potenziellen Kunden \u00fcber den Abschluss eines Vertrags, die nicht zum Abschluss eines Vertrags gef\u00fchrt haben, ist der Verantwortliche berechtigt, die bereitgestellten personenbezogenen Daten f\u00fcr 6 Monate ab dem Ende der vorvertraglichen Verhandlungen zu verarbeiten.<\/li>\n\n\n\n<li>Vom Verantwortlichen ausgestellte Steuerdokumente werden gem\u00e4\u00df \u00a7 35 des Gesetzes Nr. 235\/2004 Slg. \u00fcber die Mehrwertsteuer f\u00fcr 10 Jahre ab dem Ende des Steuerzeitraums archiviert, in dem die steuerpflichtige Leistung erbracht wurde. Aus Gr\u00fcnden des Nachweises der Rechtsgrundlage f\u00fcr die Ausstellung von Rechnungen werden auch Kundenvertr\u00e4ge f\u00fcr 10 Jahre ab Beendigung des Vertrags archiviert.<\/li>\n<\/ol>\n\n\n\n<h3 class=\"wp-block-heading\"><strong>6. Kategorien von Empf\u00e4ngern personenbezogener Daten<\/strong><\/h3>\n\n\n\n<p>Zur Erf\u00fcllung seiner vertraglichen Verpflichtungen und Pflichten nutzt der Verantwortliche die fachlichen und spezialisierten Dienstleistungen anderer Stellen. Wenn diese Dienstleister personenbezogene Daten verarbeiten, die ihnen vom Verantwortlichen \u00fcbermittelt wurden, handeln sie als Auftragsverarbeiter und verarbeiten die Daten ausschlie\u00dflich gem\u00e4\u00df den Weisungen des Verantwortlichen und d\u00fcrfen sie nicht f\u00fcr andere Zwecke verwenden. Zu diesen Stellen geh\u00f6ren insbesondere:<br>Anbieter von Zahlungsgateways, Rechtsanw\u00e4lte, Buchhalter, Wirtschaftspr\u00fcfer, Administratoren von IT\u2011Systemen, Anbieter von Online\u2011Werbediensten, Handelsvertreter. Jede dieser Stellen wird vom Verantwortlichen sorgf\u00e4ltig ausgew\u00e4hlt, und mit jeder wird ein Auftragsverarbeitungsvertrag abgeschlossen, der strenge Verpflichtungen zum Schutz und zur Sicherheit personenbezogener Daten festlegt.   <\/p>\n\n\n\n<h3 class=\"wp-block-heading\"><strong>7. Rechte der betroffenen Personen<\/strong><\/h3>\n\n\n\n<p>Gem\u00e4\u00df der DSGVO stehen der betroffenen Person die nachfolgend aufgef\u00fchrten Rechte zu. Soweit sich diese Rechte gegen den Verantwortlichen richten, k\u00f6nnen sie \u00fcber die in Artikel 1 dieser Richtlinie angegebenen Kontaktangaben ausge\u00fcbt werden.  &nbsp;<\/p>\n\n\n\n<h4 class=\"wp-block-heading\"><strong>7.1 Recht auf Auskunft<\/strong><\/h4>\n\n\n\n<p>Nach Artikel 15 DSGVO hat die betroffene Person das Recht, Auskunft \u00fcber die sie betreffenden personenbezogenen Daten zu erhalten, einschlie\u00dflich des Rechts, vom Verantwortlichen eine Best\u00e4tigung dar\u00fcber zu verlangen, ob personenbezogene Daten verarbeitet werden. Ist dies der Fall, hat sie das Recht auf Zugang zu diesen Daten sowie zu folgenden Informationen: <\/p>\n\n\n\n<ol style=\"list-style-type:lower-alpha\" class=\"wp-block-list\">\n<li>die Zwecke der Verarbeitung, <\/li>\n\n\n\n<li>die Kategorien personenbezogener Daten, <\/li>\n\n\n\n<li>die Empf\u00e4nger, gegen\u00fcber denen die Daten offengelegt wurden oder werden, <\/li>\n\n\n\n<li>die geplante Dauer der Speicherung, <\/li>\n\n\n\n<li>das Bestehen des Rechts auf Berichtigung, L\u00f6schung oder Einschr\u00e4nkung der Verarbeitung sowie des Rechts auf Widerspruch, <\/li>\n\n\n\n<li>das Recht, eine Beschwerde bei einer Aufsichtsbeh\u00f6rde einzureichen, <\/li>\n\n\n\n<li>alle verf\u00fcgbaren Informationen \u00fcber die Herkunft der Daten, sofern sie nicht bei der betroffenen Person erhoben wurden,<\/li>\n\n\n\n<li>das Bestehen einer automatisierten Entscheidungsfindung einschlie\u00dflich Profiling, <\/li>\n\n\n\n<li>geeignete Garantien bei einer \u00dcbermittlung von Daten au\u00dferhalb von EU. <\/li>\n<\/ol>\n\n\n\n<p>Sofern die Rechte und Freiheiten anderer Personen nicht beeintr\u00e4chtigt werden, hat die betroffene Person au\u00dferdem das Recht, eine Kopie der verarbeiteten personenbezogenen Daten zu erhalten. Bei wiederholten Anfragen kann der Verantwortliche eine angemessene Geb\u00fchr verlangen. <\/p>\n\n\n\n<h4 class=\"wp-block-heading\"><strong>7.2 Recht auf Berichtigung<\/strong><\/h4>\n\n\n\n<p>Nach Artikel 16 DSGVO hat die betroffene Person das Recht, die Berichtigung unrichtiger personenbezogener Daten oder die Vervollst\u00e4ndigung unvollst\u00e4ndiger Daten zu verlangen. Die betroffene Person ist verpflichtet, \u00c4nderungen ihrer personenbezogenen Daten mitzuteilen und deren Richtigkeit nachzuweisen. Sie ist au\u00dferdem verpflichtet, mit dem Verantwortlichen zusammenzuarbeiten, wenn festgestellt wird, dass verarbeitete Daten unrichtig sind.   &nbsp;<\/p>\n\n\n\n<h4 class=\"wp-block-heading\"><strong>7.3 Recht auf L\u00f6schung<\/strong><\/h4>\n\n\n\n<p>Nach Artikel 17 DSGVO hat die betroffene Person das Recht, die L\u00f6schung der sie betreffenden personenbezogenen Daten zu verlangen, sofern der Verantwortliche keine \u00fcberwiegenden berechtigten Gr\u00fcnde f\u00fcr deren weitere Verarbeitung nachweist. <\/p>\n\n\n\n<h4 class=\"wp-block-heading\"><strong>7.4 Recht auf Einschr\u00e4nkung der Verarbeitung<\/strong><\/h4>\n\n\n\n<p>Nach Artikel 18 DSGVO hat die betroffene Person das Recht, die Einschr\u00e4nkung der Verarbeitung zu verlangen, insbesondere wenn: die Richtigkeit der personenbezogenen Daten bestritten wird, die Gr\u00fcnde f\u00fcr die Verarbeitung bestritten werden, oder ein Widerspruch gegen die Verarbeitung eingelegt wurde. Bei eingeschr\u00e4nkter Verarbeitung d\u00fcrfen die Daten \u2014 mit Ausnahme der Speicherung \u2014 nur: mit Einwilligung der betroffenen Person, zur Geltendmachung, Aus\u00fcbung oder Verteidigung von Rechtsanspr\u00fcchen, zum Schutz der Rechte einer anderen nat\u00fcrlichen oder juristischen Person oder aus Gr\u00fcnden eines wichtigen \u00f6ffentlichen Interesses der EU oder eines Mitgliedstaats verarbeitet werden.  <\/p>\n\n\n\n<h4 class=\"wp-block-heading\"><strong>7.5 Mitteilungspflicht des Verantwortlichen<\/strong><\/h4>\n\n\n\n<p>Nach Artikel 19 DSGVO ist der Verantwortliche verpflichtet, allen Empf\u00e4ngern, denen personenbezogene Daten offengelegt wurden, jede Berichtigung, L\u00f6schung oder Einschr\u00e4nkung der Verarbeitung mitzuteilen, es sei denn, dies erweist sich als unm\u00f6glich oder ist mit unverh\u00e4ltnism\u00e4\u00dfigem Aufwand verbunden. Auf Anfrage informiert der Verantwortliche die betroffene Person \u00fcber diese Empf\u00e4nger.  &nbsp;<\/p>\n\n\n\n<h4 class=\"wp-block-heading\"><strong>7.6 Recht auf Daten\u00fcbertragbarkeit<\/strong><\/h4>\n\n\n\n<p>Nach Artikel 20 DSGVO hat die betroffene Person das Recht, die sie betreffenden personenbezogenen Daten, die sie dem Verantwortlichen bereitgestellt hat, in einem strukturierten, g\u00e4ngigen und maschinenlesbaren Format zu erhalten und zu verlangen, dass diese Daten einem anderen Verantwortlichen \u00fcbermittelt werden, sofern: die Verarbeitung auf einem Vertrag oder einer Einwilligung beruht und die Verarbeitung mithilfe automatisierter Verfahren erfolgt. Dieses Recht darf nicht ausge\u00fcbt werden, wenn dadurch die Rechte und Freiheiten anderer Personen beeintr\u00e4chtigt w\u00fcrden.  <\/p>\n\n\n\n<h4 class=\"wp-block-heading\"><strong>7.7 Recht auf Widerspruch<\/strong><\/h4>\n\n\n\n<p>Nach Artikel 21 DSGVO hat die betroffene Person das Recht, der Verarbeitung ihrer personenbezogenen Daten aus Gr\u00fcnden, die sich aus ihrer besonderen Situation ergeben, zu widersprechen, sofern die Verarbeitung auf berechtigten Interessen des Verantwortlichen beruht.<br>Der Verantwortliche stellt die Verarbeitung ein, sofern er keine zwingenden schutzw\u00fcrdigen Gr\u00fcnde nachweist, die die Interessen, Rechte und Freiheiten der betroffenen Person \u00fcberwiegen.  <\/p>\n\n\n\n<h4 class=\"wp-block-heading\"><strong>7.8 Recht auf Widerruf der Einwilligung<\/strong><\/h4>\n\n\n\n<p>Eine Einwilligung zur Verarbeitung personenbezogener Daten zu Marketing\u2011 und Gesch\u00e4ftszwecken kann jederzeit widerrufen werden. Der Widerruf muss durch eine eindeutige und unmissverst\u00e4ndliche Erkl\u00e4rung erfolgen.Die Verarbeitung von Cookie\u2011Daten kann durch entsprechende Einstellungen im Webbrowser verhindert werden.  <\/p>\n\n\n\n<h4 class=\"wp-block-heading\"><strong>7.9 Recht auf Unterrichtung bei einer Datenschutzverletzung<\/strong><\/h4>\n\n\n\n<p>Nach Artikel 34 DSGVO hat die betroffene Person das Recht, vom Verantwortlichen unverz\u00fcglich \u00fcber eine Verletzung des Schutzes personenbezogener Daten informiert zu werden, sofern diese voraussichtlich ein hohes Risiko f\u00fcr die Rechte und Freiheiten nat\u00fcrlicher Personen zur Folge hat. &nbsp;<\/p>\n\n\n\n<h4 class=\"wp-block-heading\"><strong>7.10 Recht auf Beschwerde bei der Aufsichtsbeh\u00f6rde<\/strong><\/h4>\n\n\n\n<p>Subjekt \u00fadaj\u016f m\u00e1 pr\u00e1vo obr\u00e1tit se na \u00da\u0159ad pro ochranu osobn\u00edch \u00fadaj\u016f (<\/p>\n\n\n\n<p><a href=\"http:\/\/www.uoou.cz\/\">http:\/\/www.uoou.cz\/<\/a><\/p>\n\n\n\n<p>www.uoon.cz) einzureichen, wenn sie feststellt oder der Ansicht ist, dass der Verantwortliche oder ein Auftragsverarbeiter personenbezogene Daten in einer Weise verarbeitet, die gegen den Schutz der Privatsph\u00e4re oder gegen geltende Rechtsvorschriften verst\u00f6\u00dft.<\/p>\n\n\n\n<p><\/p>\n","protected":false},"excerpt":{"rendered":"<p>Zweck dieser Datenschutzrichtlinie (nachfolgend die \u201eRichtlinie\u201c) ist es, der betroffenen Person Informationen dar\u00fcber bereitzustellen, welche personenbezogenen Daten nat\u00fcrlicher Personen bei der Erbringung von Dienstleistungen durch den Betreiber der Website verarbeitet werden, zu welchen Zwecken und wie lange der Betreiber diese personenbezogenen Daten gem\u00e4\u00df den geltenden Rechtsvorschriften verarbeitet, wem und aus welchen Gr\u00fcnden sie \u00fcbermittelt werden [&hellip;]<\/p>\n","protected":false},"author":1,"featured_media":0,"parent":0,"menu_order":0,"comment_status":"closed","ping_status":"open","template":"","meta":{"_acf_changed":false,"footnotes":""},"class_list":["post-1607","page","type-page","status-publish","hentry"],"acf":[],"yoast_head":"<!-- This site is optimized with the Yoast SEO plugin v27.3 - https:\/\/yoast.com\/product\/yoast-seo-wordpress\/ -->\n<title>Datenschutzrichtlinie - WeMarry<\/title>\n<meta name=\"robots\" content=\"index, follow, max-snippet:-1, max-image-preview:large, max-video-preview:-1\" \/>\n<link rel=\"canonical\" href=\"https:\/\/wemarry.io\/cs\/privacy-policy\/\" \/>\n<meta property=\"og:locale\" content=\"de_DE\" \/>\n<meta property=\"og:type\" content=\"article\" \/>\n<meta property=\"og:title\" content=\"Datenschutzrichtlinie - WeMarry\" \/>\n<meta property=\"og:description\" content=\"Zweck dieser Datenschutzrichtlinie (nachfolgend die \u201eRichtlinie\u201c) ist es, der betroffenen Person Informationen dar\u00fcber bereitzustellen, welche personenbezogenen Daten nat\u00fcrlicher Personen bei der Erbringung von Dienstleistungen durch den Betreiber der Website verarbeitet werden, zu welchen Zwecken und wie lange der Betreiber diese personenbezogenen Daten gem\u00e4\u00df den geltenden Rechtsvorschriften verarbeitet, wem und aus welchen Gr\u00fcnden sie \u00fcbermittelt werden [&hellip;]\" \/>\n<meta property=\"og:url\" content=\"https:\/\/wemarry.io\/cs\/privacy-policy\/\" \/>\n<meta property=\"og:site_name\" content=\"WeMarry\" \/>\n<meta name=\"twitter:card\" content=\"summary_large_image\" \/>\n<meta name=\"twitter:label1\" content=\"Gesch\u00e4tzte Lesezeit\" \/>\n\t<meta name=\"twitter:data1\" content=\"10\u00a0Minuten\" \/>\n<script type=\"application\/ld+json\" class=\"yoast-schema-graph\">{\"@context\":\"https:\\\/\\\/schema.org\",\"@graph\":[{\"@type\":\"WebPage\",\"@id\":\"https:\\\/\\\/wemarry.io\\\/cs\\\/privacy-policy\\\/\",\"url\":\"https:\\\/\\\/wemarry.io\\\/cs\\\/privacy-policy\\\/\",\"name\":\"Datenschutzrichtlinie - WeMarry\",\"isPartOf\":{\"@id\":\"https:\\\/\\\/wemarry.io\\\/cs\\\/#website\"},\"datePublished\":\"2025-07-24T06:37:06+00:00\",\"breadcrumb\":{\"@id\":\"https:\\\/\\\/wemarry.io\\\/cs\\\/privacy-policy\\\/#breadcrumb\"},\"inLanguage\":\"de\",\"potentialAction\":[{\"@type\":\"ReadAction\",\"target\":[\"https:\\\/\\\/wemarry.io\\\/cs\\\/privacy-policy\\\/\"]}]},{\"@type\":\"BreadcrumbList\",\"@id\":\"https:\\\/\\\/wemarry.io\\\/cs\\\/privacy-policy\\\/#breadcrumb\",\"itemListElement\":[{\"@type\":\"ListItem\",\"position\":1,\"name\":\"Dom\u016f\",\"item\":\"https:\\\/\\\/wemarry.io\\\/de\\\/\"},{\"@type\":\"ListItem\",\"position\":2,\"name\":\"Datenschutzrichtlinie\"}]},{\"@type\":\"WebSite\",\"@id\":\"https:\\\/\\\/wemarry.io\\\/cs\\\/#website\",\"url\":\"https:\\\/\\\/wemarry.io\\\/cs\\\/\",\"name\":\"WeMarry\",\"description\":\"Napl\u00e1nujte si svou vysn\u011bnou svatbu bez stresu. wemarry.io v\u00e1m p\u0159in\u00e1\u0161\u00ed modern\u00ed svatebn\u00ed web, digit\u00e1ln\u00ed pozv\u00e1nky a online potvrzen\u00ed \u00fa\u010dasti (RSVP) na jednom m\u00edst\u011b. U\u0161et\u0159ete des\u00edtky hodin p\u0159i organizaci a sd\u00edlejte radost s hosty elegantn\u011b a online.\",\"publisher\":{\"@id\":\"https:\\\/\\\/wemarry.io\\\/cs\\\/#organization\"},\"potentialAction\":[{\"@type\":\"SearchAction\",\"target\":{\"@type\":\"EntryPoint\",\"urlTemplate\":\"https:\\\/\\\/wemarry.io\\\/cs\\\/?s={search_term_string}\"},\"query-input\":{\"@type\":\"PropertyValueSpecification\",\"valueRequired\":true,\"valueName\":\"search_term_string\"}}],\"inLanguage\":\"de\"},{\"@type\":\"Organization\",\"@id\":\"https:\\\/\\\/wemarry.io\\\/cs\\\/#organization\",\"name\":\"WeMarry\",\"url\":\"https:\\\/\\\/wemarry.io\\\/cs\\\/\",\"logo\":{\"@type\":\"ImageObject\",\"inLanguage\":\"de\",\"@id\":\"https:\\\/\\\/wemarry.io\\\/cs\\\/#\\\/schema\\\/logo\\\/image\\\/\",\"url\":\"https:\\\/\\\/wemarry.io\\\/wp-content\\\/uploads\\\/2025\\\/09\\\/WeMarry-favicon.svg\",\"contentUrl\":\"https:\\\/\\\/wemarry.io\\\/wp-content\\\/uploads\\\/2025\\\/09\\\/WeMarry-favicon.svg\",\"width\":512,\"height\":512,\"caption\":\"WeMarry\"},\"image\":{\"@id\":\"https:\\\/\\\/wemarry.io\\\/cs\\\/#\\\/schema\\\/logo\\\/image\\\/\"}}]}<\/script>\n<!-- \/ Yoast SEO plugin. -->","yoast_head_json":{"title":"Datenschutzrichtlinie - WeMarry","robots":{"index":"index","follow":"follow","max-snippet":"max-snippet:-1","max-image-preview":"max-image-preview:large","max-video-preview":"max-video-preview:-1"},"canonical":"https:\/\/wemarry.io\/cs\/privacy-policy\/","og_locale":"de_DE","og_type":"article","og_title":"Datenschutzrichtlinie - WeMarry","og_description":"Zweck dieser Datenschutzrichtlinie (nachfolgend die \u201eRichtlinie\u201c) ist es, der betroffenen Person Informationen dar\u00fcber bereitzustellen, welche personenbezogenen Daten nat\u00fcrlicher Personen bei der Erbringung von Dienstleistungen durch den Betreiber der Website verarbeitet werden, zu welchen Zwecken und wie lange der Betreiber diese personenbezogenen Daten gem\u00e4\u00df den geltenden Rechtsvorschriften verarbeitet, wem und aus welchen Gr\u00fcnden sie \u00fcbermittelt werden [&hellip;]","og_url":"https:\/\/wemarry.io\/cs\/privacy-policy\/","og_site_name":"WeMarry","twitter_card":"summary_large_image","twitter_misc":{"Gesch\u00e4tzte Lesezeit":"10\u00a0Minuten"},"schema":{"@context":"https:\/\/schema.org","@graph":[{"@type":"WebPage","@id":"https:\/\/wemarry.io\/cs\/privacy-policy\/","url":"https:\/\/wemarry.io\/cs\/privacy-policy\/","name":"Datenschutzrichtlinie - WeMarry","isPartOf":{"@id":"https:\/\/wemarry.io\/cs\/#website"},"datePublished":"2025-07-24T06:37:06+00:00","breadcrumb":{"@id":"https:\/\/wemarry.io\/cs\/privacy-policy\/#breadcrumb"},"inLanguage":"de","potentialAction":[{"@type":"ReadAction","target":["https:\/\/wemarry.io\/cs\/privacy-policy\/"]}]},{"@type":"BreadcrumbList","@id":"https:\/\/wemarry.io\/cs\/privacy-policy\/#breadcrumb","itemListElement":[{"@type":"ListItem","position":1,"name":"Dom\u016f","item":"https:\/\/wemarry.io\/de\/"},{"@type":"ListItem","position":2,"name":"Datenschutzrichtlinie"}]},{"@type":"WebSite","@id":"https:\/\/wemarry.io\/cs\/#website","url":"https:\/\/wemarry.io\/cs\/","name":"WeMarry","description":"Napl\u00e1nujte si svou vysn\u011bnou svatbu bez stresu. wemarry.io v\u00e1m p\u0159in\u00e1\u0161\u00ed modern\u00ed svatebn\u00ed web, digit\u00e1ln\u00ed pozv\u00e1nky a online potvrzen\u00ed \u00fa\u010dasti (RSVP) na jednom m\u00edst\u011b. U\u0161et\u0159ete des\u00edtky hodin p\u0159i organizaci a sd\u00edlejte radost s hosty elegantn\u011b a online.","publisher":{"@id":"https:\/\/wemarry.io\/cs\/#organization"},"potentialAction":[{"@type":"SearchAction","target":{"@type":"EntryPoint","urlTemplate":"https:\/\/wemarry.io\/cs\/?s={search_term_string}"},"query-input":{"@type":"PropertyValueSpecification","valueRequired":true,"valueName":"search_term_string"}}],"inLanguage":"de"},{"@type":"Organization","@id":"https:\/\/wemarry.io\/cs\/#organization","name":"WeMarry","url":"https:\/\/wemarry.io\/cs\/","logo":{"@type":"ImageObject","inLanguage":"de","@id":"https:\/\/wemarry.io\/cs\/#\/schema\/logo\/image\/","url":"https:\/\/wemarry.io\/wp-content\/uploads\/2025\/09\/WeMarry-favicon.svg","contentUrl":"https:\/\/wemarry.io\/wp-content\/uploads\/2025\/09\/WeMarry-favicon.svg","width":512,"height":512,"caption":"WeMarry"},"image":{"@id":"https:\/\/wemarry.io\/cs\/#\/schema\/logo\/image\/"}}]}},"_links":{"self":[{"href":"https:\/\/wemarry.io\/de\/wp-json\/wp\/v2\/pages\/1607","targetHints":{"allow":["GET"]}}],"collection":[{"href":"https:\/\/wemarry.io\/de\/wp-json\/wp\/v2\/pages"}],"about":[{"href":"https:\/\/wemarry.io\/de\/wp-json\/wp\/v2\/types\/page"}],"author":[{"embeddable":true,"href":"https:\/\/wemarry.io\/de\/wp-json\/wp\/v2\/users\/1"}],"replies":[{"embeddable":true,"href":"https:\/\/wemarry.io\/de\/wp-json\/wp\/v2\/comments?post=1607"}],"version-history":[{"count":0,"href":"https:\/\/wemarry.io\/de\/wp-json\/wp\/v2\/pages\/1607\/revisions"}],"wp:attachment":[{"href":"https:\/\/wemarry.io\/de\/wp-json\/wp\/v2\/media?parent=1607"}],"curies":[{"name":"wp","href":"https:\/\/api.w.org\/{rel}","templated":true}]}}