{"id":1294,"date":"2025-07-25T11:09:10","date_gmt":"2025-07-25T09:09:10","guid":{"rendered":"https:\/\/dev.wemarry.io\/how-it-works\/"},"modified":"2025-12-22T10:51:37","modified_gmt":"2025-12-22T09:51:37","slug":"how-it-works","status":"publish","type":"page","link":"https:\/\/wemarry.io\/en\/how-it-works\/","title":{"rendered":"How it works"},"content":{"rendered":"\n<div class=\"gb-element-eff3c292\">\n<h1 class=\"wp-block-heading has-text-align-center\" style=\"padding-top:0;padding-right:var(--wp--preset--spacing--10);padding-bottom:0;padding-left:var(--wp--preset--spacing--10)\">You&#8217;re just 2 clicks away from the perfect wedding<\/h1>\n\n\n\n<p class=\"has-text-align-center\" style=\"padding-top:0;padding-right:var(--wp--preset--spacing--10);padding-bottom:0;padding-left:var(--wp--preset--spacing--10)\">Sign up for WeMarry for free and experience what it&#8217;s like to plan a perfect wedding without stress and confusion.<\/p>\n<\/div>\n\n\n\n<div class=\"gb-element-d3ac0ebd\">\n<div class=\"wp-block-media-text has-media-on-the-right is-stacked-on-mobile\"><div class=\"wp-block-media-text__content\">\n<h2 class=\"wp-block-heading\">1. Create an account on WeMarry<\/h2>\n\n\n\n<p>All you need is an email address, and you&#8217;re good to go.<\/p>\n\n\n\n<p>Immediately after registration, our online application will open, and you can start planning.<\/p>\n\n\n\n<p><a href=\"https:\/\/wemarry.app\/en\/auth\/signup\" target=\"_blank\" rel=\"noreferrer noopener\">https:\/\/wemarry.app\/en\/auth\/signup<\/a><\/p>\n\n\n\n<div class=\"wp-block-buttons is-layout-flex wp-block-buttons-is-layout-flex\"><\/div>\n<\/div><figure class=\"wp-block-media-text__media\"><video controls=\"\" src=\"https:\/\/wemarry.io\/wp-content\/uploads\/2025\/09\/sign-up.mp4\"><\/video><\/figure><\/div>\n\n\n\n<div class=\"wp-block-media-text is-stacked-on-mobile\"><figure class=\"wp-block-media-text__media\"><video controls=\"\" src=\"https:\/\/wemarry.io\/wp-content\/uploads\/2025\/09\/editor.mp4\"><\/video><\/figure><div class=\"wp-block-media-text__content\">\n<h2 class=\"wp-block-heading\">2. Click together your wedding website<\/h2>\n\n\n\n<p>Immediately after registration, the web editor will open, where you can gradually enter information about your wedding. You will have a choice of 3 responsive templates that you can customize in color to match the style of your wedding. <\/p>\n\n\n\n<p>Add an RSVP form to collect confirmed invitations<\/p>\n\n\n\n<p>Edit texts and add a breathtaking introductory photo<\/p>\n\n\n\n<p>Include information about the location, wedding program, or dress code<\/p>\n<\/div><\/div>\n\n\n\n<div class=\"wp-block-media-text has-media-on-the-right is-stacked-on-mobile\"><div class=\"wp-block-media-text__content\">\n<h2 class=\"wp-block-heading\">3. Publish your wedding website for 1,490 K\u010d<\/h2>\n\n\n\n<p>Once you are satisfied with the appearance of the website, you can publish it.&nbsp;<\/p>\n\n\n\n<ul class=\"wp-block-list\">\n<li>Publishing the WeMarry website for a period of 18 months costs 1,490 K\u010d<\/li>\n\n\n\n<li>Payment is possible by credit card or via Apple Pay&nbsp;<\/li>\n\n\n\n<li>You can edit the website at any time after publication&nbsp;<\/li>\n<\/ul>\n\n\n\n<p>After paying for the website, you choose a domain, e.g. novakovi.wemarry.cz, which you can then send to guests. If you have purchased your own domain, you can easily connect it to WeMarry.  <\/p>\n<\/div><figure class=\"wp-block-media-text__media\"><video controls=\"\" src=\"https:\/\/wemarry.io\/wp-content\/uploads\/2025\/09\/payment.mp4\"><\/video><\/figure><\/div>\n\n\n\n<div class=\"wp-block-media-text is-stacked-on-mobile\"><figure class=\"wp-block-media-text__media\"><video controls=\"\" src=\"https:\/\/wemarry.io\/wp-content\/uploads\/2025\/09\/invites.mp4\"><\/video><\/figure><div class=\"wp-block-media-text__content\">\n<h2 class=\"wp-block-heading\">4. Send out invitations online<\/h2>\n\n\n\n<p>In the Invitations section, you can send wedding invitations via a link to the website or directly to your guests&#8217; email inboxes. They will find everything essential on your wedding website. <\/p>\n\n\n\n<p>Each website includes an RSVP form for confirming attendance, which will also help you gather information about your guests. Thanks to it, you will know which guests prefer vegetarian food or what song they want to hear at your wedding. All answers are automatically saved to the RSVP section. If guests do not fill out the form, WeMarry will automatically remind them.   <\/p>\n<\/div><\/div>\n\n\n\n<div class=\"wp-block-media-text has-media-on-the-right is-stacked-on-mobile\"><div class=\"wp-block-media-text__content\">\n<h2 class=\"wp-block-heading\">5. WeMarry handles communication with guests for you<\/h2>\n\n\n\n<p>Thanks to the automatic saving of answers from the RSVP form, you will save dozens of repeated phone calls. All important information is available to your guests 24\/7. <\/p>\n\n\n\n<p>Share a list of gifts, add links to specific products, or a QR code for giving a financial gift<\/p>\n\n\n\n<p>The website can be created in several language versions<\/p>\n\n\n\n<p>You can easily export guests&#8217; responses to a table<\/p>\n<\/div><figure class=\"wp-block-media-text__media\"><video controls=\"\" src=\"https:\/\/wemarry.io\/wp-content\/uploads\/2025\/09\/dashboard.mp4\"><\/video><\/figure><\/div>\n\n\n\n<div class=\"wp-block-media-text is-stacked-on-mobile\"><figure class=\"wp-block-media-text__media\"><video controls=\"\" src=\"https:\/\/wemarry.io\/wp-content\/uploads\/2025\/09\/budgeter.mp4\"><\/video><\/figure><div class=\"wp-block-media-text__content\">\n<h2 class=\"wp-block-heading\">6. Keep an eye on your budget with the cost calculator<\/h2>\n\n\n\n<p>Plan your wedding budget according to your financial possibilities and then track all expenses and payments. You can continuously adjust individual items according to the current situation. &nbsp;<\/p>\n\n\n\n<p>Less mental burden when planning a wedding<\/p>\n\n\n\n<p>Graphically displayed budget and its current spending<\/p>\n\n\n\n<p>Overview of the status of completed payments<\/p>\n<\/div><\/div>\n\n\n\n<div class=\"wp-block-media-text has-media-on-the-right is-stacked-on-mobile\"><div class=\"wp-block-media-text__content\">\n<h2 class=\"wp-block-heading\">7. Plan the seating arrangement for guests<\/h2>\n\n\n\n<p>In our interactive tool, you can move tables and add or remove chairs endlessly until every guest feels that their place is the best.&nbsp;<\/p>\n\n\n\n<ul class=\"wp-block-list\">\n<li>You can immediately see all changes in the seating arrangement&nbsp;<\/li>\n\n\n\n<li>All shapes and sizes of tables you can imagine<\/li>\n\n\n\n<li>You can easily download and print the seating plan<\/li>\n<\/ul>\n\n\n\n<p><a href=\"https:\/\/wemarry.io\/cs\/zasedaci-poradek-svatba\" target=\"_blank\" rel=\"noreferrer noopener\">https:\/\/wemarry.io\/cs\/zasedaci-poradek-svatba<\/a><\/p>\n<\/div><figure class=\"wp-block-media-text__media\"><video controls=\"\" src=\"https:\/\/wemarry.io\/wp-content\/uploads\/2025\/09\/seating.mp4\"><\/video><\/figure><\/div>\n\n\n\n<div class=\"wp-block-media-text is-stacked-on-mobile\"><figure class=\"wp-block-media-text__media\"><video controls=\"\" src=\"https:\/\/wemarry.io\/wp-content\/uploads\/2025\/09\/gallery.mp4\"><\/video><\/figure><div class=\"wp-block-media-text__content\">\n<h2 class=\"wp-block-heading\">8. Share snapshots with your loved ones<\/h2>\n\n\n\n<p>On the wedding day, your wedding website will turn into an online gallery where your guests can share all the touching moments directly from their mobile phones throughout the day. Once you receive professional photos from the photographers, you can upload them to the gallery and easily send them to the guests. <\/p>\n\n\n\n<p>You don&#8217;t have to laboriously send photos to everyone by email<\/p>\n\n\n\n<p>Guests can easily share photos via QR code<\/p>\n\n\n\n<p>You and your guests can access the photos anytime, anywhere<\/p>\n<\/div><\/div>\n\n\n\n<p><\/p>\n<\/div>\n","protected":false},"excerpt":{"rendered":"<p>You&#8217;re just 2 clicks away from the perfect wedding Sign up for WeMarry for free and experience what it&#8217;s like to plan a perfect wedding without stress and confusion. 1. Create an account on WeMarry All you need is an email address, and you&#8217;re good to go. Immediately after registration, our online application will open, [&hellip;]<\/p>\n","protected":false},"author":1,"featured_media":0,"parent":0,"menu_order":0,"comment_status":"closed","ping_status":"closed","template":"","meta":{"_acf_changed":false,"footnotes":""},"class_list":["post-1294","page","type-page","status-publish","hentry"],"acf":[],"yoast_head":"<!-- This site is optimized with the Yoast SEO plugin v27.4 - https:\/\/yoast.com\/product\/yoast-seo-wordpress\/ -->\n<title>How it works - WeMarry<\/title>\n<meta name=\"robots\" content=\"index, follow, max-snippet:-1, max-image-preview:large, max-video-preview:-1\" \/>\n<link rel=\"canonical\" href=\"https:\/\/wemarry.io\/cs\/jak-to-funguje\/\" \/>\n<meta property=\"og:locale\" content=\"en_US\" \/>\n<meta property=\"og:type\" content=\"article\" \/>\n<meta property=\"og:title\" content=\"How it works - WeMarry\" \/>\n<meta property=\"og:description\" content=\"You&#8217;re just 2 clicks away from the perfect wedding Sign up for WeMarry for free and experience what it&#8217;s like to plan a perfect wedding without stress and confusion. 1. Create an account on WeMarry All you need is an email address, and you&#8217;re good to go. Immediately after registration, our online application will open, [&hellip;]\" \/>\n<meta property=\"og:url\" content=\"https:\/\/wemarry.io\/cs\/jak-to-funguje\/\" \/>\n<meta property=\"og:site_name\" content=\"WeMarry\" \/>\n<meta property=\"article:modified_time\" content=\"2025-12-22T09:51:37+00:00\" \/>\n<meta name=\"twitter:card\" content=\"summary_large_image\" \/>\n<script type=\"application\/ld+json\" class=\"yoast-schema-graph\">{\"@context\":\"https:\\\/\\\/schema.org\",\"@graph\":[{\"@type\":\"WebPage\",\"@id\":\"https:\\\/\\\/wemarry.io\\\/cs\\\/jak-to-funguje\\\/\",\"url\":\"https:\\\/\\\/wemarry.io\\\/cs\\\/jak-to-funguje\\\/\",\"name\":\"How it works - WeMarry\",\"isPartOf\":{\"@id\":\"https:\\\/\\\/wemarry.io\\\/cs\\\/#website\"},\"datePublished\":\"2025-07-25T09:09:10+00:00\",\"dateModified\":\"2025-12-22T09:51:37+00:00\",\"breadcrumb\":{\"@id\":\"https:\\\/\\\/wemarry.io\\\/cs\\\/jak-to-funguje\\\/#breadcrumb\"},\"inLanguage\":\"en-US\",\"potentialAction\":[{\"@type\":\"ReadAction\",\"target\":[\"https:\\\/\\\/wemarry.io\\\/cs\\\/jak-to-funguje\\\/\"]}]},{\"@type\":\"BreadcrumbList\",\"@id\":\"https:\\\/\\\/wemarry.io\\\/cs\\\/jak-to-funguje\\\/#breadcrumb\",\"itemListElement\":[{\"@type\":\"ListItem\",\"position\":1,\"name\":\"Dom\u016f\",\"item\":\"https:\\\/\\\/wemarry.io\\\/cs\\\/\"},{\"@type\":\"ListItem\",\"position\":2,\"name\":\"How it works\"}]},{\"@type\":\"WebSite\",\"@id\":\"https:\\\/\\\/wemarry.io\\\/cs\\\/#website\",\"url\":\"https:\\\/\\\/wemarry.io\\\/cs\\\/\",\"name\":\"WeMarry\",\"description\":\"Napl\u00e1nujte si svou vysn\u011bnou svatbu bez stresu. wemarry.io v\u00e1m p\u0159in\u00e1\u0161\u00ed modern\u00ed svatebn\u00ed web, digit\u00e1ln\u00ed pozv\u00e1nky a online potvrzen\u00ed \u00fa\u010dasti (RSVP) na jednom m\u00edst\u011b. U\u0161et\u0159ete des\u00edtky hodin p\u0159i organizaci a sd\u00edlejte radost s hosty elegantn\u011b a online.\",\"publisher\":{\"@id\":\"https:\\\/\\\/wemarry.io\\\/cs\\\/#organization\"},\"potentialAction\":[{\"@type\":\"SearchAction\",\"target\":{\"@type\":\"EntryPoint\",\"urlTemplate\":\"https:\\\/\\\/wemarry.io\\\/cs\\\/?s={search_term_string}\"},\"query-input\":{\"@type\":\"PropertyValueSpecification\",\"valueRequired\":true,\"valueName\":\"search_term_string\"}}],\"inLanguage\":\"en-US\"},{\"@type\":\"Organization\",\"@id\":\"https:\\\/\\\/wemarry.io\\\/cs\\\/#organization\",\"name\":\"WeMarry\",\"url\":\"https:\\\/\\\/wemarry.io\\\/cs\\\/\",\"logo\":{\"@type\":\"ImageObject\",\"inLanguage\":\"en-US\",\"@id\":\"https:\\\/\\\/wemarry.io\\\/cs\\\/#\\\/schema\\\/logo\\\/image\\\/\",\"url\":\"https:\\\/\\\/wemarry.io\\\/wp-content\\\/uploads\\\/2025\\\/09\\\/WeMarry-favicon.svg\",\"contentUrl\":\"https:\\\/\\\/wemarry.io\\\/wp-content\\\/uploads\\\/2025\\\/09\\\/WeMarry-favicon.svg\",\"width\":512,\"height\":512,\"caption\":\"WeMarry\"},\"image\":{\"@id\":\"https:\\\/\\\/wemarry.io\\\/cs\\\/#\\\/schema\\\/logo\\\/image\\\/\"}}]}<\/script>\n<!-- \/ Yoast SEO plugin. -->","yoast_head_json":{"title":"How it works - WeMarry","robots":{"index":"index","follow":"follow","max-snippet":"max-snippet:-1","max-image-preview":"max-image-preview:large","max-video-preview":"max-video-preview:-1"},"canonical":"https:\/\/wemarry.io\/cs\/jak-to-funguje\/","og_locale":"en_US","og_type":"article","og_title":"How it works - WeMarry","og_description":"You&#8217;re just 2 clicks away from the perfect wedding Sign up for WeMarry for free and experience what it&#8217;s like to plan a perfect wedding without stress and confusion. 1. Create an account on WeMarry All you need is an email address, and you&#8217;re good to go. Immediately after registration, our online application will open, [&hellip;]","og_url":"https:\/\/wemarry.io\/cs\/jak-to-funguje\/","og_site_name":"WeMarry","article_modified_time":"2025-12-22T09:51:37+00:00","twitter_card":"summary_large_image","schema":{"@context":"https:\/\/schema.org","@graph":[{"@type":"WebPage","@id":"https:\/\/wemarry.io\/cs\/jak-to-funguje\/","url":"https:\/\/wemarry.io\/cs\/jak-to-funguje\/","name":"How it works - WeMarry","isPartOf":{"@id":"https:\/\/wemarry.io\/cs\/#website"},"datePublished":"2025-07-25T09:09:10+00:00","dateModified":"2025-12-22T09:51:37+00:00","breadcrumb":{"@id":"https:\/\/wemarry.io\/cs\/jak-to-funguje\/#breadcrumb"},"inLanguage":"en-US","potentialAction":[{"@type":"ReadAction","target":["https:\/\/wemarry.io\/cs\/jak-to-funguje\/"]}]},{"@type":"BreadcrumbList","@id":"https:\/\/wemarry.io\/cs\/jak-to-funguje\/#breadcrumb","itemListElement":[{"@type":"ListItem","position":1,"name":"Dom\u016f","item":"https:\/\/wemarry.io\/cs\/"},{"@type":"ListItem","position":2,"name":"How it works"}]},{"@type":"WebSite","@id":"https:\/\/wemarry.io\/cs\/#website","url":"https:\/\/wemarry.io\/cs\/","name":"WeMarry","description":"Napl\u00e1nujte si svou vysn\u011bnou svatbu bez stresu. wemarry.io v\u00e1m p\u0159in\u00e1\u0161\u00ed modern\u00ed svatebn\u00ed web, digit\u00e1ln\u00ed pozv\u00e1nky a online potvrzen\u00ed \u00fa\u010dasti (RSVP) na jednom m\u00edst\u011b. U\u0161et\u0159ete des\u00edtky hodin p\u0159i organizaci a sd\u00edlejte radost s hosty elegantn\u011b a online.","publisher":{"@id":"https:\/\/wemarry.io\/cs\/#organization"},"potentialAction":[{"@type":"SearchAction","target":{"@type":"EntryPoint","urlTemplate":"https:\/\/wemarry.io\/cs\/?s={search_term_string}"},"query-input":{"@type":"PropertyValueSpecification","valueRequired":true,"valueName":"search_term_string"}}],"inLanguage":"en-US"},{"@type":"Organization","@id":"https:\/\/wemarry.io\/cs\/#organization","name":"WeMarry","url":"https:\/\/wemarry.io\/cs\/","logo":{"@type":"ImageObject","inLanguage":"en-US","@id":"https:\/\/wemarry.io\/cs\/#\/schema\/logo\/image\/","url":"https:\/\/wemarry.io\/wp-content\/uploads\/2025\/09\/WeMarry-favicon.svg","contentUrl":"https:\/\/wemarry.io\/wp-content\/uploads\/2025\/09\/WeMarry-favicon.svg","width":512,"height":512,"caption":"WeMarry"},"image":{"@id":"https:\/\/wemarry.io\/cs\/#\/schema\/logo\/image\/"}}]}},"_links":{"self":[{"href":"https:\/\/wemarry.io\/en\/wp-json\/wp\/v2\/pages\/1294","targetHints":{"allow":["GET"]}}],"collection":[{"href":"https:\/\/wemarry.io\/en\/wp-json\/wp\/v2\/pages"}],"about":[{"href":"https:\/\/wemarry.io\/en\/wp-json\/wp\/v2\/types\/page"}],"author":[{"embeddable":true,"href":"https:\/\/wemarry.io\/en\/wp-json\/wp\/v2\/users\/1"}],"replies":[{"embeddable":true,"href":"https:\/\/wemarry.io\/en\/wp-json\/wp\/v2\/comments?post=1294"}],"version-history":[{"count":2,"href":"https:\/\/wemarry.io\/en\/wp-json\/wp\/v2\/pages\/1294\/revisions"}],"predecessor-version":[{"id":1554,"href":"https:\/\/wemarry.io\/en\/wp-json\/wp\/v2\/pages\/1294\/revisions\/1554"}],"wp:attachment":[{"href":"https:\/\/wemarry.io\/en\/wp-json\/wp\/v2\/media?parent=1294"}],"curies":[{"name":"wp","href":"https:\/\/api.w.org\/{rel}","templated":true}]}}