{"id":1300,"date":"2025-07-25T14:12:15","date_gmt":"2025-07-25T12:12:15","guid":{"rendered":"https:\/\/dev.wemarry.io\/templates\/"},"modified":"2025-12-22T10:57:33","modified_gmt":"2025-12-22T09:57:33","slug":"templates","status":"publish","type":"page","link":"https:\/\/wemarry.io\/en\/templates\/","title":{"rendered":"Templates"},"content":{"rendered":"\n<div class=\"gb-element-564f45ed\">\n<h1 class=\"wp-block-heading has-text-align-center\" style=\"padding-top:0;padding-right:var(--wp--preset--spacing--10);padding-bottom:0;padding-left:var(--wp--preset--spacing--10)\">A unique look for your wedding website<\/h1>\n\n\n\n<p class=\"has-text-align-center\" style=\"padding-top:0;padding-right:var(--wp--preset--spacing--10);padding-bottom:0;padding-left:var(--wp--preset--spacing--10)\">Choose a template that best reflects the mood of your wedding. Check out examples of wedding websites created on WeMarry. <\/p>\n<\/div>\n\n\n\n<div class=\"gbp-section gb-element-2ef5d7a6\">\n<div class=\"gbp-section__inner gb-element-95a79524\">\n<div class=\"gb-element-9ea64b5e\">\n<div class=\"gb-element-c667d959\">\n<p class=\"gb-text gb-text-1739cbec\">Modern<\/p>\n\n\n\n<p class=\"gb-text gb-text-1fa60ac4\">Modern look<\/p>\n\n\n\n<a class=\"gb-text gb-text-8708b7f5\" href=\"https:\/\/modern.wemarry.io\/\">Preview<\/a>\n\n\n\n<div class=\"gb-element-65bbe7a2\">\n<figure class=\"wp-block-image size-large is-resized\" style=\"margin-top:0;margin-bottom:0\"><img decoding=\"async\" width=\"1024\" height=\"739\" src=\"https:\/\/wemarry.io\/wp-content\/uploads\/2025\/10\/iPed_modern-1024x739.png\" alt=\"\" class=\"wp-image-1040\" style=\"width:300px\" srcset=\"https:\/\/wemarry.io\/wp-content\/uploads\/2025\/10\/iPed_modern-1024x739.png 1024w, https:\/\/wemarry.io\/wp-content\/uploads\/2025\/10\/iPed_modern-300x217.png 300w, https:\/\/wemarry.io\/wp-content\/uploads\/2025\/10\/iPed_modern-768x554.png 768w, https:\/\/wemarry.io\/wp-content\/uploads\/2025\/10\/iPed_modern.png 1291w\" sizes=\"(max-width: 1024px) 100vw, 1024px\" \/><\/figure>\n<\/div>\n<\/div>\n\n\n\n<div class=\"gb-element-080b7645\">\n<p class=\"gb-text gb-text-25bf9f22\">Elegant <\/p>\n\n\n\n<p class=\"gb-text gb-text-de713bfe\">Elegant look<\/p>\n\n\n\n<a class=\"gb-text gb-text-e4689d79\" href=\"https:\/\/elegant.wemarry.io\/\">Preview<\/a>\n\n\n\n<div class=\"gb-element-80a7f163\">\n<figure class=\"wp-block-image size-large is-resized\" style=\"margin-top:0;margin-bottom:0\"><img decoding=\"async\" width=\"1024\" height=\"739\" src=\"https:\/\/wemarry.io\/wp-content\/uploads\/2025\/10\/iPed_elegant-1024x739.png\" alt=\"\" class=\"wp-image-1042\" style=\"width:300px\" srcset=\"https:\/\/wemarry.io\/wp-content\/uploads\/2025\/10\/iPed_elegant-1024x739.png 1024w, https:\/\/wemarry.io\/wp-content\/uploads\/2025\/10\/iPed_elegant-300x217.png 300w, https:\/\/wemarry.io\/wp-content\/uploads\/2025\/10\/iPed_elegant-768x554.png 768w, https:\/\/wemarry.io\/wp-content\/uploads\/2025\/10\/iPed_elegant.png 1291w\" sizes=\"(max-width: 1024px) 100vw, 1024px\" \/><\/figure>\n<\/div>\n<\/div>\n\n\n\n<div class=\"gb-element-55615419\">\n<p class=\"gb-text gb-text-3defd358\">Playful <\/p>\n\n\n\n<p class=\"gb-text gb-text-d0d3c3ad\">Playful look<\/p>\n\n\n\n<a class=\"gb-text gb-text-32ffb175\" href=\"https:\/\/playful.wemarry.io\/\">Preview<\/a>\n\n\n\n<div class=\"gb-element-e11880ba\">\n<figure class=\"wp-block-image size-large is-resized\" style=\"margin-top:0;margin-bottom:0\"><img decoding=\"async\" width=\"1024\" height=\"739\" src=\"https:\/\/wemarry.io\/wp-content\/uploads\/2025\/10\/iPed_flayful-1024x739.png\" alt=\"\" class=\"wp-image-1039\" style=\"width:300px\" srcset=\"https:\/\/wemarry.io\/wp-content\/uploads\/2025\/10\/iPed_flayful-1024x739.png 1024w, https:\/\/wemarry.io\/wp-content\/uploads\/2025\/10\/iPed_flayful-300x217.png 300w, https:\/\/wemarry.io\/wp-content\/uploads\/2025\/10\/iPed_flayful-768x554.png 768w, https:\/\/wemarry.io\/wp-content\/uploads\/2025\/10\/iPed_flayful.png 1291w\" sizes=\"(max-width: 1024px) 100vw, 1024px\" \/><\/figure>\n<\/div>\n<\/div>\n<\/div>\n<\/div>\n<\/div>\n\n\n\n<div class=\"gb-element-9868b74e\">\n<div class=\"wp-block-media-text is-stacked-on-mobile\"><figure class=\"wp-block-media-text__media\"><video controls=\"\" src=\"https:\/\/wemarry.io\/wp-content\/uploads\/2025\/09\/color-change.mp4\"><\/video><\/figure><div class=\"wp-block-media-text__content\">\n<h2 class=\"wp-block-heading\">Your Wedding = Your Style<\/h2>\n\n\n\n<p>You can customize the templates to your exact preferences. Change the colors to best suit your wedding. Plus, WeMarry automatically calculates the colors so that they always match and everything is legible.  <\/p>\n<\/div><\/div>\n\n\n\n<div class=\"wp-block-media-text has-media-on-the-right is-stacked-on-mobile\"><div class=\"wp-block-media-text__content\">\n<h2 class=\"wp-block-heading\">Changing the template = 1 click<\/h2>\n\n\n\n<p>Can&#8217;t decide which template to dress your wedding website in? No problem! You can change templates whenever you want and don&#8217;t have to worry about losing the information that is already on the website.  <\/p>\n<\/div><figure class=\"wp-block-media-text__media\"><video controls=\"\" src=\"https:\/\/wemarry.io\/wp-content\/uploads\/2025\/09\/theme-change.mp4\"><\/video><\/figure><\/div>\n\n\n\n<p><\/p>\n<\/div>\n","protected":false},"excerpt":{"rendered":"<p>A unique look for your wedding website Choose a template that best reflects the mood of your wedding. Check out examples of wedding websites created on WeMarry. Modern Modern look Preview Elegant Elegant look Preview Playful Playful look Preview Your Wedding = Your Style You can customize the templates to your exact preferences. Change the [&hellip;]<\/p>\n","protected":false},"author":1,"featured_media":0,"parent":0,"menu_order":0,"comment_status":"closed","ping_status":"closed","template":"","meta":{"_acf_changed":false,"footnotes":""},"class_list":["post-1300","page","type-page","status-publish","hentry"],"acf":[],"yoast_head":"<!-- This site is optimized with the Yoast SEO plugin v27.4 - https:\/\/yoast.com\/product\/yoast-seo-wordpress\/ -->\n<title>Wedding Website Examples<\/title>\n<meta name=\"description\" content=\"Get inspiration for your wedding website and browse examples of our stylish templates. With WeMarry, you&#039;ll enjoy wedding planning.\" \/>\n<meta name=\"robots\" content=\"index, follow, max-snippet:-1, max-image-preview:large, max-video-preview:-1\" \/>\n<link rel=\"canonical\" href=\"https:\/\/wemarry.io\/cs\/sablony-pro-svatebni-web\/\" \/>\n<meta property=\"og:locale\" content=\"en_US\" \/>\n<meta property=\"og:type\" content=\"article\" \/>\n<meta property=\"og:title\" content=\"Wedding Website Examples\" \/>\n<meta property=\"og:description\" content=\"Get inspiration for your wedding website and browse examples of our stylish templates. With WeMarry, you&#039;ll enjoy wedding planning.\" \/>\n<meta property=\"og:url\" content=\"https:\/\/wemarry.io\/cs\/sablony-pro-svatebni-web\/\" \/>\n<meta property=\"og:site_name\" content=\"WeMarry\" \/>\n<meta property=\"article:modified_time\" content=\"2025-12-22T09:57:33+00:00\" \/>\n<meta property=\"og:image\" content=\"https:\/\/wemarry.io\/wp-content\/uploads\/2025\/10\/iPed_modern-1024x739.png\" \/>\n<meta name=\"twitter:card\" content=\"summary_large_image\" \/>\n<script type=\"application\/ld+json\" class=\"yoast-schema-graph\">{\"@context\":\"https:\\\/\\\/schema.org\",\"@graph\":[{\"@type\":\"WebPage\",\"@id\":\"https:\\\/\\\/wemarry.io\\\/cs\\\/sablony-pro-svatebni-web\\\/\",\"url\":\"https:\\\/\\\/wemarry.io\\\/cs\\\/sablony-pro-svatebni-web\\\/\",\"name\":\"Wedding Website Examples\",\"isPartOf\":{\"@id\":\"https:\\\/\\\/wemarry.io\\\/cs\\\/#website\"},\"primaryImageOfPage\":{\"@id\":\"https:\\\/\\\/wemarry.io\\\/cs\\\/sablony-pro-svatebni-web\\\/#primaryimage\"},\"image\":{\"@id\":\"https:\\\/\\\/wemarry.io\\\/cs\\\/sablony-pro-svatebni-web\\\/#primaryimage\"},\"thumbnailUrl\":\"https:\\\/\\\/wemarry.io\\\/wp-content\\\/uploads\\\/2025\\\/10\\\/iPed_modern-1024x739.png\",\"datePublished\":\"2025-07-25T12:12:15+00:00\",\"dateModified\":\"2025-12-22T09:57:33+00:00\",\"description\":\"Get inspiration for your wedding website and browse examples of our stylish templates. With WeMarry, you'll enjoy wedding planning.\",\"breadcrumb\":{\"@id\":\"https:\\\/\\\/wemarry.io\\\/cs\\\/sablony-pro-svatebni-web\\\/#breadcrumb\"},\"inLanguage\":\"en-US\",\"potentialAction\":[{\"@type\":\"ReadAction\",\"target\":[\"https:\\\/\\\/wemarry.io\\\/cs\\\/sablony-pro-svatebni-web\\\/\"]}]},{\"@type\":\"ImageObject\",\"inLanguage\":\"en-US\",\"@id\":\"https:\\\/\\\/wemarry.io\\\/cs\\\/sablony-pro-svatebni-web\\\/#primaryimage\",\"url\":\"https:\\\/\\\/wemarry.io\\\/wp-content\\\/uploads\\\/2025\\\/10\\\/iPed_modern-1024x739.png\",\"contentUrl\":\"https:\\\/\\\/wemarry.io\\\/wp-content\\\/uploads\\\/2025\\\/10\\\/iPed_modern-1024x739.png\"},{\"@type\":\"BreadcrumbList\",\"@id\":\"https:\\\/\\\/wemarry.io\\\/cs\\\/sablony-pro-svatebni-web\\\/#breadcrumb\",\"itemListElement\":[{\"@type\":\"ListItem\",\"position\":1,\"name\":\"Dom\u016f\",\"item\":\"https:\\\/\\\/wemarry.io\\\/cs\\\/\"},{\"@type\":\"ListItem\",\"position\":2,\"name\":\"Templates\"}]},{\"@type\":\"WebSite\",\"@id\":\"https:\\\/\\\/wemarry.io\\\/cs\\\/#website\",\"url\":\"https:\\\/\\\/wemarry.io\\\/cs\\\/\",\"name\":\"WeMarry\",\"description\":\"Napl\u00e1nujte si svou vysn\u011bnou svatbu bez stresu. wemarry.io v\u00e1m p\u0159in\u00e1\u0161\u00ed modern\u00ed svatebn\u00ed web, digit\u00e1ln\u00ed pozv\u00e1nky a online potvrzen\u00ed \u00fa\u010dasti (RSVP) na jednom m\u00edst\u011b. U\u0161et\u0159ete des\u00edtky hodin p\u0159i organizaci a sd\u00edlejte radost s hosty elegantn\u011b a online.\",\"publisher\":{\"@id\":\"https:\\\/\\\/wemarry.io\\\/cs\\\/#organization\"},\"potentialAction\":[{\"@type\":\"SearchAction\",\"target\":{\"@type\":\"EntryPoint\",\"urlTemplate\":\"https:\\\/\\\/wemarry.io\\\/cs\\\/?s={search_term_string}\"},\"query-input\":{\"@type\":\"PropertyValueSpecification\",\"valueRequired\":true,\"valueName\":\"search_term_string\"}}],\"inLanguage\":\"en-US\"},{\"@type\":\"Organization\",\"@id\":\"https:\\\/\\\/wemarry.io\\\/cs\\\/#organization\",\"name\":\"WeMarry\",\"url\":\"https:\\\/\\\/wemarry.io\\\/cs\\\/\",\"logo\":{\"@type\":\"ImageObject\",\"inLanguage\":\"en-US\",\"@id\":\"https:\\\/\\\/wemarry.io\\\/cs\\\/#\\\/schema\\\/logo\\\/image\\\/\",\"url\":\"https:\\\/\\\/wemarry.io\\\/wp-content\\\/uploads\\\/2025\\\/09\\\/WeMarry-favicon.svg\",\"contentUrl\":\"https:\\\/\\\/wemarry.io\\\/wp-content\\\/uploads\\\/2025\\\/09\\\/WeMarry-favicon.svg\",\"width\":512,\"height\":512,\"caption\":\"WeMarry\"},\"image\":{\"@id\":\"https:\\\/\\\/wemarry.io\\\/cs\\\/#\\\/schema\\\/logo\\\/image\\\/\"}}]}<\/script>\n<!-- \/ Yoast SEO plugin. -->","yoast_head_json":{"title":"Wedding Website Examples","description":"Get inspiration for your wedding website and browse examples of our stylish templates. With WeMarry, you'll enjoy wedding planning.","robots":{"index":"index","follow":"follow","max-snippet":"max-snippet:-1","max-image-preview":"max-image-preview:large","max-video-preview":"max-video-preview:-1"},"canonical":"https:\/\/wemarry.io\/cs\/sablony-pro-svatebni-web\/","og_locale":"en_US","og_type":"article","og_title":"Wedding Website Examples","og_description":"Get inspiration for your wedding website and browse examples of our stylish templates. With WeMarry, you'll enjoy wedding planning.","og_url":"https:\/\/wemarry.io\/cs\/sablony-pro-svatebni-web\/","og_site_name":"WeMarry","article_modified_time":"2025-12-22T09:57:33+00:00","og_image":[{"url":"https:\/\/wemarry.io\/wp-content\/uploads\/2025\/10\/iPed_modern-1024x739.png","type":"","width":"","height":""}],"twitter_card":"summary_large_image","schema":{"@context":"https:\/\/schema.org","@graph":[{"@type":"WebPage","@id":"https:\/\/wemarry.io\/cs\/sablony-pro-svatebni-web\/","url":"https:\/\/wemarry.io\/cs\/sablony-pro-svatebni-web\/","name":"Wedding Website Examples","isPartOf":{"@id":"https:\/\/wemarry.io\/cs\/#website"},"primaryImageOfPage":{"@id":"https:\/\/wemarry.io\/cs\/sablony-pro-svatebni-web\/#primaryimage"},"image":{"@id":"https:\/\/wemarry.io\/cs\/sablony-pro-svatebni-web\/#primaryimage"},"thumbnailUrl":"https:\/\/wemarry.io\/wp-content\/uploads\/2025\/10\/iPed_modern-1024x739.png","datePublished":"2025-07-25T12:12:15+00:00","dateModified":"2025-12-22T09:57:33+00:00","description":"Get inspiration for your wedding website and browse examples of our stylish templates. With WeMarry, you'll enjoy wedding planning.","breadcrumb":{"@id":"https:\/\/wemarry.io\/cs\/sablony-pro-svatebni-web\/#breadcrumb"},"inLanguage":"en-US","potentialAction":[{"@type":"ReadAction","target":["https:\/\/wemarry.io\/cs\/sablony-pro-svatebni-web\/"]}]},{"@type":"ImageObject","inLanguage":"en-US","@id":"https:\/\/wemarry.io\/cs\/sablony-pro-svatebni-web\/#primaryimage","url":"https:\/\/wemarry.io\/wp-content\/uploads\/2025\/10\/iPed_modern-1024x739.png","contentUrl":"https:\/\/wemarry.io\/wp-content\/uploads\/2025\/10\/iPed_modern-1024x739.png"},{"@type":"BreadcrumbList","@id":"https:\/\/wemarry.io\/cs\/sablony-pro-svatebni-web\/#breadcrumb","itemListElement":[{"@type":"ListItem","position":1,"name":"Dom\u016f","item":"https:\/\/wemarry.io\/cs\/"},{"@type":"ListItem","position":2,"name":"Templates"}]},{"@type":"WebSite","@id":"https:\/\/wemarry.io\/cs\/#website","url":"https:\/\/wemarry.io\/cs\/","name":"WeMarry","description":"Napl\u00e1nujte si svou vysn\u011bnou svatbu bez stresu. wemarry.io v\u00e1m p\u0159in\u00e1\u0161\u00ed modern\u00ed svatebn\u00ed web, digit\u00e1ln\u00ed pozv\u00e1nky a online potvrzen\u00ed \u00fa\u010dasti (RSVP) na jednom m\u00edst\u011b. U\u0161et\u0159ete des\u00edtky hodin p\u0159i organizaci a sd\u00edlejte radost s hosty elegantn\u011b a online.","publisher":{"@id":"https:\/\/wemarry.io\/cs\/#organization"},"potentialAction":[{"@type":"SearchAction","target":{"@type":"EntryPoint","urlTemplate":"https:\/\/wemarry.io\/cs\/?s={search_term_string}"},"query-input":{"@type":"PropertyValueSpecification","valueRequired":true,"valueName":"search_term_string"}}],"inLanguage":"en-US"},{"@type":"Organization","@id":"https:\/\/wemarry.io\/cs\/#organization","name":"WeMarry","url":"https:\/\/wemarry.io\/cs\/","logo":{"@type":"ImageObject","inLanguage":"en-US","@id":"https:\/\/wemarry.io\/cs\/#\/schema\/logo\/image\/","url":"https:\/\/wemarry.io\/wp-content\/uploads\/2025\/09\/WeMarry-favicon.svg","contentUrl":"https:\/\/wemarry.io\/wp-content\/uploads\/2025\/09\/WeMarry-favicon.svg","width":512,"height":512,"caption":"WeMarry"},"image":{"@id":"https:\/\/wemarry.io\/cs\/#\/schema\/logo\/image\/"}}]}},"_links":{"self":[{"href":"https:\/\/wemarry.io\/en\/wp-json\/wp\/v2\/pages\/1300","targetHints":{"allow":["GET"]}}],"collection":[{"href":"https:\/\/wemarry.io\/en\/wp-json\/wp\/v2\/pages"}],"about":[{"href":"https:\/\/wemarry.io\/en\/wp-json\/wp\/v2\/types\/page"}],"author":[{"embeddable":true,"href":"https:\/\/wemarry.io\/en\/wp-json\/wp\/v2\/users\/1"}],"replies":[{"embeddable":true,"href":"https:\/\/wemarry.io\/en\/wp-json\/wp\/v2\/comments?post=1300"}],"version-history":[{"count":2,"href":"https:\/\/wemarry.io\/en\/wp-json\/wp\/v2\/pages\/1300\/revisions"}],"predecessor-version":[{"id":1560,"href":"https:\/\/wemarry.io\/en\/wp-json\/wp\/v2\/pages\/1300\/revisions\/1560"}],"wp:attachment":[{"href":"https:\/\/wemarry.io\/en\/wp-json\/wp\/v2\/media?parent=1300"}],"curies":[{"name":"wp","href":"https:\/\/api.w.org\/{rel}","templated":true}]}}