{"id":1485,"date":"2025-07-25T14:34:28","date_gmt":"2025-07-25T12:34:28","guid":{"rendered":"https:\/\/dev.wemarry.io\/how-to-create-a-wedding-website\/"},"modified":"2025-12-22T11:17:39","modified_gmt":"2025-12-22T10:17:39","slug":"how-to-create-a-wedding-website","status":"publish","type":"page","link":"https:\/\/wemarry.io\/en\/how-to-create-a-wedding-website\/","title":{"rendered":"How to create a wedding website?"},"content":{"rendered":"\n<div class=\"gb-element-eff3c292\">\n<h1 class=\"wp-block-heading has-text-align-center\" style=\"padding-top:0;padding-right:var(--wp--preset--spacing--10);padding-bottom:0;padding-left:var(--wp--preset--spacing--10)\">Instructions on how to create a wedding website<\/h1>\n\n\n\n<p class=\"has-text-align-center\" style=\"padding-top:0;padding-right:var(--wp--preset--spacing--10);padding-bottom:0;padding-left:var(--wp--preset--spacing--10)\">A short demonstration of how easy it is to create a wedding website on the WeMarry platform and how to maximize its potential.<\/p>\n<\/div>\n\n\n\n<figure class=\"wp-block-embed is-type-video is-provider-youtube wp-block-embed-youtube wp-embed-aspect-16-9 wp-has-aspect-ratio\"><div class=\"wp-block-embed__wrapper\">\n<iframe loading=\"lazy\" title=\"N\u00e1vod: Jak funguje WeMarry\" width=\"500\" height=\"281\" src=\"https:\/\/www.youtube.com\/embed\/X2uNMUPL6W4?feature=oembed\" frameborder=\"0\" allow=\"accelerometer; autoplay; clipboard-write; encrypted-media; gyroscope; picture-in-picture; web-share\" referrerpolicy=\"strict-origin-when-cross-origin\" allowfullscreen><\/iframe>\n<\/div><\/figure>\n\n\n\n<div class=\"gb-element-4ffa02d2\">\n<h1 class=\"wp-block-heading has-text-align-center\" style=\"padding-top:0;padding-bottom:0\">If you don&#8217;t want to watch the video<\/h1>\n<\/div>\n\n\n\n<div class=\"wp-block-media-text has-media-on-the-right is-stacked-on-mobile\"><div class=\"wp-block-media-text__content\">\n<h2 class=\"wp-block-heading\">1. Complete registration<\/h2>\n\n\n\n<p>To create a website, you need to register.<\/p>\n\n\n\n<p>You can do this by clicking the <strong>Register<\/strong> button in the upper right corner or the <strong>Try<\/strong> button in the middle of the homepage.<\/p>\n\n\n\n<p><strong>Fill in your email<\/strong> and complete the registration. You can edit the entered data at any time later. <\/p>\n<\/div><figure class=\"wp-block-media-text__media\"><video controls=\"\" src=\"https:\/\/wemarry.io\/wp-content\/uploads\/2025\/09\/sign-up.mp4\"><\/video><\/figure><\/div>\n\n\n\n<div class=\"wp-block-media-text is-stacked-on-mobile\"><figure class=\"wp-block-media-text__media\"><video controls=\"\" src=\"https:\/\/wemarry.io\/wp-content\/uploads\/2025\/09\/editor.mp4\"><\/video><\/figure><div class=\"wp-block-media-text__content\">\n<h2 class=\"wp-block-heading\">2. Filling in information<\/h2>\n\n\n\n<p>Editing the website is very intuitive. In the left part of the screen you will see the <g id=\"gid_0\">editor<\/g> divided into sections. In the right part you will see the current <strong>website preview<\/strong>.  <\/p>\n\n\n\n<p>You can easily add a <strong>second language<\/strong> to the website in the <strong>Settings<\/strong> tab.<strong> <\/strong>The language version is <strong>not translated automatically<\/strong>, so you have to fill it in yourself.<\/p>\n\n\n\n<p>The <strong>date format<\/strong> of the wedding is set automatically according to the device&#8217;s system, not according to the language of the website, i.e. if you have the system in English, you will see the date in English format even on the Czech version of the website. <\/p>\n\n\n\n<p>You can easily upload <strong>photos<\/strong> via the button&nbsp;<strong>Upload<\/strong>. From any device you need, you don&#8217;t have to move them to a computer or tablet. <\/p>\n\n\n\n<p>After filling in the information, don&#8217;t forget to click the <strong>Save Changes<\/strong> button.<\/p>\n<\/div><\/div>\n\n\n\n<div class=\"wp-block-media-text has-media-on-the-right is-stacked-on-mobile\"><div class=\"wp-block-media-text__content\">\n<h2 class=\"wp-block-heading\">3. Choosing a template and other appearance adjustments<\/h2>\n\n\n\n<p>If you want to try how your website would look in a different design, you can change the template at any time in the <strong>Appearance<\/strong> tab.<\/p>\n\n\n\n<p>In this tab you can <strong>select a template, change colors and other elements<\/strong> on your wedding website.<\/p>\n\n\n\n<p>You <strong>can edit<\/strong> the appearance of the website at any time, even after it has been published and sent to wedding guests.<\/p>\n<\/div><figure class=\"wp-block-media-text__media\"><video controls=\"\" src=\"https:\/\/wemarry.io\/wp-content\/uploads\/2025\/09\/theme-change.mp4\"><\/video><\/figure><\/div>\n\n\n\n<div class=\"wp-block-media-text is-stacked-on-mobile\"><figure class=\"wp-block-media-text__media\"><video controls=\"\" src=\"https:\/\/wemarry.io\/wp-content\/uploads\/2025\/09\/wedding-gifts.mp4\"><\/video><\/figure><div class=\"wp-block-media-text__content\">\n<h2 class=\"wp-block-heading\">4. Wedding gifts<\/h2>\n\n\n\n<p>In the wedding gifts section, you can let guests know what you would like and you have several options.<\/p>\n\n\n\n<ul class=\"wp-block-list\">\n<li><strong>QR payment<\/strong> &#8211; it is becoming increasingly common for material gifts to be replaced by financial resources. However, some people do not want to donate large amounts in cash, so we have added the option to upload a QR code to the website, where you only need to generate a payment in your online banking and you can be sure that <strong>the money will go where it should<\/strong>. <\/li>\n\n\n\n<li><strong>List of gifts<\/strong> &#8211; you also have the option to list material gifts that would make you happy, and <strong>you can add a link<\/strong> directly to the dream gift for each item.<\/li>\n\n\n\n<li><strong>Gift reservation<\/strong> &#8211; to avoid the situation where several identical gifts meet at the wedding, guests have the option to reserve a gift <strong>in the RSVP form<\/strong>, which is then <strong>crossed out<\/strong> in the list, to make it clear that this gift has already been taken care of.<\/li>\n<\/ul>\n<\/div><\/div>\n\n\n\n<div class=\"wp-block-media-text has-media-on-the-right is-stacked-on-mobile\"><div class=\"wp-block-media-text__content\">\n<h2 class=\"wp-block-heading\">5. Participation confirmation form<\/h2>\n\n\n\n<p>First, set the form password in the <strong>Settings<\/strong> tab. <strong>The password is mandatory<\/strong> and cannot be turned off for security reasons.<\/p>\n\n\n\n<p>So that guests do not have to enter a password, you can send them a <strong>special link<\/strong> that <strong>automatically unlocks<\/strong> the form. This link will be on the Dashboard under the QR code after payment. <\/p>\n\n\n\n<p>In the form editor you will see the <strong>Built-in questions<\/strong> and <strong>Custom questions<\/strong> tabs. Fill in the questions that will <strong>help you plan your wedding<\/strong>. <\/p>\n\n\n\n<p>You will see the total number of confirmed guests and children on the <strong>Dashboard<\/strong>. You can find individual guest responses in the <strong>Invitations<\/strong> section. <\/p>\n<\/div><figure class=\"wp-block-media-text__media\"><video controls=\"\" src=\"https:\/\/wemarry.io\/wp-content\/uploads\/2025\/09\/RSVP-form.mp4\"><\/video><\/figure><\/div>\n\n\n\n<div class=\"wp-block-media-text is-stacked-on-mobile\"><figure class=\"wp-block-media-text__media\"><video controls=\"\" src=\"https:\/\/wemarry.io\/wp-content\/uploads\/2025\/09\/payment.mp4\"><\/video><\/figure><div class=\"wp-block-media-text__content\">\n<h2 class=\"wp-block-heading\">6. Payment and domain selection<\/h2>\n\n\n\n<p>You can <strong>try creating a website for free<\/strong>. If you want to share your wedding website with friends and take advantage of its potential, you need to publish the website. <\/p>\n\n\n\n<p>You can publish your wedding website by clicking the <strong>Pay<\/strong> button. You can pay easily by card. <\/p>\n\n\n\n<p>After payment, you will see the option to <strong>Select a domain<\/strong>. You have two options to choose from. <\/p>\n\n\n\n<ul class=\"wp-block-list\">\n<li><strong>WeMarry domain<\/strong> &#8211; simply select the prefix and the main domain on which your website will be available, <strong>e.g. modern.wemarry.io <\/strong>.<\/li>\n\n\n\n<li><strong>Custom domain<\/strong> &#8211; if you have purchased your own domain <strong>e.g. novakovi.cz <\/strong> you will see instructions on how to change the DNS records, after which your website will be available at that address.<\/li>\n<\/ul>\n<\/div><\/div>\n\n\n\n<div class=\"wp-block-media-text has-media-on-the-right is-stacked-on-mobile\"><div class=\"wp-block-media-text__content\">\n<h2 class=\"wp-block-heading\">7. Sending out invitations<\/h2>\n\n\n\n<p>You have filled in the website, paid for it and now you would like to invite wedding guests. With WeMarry you have <strong>several options<\/strong>. <\/p>\n\n\n\n<ul class=\"wp-block-list\">\n<li><strong>Link without password<\/strong> &#8211; if you send guests an ordinary link to the website, e.g. modern.wemarry.io, keep in mind that <strong>guests will need a password<\/strong> to confirm their participation in the wedding. <\/li>\n\n\n\n<li><strong>Link with password<\/strong> &#8211; after payment, you will see a link on the dashboard that will contain the password in the URL. In that case, the <strong>form will unlock automatically<\/strong> and guests do not have to fill it out. <\/li>\n\n\n\n<li><strong>Send by e-mail<\/strong> &#8211; if you know the e-mail addresses of your guests, you can send them invitations directly to their inbox. This method has the advantage that WeMarry recognizes whether guests have filled out the form and if not, <strong>it will automatically remind them<\/strong>. <\/li>\n<\/ul>\n<\/div><figure class=\"wp-block-media-text__media\"><video controls=\"\" src=\"https:\/\/wemarry.io\/wp-content\/uploads\/2025\/09\/invites.mp4\"><\/video><\/figure><\/div>\n\n\n\n<div class=\"wp-block-media-text is-stacked-on-mobile\"><figure class=\"wp-block-media-text__media\"><video controls=\"\" src=\"https:\/\/wemarry.io\/wp-content\/uploads\/2025\/09\/dashboard.mp4\"><\/video><\/figure><div class=\"wp-block-media-text__content\">\n<h2 class=\"wp-block-heading\">8. Dashboard<\/h2>\n\n\n\n<p>The dashboard functions as an <strong>overview and guide<\/strong> to other sections of the WeMarry application.<\/p>\n\n\n\n<p>You will also find a countdown to the wedding, an overview of guests, a TO DO list, a <strong>QR code to download<\/strong> or a link with which guests will not have to enter a password to the form.<\/p>\n\n\n\n<p>You can <strong>add the QR code or link to the wedding website<\/strong> to the wedding announcement so that guests know where to find all the important details about your wedding.<\/p>\n<\/div><\/div>\n\n\n\n<p><\/p>\n","protected":false},"excerpt":{"rendered":"<p>Instructions on how to create a wedding website A short demonstration of how easy it is to create a wedding website on the WeMarry platform and how to maximize its potential. If you don&#8217;t want to watch the video 1. Complete registration To create a website, you need to register. You can do this by [&hellip;]<\/p>\n","protected":false},"author":1,"featured_media":0,"parent":0,"menu_order":0,"comment_status":"closed","ping_status":"closed","template":"","meta":{"_acf_changed":false,"footnotes":""},"class_list":["post-1485","page","type-page","status-publish","hentry"],"acf":[],"yoast_head":"<!-- This site is optimized with the Yoast SEO plugin v27.4 - https:\/\/yoast.com\/product\/yoast-seo-wordpress\/ -->\n<title>How to create a wedding website?<\/title>\n<meta name=\"description\" content=\"Read how to create a wedding website on WeMarry and what options it offers for easier wedding planning.\" \/>\n<meta name=\"robots\" content=\"index, follow, max-snippet:-1, max-image-preview:large, max-video-preview:-1\" \/>\n<link rel=\"canonical\" href=\"https:\/\/wemarry.io\/cs\/jak-vytvorit-svatebni-web-wemarry\/\" \/>\n<meta property=\"og:locale\" content=\"en_US\" \/>\n<meta property=\"og:type\" content=\"article\" \/>\n<meta property=\"og:title\" content=\"How to create a wedding website?\" \/>\n<meta property=\"og:description\" content=\"Read how to create a wedding website on WeMarry and what options it offers for easier wedding planning.\" \/>\n<meta property=\"og:url\" content=\"https:\/\/wemarry.io\/cs\/jak-vytvorit-svatebni-web-wemarry\/\" \/>\n<meta property=\"og:site_name\" content=\"WeMarry\" \/>\n<meta property=\"article:modified_time\" content=\"2025-12-22T10:17:39+00:00\" \/>\n<meta name=\"twitter:card\" content=\"summary_large_image\" \/>\n<meta name=\"twitter:label1\" content=\"Est. reading time\" \/>\n\t<meta name=\"twitter:data1\" content=\"5 minutes\" \/>\n<script type=\"application\/ld+json\" class=\"yoast-schema-graph\">{\"@context\":\"https:\\\/\\\/schema.org\",\"@graph\":[{\"@type\":\"WebPage\",\"@id\":\"https:\\\/\\\/wemarry.io\\\/cs\\\/jak-vytvorit-svatebni-web-wemarry\\\/\",\"url\":\"https:\\\/\\\/wemarry.io\\\/cs\\\/jak-vytvorit-svatebni-web-wemarry\\\/\",\"name\":\"How to create a wedding website?\",\"isPartOf\":{\"@id\":\"https:\\\/\\\/wemarry.io\\\/cs\\\/#website\"},\"datePublished\":\"2025-07-25T12:34:28+00:00\",\"dateModified\":\"2025-12-22T10:17:39+00:00\",\"description\":\"Read how to create a wedding website on WeMarry and what options it offers for easier wedding planning.\",\"breadcrumb\":{\"@id\":\"https:\\\/\\\/wemarry.io\\\/cs\\\/jak-vytvorit-svatebni-web-wemarry\\\/#breadcrumb\"},\"inLanguage\":\"en-US\",\"potentialAction\":[{\"@type\":\"ReadAction\",\"target\":[\"https:\\\/\\\/wemarry.io\\\/cs\\\/jak-vytvorit-svatebni-web-wemarry\\\/\"]}]},{\"@type\":\"BreadcrumbList\",\"@id\":\"https:\\\/\\\/wemarry.io\\\/cs\\\/jak-vytvorit-svatebni-web-wemarry\\\/#breadcrumb\",\"itemListElement\":[{\"@type\":\"ListItem\",\"position\":1,\"name\":\"Dom\u016f\",\"item\":\"https:\\\/\\\/wemarry.io\\\/cs\\\/\"},{\"@type\":\"ListItem\",\"position\":2,\"name\":\"How to create a wedding website?\"}]},{\"@type\":\"WebSite\",\"@id\":\"https:\\\/\\\/wemarry.io\\\/cs\\\/#website\",\"url\":\"https:\\\/\\\/wemarry.io\\\/cs\\\/\",\"name\":\"WeMarry\",\"description\":\"Napl\u00e1nujte si svou vysn\u011bnou svatbu bez stresu. wemarry.io v\u00e1m p\u0159in\u00e1\u0161\u00ed modern\u00ed svatebn\u00ed web, digit\u00e1ln\u00ed pozv\u00e1nky a online potvrzen\u00ed \u00fa\u010dasti (RSVP) na jednom m\u00edst\u011b. U\u0161et\u0159ete des\u00edtky hodin p\u0159i organizaci a sd\u00edlejte radost s hosty elegantn\u011b a online.\",\"publisher\":{\"@id\":\"https:\\\/\\\/wemarry.io\\\/cs\\\/#organization\"},\"potentialAction\":[{\"@type\":\"SearchAction\",\"target\":{\"@type\":\"EntryPoint\",\"urlTemplate\":\"https:\\\/\\\/wemarry.io\\\/cs\\\/?s={search_term_string}\"},\"query-input\":{\"@type\":\"PropertyValueSpecification\",\"valueRequired\":true,\"valueName\":\"search_term_string\"}}],\"inLanguage\":\"en-US\"},{\"@type\":\"Organization\",\"@id\":\"https:\\\/\\\/wemarry.io\\\/cs\\\/#organization\",\"name\":\"WeMarry\",\"url\":\"https:\\\/\\\/wemarry.io\\\/cs\\\/\",\"logo\":{\"@type\":\"ImageObject\",\"inLanguage\":\"en-US\",\"@id\":\"https:\\\/\\\/wemarry.io\\\/cs\\\/#\\\/schema\\\/logo\\\/image\\\/\",\"url\":\"https:\\\/\\\/wemarry.io\\\/wp-content\\\/uploads\\\/2025\\\/09\\\/WeMarry-favicon.svg\",\"contentUrl\":\"https:\\\/\\\/wemarry.io\\\/wp-content\\\/uploads\\\/2025\\\/09\\\/WeMarry-favicon.svg\",\"width\":512,\"height\":512,\"caption\":\"WeMarry\"},\"image\":{\"@id\":\"https:\\\/\\\/wemarry.io\\\/cs\\\/#\\\/schema\\\/logo\\\/image\\\/\"}}]}<\/script>\n<!-- \/ Yoast SEO plugin. -->","yoast_head_json":{"title":"How to create a wedding website?","description":"Read how to create a wedding website on WeMarry and what options it offers for easier wedding planning.","robots":{"index":"index","follow":"follow","max-snippet":"max-snippet:-1","max-image-preview":"max-image-preview:large","max-video-preview":"max-video-preview:-1"},"canonical":"https:\/\/wemarry.io\/cs\/jak-vytvorit-svatebni-web-wemarry\/","og_locale":"en_US","og_type":"article","og_title":"How to create a wedding website?","og_description":"Read how to create a wedding website on WeMarry and what options it offers for easier wedding planning.","og_url":"https:\/\/wemarry.io\/cs\/jak-vytvorit-svatebni-web-wemarry\/","og_site_name":"WeMarry","article_modified_time":"2025-12-22T10:17:39+00:00","twitter_card":"summary_large_image","twitter_misc":{"Est. reading time":"5 minutes"},"schema":{"@context":"https:\/\/schema.org","@graph":[{"@type":"WebPage","@id":"https:\/\/wemarry.io\/cs\/jak-vytvorit-svatebni-web-wemarry\/","url":"https:\/\/wemarry.io\/cs\/jak-vytvorit-svatebni-web-wemarry\/","name":"How to create a wedding website?","isPartOf":{"@id":"https:\/\/wemarry.io\/cs\/#website"},"datePublished":"2025-07-25T12:34:28+00:00","dateModified":"2025-12-22T10:17:39+00:00","description":"Read how to create a wedding website on WeMarry and what options it offers for easier wedding planning.","breadcrumb":{"@id":"https:\/\/wemarry.io\/cs\/jak-vytvorit-svatebni-web-wemarry\/#breadcrumb"},"inLanguage":"en-US","potentialAction":[{"@type":"ReadAction","target":["https:\/\/wemarry.io\/cs\/jak-vytvorit-svatebni-web-wemarry\/"]}]},{"@type":"BreadcrumbList","@id":"https:\/\/wemarry.io\/cs\/jak-vytvorit-svatebni-web-wemarry\/#breadcrumb","itemListElement":[{"@type":"ListItem","position":1,"name":"Dom\u016f","item":"https:\/\/wemarry.io\/cs\/"},{"@type":"ListItem","position":2,"name":"How to create a wedding website?"}]},{"@type":"WebSite","@id":"https:\/\/wemarry.io\/cs\/#website","url":"https:\/\/wemarry.io\/cs\/","name":"WeMarry","description":"Napl\u00e1nujte si svou vysn\u011bnou svatbu bez stresu. wemarry.io v\u00e1m p\u0159in\u00e1\u0161\u00ed modern\u00ed svatebn\u00ed web, digit\u00e1ln\u00ed pozv\u00e1nky a online potvrzen\u00ed \u00fa\u010dasti (RSVP) na jednom m\u00edst\u011b. U\u0161et\u0159ete des\u00edtky hodin p\u0159i organizaci a sd\u00edlejte radost s hosty elegantn\u011b a online.","publisher":{"@id":"https:\/\/wemarry.io\/cs\/#organization"},"potentialAction":[{"@type":"SearchAction","target":{"@type":"EntryPoint","urlTemplate":"https:\/\/wemarry.io\/cs\/?s={search_term_string}"},"query-input":{"@type":"PropertyValueSpecification","valueRequired":true,"valueName":"search_term_string"}}],"inLanguage":"en-US"},{"@type":"Organization","@id":"https:\/\/wemarry.io\/cs\/#organization","name":"WeMarry","url":"https:\/\/wemarry.io\/cs\/","logo":{"@type":"ImageObject","inLanguage":"en-US","@id":"https:\/\/wemarry.io\/cs\/#\/schema\/logo\/image\/","url":"https:\/\/wemarry.io\/wp-content\/uploads\/2025\/09\/WeMarry-favicon.svg","contentUrl":"https:\/\/wemarry.io\/wp-content\/uploads\/2025\/09\/WeMarry-favicon.svg","width":512,"height":512,"caption":"WeMarry"},"image":{"@id":"https:\/\/wemarry.io\/cs\/#\/schema\/logo\/image\/"}}]}},"_links":{"self":[{"href":"https:\/\/wemarry.io\/en\/wp-json\/wp\/v2\/pages\/1485","targetHints":{"allow":["GET"]}}],"collection":[{"href":"https:\/\/wemarry.io\/en\/wp-json\/wp\/v2\/pages"}],"about":[{"href":"https:\/\/wemarry.io\/en\/wp-json\/wp\/v2\/types\/page"}],"author":[{"embeddable":true,"href":"https:\/\/wemarry.io\/en\/wp-json\/wp\/v2\/users\/1"}],"replies":[{"embeddable":true,"href":"https:\/\/wemarry.io\/en\/wp-json\/wp\/v2\/comments?post=1485"}],"version-history":[{"count":2,"href":"https:\/\/wemarry.io\/en\/wp-json\/wp\/v2\/pages\/1485\/revisions"}],"predecessor-version":[{"id":1584,"href":"https:\/\/wemarry.io\/en\/wp-json\/wp\/v2\/pages\/1485\/revisions\/1584"}],"wp:attachment":[{"href":"https:\/\/wemarry.io\/en\/wp-json\/wp\/v2\/media?parent=1485"}],"curies":[{"name":"wp","href":"https:\/\/api.w.org\/{rel}","templated":true}]}}