{"id":1494,"date":"2025-07-25T14:41:23","date_gmt":"2025-07-25T12:41:23","guid":{"rendered":"https:\/\/dev.wemarry.io\/for-wedding-agencies-and-coordinators\/"},"modified":"2025-12-22T11:13:11","modified_gmt":"2025-12-22T10:13:11","slug":"for-wedding-agencies-and-coordinators","status":"publish","type":"page","link":"https:\/\/wemarry.io\/en\/for-wedding-agencies-and-coordinators\/","title":{"rendered":"For wedding agencies and coordinators"},"content":{"rendered":"\n<div class=\"gb-element-eff3c292\">\n<h1 class=\"wp-block-heading has-text-align-center\" style=\"padding-top:0;padding-right:var(--wp--preset--spacing--10);padding-bottom:0;padding-left:var(--wp--preset--spacing--10)\">Easily plan your clients&#8217; weddings from one place<\/h1>\n<\/div>\n\n\n\n<div class=\"wp-block-media-text has-media-on-the-right is-stacked-on-mobile\"><div class=\"wp-block-media-text__content\">\n<h2 class=\"wp-block-heading\">We have a special interface for wedding planners.<\/h2>\n\n\n\n<p>You have <strong>everything<\/strong> clearly <strong>in one place<\/strong><\/p>\n\n\n\n<p>You&#8217;ll <strong>save<\/strong> <strong>time and money<\/strong> associated with wedding planning<\/p>\n\n\n\n<p>You&#8217;ll <strong>offer better services<\/strong> to your customers<\/p>\n<\/div><figure class=\"wp-block-media-text__media\"><video controls=\"\" src=\"https:\/\/wemarry.io\/wp-content\/uploads\/2025\/09\/agency-account.mp4\"><\/video><\/figure><\/div>\n\n\n\n<div class=\"wp-block-media-text is-stacked-on-mobile\"><figure class=\"wp-block-media-text__media\"><img decoding=\"async\" width=\"1512\" height=\"1008\" src=\"https:\/\/wemarry.io\/wp-content\/uploads\/2025\/09\/mockup.avif\" alt=\"\" class=\"wp-image-261 size-full\"><\/figure><div class=\"wp-block-media-text__content\">\n<h2 class=\"wp-block-heading\">How can a wedding website help you?<\/h2>\n\n\n\n<ul class=\"wp-block-list\">\n<li>Guests have all the <strong>important information<\/strong> about the wedding <strong>in one place 24\/7<\/strong><\/li>\n\n\n\n<li>Thanks to RSVP confirmations, you <strong>have an overview of<\/strong> invited <strong>guests<\/strong> and their preferences, e.g. diets, etc. <\/li>\n\n\n\n<li>Easily add a <strong>second language for foreign guests<\/strong> so nothing is lost in translation<\/li>\n\n\n\n<li>It is <strong>cheaper<\/strong> and more environmentally friendly <strong>than printed<\/strong> announcements, or works great as a complement to them<\/li>\n\n\n\n<li>After the wedding, you can use the website as a <strong>wedding gallery<\/strong><\/li>\n<\/ul>\n<\/div><\/div>\n","protected":false},"excerpt":{"rendered":"<p>Easily plan your clients&#8217; weddings from one place We have a special interface for wedding planners. You have everything clearly in one place You&#8217;ll save time and money associated with wedding planning You&#8217;ll offer better services to your customers<\/p>\n","protected":false},"author":1,"featured_media":0,"parent":0,"menu_order":0,"comment_status":"closed","ping_status":"closed","template":"","meta":{"_acf_changed":false,"footnotes":""},"class_list":["post-1494","page","type-page","status-publish","hentry"],"acf":[],"yoast_head":"<!-- This site is optimized with the Yoast SEO plugin v27.4 - https:\/\/yoast.com\/product\/yoast-seo-wordpress\/ -->\n<title>Account for wedding agencies and coordinators<\/title>\n<meta name=\"description\" content=\"Thanks to a special type of account, WeMarry is a great tool for wedding agencies and coordinators who want to do their work in a modern and efficient way.\" \/>\n<meta name=\"robots\" content=\"index, follow, max-snippet:-1, max-image-preview:large, max-video-preview:-1\" \/>\n<link rel=\"canonical\" href=\"https:\/\/wemarry.io\/cs\/pro-svatebni-agentury-a-koordinatory\/\" \/>\n<meta property=\"og:locale\" content=\"en_US\" \/>\n<meta property=\"og:type\" content=\"article\" \/>\n<meta property=\"og:title\" content=\"Account for wedding agencies and coordinators\" \/>\n<meta property=\"og:description\" content=\"Thanks to a special type of account, WeMarry is a great tool for wedding agencies and coordinators who want to do their work in a modern and efficient way.\" \/>\n<meta property=\"og:url\" content=\"https:\/\/wemarry.io\/cs\/pro-svatebni-agentury-a-koordinatory\/\" \/>\n<meta property=\"og:site_name\" content=\"WeMarry\" \/>\n<meta property=\"article:modified_time\" content=\"2025-12-22T10:13:11+00:00\" \/>\n<meta property=\"og:image\" content=\"https:\/\/wemarry.io\/wp-content\/uploads\/2025\/09\/mockup.avif\" \/>\n<meta name=\"twitter:card\" content=\"summary_large_image\" \/>\n<meta name=\"twitter:label1\" content=\"Est. reading time\" \/>\n\t<meta name=\"twitter:data1\" content=\"1 minute\" \/>\n<script type=\"application\/ld+json\" class=\"yoast-schema-graph\">{\"@context\":\"https:\\\/\\\/schema.org\",\"@graph\":[{\"@type\":\"WebPage\",\"@id\":\"https:\\\/\\\/wemarry.io\\\/cs\\\/pro-svatebni-agentury-a-koordinatory\\\/\",\"url\":\"https:\\\/\\\/wemarry.io\\\/cs\\\/pro-svatebni-agentury-a-koordinatory\\\/\",\"name\":\"Account for wedding agencies and coordinators\",\"isPartOf\":{\"@id\":\"https:\\\/\\\/wemarry.io\\\/cs\\\/#website\"},\"primaryImageOfPage\":{\"@id\":\"https:\\\/\\\/wemarry.io\\\/cs\\\/pro-svatebni-agentury-a-koordinatory\\\/#primaryimage\"},\"image\":{\"@id\":\"https:\\\/\\\/wemarry.io\\\/cs\\\/pro-svatebni-agentury-a-koordinatory\\\/#primaryimage\"},\"thumbnailUrl\":\"https:\\\/\\\/wemarry.io\\\/wp-content\\\/uploads\\\/2025\\\/09\\\/mockup.avif\",\"datePublished\":\"2025-07-25T12:41:23+00:00\",\"dateModified\":\"2025-12-22T10:13:11+00:00\",\"description\":\"Thanks to a special type of account, WeMarry is a great tool for wedding agencies and coordinators who want to do their work in a modern and efficient way.\",\"breadcrumb\":{\"@id\":\"https:\\\/\\\/wemarry.io\\\/cs\\\/pro-svatebni-agentury-a-koordinatory\\\/#breadcrumb\"},\"inLanguage\":\"en-US\",\"potentialAction\":[{\"@type\":\"ReadAction\",\"target\":[\"https:\\\/\\\/wemarry.io\\\/cs\\\/pro-svatebni-agentury-a-koordinatory\\\/\"]}]},{\"@type\":\"ImageObject\",\"inLanguage\":\"en-US\",\"@id\":\"https:\\\/\\\/wemarry.io\\\/cs\\\/pro-svatebni-agentury-a-koordinatory\\\/#primaryimage\",\"url\":\"https:\\\/\\\/wemarry.io\\\/wp-content\\\/uploads\\\/2025\\\/09\\\/mockup.avif\",\"contentUrl\":\"https:\\\/\\\/wemarry.io\\\/wp-content\\\/uploads\\\/2025\\\/09\\\/mockup.avif\"},{\"@type\":\"BreadcrumbList\",\"@id\":\"https:\\\/\\\/wemarry.io\\\/cs\\\/pro-svatebni-agentury-a-koordinatory\\\/#breadcrumb\",\"itemListElement\":[{\"@type\":\"ListItem\",\"position\":1,\"name\":\"Dom\u016f\",\"item\":\"https:\\\/\\\/wemarry.io\\\/cs\\\/\"},{\"@type\":\"ListItem\",\"position\":2,\"name\":\"For wedding agencies and coordinators\"}]},{\"@type\":\"WebSite\",\"@id\":\"https:\\\/\\\/wemarry.io\\\/cs\\\/#website\",\"url\":\"https:\\\/\\\/wemarry.io\\\/cs\\\/\",\"name\":\"WeMarry\",\"description\":\"Napl\u00e1nujte si svou vysn\u011bnou svatbu bez stresu. wemarry.io v\u00e1m p\u0159in\u00e1\u0161\u00ed modern\u00ed svatebn\u00ed web, digit\u00e1ln\u00ed pozv\u00e1nky a online potvrzen\u00ed \u00fa\u010dasti (RSVP) na jednom m\u00edst\u011b. U\u0161et\u0159ete des\u00edtky hodin p\u0159i organizaci a sd\u00edlejte radost s hosty elegantn\u011b a online.\",\"publisher\":{\"@id\":\"https:\\\/\\\/wemarry.io\\\/cs\\\/#organization\"},\"potentialAction\":[{\"@type\":\"SearchAction\",\"target\":{\"@type\":\"EntryPoint\",\"urlTemplate\":\"https:\\\/\\\/wemarry.io\\\/cs\\\/?s={search_term_string}\"},\"query-input\":{\"@type\":\"PropertyValueSpecification\",\"valueRequired\":true,\"valueName\":\"search_term_string\"}}],\"inLanguage\":\"en-US\"},{\"@type\":\"Organization\",\"@id\":\"https:\\\/\\\/wemarry.io\\\/cs\\\/#organization\",\"name\":\"WeMarry\",\"url\":\"https:\\\/\\\/wemarry.io\\\/cs\\\/\",\"logo\":{\"@type\":\"ImageObject\",\"inLanguage\":\"en-US\",\"@id\":\"https:\\\/\\\/wemarry.io\\\/cs\\\/#\\\/schema\\\/logo\\\/image\\\/\",\"url\":\"https:\\\/\\\/wemarry.io\\\/wp-content\\\/uploads\\\/2025\\\/09\\\/WeMarry-favicon.svg\",\"contentUrl\":\"https:\\\/\\\/wemarry.io\\\/wp-content\\\/uploads\\\/2025\\\/09\\\/WeMarry-favicon.svg\",\"width\":512,\"height\":512,\"caption\":\"WeMarry\"},\"image\":{\"@id\":\"https:\\\/\\\/wemarry.io\\\/cs\\\/#\\\/schema\\\/logo\\\/image\\\/\"}}]}<\/script>\n<!-- \/ Yoast SEO plugin. -->","yoast_head_json":{"title":"Account for wedding agencies and coordinators","description":"Thanks to a special type of account, WeMarry is a great tool for wedding agencies and coordinators who want to do their work in a modern and efficient way.","robots":{"index":"index","follow":"follow","max-snippet":"max-snippet:-1","max-image-preview":"max-image-preview:large","max-video-preview":"max-video-preview:-1"},"canonical":"https:\/\/wemarry.io\/cs\/pro-svatebni-agentury-a-koordinatory\/","og_locale":"en_US","og_type":"article","og_title":"Account for wedding agencies and coordinators","og_description":"Thanks to a special type of account, WeMarry is a great tool for wedding agencies and coordinators who want to do their work in a modern and efficient way.","og_url":"https:\/\/wemarry.io\/cs\/pro-svatebni-agentury-a-koordinatory\/","og_site_name":"WeMarry","article_modified_time":"2025-12-22T10:13:11+00:00","og_image":[{"url":"https:\/\/wemarry.io\/wp-content\/uploads\/2025\/09\/mockup.avif","type":"","width":"","height":""}],"twitter_card":"summary_large_image","twitter_misc":{"Est. reading time":"1 minute"},"schema":{"@context":"https:\/\/schema.org","@graph":[{"@type":"WebPage","@id":"https:\/\/wemarry.io\/cs\/pro-svatebni-agentury-a-koordinatory\/","url":"https:\/\/wemarry.io\/cs\/pro-svatebni-agentury-a-koordinatory\/","name":"Account for wedding agencies and coordinators","isPartOf":{"@id":"https:\/\/wemarry.io\/cs\/#website"},"primaryImageOfPage":{"@id":"https:\/\/wemarry.io\/cs\/pro-svatebni-agentury-a-koordinatory\/#primaryimage"},"image":{"@id":"https:\/\/wemarry.io\/cs\/pro-svatebni-agentury-a-koordinatory\/#primaryimage"},"thumbnailUrl":"https:\/\/wemarry.io\/wp-content\/uploads\/2025\/09\/mockup.avif","datePublished":"2025-07-25T12:41:23+00:00","dateModified":"2025-12-22T10:13:11+00:00","description":"Thanks to a special type of account, WeMarry is a great tool for wedding agencies and coordinators who want to do their work in a modern and efficient way.","breadcrumb":{"@id":"https:\/\/wemarry.io\/cs\/pro-svatebni-agentury-a-koordinatory\/#breadcrumb"},"inLanguage":"en-US","potentialAction":[{"@type":"ReadAction","target":["https:\/\/wemarry.io\/cs\/pro-svatebni-agentury-a-koordinatory\/"]}]},{"@type":"ImageObject","inLanguage":"en-US","@id":"https:\/\/wemarry.io\/cs\/pro-svatebni-agentury-a-koordinatory\/#primaryimage","url":"https:\/\/wemarry.io\/wp-content\/uploads\/2025\/09\/mockup.avif","contentUrl":"https:\/\/wemarry.io\/wp-content\/uploads\/2025\/09\/mockup.avif"},{"@type":"BreadcrumbList","@id":"https:\/\/wemarry.io\/cs\/pro-svatebni-agentury-a-koordinatory\/#breadcrumb","itemListElement":[{"@type":"ListItem","position":1,"name":"Dom\u016f","item":"https:\/\/wemarry.io\/cs\/"},{"@type":"ListItem","position":2,"name":"For wedding agencies and coordinators"}]},{"@type":"WebSite","@id":"https:\/\/wemarry.io\/cs\/#website","url":"https:\/\/wemarry.io\/cs\/","name":"WeMarry","description":"Napl\u00e1nujte si svou vysn\u011bnou svatbu bez stresu. wemarry.io v\u00e1m p\u0159in\u00e1\u0161\u00ed modern\u00ed svatebn\u00ed web, digit\u00e1ln\u00ed pozv\u00e1nky a online potvrzen\u00ed \u00fa\u010dasti (RSVP) na jednom m\u00edst\u011b. U\u0161et\u0159ete des\u00edtky hodin p\u0159i organizaci a sd\u00edlejte radost s hosty elegantn\u011b a online.","publisher":{"@id":"https:\/\/wemarry.io\/cs\/#organization"},"potentialAction":[{"@type":"SearchAction","target":{"@type":"EntryPoint","urlTemplate":"https:\/\/wemarry.io\/cs\/?s={search_term_string}"},"query-input":{"@type":"PropertyValueSpecification","valueRequired":true,"valueName":"search_term_string"}}],"inLanguage":"en-US"},{"@type":"Organization","@id":"https:\/\/wemarry.io\/cs\/#organization","name":"WeMarry","url":"https:\/\/wemarry.io\/cs\/","logo":{"@type":"ImageObject","inLanguage":"en-US","@id":"https:\/\/wemarry.io\/cs\/#\/schema\/logo\/image\/","url":"https:\/\/wemarry.io\/wp-content\/uploads\/2025\/09\/WeMarry-favicon.svg","contentUrl":"https:\/\/wemarry.io\/wp-content\/uploads\/2025\/09\/WeMarry-favicon.svg","width":512,"height":512,"caption":"WeMarry"},"image":{"@id":"https:\/\/wemarry.io\/cs\/#\/schema\/logo\/image\/"}}]}},"_links":{"self":[{"href":"https:\/\/wemarry.io\/en\/wp-json\/wp\/v2\/pages\/1494","targetHints":{"allow":["GET"]}}],"collection":[{"href":"https:\/\/wemarry.io\/en\/wp-json\/wp\/v2\/pages"}],"about":[{"href":"https:\/\/wemarry.io\/en\/wp-json\/wp\/v2\/types\/page"}],"author":[{"embeddable":true,"href":"https:\/\/wemarry.io\/en\/wp-json\/wp\/v2\/users\/1"}],"replies":[{"embeddable":true,"href":"https:\/\/wemarry.io\/en\/wp-json\/wp\/v2\/comments?post=1494"}],"version-history":[{"count":1,"href":"https:\/\/wemarry.io\/en\/wp-json\/wp\/v2\/pages\/1494\/revisions"}],"predecessor-version":[{"id":1580,"href":"https:\/\/wemarry.io\/en\/wp-json\/wp\/v2\/pages\/1494\/revisions\/1580"}],"wp:attachment":[{"href":"https:\/\/wemarry.io\/en\/wp-json\/wp\/v2\/media?parent=1494"}],"curies":[{"name":"wp","href":"https:\/\/api.w.org\/{rel}","templated":true}]}}