{"id":1310,"date":"2025-07-25T11:11:50","date_gmt":"2025-07-25T09:11:50","guid":{"rendered":"https:\/\/dev.wemarry.io\/blog\/"},"modified":"2025-12-22T11:01:12","modified_gmt":"2025-12-22T10:01:12","slug":"blog","status":"publish","type":"page","link":"https:\/\/wemarry.io\/pl\/blog\/","title":{"rendered":"Blog"},"content":{"rendered":"\n<div class=\"gb-element-eff3c292\">\n<h1 class=\"wp-block-heading has-text-align-center\" style=\"padding-top:0;padding-right:var(--wp--preset--spacing--10);padding-bottom:0;padding-left:var(--wp--preset--spacing--10)\">Blog \u015blubny<\/h1>\n\n\n\n<p class=\"has-text-align-center\" style=\"padding-top:0;padding-right:var(--wp--preset--spacing--10);padding-bottom:0;padding-left:var(--wp--preset--spacing--10)\">Praktyczne informacje do planowania waszego wielkiego dnia<\/p>\n<\/div>\n\n\n\n<div class=\"gbp-section gb-element-f591134b\">\n<div class=\"gbp-section__inner gb-element-a6e07447\">\n<div><div class=\"gbp-list--unstyled gb-looper-94cc7af1\">\n<article class=\"gb-loop-item gb-loop-item-4c051cd6 post-1459 post type-post status-publish format-standard has-post-thumbnail hentry category-goscie-i-organizacja\">\n<div class=\"gb-element-d4cf4889\">\n<p class=\"gb-text gbp-card__meta-text\"><span>Go\u015bcie i organizacja<\/span><\/p>\n\n\n\n<h2 class=\"gb-text\"><a href=\"https:\/\/wemarry.io\/pl\/prezent-slubny-pieniadze\/\">Prezent \u015blubny &#8211; Pieni\u0105dze<\/a><\/h2>\n\n\n\n<p class=\"gb-text\">Czasy, gdy na \u015blubach wr\u0119czano praktyczne i rzeczowe prezenty, prawdopodobnie ju\u017c min\u0119\u0142y. Wiele par przed \u015blubem ma ju\u017c wsp\u00f3lne mieszkanie wraz z wyposa\u017ceniem. Ponadto trafienie w gust nie jest dzi\u015b \u0142atwe, wi\u0119c pieni\u0105dze jako prezent \u015blubny s\u0105 w\u0142a\u015bciwie pewnym rozwi\u0105zaniem. Pierwsza cz\u0119\u015b\u0107 tego artyku\u0142u b\u0119dzie po\u015bwi\u0119cona go\u015bciom i temu, jak wr\u0119czy\u0107 pieni\u0105dze na \u015blub. Druga [&hellip;]<\/p>\n\n\n\n<div class=\"gb-element-675d2fd9\">\n<div class=\"gb-element-7424f225\">\n<div class=\"gb-text gbp-card__meta-text gb-text-b1c6a3a1\">25. 7. 2025<\/div>\n<\/div>\n<\/div>\n<\/div>\n\n\n\n<a href=\"http:\/\/%7B%7Bpost_permalink%7D%7D\"><img decoding=\"async\" class=\"gb-media-cb8b010e\" src=\"\"><\/a>\n<\/article>\n<\/div><\/div>\n<\/div>\n<\/div>\n\n\n\n\n\n<div class=\"gbp-section gb-element-eb83cfeb\">\n<div class=\"gbp-section__inner gb-element-411810b7\">\n<div><div class=\"gb-looper-28b36fb1\">\n<div class=\"gb-loop-item gb-loop-item-d58a1f78 post-1462 post type-post status-publish format-standard has-post-thumbnail hentry category-goscie-i-organizacja category-planowanie-wesela\">\n<img decoding=\"async\" class=\"gb-media-08fee871\" src=\"\" alt=\"{&lt;wpml_curved wpml_value=&apos;post_title&apos;&gt;&lt;\/wpml_curved&gt;}\">\n\n\n\n<h2 class=\"gb-text gb-text-3e276fc5\"><a href=\"https:\/\/wemarry.io\/pl\/plan-rozmieszczenia-gosci-na-weselu\/\">Plan rozmieszczenia go\u015bci na weselu<\/a><\/h2>\n\n\n\n<p class=\"gb-text gb-text-24e42262\">25. 7. 2025<\/p>\n\n\n\n<p class=\"gb-text\">Jak u\u0142o\u017cy\u0107 plan rozmieszczenia go\u015bci na Twoim weselu? Plan rozmieszczenia go\u015bci na Twojej uczcie weselnej opiera si\u0119 na prostych zwyczajach kulturowych. Porozmawiajmy najpierw o tym, jak u\u0142o\u017cy\u0107 taki plan rozmieszczenia, zak\u0142adaj\u0105c, \u017ce wszyscy si\u0119 lubi\u0105 i nikt z nikim nie ma napi\u0119tych relacji. Plan rozmieszczenia go\u015bci powinien by\u0107 przygotowany i &#8222;opublikowany&#8221; przy wej\u015bciu do sali.<\/p>\n<\/div>\n<\/div>\n\n\n<div class=\"gb-element-0511d2e9 gb-query-loop-pagination\">\n<a class=\"gb-text gb-text-a9866b2b\" href=\"http:\/\/%7B%7Bprevious_posts_page_url%7D%7D\">Poprzednia<\/a>\n\n\n\n\n\n<a class=\"gb-text gb-text-458667c2\" href=\"http:\/\/%7B%7Bnext_posts_page_url%7D%7D\">Nast\u0119pna<\/a>\n<\/div>\n\n\n<\/div>\n<\/div>\n<\/div>\n","protected":false},"excerpt":{"rendered":"<p>Blog \u015blubny Praktyczne informacje do planowania waszego wielkiego dnia<\/p>\n","protected":false},"author":1,"featured_media":0,"parent":0,"menu_order":0,"comment_status":"closed","ping_status":"closed","template":"","meta":{"_acf_changed":false,"footnotes":""},"class_list":["post-1310","page","type-page","status-publish","hentry"],"acf":[],"yoast_head":"<!-- This site is optimized with the Yoast SEO plugin v27.3 - https:\/\/yoast.com\/product\/yoast-seo-wordpress\/ -->\n<title>Blog - WeMarry<\/title>\n<meta name=\"robots\" content=\"index, follow, max-snippet:-1, max-image-preview:large, max-video-preview:-1\" \/>\n<link rel=\"canonical\" href=\"https:\/\/wemarry.io\/cs\/blog\/\" \/>\n<meta property=\"og:locale\" content=\"pl_PL\" \/>\n<meta property=\"og:type\" content=\"article\" \/>\n<meta property=\"og:title\" content=\"Blog - WeMarry\" \/>\n<meta property=\"og:description\" content=\"Blog \u015blubny Praktyczne informacje do planowania waszego wielkiego dnia\" \/>\n<meta property=\"og:url\" content=\"https:\/\/wemarry.io\/cs\/blog\/\" \/>\n<meta property=\"og:site_name\" content=\"WeMarry\" \/>\n<meta property=\"article:modified_time\" content=\"2025-12-22T10:01:12+00:00\" \/>\n<meta name=\"twitter:card\" content=\"summary_large_image\" \/>\n<meta name=\"twitter:label1\" content=\"Szacowany czas czytania\" \/>\n\t<meta name=\"twitter:data1\" content=\"1 minuta\" \/>\n<script type=\"application\/ld+json\" class=\"yoast-schema-graph\">{\"@context\":\"https:\\\/\\\/schema.org\",\"@graph\":[{\"@type\":\"WebPage\",\"@id\":\"https:\\\/\\\/wemarry.io\\\/cs\\\/blog\\\/\",\"url\":\"https:\\\/\\\/wemarry.io\\\/cs\\\/blog\\\/\",\"name\":\"Blog - WeMarry\",\"isPartOf\":{\"@id\":\"https:\\\/\\\/wemarry.io\\\/cs\\\/#website\"},\"datePublished\":\"2025-07-25T09:11:50+00:00\",\"dateModified\":\"2025-12-22T10:01:12+00:00\",\"breadcrumb\":{\"@id\":\"https:\\\/\\\/wemarry.io\\\/cs\\\/blog\\\/#breadcrumb\"},\"inLanguage\":\"pl-PL\",\"potentialAction\":[{\"@type\":\"ReadAction\",\"target\":[\"https:\\\/\\\/wemarry.io\\\/cs\\\/blog\\\/\"]}]},{\"@type\":\"BreadcrumbList\",\"@id\":\"https:\\\/\\\/wemarry.io\\\/cs\\\/blog\\\/#breadcrumb\",\"itemListElement\":[{\"@type\":\"ListItem\",\"position\":1,\"name\":\"Dom\u016f\",\"item\":\"https:\\\/\\\/wemarry.io\\\/cs\\\/\"},{\"@type\":\"ListItem\",\"position\":2,\"name\":\"Blog\"}]},{\"@type\":\"WebSite\",\"@id\":\"https:\\\/\\\/wemarry.io\\\/cs\\\/#website\",\"url\":\"https:\\\/\\\/wemarry.io\\\/cs\\\/\",\"name\":\"WeMarry\",\"description\":\"Napl\u00e1nujte si svou vysn\u011bnou svatbu bez stresu. wemarry.io v\u00e1m p\u0159in\u00e1\u0161\u00ed modern\u00ed svatebn\u00ed web, digit\u00e1ln\u00ed pozv\u00e1nky a online potvrzen\u00ed \u00fa\u010dasti (RSVP) na jednom m\u00edst\u011b. U\u0161et\u0159ete des\u00edtky hodin p\u0159i organizaci a sd\u00edlejte radost s hosty elegantn\u011b a online.\",\"publisher\":{\"@id\":\"https:\\\/\\\/wemarry.io\\\/cs\\\/#organization\"},\"potentialAction\":[{\"@type\":\"SearchAction\",\"target\":{\"@type\":\"EntryPoint\",\"urlTemplate\":\"https:\\\/\\\/wemarry.io\\\/cs\\\/?s={search_term_string}\"},\"query-input\":{\"@type\":\"PropertyValueSpecification\",\"valueRequired\":true,\"valueName\":\"search_term_string\"}}],\"inLanguage\":\"pl-PL\"},{\"@type\":\"Organization\",\"@id\":\"https:\\\/\\\/wemarry.io\\\/cs\\\/#organization\",\"name\":\"WeMarry\",\"url\":\"https:\\\/\\\/wemarry.io\\\/cs\\\/\",\"logo\":{\"@type\":\"ImageObject\",\"inLanguage\":\"pl-PL\",\"@id\":\"https:\\\/\\\/wemarry.io\\\/cs\\\/#\\\/schema\\\/logo\\\/image\\\/\",\"url\":\"https:\\\/\\\/wemarry.io\\\/wp-content\\\/uploads\\\/2025\\\/09\\\/WeMarry-favicon.svg\",\"contentUrl\":\"https:\\\/\\\/wemarry.io\\\/wp-content\\\/uploads\\\/2025\\\/09\\\/WeMarry-favicon.svg\",\"width\":512,\"height\":512,\"caption\":\"WeMarry\"},\"image\":{\"@id\":\"https:\\\/\\\/wemarry.io\\\/cs\\\/#\\\/schema\\\/logo\\\/image\\\/\"}}]}<\/script>\n<!-- \/ Yoast SEO plugin. -->","yoast_head_json":{"title":"Blog - WeMarry","robots":{"index":"index","follow":"follow","max-snippet":"max-snippet:-1","max-image-preview":"max-image-preview:large","max-video-preview":"max-video-preview:-1"},"canonical":"https:\/\/wemarry.io\/cs\/blog\/","og_locale":"pl_PL","og_type":"article","og_title":"Blog - WeMarry","og_description":"Blog \u015blubny Praktyczne informacje do planowania waszego wielkiego dnia","og_url":"https:\/\/wemarry.io\/cs\/blog\/","og_site_name":"WeMarry","article_modified_time":"2025-12-22T10:01:12+00:00","twitter_card":"summary_large_image","twitter_misc":{"Szacowany czas czytania":"1 minuta"},"schema":{"@context":"https:\/\/schema.org","@graph":[{"@type":"WebPage","@id":"https:\/\/wemarry.io\/cs\/blog\/","url":"https:\/\/wemarry.io\/cs\/blog\/","name":"Blog - WeMarry","isPartOf":{"@id":"https:\/\/wemarry.io\/cs\/#website"},"datePublished":"2025-07-25T09:11:50+00:00","dateModified":"2025-12-22T10:01:12+00:00","breadcrumb":{"@id":"https:\/\/wemarry.io\/cs\/blog\/#breadcrumb"},"inLanguage":"pl-PL","potentialAction":[{"@type":"ReadAction","target":["https:\/\/wemarry.io\/cs\/blog\/"]}]},{"@type":"BreadcrumbList","@id":"https:\/\/wemarry.io\/cs\/blog\/#breadcrumb","itemListElement":[{"@type":"ListItem","position":1,"name":"Dom\u016f","item":"https:\/\/wemarry.io\/cs\/"},{"@type":"ListItem","position":2,"name":"Blog"}]},{"@type":"WebSite","@id":"https:\/\/wemarry.io\/cs\/#website","url":"https:\/\/wemarry.io\/cs\/","name":"WeMarry","description":"Napl\u00e1nujte si svou vysn\u011bnou svatbu bez stresu. wemarry.io v\u00e1m p\u0159in\u00e1\u0161\u00ed modern\u00ed svatebn\u00ed web, digit\u00e1ln\u00ed pozv\u00e1nky a online potvrzen\u00ed \u00fa\u010dasti (RSVP) na jednom m\u00edst\u011b. U\u0161et\u0159ete des\u00edtky hodin p\u0159i organizaci a sd\u00edlejte radost s hosty elegantn\u011b a online.","publisher":{"@id":"https:\/\/wemarry.io\/cs\/#organization"},"potentialAction":[{"@type":"SearchAction","target":{"@type":"EntryPoint","urlTemplate":"https:\/\/wemarry.io\/cs\/?s={search_term_string}"},"query-input":{"@type":"PropertyValueSpecification","valueRequired":true,"valueName":"search_term_string"}}],"inLanguage":"pl-PL"},{"@type":"Organization","@id":"https:\/\/wemarry.io\/cs\/#organization","name":"WeMarry","url":"https:\/\/wemarry.io\/cs\/","logo":{"@type":"ImageObject","inLanguage":"pl-PL","@id":"https:\/\/wemarry.io\/cs\/#\/schema\/logo\/image\/","url":"https:\/\/wemarry.io\/wp-content\/uploads\/2025\/09\/WeMarry-favicon.svg","contentUrl":"https:\/\/wemarry.io\/wp-content\/uploads\/2025\/09\/WeMarry-favicon.svg","width":512,"height":512,"caption":"WeMarry"},"image":{"@id":"https:\/\/wemarry.io\/cs\/#\/schema\/logo\/image\/"}}]}},"_links":{"self":[{"href":"https:\/\/wemarry.io\/pl\/wp-json\/wp\/v2\/pages\/1310","targetHints":{"allow":["GET"]}}],"collection":[{"href":"https:\/\/wemarry.io\/pl\/wp-json\/wp\/v2\/pages"}],"about":[{"href":"https:\/\/wemarry.io\/pl\/wp-json\/wp\/v2\/types\/page"}],"author":[{"embeddable":true,"href":"https:\/\/wemarry.io\/pl\/wp-json\/wp\/v2\/users\/1"}],"replies":[{"embeddable":true,"href":"https:\/\/wemarry.io\/pl\/wp-json\/wp\/v2\/comments?post=1310"}],"version-history":[{"count":2,"href":"https:\/\/wemarry.io\/pl\/wp-json\/wp\/v2\/pages\/1310\/revisions"}],"predecessor-version":[{"id":1570,"href":"https:\/\/wemarry.io\/pl\/wp-json\/wp\/v2\/pages\/1310\/revisions\/1570"}],"wp:attachment":[{"href":"https:\/\/wemarry.io\/pl\/wp-json\/wp\/v2\/media?parent=1310"}],"curies":[{"name":"wp","href":"https:\/\/api.w.org\/{rel}","templated":true}]}}