{"id":1316,"date":"2025-07-25T14:07:10","date_gmt":"2025-07-25T12:07:10","guid":{"rendered":"https:\/\/dev.wemarry.io\/faq\/"},"modified":"2025-12-22T11:05:28","modified_gmt":"2025-12-22T10:05:28","slug":"faq","status":"publish","type":"page","link":"https:\/\/wemarry.io\/pl\/faq\/","title":{"rendered":"FAQ"},"content":{"rendered":"\n<div class=\"gb-element-eff3c292\">\n<h1 class=\"wp-block-heading has-text-align-center\" style=\"padding-top:0;padding-right:var(--wp--preset--spacing--10);padding-bottom:0;padding-left:var(--wp--preset--spacing--10)\">Cz\u0119sto zadawane pytania<\/h1>\n\n\n\n<p class=\"has-text-align-center\" style=\"padding-top:0;padding-right:var(--wp--preset--spacing--10);padding-bottom:0;padding-left:var(--wp--preset--spacing--10)\">Odpowiedzi na pytania dotycz\u0105ce WeMarry, kt\u00f3re mog\u0105 si\u0119 przyda\u0107.<\/p>\n<\/div>\n\n\n\n<div class=\"gbp-section gb-element-477e9430\">\n<div class=\"gbp-section__inner gb-element-ee5fb925\">\n<h2 class=\"wp-block-heading has-text-align-center has-large-font-size\">Strona \u015blubna<\/h2>\n\n\n\n<div class=\"gb-accordion\">\n<div class=\"gb-accordion__item gbp-card--border gb-accordion__item-a52dbb8c\">\n<div role=\"button\" tabindex=\"0\" class=\"gb-accordion__toggle gb-accordion__toggle-d5bdb051\" id=\"gb-accordion-toggle-d5bdb051\">\n<h3 class=\"gb-text gbp-card__title gb-text-30b2051f\">Dlaczego warto mie\u0107 stron\u0119 \u015blubn\u0105?<\/h3>\n\n\n\n<span class=\"gb-accordion__toggle-icon gb-accordion__toggle-icon-ea264279\"><span class=\"gb-accordion__toggle-icon-open\"><svg aria-hidden=\"true\" viewbox=\"0 0 256 256\"><rect width=\"256\" height=\"256\" fill=\"none\"\/><polyline points=\"208 96 128 176 48 96\" fill=\"none\" stroke=\"currentColor\" stroke-linecap=\"round\" stroke-linejoin=\"round\" stroke-width=\"16\"><\/polyline><\/svg><\/span><span class=\"gb-accordion__toggle-icon-close\"><svg aria-hidden=\"true\" viewbox=\"0 0 256 256\"><rect width=\"256\" height=\"256\" fill=\"none\"\/><polyline points=\"48 160 128 80 208 160\" fill=\"none\" stroke=\"currentColor\" stroke-linecap=\"round\" stroke-linejoin=\"round\" stroke-width=\"16\"><\/polyline><\/svg><\/span><\/span>\n<\/div>\n\n\n\n<div class=\"gb-accordion__content\" id=\"gb-accordion-content-920a8a11\">\n<div class=\"gb-element-0167bf8c\">\n<p class=\"gb-text\">Planowanie \u015blubu jest ekscytuj\u0105ce i stresuj\u0105ce zarazem. Proste wysy\u0142anie zaprosze\u0144, kontrola liczby go\u015bci i \u0142atwa komunikacja wszystkich wa\u017cnych spraw w jednym miejscu bardzo si\u0119 przydaje. \u017byjemy w erze cyfrowej i czy nam si\u0119 to podoba, czy nie, komunikacja online jest po prostu bardziej efektywna. Ze stron\u0105 nie musisz za nikim biega\u0107 ani niczego t\u0142umaczy\u0107, po prostu wysy\u0142asz link i gotowe.   <\/p>\n<\/div>\n<\/div>\n<\/div>\n\n\n\n<div class=\"gb-accordion__item gbp-card--border gb-accordion__item-6733de50\">\n<div role=\"button\" tabindex=\"0\" class=\"gb-accordion__toggle gb-accordion__toggle-6ab1fb53\" id=\"gb-accordion-toggle-6ab1fb53\">\n<h3 class=\"gb-text gbp-card__title gb-text-87524aa6\">Czy tradycyjne zaproszenia \u015blubne nie wystarcz\u0105?<\/h3>\n\n\n\n<span class=\"gb-accordion__toggle-icon gb-accordion__toggle-icon-ece4051e\"><span class=\"gb-accordion__toggle-icon-open\"><svg aria-hidden=\"true\" viewbox=\"0 0 256 256\"><rect width=\"256\" height=\"256\" fill=\"none\"\/><polyline points=\"208 96 128 176 48 96\" fill=\"none\" stroke=\"currentColor\" stroke-linecap=\"round\" stroke-linejoin=\"round\" stroke-width=\"16\"><\/polyline><\/svg><\/span><span class=\"gb-accordion__toggle-icon-close\"><svg aria-hidden=\"true\" viewbox=\"0 0 256 256\"><rect width=\"256\" height=\"256\" fill=\"none\"\/><polyline points=\"48 160 128 80 208 160\" fill=\"none\" stroke=\"currentColor\" stroke-linecap=\"round\" stroke-linejoin=\"round\" stroke-width=\"16\"><\/polyline><\/svg><\/span><\/span>\n<\/div>\n\n\n\n<div class=\"gb-accordion__content\" id=\"gb-accordion-content-e8731a6a\">\n<div class=\"gb-element-0e2dc08f\">\n<p class=\"gb-text\">Jedno nie wyklucza drugiego. Zaproszenia \u015blubne to tradycja i rado\u015b\u0107 szczeg\u00f3lnie dla rodzic\u00f3w i dziadk\u00f3w. Strona \u015blubna dzia\u0142a bardziej jak asystent w kieszeni, kt\u00f3ry \u0142atwo odpowie na wszystkie pytania, kt\u00f3re mog\u0105 mie\u0107 twoi go\u015bcie.  <\/p>\n<\/div>\n<\/div>\n<\/div>\n\n\n\n<div class=\"gb-accordion__item gbp-card--border gb-accordion__item-b185c5d1\">\n<div role=\"button\" tabindex=\"0\" class=\"gb-accordion__toggle gb-accordion__toggle-a21dda9e\" id=\"gb-accordion-toggle-a21dda9e\">\n<h3 class=\"gb-text gbp-card__title gb-text-1029818d\">Czy mog\u0119 najpierw wypr\u00f3bowa\u0107 za darmo?<\/h3>\n\n\n\n<span class=\"gb-accordion__toggle-icon gb-accordion__toggle-icon-c8aabfe4\"><span class=\"gb-accordion__toggle-icon-open\"><svg aria-hidden=\"true\" viewbox=\"0 0 256 256\"><rect width=\"256\" height=\"256\" fill=\"none\"\/><polyline points=\"208 96 128 176 48 96\" fill=\"none\" stroke=\"currentColor\" stroke-linecap=\"round\" stroke-linejoin=\"round\" stroke-width=\"16\"><\/polyline><\/svg><\/span><span class=\"gb-accordion__toggle-icon-close\"><svg aria-hidden=\"true\" viewbox=\"0 0 256 256\"><rect width=\"256\" height=\"256\" fill=\"none\"\/><polyline points=\"48 160 128 80 208 160\" fill=\"none\" stroke=\"currentColor\" stroke-linecap=\"round\" stroke-linejoin=\"round\" stroke-width=\"16\"><\/polyline><\/svg><\/span><\/span>\n<\/div>\n\n\n\n<div class=\"gb-accordion__content\" id=\"gb-accordion-content-1a8fdd8a\">\n<div class=\"gb-element-77e53ff4\">\n<p class=\"gb-text\">Tak, oczywi\u015bcie! Mo\u017cesz najpierw stworzy\u0107 i edytowa\u0107 stron\u0119 dla siebie. B\u0119dzie ona publiczna dopiero po op\u0142aceniu wybranego planu.  <\/p>\n<\/div>\n<\/div>\n<\/div>\n\n\n\n<div class=\"gb-accordion__item gbp-card--border gb-accordion__item-22d77fce\">\n<div role=\"button\" tabindex=\"0\" class=\"gb-accordion__toggle gb-accordion__toggle-4fa175d4\" id=\"gb-accordion-toggle-4fa175d4\">\n<h3 class=\"gb-text gbp-card__title gb-text-c9213836\">Dlaczego mia\u0142bym p\u0142aci\u0107 za stron\u0119, skoro mog\u0119 j\u0105 zrobi\u0107 za darmo gdzie indziej?<\/h3>\n\n\n\n<span class=\"gb-accordion__toggle-icon gb-accordion__toggle-icon-e9fe6fa9\"><span class=\"gb-accordion__toggle-icon-open\"><svg aria-hidden=\"true\" viewbox=\"0 0 256 256\"><rect width=\"256\" height=\"256\" fill=\"none\"\/><polyline points=\"208 96 128 176 48 96\" fill=\"none\" stroke=\"currentColor\" stroke-linecap=\"round\" stroke-linejoin=\"round\" stroke-width=\"16\"><\/polyline><\/svg><\/span><span class=\"gb-accordion__toggle-icon-close\"><svg aria-hidden=\"true\" viewbox=\"0 0 256 256\"><rect width=\"256\" height=\"256\" fill=\"none\"\/><polyline points=\"48 160 128 80 208 160\" fill=\"none\" stroke=\"currentColor\" stroke-linecap=\"round\" stroke-linejoin=\"round\" stroke-width=\"16\"><\/polyline><\/svg><\/span><\/span>\n<\/div>\n\n\n\n<div class=\"gb-accordion__content\" id=\"gb-accordion-content-28abfac3\">\n<div class=\"gb-element-c1705d81\">\n<p class=\"gb-text\">Do niczego ci\u0119 nie zmuszamy. Je\u015bli potrafisz tworzy\u0107 strony i nie przeszkadza ci sp\u0119dzanie przy tym wielu godzin, czemu nie. My stworzyli\u015bmy platform\u0119 WeMarry z my\u015bl\u0105 o tym, \u017ceby zaoszcz\u0119dzi\u0107 ci czas &#8211; stron\u0119 stworzysz sam, \u0142atwo i w 5 minut, a dodatkowo gwarantujemy, \u017ce b\u0119dzie wygl\u0105da\u0107 pi\u0119knie w ka\u017cdej sytuacji i na ka\u017cdym urz\u0105dzeniu.  <\/p>\n<\/div>\n<\/div>\n<\/div>\n\n\n\n<div class=\"gb-accordion__item gbp-card--border gb-accordion__item-0013a5e6\">\n<div role=\"button\" tabindex=\"0\" class=\"gb-accordion__toggle gb-accordion__toggle-6cb573e9\" id=\"gb-accordion-toggle-6cb573e9\">\n<h3 class=\"gb-text gbp-card__title gb-text-7bf21395\">Co je\u015bli zmieni\u0119 zdanie odno\u015bnie strony?<\/h3>\n\n\n\n<span class=\"gb-accordion__toggle-icon gb-accordion__toggle-icon-95042eeb\"><span class=\"gb-accordion__toggle-icon-open\"><svg aria-hidden=\"true\" viewbox=\"0 0 256 256\"><rect width=\"256\" height=\"256\" fill=\"none\"\/><polyline points=\"208 96 128 176 48 96\" fill=\"none\" stroke=\"currentColor\" stroke-linecap=\"round\" stroke-linejoin=\"round\" stroke-width=\"16\"><\/polyline><\/svg><\/span><span class=\"gb-accordion__toggle-icon-close\"><svg aria-hidden=\"true\" viewbox=\"0 0 256 256\"><rect width=\"256\" height=\"256\" fill=\"none\"\/><polyline points=\"48 160 128 80 208 160\" fill=\"none\" stroke=\"currentColor\" stroke-linecap=\"round\" stroke-linejoin=\"round\" stroke-width=\"16\"><\/polyline><\/svg><\/span><\/span>\n<\/div>\n\n\n\n<div class=\"gb-accordion__content\" id=\"gb-accordion-content-25632167\">\n<div class=\"gb-element-1e388920\">\n<p class=\"gb-text\">Masz na my\u015bli zwrot? Je\u015bli op\u0142acisz stron\u0119 i naprawd\u0119 zdecydujesz, \u017ce jej nie potrzebujesz, wystarczy si\u0119 z nami skontaktowa\u0107, a my bez problemu zwr\u00f3cimy ci pieni\u0105dze. <\/p>\n<\/div>\n<\/div>\n<\/div>\n\n\n\n<div class=\"gb-accordion__item gbp-card--border gb-accordion__item-5dfde5ba\">\n<div role=\"button\" tabindex=\"0\" class=\"gb-accordion__toggle gb-accordion__toggle-35603d0d\" id=\"gb-accordion-toggle-35603d0d\">\n<h3 class=\"gb-text gbp-card__title gb-text-21178c23\">Jak d\u0142ugo moja strona b\u0119dzie dzia\u0142a\u0107?<\/h3>\n\n\n\n<span class=\"gb-accordion__toggle-icon gb-accordion__toggle-icon-bb1d4095\"><span class=\"gb-accordion__toggle-icon-open\"><svg aria-hidden=\"true\" viewbox=\"0 0 256 256\"><rect width=\"256\" height=\"256\" fill=\"none\"\/><polyline points=\"208 96 128 176 48 96\" fill=\"none\" stroke=\"currentColor\" stroke-linecap=\"round\" stroke-linejoin=\"round\" stroke-width=\"16\"><\/polyline><\/svg><\/span><span class=\"gb-accordion__toggle-icon-close\"><svg aria-hidden=\"true\" viewbox=\"0 0 256 256\"><rect width=\"256\" height=\"256\" fill=\"none\"\/><polyline points=\"48 160 128 80 208 160\" fill=\"none\" stroke=\"currentColor\" stroke-linecap=\"round\" stroke-linejoin=\"round\" stroke-width=\"16\"><\/polyline><\/svg><\/span><\/span>\n<\/div>\n\n\n\n<div class=\"gb-accordion__content\" id=\"gb-accordion-content-942cdc59\">\n<div class=\"gb-element-028e8a3c\">\n<p class=\"gb-text\">Twoja strona b\u0119dzie publiczna przez 18 miesi\u0119cy od dokonania p\u0142atno\u015bci.<\/p>\n<\/div>\n<\/div>\n<\/div>\n\n\n\n<div class=\"gb-accordion__item gbp-card--border gb-accordion__item-0cfb911d\">\n<div role=\"button\" tabindex=\"0\" class=\"gb-accordion__toggle gb-accordion__toggle-459c2b2e\" id=\"gb-accordion-toggle-459c2b2e\">\n<h3 class=\"gb-text gbp-card__title gb-text-016055a7\">Czy damy rad\u0119 bez do\u015bwiadczenia w tworzeniu stron?<\/h3>\n\n\n\n<span class=\"gb-accordion__toggle-icon gb-accordion__toggle-icon-21aaaecf\"><span class=\"gb-accordion__toggle-icon-open\"><svg aria-hidden=\"true\" viewbox=\"0 0 256 256\"><rect width=\"256\" height=\"256\" fill=\"none\"\/><polyline points=\"208 96 128 176 48 96\" fill=\"none\" stroke=\"currentColor\" stroke-linecap=\"round\" stroke-linejoin=\"round\" stroke-width=\"16\"><\/polyline><\/svg><\/span><span class=\"gb-accordion__toggle-icon-close\"><svg aria-hidden=\"true\" viewbox=\"0 0 256 256\"><rect width=\"256\" height=\"256\" fill=\"none\"\/><polyline points=\"48 160 128 80 208 160\" fill=\"none\" stroke=\"currentColor\" stroke-linecap=\"round\" stroke-linejoin=\"round\" stroke-width=\"16\"><\/polyline><\/svg><\/span><\/span>\n<\/div>\n\n\n\n<div class=\"gb-accordion__content\" id=\"gb-accordion-content-7f4d3b9e\">\n<div class=\"gb-element-9f62a681\">\n<p class=\"gb-text\">Oczywi\u015bcie! Zarz\u0105dzanie stron\u0105 \u015blubn\u0105 jest proste i intuicyjne. Je\u015bli chcesz mie\u0107 pewno\u015b\u0107, zajrzyj do instrukcji.  <\/p>\n<\/div>\n<\/div>\n<\/div>\n\n\n\n<div class=\"gb-accordion__item gbp-card--border gb-accordion__item-ed696784\">\n<div role=\"button\" tabindex=\"0\" class=\"gb-accordion__toggle gb-accordion__toggle-9babdd4a\" id=\"gb-accordion-toggle-9babdd4a\">\n<h3 class=\"gb-text gbp-card__title gb-text-5ff1d32e\">Czy mo\u017cemy edytowa\u0107 stron\u0119 tak\u017ce na telefonie?<\/h3>\n\n\n\n<span class=\"gb-accordion__toggle-icon gb-accordion__toggle-icon-e3c9819b\"><span class=\"gb-accordion__toggle-icon-open\"><svg aria-hidden=\"true\" viewbox=\"0 0 256 256\"><rect width=\"256\" height=\"256\" fill=\"none\"\/><polyline points=\"208 96 128 176 48 96\" fill=\"none\" stroke=\"currentColor\" stroke-linecap=\"round\" stroke-linejoin=\"round\" stroke-width=\"16\"><\/polyline><\/svg><\/span><span class=\"gb-accordion__toggle-icon-close\"><svg aria-hidden=\"true\" viewbox=\"0 0 256 256\"><rect width=\"256\" height=\"256\" fill=\"none\"\/><polyline points=\"48 160 128 80 208 160\" fill=\"none\" stroke=\"currentColor\" stroke-linecap=\"round\" stroke-linejoin=\"round\" stroke-width=\"16\"><\/polyline><\/svg><\/span><\/span>\n<\/div>\n\n\n\n<div class=\"gb-accordion__content\" id=\"gb-accordion-content-936aff12\">\n<div class=\"gb-element-d80d7bad\">\n<p class=\"gb-text\">Tak. W dzisiejszych czasach trudno sobie wyobrazi\u0107 co\u015b, co nie dzia\u0142a\u0142oby na urz\u0105dzeniach mobilnych. <\/p>\n<\/div>\n<\/div>\n<\/div>\n\n\n\n<div class=\"gb-accordion__item gbp-card--border gb-accordion__item-842e4148\">\n<div role=\"button\" tabindex=\"0\" class=\"gb-accordion__toggle gb-accordion__toggle-f5b47e56\" id=\"gb-accordion-toggle-f5b47e56\">\n<h3 class=\"gb-text gbp-card__title gb-text-86ae7599\">Czy mog\u0119 mie\u0107 stron\u0119 \u015blubn\u0105 na w\u0142asnym adresie URL?<\/h3>\n\n\n\n<span class=\"gb-accordion__toggle-icon gb-accordion__toggle-icon-e56292dd\"><span class=\"gb-accordion__toggle-icon-open\"><svg aria-hidden=\"true\" viewbox=\"0 0 256 256\"><rect width=\"256\" height=\"256\" fill=\"none\"\/><polyline points=\"208 96 128 176 48 96\" fill=\"none\" stroke=\"currentColor\" stroke-linecap=\"round\" stroke-linejoin=\"round\" stroke-width=\"16\"><\/polyline><\/svg><\/span><span class=\"gb-accordion__toggle-icon-close\"><svg aria-hidden=\"true\" viewbox=\"0 0 256 256\"><rect width=\"256\" height=\"256\" fill=\"none\"\/><polyline points=\"48 160 128 80 208 160\" fill=\"none\" stroke=\"currentColor\" stroke-linecap=\"round\" stroke-linejoin=\"round\" stroke-width=\"16\"><\/polyline><\/svg><\/span><\/span>\n<\/div>\n\n\n\n<div class=\"gb-accordion__content\" id=\"gb-accordion-content-05fe828e\">\n<div class=\"gb-element-c922ab34\">\n<p class=\"gb-text\">Tak, je\u015bli masz w\u0142asn\u0105 domen\u0119, po dokonaniu p\u0142atno\u015bci poka\u017cemy ci, jak to zrobi\u0107!<\/p>\n<\/div>\n<\/div>\n<\/div>\n\n\n\n<div class=\"gb-accordion__item gbp-card--border gb-accordion__item-08f0d0c8\">\n<div role=\"button\" tabindex=\"0\" class=\"gb-accordion__toggle gb-accordion__toggle-b3db513b\" id=\"gb-accordion-toggle-b3db513b\">\n<h3 class=\"gb-text gbp-card__title gb-text-c7fce2fe\">Czy mog\u0119 edytowa\u0107 stron\u0119 po jej opublikowaniu?<\/h3>\n\n\n\n<span class=\"gb-accordion__toggle-icon gb-accordion__toggle-icon-769bec36\"><span class=\"gb-accordion__toggle-icon-open\"><svg aria-hidden=\"true\" viewbox=\"0 0 256 256\"><rect width=\"256\" height=\"256\" fill=\"none\"\/><polyline points=\"208 96 128 176 48 96\" fill=\"none\" stroke=\"currentColor\" stroke-linecap=\"round\" stroke-linejoin=\"round\" stroke-width=\"16\"><\/polyline><\/svg><\/span><span class=\"gb-accordion__toggle-icon-close\"><svg aria-hidden=\"true\" viewbox=\"0 0 256 256\"><rect width=\"256\" height=\"256\" fill=\"none\"\/><polyline points=\"48 160 128 80 208 160\" fill=\"none\" stroke=\"currentColor\" stroke-linecap=\"round\" stroke-linejoin=\"round\" stroke-width=\"16\"><\/polyline><\/svg><\/span><\/span>\n<\/div>\n\n\n\n<div class=\"gb-accordion__content\" id=\"gb-accordion-content-59b5c805\">\n<div class=\"gb-element-a33a3989\">\n<p class=\"gb-text\">Oczywi\u015bcie! Mo\u017cesz zmienia\u0107 zawarto\u015b\u0107 strony \u015blubnej i jej szablon w dowolnym momencie. <\/p>\n<\/div>\n<\/div>\n<\/div>\n\n\n\n<div class=\"gb-accordion__item gbp-card--border gb-accordion__item-9938f89b\">\n<div role=\"button\" tabindex=\"0\" class=\"gb-accordion__toggle gb-accordion__toggle-0eac09b2\" id=\"gb-accordion-toggle-0eac09b2\">\n<h3 class=\"gb-text gbp-card__title gb-text-4eadf42e\">Czego nie powinno zabrakn\u0105\u0107 na stronie?<\/h3>\n\n\n\n<span class=\"gb-accordion__toggle-icon gb-accordion__toggle-icon-d1e8a986\"><span class=\"gb-accordion__toggle-icon-open\"><svg aria-hidden=\"true\" viewbox=\"0 0 256 256\"><rect width=\"256\" height=\"256\" fill=\"none\"\/><polyline points=\"208 96 128 176 48 96\" fill=\"none\" stroke=\"currentColor\" stroke-linecap=\"round\" stroke-linejoin=\"round\" stroke-width=\"16\"><\/polyline><\/svg><\/span><span class=\"gb-accordion__toggle-icon-close\"><svg aria-hidden=\"true\" viewbox=\"0 0 256 256\"><rect width=\"256\" height=\"256\" fill=\"none\"\/><polyline points=\"48 160 128 80 208 160\" fill=\"none\" stroke=\"currentColor\" stroke-linecap=\"round\" stroke-linejoin=\"round\" stroke-width=\"16\"><\/polyline><\/svg><\/span><\/span>\n<\/div>\n\n\n\n<div class=\"gb-accordion__content\" id=\"gb-accordion-content-5f86ff31\">\n<div class=\"gb-element-68755e51\">\n<p class=\"gb-text\">O tym pomy\u015bleli\u015bmy za ciebie! Stron\u0119 tworzysz wed\u0142ug w\u0142asnego uznania, ale wst\u0119pnie j\u0105 wype\u0142nili\u015bmy, \u017ceby\u015b wiedzia\u0142, co gdzie pasuje i jak b\u0119dzie wygl\u0105da\u0107. <\/p>\n<\/div>\n<\/div>\n<\/div>\n<\/div>\n<\/div>\n\n\n\n<div class=\"gbp-section__inner gb-element-f3c32fa4\">\n<div class=\"gb-element-fd602984\">\n<h3 class=\"gb-text gbp-section__headline\">Nie znalaz\u0142e\u015b odpowiedzi na swoje pytanie?<\/h3>\n\n\n\n<div class=\"gb-text gbp-section__text\">W takim przypadku wystarczy napisa\u0107 do nas na info@wemarry.io, a odpowiemy w ci\u0105gu jednego dnia roboczego.<\/div>\n\n\n\n<a class=\"gb-text gbp-button--primary gb-text-b3b9c2a3\" href=\"#\">Przycisk<\/a>\n<\/div>\n<\/div>\n<\/div>\n","protected":false},"excerpt":{"rendered":"<p>Cz\u0119sto zadawane pytania Odpowiedzi na pytania dotycz\u0105ce WeMarry, kt\u00f3re mog\u0105 si\u0119 przyda\u0107. Strona \u015blubna Nie znalaz\u0142e\u015b odpowiedzi na swoje pytanie? W takim przypadku wystarczy napisa\u0107 do nas na info@wemarry.io, a odpowiemy w ci\u0105gu jednego dnia roboczego. Przycisk<\/p>\n","protected":false},"author":1,"featured_media":0,"parent":0,"menu_order":0,"comment_status":"closed","ping_status":"closed","template":"","meta":{"_acf_changed":false,"footnotes":""},"class_list":["post-1316","page","type-page","status-publish","hentry"],"acf":[],"yoast_head":"<!-- This site is optimized with the Yoast SEO plugin v27.4 - https:\/\/yoast.com\/product\/yoast-seo-wordpress\/ -->\n<title>FAQ - WeMarry<\/title>\n<meta name=\"robots\" content=\"index, follow, max-snippet:-1, max-image-preview:large, max-video-preview:-1\" \/>\n<link rel=\"canonical\" href=\"https:\/\/wemarry.io\/cs\/faq\/\" \/>\n<meta property=\"og:locale\" content=\"pl_PL\" \/>\n<meta property=\"og:type\" content=\"article\" \/>\n<meta property=\"og:title\" content=\"FAQ - WeMarry\" \/>\n<meta property=\"og:description\" content=\"Cz\u0119sto zadawane pytania Odpowiedzi na pytania dotycz\u0105ce WeMarry, kt\u00f3re mog\u0105 si\u0119 przyda\u0107. Strona \u015blubna Nie znalaz\u0142e\u015b odpowiedzi na swoje pytanie? W takim przypadku wystarczy napisa\u0107 do nas na info@wemarry.io, a odpowiemy w ci\u0105gu jednego dnia roboczego. Przycisk\" \/>\n<meta property=\"og:url\" content=\"https:\/\/wemarry.io\/cs\/faq\/\" \/>\n<meta property=\"og:site_name\" content=\"WeMarry\" \/>\n<meta property=\"article:modified_time\" content=\"2025-12-22T10:05:28+00:00\" \/>\n<meta name=\"twitter:card\" content=\"summary_large_image\" \/>\n<meta name=\"twitter:label1\" content=\"Szacowany czas czytania\" \/>\n\t<meta name=\"twitter:data1\" content=\"2 minuty\" \/>\n<script type=\"application\/ld+json\" class=\"yoast-schema-graph\">{\"@context\":\"https:\\\/\\\/schema.org\",\"@graph\":[{\"@type\":\"WebPage\",\"@id\":\"https:\\\/\\\/wemarry.io\\\/cs\\\/faq\\\/\",\"url\":\"https:\\\/\\\/wemarry.io\\\/cs\\\/faq\\\/\",\"name\":\"FAQ - WeMarry\",\"isPartOf\":{\"@id\":\"https:\\\/\\\/wemarry.io\\\/cs\\\/#website\"},\"datePublished\":\"2025-07-25T12:07:10+00:00\",\"dateModified\":\"2025-12-22T10:05:28+00:00\",\"breadcrumb\":{\"@id\":\"https:\\\/\\\/wemarry.io\\\/cs\\\/faq\\\/#breadcrumb\"},\"inLanguage\":\"pl-PL\",\"potentialAction\":[{\"@type\":\"ReadAction\",\"target\":[\"https:\\\/\\\/wemarry.io\\\/cs\\\/faq\\\/\"]}]},{\"@type\":\"BreadcrumbList\",\"@id\":\"https:\\\/\\\/wemarry.io\\\/cs\\\/faq\\\/#breadcrumb\",\"itemListElement\":[{\"@type\":\"ListItem\",\"position\":1,\"name\":\"Dom\u016f\",\"item\":\"https:\\\/\\\/wemarry.io\\\/cs\\\/\"},{\"@type\":\"ListItem\",\"position\":2,\"name\":\"FAQ\"}]},{\"@type\":\"WebSite\",\"@id\":\"https:\\\/\\\/wemarry.io\\\/cs\\\/#website\",\"url\":\"https:\\\/\\\/wemarry.io\\\/cs\\\/\",\"name\":\"WeMarry\",\"description\":\"Napl\u00e1nujte si svou vysn\u011bnou svatbu bez stresu. wemarry.io v\u00e1m p\u0159in\u00e1\u0161\u00ed modern\u00ed svatebn\u00ed web, digit\u00e1ln\u00ed pozv\u00e1nky a online potvrzen\u00ed \u00fa\u010dasti (RSVP) na jednom m\u00edst\u011b. U\u0161et\u0159ete des\u00edtky hodin p\u0159i organizaci a sd\u00edlejte radost s hosty elegantn\u011b a online.\",\"publisher\":{\"@id\":\"https:\\\/\\\/wemarry.io\\\/cs\\\/#organization\"},\"potentialAction\":[{\"@type\":\"SearchAction\",\"target\":{\"@type\":\"EntryPoint\",\"urlTemplate\":\"https:\\\/\\\/wemarry.io\\\/cs\\\/?s={search_term_string}\"},\"query-input\":{\"@type\":\"PropertyValueSpecification\",\"valueRequired\":true,\"valueName\":\"search_term_string\"}}],\"inLanguage\":\"pl-PL\"},{\"@type\":\"Organization\",\"@id\":\"https:\\\/\\\/wemarry.io\\\/cs\\\/#organization\",\"name\":\"WeMarry\",\"url\":\"https:\\\/\\\/wemarry.io\\\/cs\\\/\",\"logo\":{\"@type\":\"ImageObject\",\"inLanguage\":\"pl-PL\",\"@id\":\"https:\\\/\\\/wemarry.io\\\/cs\\\/#\\\/schema\\\/logo\\\/image\\\/\",\"url\":\"https:\\\/\\\/wemarry.io\\\/wp-content\\\/uploads\\\/2025\\\/09\\\/WeMarry-favicon.svg\",\"contentUrl\":\"https:\\\/\\\/wemarry.io\\\/wp-content\\\/uploads\\\/2025\\\/09\\\/WeMarry-favicon.svg\",\"width\":512,\"height\":512,\"caption\":\"WeMarry\"},\"image\":{\"@id\":\"https:\\\/\\\/wemarry.io\\\/cs\\\/#\\\/schema\\\/logo\\\/image\\\/\"}}]}<\/script>\n<!-- \/ Yoast SEO plugin. -->","yoast_head_json":{"title":"FAQ - WeMarry","robots":{"index":"index","follow":"follow","max-snippet":"max-snippet:-1","max-image-preview":"max-image-preview:large","max-video-preview":"max-video-preview:-1"},"canonical":"https:\/\/wemarry.io\/cs\/faq\/","og_locale":"pl_PL","og_type":"article","og_title":"FAQ - WeMarry","og_description":"Cz\u0119sto zadawane pytania Odpowiedzi na pytania dotycz\u0105ce WeMarry, kt\u00f3re mog\u0105 si\u0119 przyda\u0107. Strona \u015blubna Nie znalaz\u0142e\u015b odpowiedzi na swoje pytanie? W takim przypadku wystarczy napisa\u0107 do nas na info@wemarry.io, a odpowiemy w ci\u0105gu jednego dnia roboczego. Przycisk","og_url":"https:\/\/wemarry.io\/cs\/faq\/","og_site_name":"WeMarry","article_modified_time":"2025-12-22T10:05:28+00:00","twitter_card":"summary_large_image","twitter_misc":{"Szacowany czas czytania":"2 minuty"},"schema":{"@context":"https:\/\/schema.org","@graph":[{"@type":"WebPage","@id":"https:\/\/wemarry.io\/cs\/faq\/","url":"https:\/\/wemarry.io\/cs\/faq\/","name":"FAQ - WeMarry","isPartOf":{"@id":"https:\/\/wemarry.io\/cs\/#website"},"datePublished":"2025-07-25T12:07:10+00:00","dateModified":"2025-12-22T10:05:28+00:00","breadcrumb":{"@id":"https:\/\/wemarry.io\/cs\/faq\/#breadcrumb"},"inLanguage":"pl-PL","potentialAction":[{"@type":"ReadAction","target":["https:\/\/wemarry.io\/cs\/faq\/"]}]},{"@type":"BreadcrumbList","@id":"https:\/\/wemarry.io\/cs\/faq\/#breadcrumb","itemListElement":[{"@type":"ListItem","position":1,"name":"Dom\u016f","item":"https:\/\/wemarry.io\/cs\/"},{"@type":"ListItem","position":2,"name":"FAQ"}]},{"@type":"WebSite","@id":"https:\/\/wemarry.io\/cs\/#website","url":"https:\/\/wemarry.io\/cs\/","name":"WeMarry","description":"Napl\u00e1nujte si svou vysn\u011bnou svatbu bez stresu. wemarry.io v\u00e1m p\u0159in\u00e1\u0161\u00ed modern\u00ed svatebn\u00ed web, digit\u00e1ln\u00ed pozv\u00e1nky a online potvrzen\u00ed \u00fa\u010dasti (RSVP) na jednom m\u00edst\u011b. U\u0161et\u0159ete des\u00edtky hodin p\u0159i organizaci a sd\u00edlejte radost s hosty elegantn\u011b a online.","publisher":{"@id":"https:\/\/wemarry.io\/cs\/#organization"},"potentialAction":[{"@type":"SearchAction","target":{"@type":"EntryPoint","urlTemplate":"https:\/\/wemarry.io\/cs\/?s={search_term_string}"},"query-input":{"@type":"PropertyValueSpecification","valueRequired":true,"valueName":"search_term_string"}}],"inLanguage":"pl-PL"},{"@type":"Organization","@id":"https:\/\/wemarry.io\/cs\/#organization","name":"WeMarry","url":"https:\/\/wemarry.io\/cs\/","logo":{"@type":"ImageObject","inLanguage":"pl-PL","@id":"https:\/\/wemarry.io\/cs\/#\/schema\/logo\/image\/","url":"https:\/\/wemarry.io\/wp-content\/uploads\/2025\/09\/WeMarry-favicon.svg","contentUrl":"https:\/\/wemarry.io\/wp-content\/uploads\/2025\/09\/WeMarry-favicon.svg","width":512,"height":512,"caption":"WeMarry"},"image":{"@id":"https:\/\/wemarry.io\/cs\/#\/schema\/logo\/image\/"}}]}},"_links":{"self":[{"href":"https:\/\/wemarry.io\/pl\/wp-json\/wp\/v2\/pages\/1316","targetHints":{"allow":["GET"]}}],"collection":[{"href":"https:\/\/wemarry.io\/pl\/wp-json\/wp\/v2\/pages"}],"about":[{"href":"https:\/\/wemarry.io\/pl\/wp-json\/wp\/v2\/types\/page"}],"author":[{"embeddable":true,"href":"https:\/\/wemarry.io\/pl\/wp-json\/wp\/v2\/users\/1"}],"replies":[{"embeddable":true,"href":"https:\/\/wemarry.io\/pl\/wp-json\/wp\/v2\/comments?post=1316"}],"version-history":[{"count":2,"href":"https:\/\/wemarry.io\/pl\/wp-json\/wp\/v2\/pages\/1316\/revisions"}],"predecessor-version":[{"id":1574,"href":"https:\/\/wemarry.io\/pl\/wp-json\/wp\/v2\/pages\/1316\/revisions\/1574"}],"wp:attachment":[{"href":"https:\/\/wemarry.io\/pl\/wp-json\/wp\/v2\/media?parent=1316"}],"curies":[{"name":"wp","href":"https:\/\/api.w.org\/{rel}","templated":true}]}}