{"id":1432,"date":"2025-07-25T11:09:10","date_gmt":"2025-07-25T09:09:10","guid":{"rendered":"https:\/\/dev.wemarry.io\/jak-to-dziala\/"},"modified":"2025-12-22T10:55:10","modified_gmt":"2025-12-22T09:55:10","slug":"jak-to-dziala","status":"publish","type":"page","link":"https:\/\/wemarry.io\/pl\/jak-to-dziala\/","title":{"rendered":"Jak to dzia\u0142a"},"content":{"rendered":"\n<div class=\"gb-element-eff3c292\">\n<h1 class=\"wp-block-heading has-text-align-center\" style=\"padding-top:0;padding-right:var(--wp--preset--spacing--10);padding-bottom:0;padding-left:var(--wp--preset--spacing--10)\">Dziel\u0105 Ci\u0119 tylko 2 klikni\u0119cia od idealnego wesela<\/h1>\n\n\n\n<p class=\"has-text-align-center\" style=\"padding-top:0;padding-right:var(--wp--preset--spacing--10);padding-bottom:0;padding-left:var(--wp--preset--spacing--10)\">Zarejestruj si\u0119 w WeMarry za darmo i przekonaj si\u0119, jak zaplanowa\u0107 idealne wesele bez stresu i zamieszania.<\/p>\n<\/div>\n\n\n\n<div class=\"gb-element-d3ac0ebd\">\n<div class=\"wp-block-media-text has-media-on-the-right is-stacked-on-mobile\"><div class=\"wp-block-media-text__content\">\n<h2 class=\"wp-block-heading\">1. Utw\u00f3rz konto w WeMarry<\/h2>\n\n\n\n<p>Wystarczy adres e-mail i mo\u017cesz zaczyna\u0107.<\/p>\n\n\n\n<p>Natychmiast po rejestracji otworzy si\u0119 nasza aplikacja online i mo\u017cesz rozpocz\u0105\u0107 planowanie.<\/p>\n\n\n\n<p><a href=\"https:\/\/wemarry.app\/cs\/auth\/signup\" target=\"_blank\" rel=\"noreferrer noopener\">https:\/\/wemarry.app\/cs\/auth\/signup<\/a><\/p>\n\n\n\n<div class=\"wp-block-buttons is-layout-flex wp-block-buttons-is-layout-flex\"><\/div>\n<\/div><figure class=\"wp-block-media-text__media\"><video controls src=\"https:\/\/wemarry.io\/wp-content\/uploads\/2025\/09\/sign-up.mp4\"><\/video><\/figure><\/div>\n\n\n\n<div class=\"wp-block-media-text is-stacked-on-mobile\"><figure class=\"wp-block-media-text__media\"><video controls src=\"https:\/\/wemarry.io\/wp-content\/uploads\/2025\/09\/editor.mp4\"><\/video><\/figure><div class=\"wp-block-media-text__content\">\n<h2 class=\"wp-block-heading\">2. Stw\u00f3rz swoj\u0105 stron\u0119 \u015blubn\u0105<\/h2>\n\n\n\n<p>Zaraz po rejestracji otworzy si\u0119 edytor stron, gdzie mo\u017cesz stopniowo wprowadza\u0107 informacje o swoim \u015blubie. B\u0119dziesz mie\u0107 do wyboru 3 responsywne szablony, kt\u00f3rych kolorystyk\u0119 mo\u017cesz dostosowa\u0107 do stylu swojego wesela.  <\/p>\n\n\n\n<p>Dodaj formularz RSVP, aby zbiera\u0107 potwierdzenia zaprosze\u0144<\/p>\n\n\n\n<p>Edytuj teksty i dodaj zapieraj\u0105ce dech w piersiach zdj\u0119cie wprowadzaj\u0105ce<\/p>\n\n\n\n<p>Dodaj informacje o lokalizacji, programie wesela czy dress codzie<\/p>\n<\/div><\/div>\n\n\n\n<div class=\"wp-block-media-text has-media-on-the-right is-stacked-on-mobile\"><div class=\"wp-block-media-text__content\">\n<h2 class=\"wp-block-heading\">3. Opublikuj swoj\u0105 stron\u0119 \u015blubn\u0105 za 1 490 K\u010d<\/h2>\n\n\n\n<p>Gdy b\u0119dziesz zadowolony\/a z wygl\u0105du strony, mo\u017cesz j\u0105 opublikowa\u0107.&nbsp;<\/p>\n\n\n\n<ul class=\"wp-block-list\">\n<li>Publikacja strony WeMarry na okres 18 miesi\u0119cy kosztuje 1 490 K\u010d<\/li>\n\n\n\n<li>P\u0142atno\u015b\u0107 mo\u017cliwa kart\u0105 kredytow\u0105 lub przez Apple Pay&nbsp;<\/li>\n\n\n\n<li>Mo\u017cesz edytowa\u0107 stron\u0119 w dowolnym momencie po publikacji&nbsp;<\/li>\n<\/ul>\n\n\n\n<p>Po op\u0142aceniu strony wybierasz domen\u0119, np. novakovi.wemarry.cz, kt\u00f3r\u0105 mo\u017cesz nast\u0119pnie wys\u0142a\u0107 go\u015bciom. Je\u015bli masz w\u0142asn\u0105 domen\u0119, mo\u017cesz j\u0105 \u0142atwo po\u0142\u0105czy\u0107 z WeMarry.  <\/p>\n<\/div><figure class=\"wp-block-media-text__media\"><video controls src=\"https:\/\/wemarry.io\/wp-content\/uploads\/2025\/09\/payment.mp4\"><\/video><\/figure><\/div>\n\n\n\n<div class=\"wp-block-media-text is-stacked-on-mobile\"><figure class=\"wp-block-media-text__media\"><video controls src=\"https:\/\/wemarry.io\/wp-content\/uploads\/2025\/09\/invites.mp4\"><\/video><\/figure><div class=\"wp-block-media-text__content\">\n<h2 class=\"wp-block-heading\">4. Wy\u015blij zaproszenia online<\/h2>\n\n\n\n<p>W sekcji Zaproszenia mo\u017cesz wys\u0142a\u0107 zaproszenia \u015blubne poprzez link do strony lub bezpo\u015brednio na skrzynki mailowe go\u015bci. Na Twojej stronie \u015blubnej znajd\u0105 wszystko, co najwa\u017cniejsze.  <\/p>\n\n\n\n<p>Ka\u017cda strona zawiera formularz RSVP do potwierdzania obecno\u015bci, kt\u00f3ry pomo\u017ce Ci te\u017c zebra\u0107 informacje o go\u015bciach. Dzi\u0119ki niemu dowiesz si\u0119, kt\u00f3rzy go\u015bcie preferuj\u0105 dania wegetaria\u0144skie lub jak\u0105 piosenk\u0119 chc\u0105 us\u0142ysze\u0107 na Twoim weselu. Wszystkie odpowiedzi s\u0105 automatycznie zapisywane w sekcji RSVP. Je\u015bli go\u015bcie nie wype\u0142ni\u0105 formularza, WeMarry automatycznie im o tym przypomni.    <\/p>\n<\/div><\/div>\n\n\n\n<div class=\"wp-block-media-text has-media-on-the-right is-stacked-on-mobile\"><div class=\"wp-block-media-text__content\">\n<h2 class=\"wp-block-heading\">5. WeMarry zajmie si\u0119 komunikacj\u0105 z go\u015b\u0107mi za Ciebie<\/h2>\n\n\n\n<p>Dzi\u0119ki automatycznemu zapisywaniu odpowiedzi z formularza RSVP zaoszcz\u0119dzisz dziesi\u0105tki powtarzaj\u0105cych si\u0119 telefon\u00f3w. Wszystkie wa\u017cne informacje s\u0105 dost\u0119pne dla Twoich go\u015bci 24\/7.  <\/p>\n\n\n\n<p>Udost\u0119pnij list\u0119 prezent\u00f3w, dodaj linki do konkretnych produkt\u00f3w lub kod QR do przekazania prezentu pieni\u0119\u017cnego<\/p>\n\n\n\n<p>Strona mo\u017ce by\u0107 stworzona w kilku wersjach j\u0119zykowych<\/p>\n\n\n\n<p>Mo\u017cesz \u0142atwo wyeksportowa\u0107 odpowiedzi go\u015bci do tabeli<\/p>\n<\/div><figure class=\"wp-block-media-text__media\"><video controls src=\"https:\/\/wemarry.io\/wp-content\/uploads\/2025\/09\/dashboard.mp4\"><\/video><\/figure><\/div>\n\n\n\n<div class=\"wp-block-media-text is-stacked-on-mobile\"><figure class=\"wp-block-media-text__media\"><video controls src=\"https:\/\/wemarry.io\/wp-content\/uploads\/2025\/09\/budgeter.mp4\"><\/video><\/figure><div class=\"wp-block-media-text__content\">\n<h2 class=\"wp-block-heading\">6. Kontroluj sw\u00f3j bud\u017cet za pomoc\u0105 kalkulatora koszt\u00f3w<\/h2>\n\n\n\n<p>Zaplanuj bud\u017cet weselny wed\u0142ug swoich mo\u017cliwo\u015bci finansowych, a nast\u0119pnie \u015bled\u017a wszystkie wydatki i p\u0142atno\u015bci. Mo\u017cesz na bie\u017c\u0105co dostosowywa\u0107 poszczeg\u00f3lne pozycje do aktualnej sytuacji.  &nbsp;<\/p>\n\n\n\n<p>Mniejsze obci\u0105\u017cenie psychiczne przy planowaniu wesela<\/p>\n\n\n\n<p>Graficzne przedstawienie bud\u017cetu i jego bie\u017c\u0105cego wykorzystania<\/p>\n\n\n\n<p>Przegl\u0105d statusu zrealizowanych p\u0142atno\u015bci<\/p>\n<\/div><\/div>\n\n\n\n<div class=\"wp-block-media-text has-media-on-the-right is-stacked-on-mobile\"><div class=\"wp-block-media-text__content\">\n<h2 class=\"wp-block-heading\">7. Zaplanuj rozmieszczenie go\u015bci<\/h2>\n\n\n\n<p>W naszym interaktywnym narz\u0119dziu mo\u017cesz bez ko\u0144ca przesuwa\u0107 sto\u0142y oraz dodawa\u0107 i usuwa\u0107 krzes\u0142a, a\u017c ka\u017cdy go\u015b\u0107 poczuje, \u017ce jego miejsce jest najlepsze.&nbsp;<\/p>\n\n\n\n<ul class=\"wp-block-list\">\n<li>Od razu widzisz wszystkie zmiany w planie rozmieszczenia&nbsp;<\/li>\n\n\n\n<li>Wszystkie kszta\u0142ty i rozmiary sto\u0142\u00f3w, jakie mo\u017cesz sobie wyobrazi\u0107<\/li>\n\n\n\n<li>Mo\u017cesz \u0142atwo pobra\u0107 i wydrukowa\u0107 plan rozmieszczenia<\/li>\n<\/ul>\n\n\n\n<p><a href=\"https:\/\/wemarry.io\/cs\/zasedaci-poradek-svatba\" target=\"_blank\" rel=\"noreferrer noopener\">https:\/\/wemarry.io\/cs\/zasedaci-poradek-svatba<\/a><\/p>\n<\/div><figure class=\"wp-block-media-text__media\"><video controls src=\"https:\/\/wemarry.io\/wp-content\/uploads\/2025\/09\/seating.mp4\"><\/video><\/figure><\/div>\n\n\n\n<div class=\"wp-block-media-text is-stacked-on-mobile\"><figure class=\"wp-block-media-text__media\"><video controls src=\"https:\/\/wemarry.io\/wp-content\/uploads\/2025\/09\/gallery.mp4\"><\/video><\/figure><div class=\"wp-block-media-text__content\">\n<h2 class=\"wp-block-heading\">8. Dziel si\u0119 zdj\u0119ciami z bliskimi<\/h2>\n\n\n\n<p>W dniu \u015blubu Twoja strona \u015blubna zamieni si\u0119 w galeri\u0119 online, gdzie go\u015bcie mog\u0105 przez ca\u0142y dzie\u0144 dzieli\u0107 si\u0119 wszystkimi wzruszaj\u0105cymi momentami bezpo\u015brednio ze swoich telefon\u00f3w. Gdy otrzymasz profesjonalne zdj\u0119cia od fotograf\u00f3w, mo\u017cesz doda\u0107 je do galerii i \u0142atwo przes\u0142a\u0107 go\u015bciom.  <\/p>\n\n\n\n<p>Nie musisz pracowicie wysy\u0142a\u0107 zdj\u0119\u0107 wszystkim mailowo<\/p>\n\n\n\n<p>Go\u015bcie mog\u0105 \u0142atwo udost\u0119pnia\u0107 zdj\u0119cia przez kod QR<\/p>\n\n\n\n<p>Ty i Twoi go\u015bcie macie dost\u0119p do zdj\u0119\u0107 w dowolnym czasie i miejscu<\/p>\n<\/div><\/div>\n\n\n\n<p><\/p>\n<\/div>\n","protected":false},"excerpt":{"rendered":"<p>Dziel\u0105 Ci\u0119 tylko 2 klikni\u0119cia od idealnego wesela Zarejestruj si\u0119 w WeMarry za darmo i przekonaj si\u0119, jak zaplanowa\u0107 idealne wesele bez stresu i zamieszania. 1. Utw\u00f3rz konto w WeMarry Wystarczy adres e-mail i mo\u017cesz zaczyna\u0107. Natychmiast po rejestracji otworzy si\u0119 nasza aplikacja online i mo\u017cesz rozpocz\u0105\u0107 planowanie. https:\/\/wemarry.app\/cs\/auth\/signup 2. Stw\u00f3rz swoj\u0105 stron\u0119 \u015blubn\u0105 Zaraz [&hellip;]<\/p>\n","protected":false},"author":1,"featured_media":0,"parent":0,"menu_order":0,"comment_status":"closed","ping_status":"closed","template":"","meta":{"_acf_changed":false,"footnotes":""},"class_list":["post-1432","page","type-page","status-publish","hentry"],"acf":[],"yoast_head":"<!-- This site is optimized with the Yoast SEO plugin v27.4 - https:\/\/yoast.com\/product\/yoast-seo-wordpress\/ -->\n<title>Jak to dzia\u0142a - WeMarry<\/title>\n<meta name=\"robots\" content=\"index, follow, max-snippet:-1, max-image-preview:large, max-video-preview:-1\" \/>\n<link rel=\"canonical\" href=\"https:\/\/wemarry.io\/pl\/jak-to-dziala\/\" \/>\n<meta property=\"og:locale\" content=\"pl_PL\" \/>\n<meta property=\"og:type\" content=\"article\" \/>\n<meta property=\"og:title\" content=\"Jak to dzia\u0142a - WeMarry\" \/>\n<meta property=\"og:description\" content=\"Dziel\u0105 Ci\u0119 tylko 2 klikni\u0119cia od idealnego wesela Zarejestruj si\u0119 w WeMarry za darmo i przekonaj si\u0119, jak zaplanowa\u0107 idealne wesele bez stresu i zamieszania. 1. Utw\u00f3rz konto w WeMarry Wystarczy adres e-mail i mo\u017cesz zaczyna\u0107. Natychmiast po rejestracji otworzy si\u0119 nasza aplikacja online i mo\u017cesz rozpocz\u0105\u0107 planowanie. https:\/\/wemarry.app\/cs\/auth\/signup 2. Stw\u00f3rz swoj\u0105 stron\u0119 \u015blubn\u0105 Zaraz [&hellip;]\" \/>\n<meta property=\"og:url\" content=\"https:\/\/wemarry.io\/pl\/jak-to-dziala\/\" \/>\n<meta property=\"og:site_name\" content=\"WeMarry\" \/>\n<meta property=\"article:modified_time\" content=\"2025-12-22T09:55:10+00:00\" \/>\n<meta name=\"twitter:card\" content=\"summary_large_image\" \/>\n<meta name=\"twitter:label1\" content=\"Szacowany czas czytania\" \/>\n\t<meta name=\"twitter:data1\" content=\"3 minuty\" \/>\n<script type=\"application\/ld+json\" class=\"yoast-schema-graph\">{\"@context\":\"https:\\\/\\\/schema.org\",\"@graph\":[{\"@type\":\"WebPage\",\"@id\":\"https:\\\/\\\/wemarry.io\\\/pl\\\/jak-to-dziala\\\/\",\"url\":\"https:\\\/\\\/wemarry.io\\\/pl\\\/jak-to-dziala\\\/\",\"name\":\"Jak to dzia\u0142a - WeMarry\",\"isPartOf\":{\"@id\":\"https:\\\/\\\/wemarry.io\\\/cs\\\/#website\"},\"datePublished\":\"2025-07-25T09:09:10+00:00\",\"dateModified\":\"2025-12-22T09:55:10+00:00\",\"breadcrumb\":{\"@id\":\"https:\\\/\\\/wemarry.io\\\/pl\\\/jak-to-dziala\\\/#breadcrumb\"},\"inLanguage\":\"pl-PL\",\"potentialAction\":[{\"@type\":\"ReadAction\",\"target\":[\"https:\\\/\\\/wemarry.io\\\/pl\\\/jak-to-dziala\\\/\"]}]},{\"@type\":\"BreadcrumbList\",\"@id\":\"https:\\\/\\\/wemarry.io\\\/pl\\\/jak-to-dziala\\\/#breadcrumb\",\"itemListElement\":[{\"@type\":\"ListItem\",\"position\":1,\"name\":\"Dom\u016f\",\"item\":\"https:\\\/\\\/wemarry.io\\\/cs\\\/\"},{\"@type\":\"ListItem\",\"position\":2,\"name\":\"Jak to dzia\u0142a\"}]},{\"@type\":\"WebSite\",\"@id\":\"https:\\\/\\\/wemarry.io\\\/cs\\\/#website\",\"url\":\"https:\\\/\\\/wemarry.io\\\/cs\\\/\",\"name\":\"WeMarry\",\"description\":\"Napl\u00e1nujte si svou vysn\u011bnou svatbu bez stresu. wemarry.io v\u00e1m p\u0159in\u00e1\u0161\u00ed modern\u00ed svatebn\u00ed web, digit\u00e1ln\u00ed pozv\u00e1nky a online potvrzen\u00ed \u00fa\u010dasti (RSVP) na jednom m\u00edst\u011b. U\u0161et\u0159ete des\u00edtky hodin p\u0159i organizaci a sd\u00edlejte radost s hosty elegantn\u011b a online.\",\"publisher\":{\"@id\":\"https:\\\/\\\/wemarry.io\\\/cs\\\/#organization\"},\"potentialAction\":[{\"@type\":\"SearchAction\",\"target\":{\"@type\":\"EntryPoint\",\"urlTemplate\":\"https:\\\/\\\/wemarry.io\\\/cs\\\/?s={search_term_string}\"},\"query-input\":{\"@type\":\"PropertyValueSpecification\",\"valueRequired\":true,\"valueName\":\"search_term_string\"}}],\"inLanguage\":\"pl-PL\"},{\"@type\":\"Organization\",\"@id\":\"https:\\\/\\\/wemarry.io\\\/cs\\\/#organization\",\"name\":\"WeMarry\",\"url\":\"https:\\\/\\\/wemarry.io\\\/cs\\\/\",\"logo\":{\"@type\":\"ImageObject\",\"inLanguage\":\"pl-PL\",\"@id\":\"https:\\\/\\\/wemarry.io\\\/cs\\\/#\\\/schema\\\/logo\\\/image\\\/\",\"url\":\"https:\\\/\\\/wemarry.io\\\/wp-content\\\/uploads\\\/2025\\\/09\\\/WeMarry-favicon.svg\",\"contentUrl\":\"https:\\\/\\\/wemarry.io\\\/wp-content\\\/uploads\\\/2025\\\/09\\\/WeMarry-favicon.svg\",\"width\":512,\"height\":512,\"caption\":\"WeMarry\"},\"image\":{\"@id\":\"https:\\\/\\\/wemarry.io\\\/cs\\\/#\\\/schema\\\/logo\\\/image\\\/\"}}]}<\/script>\n<!-- \/ Yoast SEO plugin. -->","yoast_head_json":{"title":"Jak to dzia\u0142a - WeMarry","robots":{"index":"index","follow":"follow","max-snippet":"max-snippet:-1","max-image-preview":"max-image-preview:large","max-video-preview":"max-video-preview:-1"},"canonical":"https:\/\/wemarry.io\/pl\/jak-to-dziala\/","og_locale":"pl_PL","og_type":"article","og_title":"Jak to dzia\u0142a - WeMarry","og_description":"Dziel\u0105 Ci\u0119 tylko 2 klikni\u0119cia od idealnego wesela Zarejestruj si\u0119 w WeMarry za darmo i przekonaj si\u0119, jak zaplanowa\u0107 idealne wesele bez stresu i zamieszania. 1. Utw\u00f3rz konto w WeMarry Wystarczy adres e-mail i mo\u017cesz zaczyna\u0107. Natychmiast po rejestracji otworzy si\u0119 nasza aplikacja online i mo\u017cesz rozpocz\u0105\u0107 planowanie. https:\/\/wemarry.app\/cs\/auth\/signup 2. Stw\u00f3rz swoj\u0105 stron\u0119 \u015blubn\u0105 Zaraz [&hellip;]","og_url":"https:\/\/wemarry.io\/pl\/jak-to-dziala\/","og_site_name":"WeMarry","article_modified_time":"2025-12-22T09:55:10+00:00","twitter_card":"summary_large_image","twitter_misc":{"Szacowany czas czytania":"3 minuty"},"schema":{"@context":"https:\/\/schema.org","@graph":[{"@type":"WebPage","@id":"https:\/\/wemarry.io\/pl\/jak-to-dziala\/","url":"https:\/\/wemarry.io\/pl\/jak-to-dziala\/","name":"Jak to dzia\u0142a - WeMarry","isPartOf":{"@id":"https:\/\/wemarry.io\/cs\/#website"},"datePublished":"2025-07-25T09:09:10+00:00","dateModified":"2025-12-22T09:55:10+00:00","breadcrumb":{"@id":"https:\/\/wemarry.io\/pl\/jak-to-dziala\/#breadcrumb"},"inLanguage":"pl-PL","potentialAction":[{"@type":"ReadAction","target":["https:\/\/wemarry.io\/pl\/jak-to-dziala\/"]}]},{"@type":"BreadcrumbList","@id":"https:\/\/wemarry.io\/pl\/jak-to-dziala\/#breadcrumb","itemListElement":[{"@type":"ListItem","position":1,"name":"Dom\u016f","item":"https:\/\/wemarry.io\/cs\/"},{"@type":"ListItem","position":2,"name":"Jak to dzia\u0142a"}]},{"@type":"WebSite","@id":"https:\/\/wemarry.io\/cs\/#website","url":"https:\/\/wemarry.io\/cs\/","name":"WeMarry","description":"Napl\u00e1nujte si svou vysn\u011bnou svatbu bez stresu. wemarry.io v\u00e1m p\u0159in\u00e1\u0161\u00ed modern\u00ed svatebn\u00ed web, digit\u00e1ln\u00ed pozv\u00e1nky a online potvrzen\u00ed \u00fa\u010dasti (RSVP) na jednom m\u00edst\u011b. U\u0161et\u0159ete des\u00edtky hodin p\u0159i organizaci a sd\u00edlejte radost s hosty elegantn\u011b a online.","publisher":{"@id":"https:\/\/wemarry.io\/cs\/#organization"},"potentialAction":[{"@type":"SearchAction","target":{"@type":"EntryPoint","urlTemplate":"https:\/\/wemarry.io\/cs\/?s={search_term_string}"},"query-input":{"@type":"PropertyValueSpecification","valueRequired":true,"valueName":"search_term_string"}}],"inLanguage":"pl-PL"},{"@type":"Organization","@id":"https:\/\/wemarry.io\/cs\/#organization","name":"WeMarry","url":"https:\/\/wemarry.io\/cs\/","logo":{"@type":"ImageObject","inLanguage":"pl-PL","@id":"https:\/\/wemarry.io\/cs\/#\/schema\/logo\/image\/","url":"https:\/\/wemarry.io\/wp-content\/uploads\/2025\/09\/WeMarry-favicon.svg","contentUrl":"https:\/\/wemarry.io\/wp-content\/uploads\/2025\/09\/WeMarry-favicon.svg","width":512,"height":512,"caption":"WeMarry"},"image":{"@id":"https:\/\/wemarry.io\/cs\/#\/schema\/logo\/image\/"}}]}},"_links":{"self":[{"href":"https:\/\/wemarry.io\/pl\/wp-json\/wp\/v2\/pages\/1432","targetHints":{"allow":["GET"]}}],"collection":[{"href":"https:\/\/wemarry.io\/pl\/wp-json\/wp\/v2\/pages"}],"about":[{"href":"https:\/\/wemarry.io\/pl\/wp-json\/wp\/v2\/types\/page"}],"author":[{"embeddable":true,"href":"https:\/\/wemarry.io\/pl\/wp-json\/wp\/v2\/users\/1"}],"replies":[{"embeddable":true,"href":"https:\/\/wemarry.io\/pl\/wp-json\/wp\/v2\/comments?post=1432"}],"version-history":[{"count":1,"href":"https:\/\/wemarry.io\/pl\/wp-json\/wp\/v2\/pages\/1432\/revisions"}],"predecessor-version":[{"id":1556,"href":"https:\/\/wemarry.io\/pl\/wp-json\/wp\/v2\/pages\/1432\/revisions\/1556"}],"wp:attachment":[{"href":"https:\/\/wemarry.io\/pl\/wp-json\/wp\/v2\/media?parent=1432"}],"curies":[{"name":"wp","href":"https:\/\/api.w.org\/{rel}","templated":true}]}}