{"id":1481,"date":"2025-07-25T14:48:13","date_gmt":"2025-07-25T12:48:13","guid":{"rendered":"https:\/\/dev.wemarry.io\/o-nas\/"},"modified":"2025-07-25T14:48:13","modified_gmt":"2025-07-25T12:48:13","slug":"o-nas","status":"publish","type":"page","link":"https:\/\/wemarry.io\/pl\/o-nas\/","title":{"rendered":"O nas"},"content":{"rendered":"\n<div class=\"gb-element-eff3c292\">\n<h1 class=\"wp-block-heading has-text-align-center\" style=\"padding-top:0;padding-bottom:0\">O nas<\/h1>\n\n\n\n<p class=\"has-text-align-center\" style=\"padding-top:0;padding-right:0;padding-bottom:0;padding-left:0\">WeMarry to ma\u0142y startup z Pragi.<\/p>\n<\/div>\n\n\n\n<div class=\"wp-block-media-text has-media-on-the-right is-stacked-on-mobile\"><div class=\"wp-block-media-text__content\">\n<p>Jeste\u015bmy grup\u0105 wieloletnich przyjaci\u00f3\u0142, kt\u00f3rych \u0142\u0105czy wiele wsp\u00f3lnych do\u015bwiadcze\u0144. Wraz z rozwojem naszych zwi\u0105zk\u00f3w i zwi\u0105zk\u00f3w naszych przyjaci\u00f3\u0142, zacz\u0119\u0142y si\u0119 krystalizowa\u0107 plany \u015blubne.<br>Wszystkie te plany \u0142\u0105czy\u0142 jeden zaskakuj\u0105cy brak &#8211; bardzo niska jako\u015b\u0107 us\u0142ug internetowych do tworzenia stron \u015blubnych. By\u0142o to do\u015b\u0107 szokuj\u0105ce odkrycie, szczeg\u00f3lnie w kontek\u015bcie dzisiejszej ery cyfrowej.<br>Natychmiast rozpocz\u0119li\u015bmy rozw\u00f3j tej platformy, aby umo\u017cliwi\u0107 tysi\u0105com ludzi z ca\u0142ego \u015bwiata maksymalne uproszczenie tego procesu i podniesienie jego jako\u015bci pod wzgl\u0119dem designu. Oczywi\u015bcie, przy zachowaniu najwy\u017cszego poziomu prywatno\u015bci i bezpiecze\u0144stwa danych.<br>Witamy i \u017cyczymy Wam cudownego \u015blubu.<br>WeMarry.io   <\/p>\n\n\n\n<p><\/p>\n<\/div><figure class=\"wp-block-media-text__media\"><\/figure><\/div>\n\n\n\n<p><\/p>\n","protected":false},"excerpt":{"rendered":"<p>O nas WeMarry to ma\u0142y startup z Pragi. Jeste\u015bmy grup\u0105 wieloletnich przyjaci\u00f3\u0142, kt\u00f3rych \u0142\u0105czy wiele wsp\u00f3lnych do\u015bwiadcze\u0144. Wraz z rozwojem naszych zwi\u0105zk\u00f3w i zwi\u0105zk\u00f3w naszych przyjaci\u00f3\u0142, zacz\u0119\u0142y si\u0119 krystalizowa\u0107 plany \u015blubne.Wszystkie te plany \u0142\u0105czy\u0142 jeden zaskakuj\u0105cy brak &#8211; bardzo niska jako\u015b\u0107 us\u0142ug internetowych do tworzenia stron \u015blubnych. By\u0142o to do\u015b\u0107 szokuj\u0105ce odkrycie, szczeg\u00f3lnie w kontek\u015bcie [&hellip;]<\/p>\n","protected":false},"author":1,"featured_media":0,"parent":0,"menu_order":0,"comment_status":"closed","ping_status":"closed","template":"","meta":{"_acf_changed":false,"footnotes":""},"class_list":["post-1481","page","type-page","status-publish","hentry"],"acf":[],"yoast_head":"<!-- This site is optimized with the Yoast SEO plugin v27.3 - https:\/\/yoast.com\/product\/yoast-seo-wordpress\/ -->\n<title>O nas - WeMarry<\/title>\n<meta name=\"robots\" content=\"index, follow, max-snippet:-1, max-image-preview:large, max-video-preview:-1\" \/>\n<link rel=\"canonical\" href=\"https:\/\/wemarry.io\/cs\/o-nas\/\" \/>\n<meta property=\"og:locale\" content=\"pl_PL\" \/>\n<meta property=\"og:type\" content=\"article\" \/>\n<meta property=\"og:title\" content=\"O nas - WeMarry\" \/>\n<meta property=\"og:description\" content=\"O nas WeMarry to ma\u0142y startup z Pragi. Jeste\u015bmy grup\u0105 wieloletnich przyjaci\u00f3\u0142, kt\u00f3rych \u0142\u0105czy wiele wsp\u00f3lnych do\u015bwiadcze\u0144. Wraz z rozwojem naszych zwi\u0105zk\u00f3w i zwi\u0105zk\u00f3w naszych przyjaci\u00f3\u0142, zacz\u0119\u0142y si\u0119 krystalizowa\u0107 plany \u015blubne.Wszystkie te plany \u0142\u0105czy\u0142 jeden zaskakuj\u0105cy brak &#8211; bardzo niska jako\u015b\u0107 us\u0142ug internetowych do tworzenia stron \u015blubnych. By\u0142o to do\u015b\u0107 szokuj\u0105ce odkrycie, szczeg\u00f3lnie w kontek\u015bcie [&hellip;]\" \/>\n<meta property=\"og:url\" content=\"https:\/\/wemarry.io\/cs\/o-nas\/\" \/>\n<meta property=\"og:site_name\" content=\"WeMarry\" \/>\n<meta name=\"twitter:card\" content=\"summary_large_image\" \/>\n<meta name=\"twitter:label1\" content=\"Szacowany czas czytania\" \/>\n\t<meta name=\"twitter:data1\" content=\"1 minuta\" \/>\n<script type=\"application\/ld+json\" class=\"yoast-schema-graph\">{\"@context\":\"https:\\\/\\\/schema.org\",\"@graph\":[{\"@type\":\"WebPage\",\"@id\":\"https:\\\/\\\/wemarry.io\\\/cs\\\/o-nas\\\/\",\"url\":\"https:\\\/\\\/wemarry.io\\\/cs\\\/o-nas\\\/\",\"name\":\"O nas - WeMarry\",\"isPartOf\":{\"@id\":\"https:\\\/\\\/wemarry.io\\\/cs\\\/#website\"},\"datePublished\":\"2025-07-25T12:48:13+00:00\",\"breadcrumb\":{\"@id\":\"https:\\\/\\\/wemarry.io\\\/cs\\\/o-nas\\\/#breadcrumb\"},\"inLanguage\":\"pl-PL\",\"potentialAction\":[{\"@type\":\"ReadAction\",\"target\":[\"https:\\\/\\\/wemarry.io\\\/cs\\\/o-nas\\\/\"]}]},{\"@type\":\"BreadcrumbList\",\"@id\":\"https:\\\/\\\/wemarry.io\\\/cs\\\/o-nas\\\/#breadcrumb\",\"itemListElement\":[{\"@type\":\"ListItem\",\"position\":1,\"name\":\"Dom\u016f\",\"item\":\"https:\\\/\\\/wemarry.io\\\/cs\\\/\"},{\"@type\":\"ListItem\",\"position\":2,\"name\":\"O nas\"}]},{\"@type\":\"WebSite\",\"@id\":\"https:\\\/\\\/wemarry.io\\\/cs\\\/#website\",\"url\":\"https:\\\/\\\/wemarry.io\\\/cs\\\/\",\"name\":\"WeMarry\",\"description\":\"Napl\u00e1nujte si svou vysn\u011bnou svatbu bez stresu. wemarry.io v\u00e1m p\u0159in\u00e1\u0161\u00ed modern\u00ed svatebn\u00ed web, digit\u00e1ln\u00ed pozv\u00e1nky a online potvrzen\u00ed \u00fa\u010dasti (RSVP) na jednom m\u00edst\u011b. U\u0161et\u0159ete des\u00edtky hodin p\u0159i organizaci a sd\u00edlejte radost s hosty elegantn\u011b a online.\",\"publisher\":{\"@id\":\"https:\\\/\\\/wemarry.io\\\/cs\\\/#organization\"},\"potentialAction\":[{\"@type\":\"SearchAction\",\"target\":{\"@type\":\"EntryPoint\",\"urlTemplate\":\"https:\\\/\\\/wemarry.io\\\/cs\\\/?s={search_term_string}\"},\"query-input\":{\"@type\":\"PropertyValueSpecification\",\"valueRequired\":true,\"valueName\":\"search_term_string\"}}],\"inLanguage\":\"pl-PL\"},{\"@type\":\"Organization\",\"@id\":\"https:\\\/\\\/wemarry.io\\\/cs\\\/#organization\",\"name\":\"WeMarry\",\"url\":\"https:\\\/\\\/wemarry.io\\\/cs\\\/\",\"logo\":{\"@type\":\"ImageObject\",\"inLanguage\":\"pl-PL\",\"@id\":\"https:\\\/\\\/wemarry.io\\\/cs\\\/#\\\/schema\\\/logo\\\/image\\\/\",\"url\":\"https:\\\/\\\/wemarry.io\\\/wp-content\\\/uploads\\\/2025\\\/09\\\/WeMarry-favicon.svg\",\"contentUrl\":\"https:\\\/\\\/wemarry.io\\\/wp-content\\\/uploads\\\/2025\\\/09\\\/WeMarry-favicon.svg\",\"width\":512,\"height\":512,\"caption\":\"WeMarry\"},\"image\":{\"@id\":\"https:\\\/\\\/wemarry.io\\\/cs\\\/#\\\/schema\\\/logo\\\/image\\\/\"}}]}<\/script>\n<!-- \/ Yoast SEO plugin. -->","yoast_head_json":{"title":"O nas - WeMarry","robots":{"index":"index","follow":"follow","max-snippet":"max-snippet:-1","max-image-preview":"max-image-preview:large","max-video-preview":"max-video-preview:-1"},"canonical":"https:\/\/wemarry.io\/cs\/o-nas\/","og_locale":"pl_PL","og_type":"article","og_title":"O nas - WeMarry","og_description":"O nas WeMarry to ma\u0142y startup z Pragi. Jeste\u015bmy grup\u0105 wieloletnich przyjaci\u00f3\u0142, kt\u00f3rych \u0142\u0105czy wiele wsp\u00f3lnych do\u015bwiadcze\u0144. Wraz z rozwojem naszych zwi\u0105zk\u00f3w i zwi\u0105zk\u00f3w naszych przyjaci\u00f3\u0142, zacz\u0119\u0142y si\u0119 krystalizowa\u0107 plany \u015blubne.Wszystkie te plany \u0142\u0105czy\u0142 jeden zaskakuj\u0105cy brak &#8211; bardzo niska jako\u015b\u0107 us\u0142ug internetowych do tworzenia stron \u015blubnych. By\u0142o to do\u015b\u0107 szokuj\u0105ce odkrycie, szczeg\u00f3lnie w kontek\u015bcie [&hellip;]","og_url":"https:\/\/wemarry.io\/cs\/o-nas\/","og_site_name":"WeMarry","twitter_card":"summary_large_image","twitter_misc":{"Szacowany czas czytania":"1 minuta"},"schema":{"@context":"https:\/\/schema.org","@graph":[{"@type":"WebPage","@id":"https:\/\/wemarry.io\/cs\/o-nas\/","url":"https:\/\/wemarry.io\/cs\/o-nas\/","name":"O nas - WeMarry","isPartOf":{"@id":"https:\/\/wemarry.io\/cs\/#website"},"datePublished":"2025-07-25T12:48:13+00:00","breadcrumb":{"@id":"https:\/\/wemarry.io\/cs\/o-nas\/#breadcrumb"},"inLanguage":"pl-PL","potentialAction":[{"@type":"ReadAction","target":["https:\/\/wemarry.io\/cs\/o-nas\/"]}]},{"@type":"BreadcrumbList","@id":"https:\/\/wemarry.io\/cs\/o-nas\/#breadcrumb","itemListElement":[{"@type":"ListItem","position":1,"name":"Dom\u016f","item":"https:\/\/wemarry.io\/cs\/"},{"@type":"ListItem","position":2,"name":"O nas"}]},{"@type":"WebSite","@id":"https:\/\/wemarry.io\/cs\/#website","url":"https:\/\/wemarry.io\/cs\/","name":"WeMarry","description":"Napl\u00e1nujte si svou vysn\u011bnou svatbu bez stresu. wemarry.io v\u00e1m p\u0159in\u00e1\u0161\u00ed modern\u00ed svatebn\u00ed web, digit\u00e1ln\u00ed pozv\u00e1nky a online potvrzen\u00ed \u00fa\u010dasti (RSVP) na jednom m\u00edst\u011b. U\u0161et\u0159ete des\u00edtky hodin p\u0159i organizaci a sd\u00edlejte radost s hosty elegantn\u011b a online.","publisher":{"@id":"https:\/\/wemarry.io\/cs\/#organization"},"potentialAction":[{"@type":"SearchAction","target":{"@type":"EntryPoint","urlTemplate":"https:\/\/wemarry.io\/cs\/?s={search_term_string}"},"query-input":{"@type":"PropertyValueSpecification","valueRequired":true,"valueName":"search_term_string"}}],"inLanguage":"pl-PL"},{"@type":"Organization","@id":"https:\/\/wemarry.io\/cs\/#organization","name":"WeMarry","url":"https:\/\/wemarry.io\/cs\/","logo":{"@type":"ImageObject","inLanguage":"pl-PL","@id":"https:\/\/wemarry.io\/cs\/#\/schema\/logo\/image\/","url":"https:\/\/wemarry.io\/wp-content\/uploads\/2025\/09\/WeMarry-favicon.svg","contentUrl":"https:\/\/wemarry.io\/wp-content\/uploads\/2025\/09\/WeMarry-favicon.svg","width":512,"height":512,"caption":"WeMarry"},"image":{"@id":"https:\/\/wemarry.io\/cs\/#\/schema\/logo\/image\/"}}]}},"_links":{"self":[{"href":"https:\/\/wemarry.io\/pl\/wp-json\/wp\/v2\/pages\/1481","targetHints":{"allow":["GET"]}}],"collection":[{"href":"https:\/\/wemarry.io\/pl\/wp-json\/wp\/v2\/pages"}],"about":[{"href":"https:\/\/wemarry.io\/pl\/wp-json\/wp\/v2\/types\/page"}],"author":[{"embeddable":true,"href":"https:\/\/wemarry.io\/pl\/wp-json\/wp\/v2\/users\/1"}],"replies":[{"embeddable":true,"href":"https:\/\/wemarry.io\/pl\/wp-json\/wp\/v2\/comments?post=1481"}],"version-history":[{"count":0,"href":"https:\/\/wemarry.io\/pl\/wp-json\/wp\/v2\/pages\/1481\/revisions"}],"wp:attachment":[{"href":"https:\/\/wemarry.io\/pl\/wp-json\/wp\/v2\/media?parent=1481"}],"curies":[{"name":"wp","href":"https:\/\/api.w.org\/{rel}","templated":true}]}}