{"id":1491,"date":"2025-07-25T14:34:28","date_gmt":"2025-07-25T12:34:28","guid":{"rendered":"https:\/\/dev.wemarry.io\/jak-stworzyc-strone-slubna\/"},"modified":"2025-12-22T11:18:25","modified_gmt":"2025-12-22T10:18:25","slug":"jak-stworzyc-strone-slubna","status":"publish","type":"page","link":"https:\/\/wemarry.io\/pl\/jak-stworzyc-strone-slubna\/","title":{"rendered":"Jak stworzy\u0107 stron\u0119 \u015blubn\u0105?"},"content":{"rendered":"\n<div class=\"gb-element-eff3c292\">\n<h1 class=\"wp-block-heading has-text-align-center\" style=\"padding-top:0;padding-right:var(--wp--preset--spacing--10);padding-bottom:0;padding-left:var(--wp--preset--spacing--10)\">Instrukcja tworzenia strony \u015blubnej<\/h1>\n\n\n\n<p class=\"has-text-align-center\" style=\"padding-top:0;padding-right:var(--wp--preset--spacing--10);padding-bottom:0;padding-left:var(--wp--preset--spacing--10)\">Kr\u00f3tka prezentacja pokazuj\u0105ca, jak \u0142atwo jest stworzy\u0107 stron\u0119 \u015blubn\u0105 na platformie WeMarry i jak maksymalnie wykorzysta\u0107 jej potencja\u0142.<\/p>\n<\/div>\n\n\n\n<figure class=\"wp-block-embed is-type-video is-provider-youtube wp-block-embed-youtube wp-embed-aspect-16-9 wp-has-aspect-ratio\"><div class=\"wp-block-embed__wrapper\">\n<iframe loading=\"lazy\" title=\"N\u00e1vod: Jak funguje WeMarry\" width=\"500\" height=\"281\" src=\"https:\/\/www.youtube.com\/embed\/X2uNMUPL6W4?feature=oembed\" frameborder=\"0\" allow=\"accelerometer; autoplay; clipboard-write; encrypted-media; gyroscope; picture-in-picture; web-share\" referrerpolicy=\"strict-origin-when-cross-origin\" allowfullscreen><\/iframe>\n<\/div><\/figure>\n\n\n\n<div class=\"gb-element-4ffa02d2\">\n<h1 class=\"wp-block-heading has-text-align-center\" style=\"padding-top:0;padding-bottom:0\">Je\u015bli nie chcesz ogl\u0105da\u0107 filmu<\/h1>\n<\/div>\n\n\n\n<div class=\"wp-block-media-text has-media-on-the-right is-stacked-on-mobile\"><div class=\"wp-block-media-text__content\">\n<h2 class=\"wp-block-heading\">1. Doko\u0144czenie rejestracji<\/h2>\n\n\n\n<p>Aby stworzy\u0107 stron\u0119, musisz si\u0119 zarejestrowa\u0107.<\/p>\n\n\n\n<p>Zrobisz to klikaj\u0105c przycisk <strong>Zarejestruj si\u0119<\/strong> w prawym g\u00f3rnym rogu lub przycisk <strong>Wypr\u00f3buj<\/strong> na \u015brodku strony g\u0142\u00f3wnej.<\/p>\n\n\n\n<p><strong>Wpisz e-mail<\/strong> i doko\u0144cz rejestracj\u0119. Wprowadzone dane mo\u017cesz p\u00f3\u017aniej w ka\u017cdej chwili zmieni\u0107. <\/p>\n<\/div><figure class=\"wp-block-media-text__media\"><video controls=\"\" src=\"https:\/\/wemarry.io\/wp-content\/uploads\/2025\/09\/sign-up.mp4\"><\/video><\/figure><\/div>\n\n\n\n<div class=\"wp-block-media-text is-stacked-on-mobile\"><figure class=\"wp-block-media-text__media\"><video controls=\"\" src=\"https:\/\/wemarry.io\/wp-content\/uploads\/2025\/09\/editor.mp4\"><\/video><\/figure><div class=\"wp-block-media-text__content\">\n<h2 class=\"wp-block-heading\">2. Wprowadzanie informacji<\/h2>\n\n\n\n<p>Edycja strony jest bardzo intuicyjna. Po lewej stronie ekranu zobaczysz <g id=\"gid_0\">edytor<\/g> podzielony na sekcje. Po prawej stronie zobaczysz aktualny <strong>podgl\u0105d strony<\/strong>.  <\/p>\n\n\n\n<p><strong>Drugi j\u0119zyk<\/strong> strony mo\u017cesz \u0142atwo doda\u0107 w zak\u0142adce <strong>Ustawienia<\/strong>.<strong> <\/strong>Wersja j\u0119zykowa <strong>nie t\u0142umaczy si\u0119 automatycznie<\/strong>, wi\u0119c musisz wype\u0142ni\u0107 j\u0105 samodzielnie.<\/p>\n\n\n\n<p><strong>Format daty<\/strong> \u015blubu jest ustawiany automatycznie wed\u0142ug systemu urz\u0105dzenia, a nie wed\u0142ug j\u0119zyka strony, co oznacza, \u017ce je\u015bli masz system po angielsku, zobaczysz dat\u0119 w formacie angielskim nawet w polskiej wersji strony. <\/p>\n\n\n\n<p><strong>Zdj\u0119cia<\/strong> \u0142atwo dodasz przez przycisk&nbsp;<strong>Prze\u015blij<\/strong>. Z dowolnego urz\u0105dzenia, nie musisz ich przenosi\u0107 na komputer lub tablet. <\/p>\n\n\n\n<p>Po wprowadzeniu informacji nie zapomnij klikn\u0105\u0107 przycisku <strong>Zapisz zmiany<\/strong>.<\/p>\n<\/div><\/div>\n\n\n\n<div class=\"wp-block-media-text has-media-on-the-right is-stacked-on-mobile\"><div class=\"wp-block-media-text__content\">\n<h2 class=\"wp-block-heading\">3. Wyb\u00f3r szablonu i dalsze dostosowywanie wygl\u0105du<\/h2>\n\n\n\n<p>Je\u015bli chcesz sprawdzi\u0107, jak Twoja strona wygl\u0105da\u0142aby w innej ods\u0142onie, mo\u017cesz w ka\u017cdej chwili zmieni\u0107 szablon w zak\u0142adce <strong>Wygl\u0105d<\/strong>.<\/p>\n\n\n\n<p>W tej zak\u0142adce mo\u017cesz <strong>wybra\u0107 szablon, zmienia\u0107 kolory i inne elementy<\/strong> na swojej stronie \u015blubnej.<\/p>\n\n\n\n<p>Wygl\u0105d strony <strong>mo\u017cesz modyfikowa\u0107 w dowolnym momencie<\/strong>, nawet po jej opublikowaniu i rozes\u0142aniu go\u015bciom weselnym.<\/p>\n<\/div><figure class=\"wp-block-media-text__media\"><video controls=\"\" src=\"https:\/\/wemarry.io\/wp-content\/uploads\/2025\/09\/theme-change.mp4\"><\/video><\/figure><\/div>\n\n\n\n<div class=\"wp-block-media-text is-stacked-on-mobile\"><figure class=\"wp-block-media-text__media\"><video controls=\"\" src=\"https:\/\/wemarry.io\/wp-content\/uploads\/2025\/09\/wedding-gifts.mp4\"><\/video><\/figure><div class=\"wp-block-media-text__content\">\n<h2 class=\"wp-block-heading\">4. Prezenty \u015blubne<\/h2>\n\n\n\n<p>W sekcji prezent\u00f3w \u015blubnych mo\u017cesz poinformowa\u0107 go\u015bci o swoich \u017cyczeniach i masz kilka opcji.<\/p>\n\n\n\n<ul class=\"wp-block-list\">\n<li><strong>P\u0142atno\u015b\u0107 QR<\/strong> &#8211; coraz cz\u0119\u015bciej prezenty rzeczowe s\u0105 zast\u0119powane \u015brodkami finansowymi. Niekt\u00f3rzy ludzie nie chc\u0105 jednak dawa\u0107 wi\u0119kszych kwot w got\u00f3wce, dlatego dodali\u015bmy mo\u017cliwo\u015b\u0107 umieszczenia na stronie kodu QR, do kt\u00f3rego wystarczy wygenerowa\u0107 p\u0142atno\u015b\u0107 w bankowo\u015bci internetowej i masz pewno\u015b\u0107, \u017ce <strong>pieni\u0105dze trafi\u0105 tam, gdzie powinny<\/strong>. <\/li>\n\n\n\n<li><strong>Lista prezent\u00f3w<\/strong> &#8211; masz te\u017c mo\u017cliwo\u015b\u0107 wypisania listy prezent\u00f3w rzeczowych, kt\u00f3re sprawi\u0142yby Ci rado\u015b\u0107, do ka\u017cdej pozycji <strong>mo\u017cesz doda\u0107 link<\/strong> bezpo\u015brednio do wymarzonego prezentu.<\/li>\n\n\n\n<li><strong>Rezerwacja prezentu<\/strong> &#8211; aby unikn\u0105\u0107 sytuacji, gdy na \u015blubie pojawi si\u0119 kilka takich samych prezent\u00f3w, go\u015bcie maj\u0105 mo\u017cliwo\u015b\u0107 <strong>w formularzu RSVP<\/strong> zarezerwowa\u0107 prezent, kt\u00f3ry w tym momencie zostanie <strong>przekre\u015blony<\/strong> na li\u015bcie, aby by\u0142o jasne, \u017ce ten prezent jest ju\u017c zarezerwowany.<\/li>\n<\/ul>\n<\/div><\/div>\n\n\n\n<div class=\"wp-block-media-text has-media-on-the-right is-stacked-on-mobile\"><div class=\"wp-block-media-text__content\">\n<h2 class=\"wp-block-heading\">5. Formularz potwierdzenia obecno\u015bci<\/h2>\n\n\n\n<p>Najpierw ustaw has\u0142o formularza w zak\u0142adce <strong>Ustawienia<\/strong>. <strong>Has\u0142o jest obowi\u0105zkowe<\/strong> i ze wzgl\u0119d\u00f3w bezpiecze\u0144stwa nie mo\u017cna go wy\u0142\u0105czy\u0107.<\/p>\n\n\n\n<p>Aby go\u015bcie nie musieli wpisywa\u0107 has\u0142a, mo\u017cesz wys\u0142a\u0107 im <strong>specjalny link<\/strong>, kt\u00f3ry <strong>automatycznie odblokuje<\/strong> formularz. Ten link b\u0119dzie dost\u0119pny po op\u0142aceniu na Tablicy pod kodem QR. <\/p>\n\n\n\n<p>W edytorze formularza zobaczysz zak\u0142adki <strong>Wbudowane pytania<\/strong> i <strong>W\u0142asne pytania<\/strong>. Wype\u0142nij pytania, kt\u00f3re <strong>pomog\u0105 Ci w planowaniu \u015blubu<\/strong>. <\/p>\n\n\n\n<p>Ca\u0142kowit\u0105 liczb\u0119 potwierdzonych go\u015bci i dzieci zobaczysz na <strong>Tablicy<\/strong>. Poszczeg\u00f3lne odpowiedzi go\u015bci znajdziesz w sekcji <strong>Zaproszenia<\/strong>. <\/p>\n<\/div><figure class=\"wp-block-media-text__media\"><video controls=\"\" src=\"https:\/\/wemarry.io\/wp-content\/uploads\/2025\/09\/RSVP-form.mp4\"><\/video><\/figure><\/div>\n\n\n\n<div class=\"wp-block-media-text is-stacked-on-mobile\"><figure class=\"wp-block-media-text__media\"><video controls=\"\" src=\"https:\/\/wemarry.io\/wp-content\/uploads\/2025\/09\/payment.mp4\"><\/video><\/figure><div class=\"wp-block-media-text__content\">\n<h2 class=\"wp-block-heading\">6. P\u0142atno\u015b\u0107 i wyb\u00f3r domeny<\/h2>\n\n\n\n<p>Tworzenie strony mo\u017cesz <strong>wypr\u00f3bowa\u0107 za darmo<\/strong>. Je\u015bli chcesz udost\u0119pni\u0107 stron\u0119 \u015blubn\u0105 znajomym i wykorzysta\u0107 jej potencja\u0142, musisz j\u0105 opublikowa\u0107. <\/p>\n\n\n\n<p>Swoj\u0105 stron\u0119 \u015blubn\u0105 opublikujesz klikaj\u0105c przycisk <strong>Zap\u0142a\u0107<\/strong>. Zap\u0142acisz \u0142atwo kart\u0105. <\/p>\n\n\n\n<p>Po zap\u0142acie zobaczysz opcj\u0119 <strong>Wybierz domen\u0119<\/strong>. Masz do wyboru dwie mo\u017cliwo\u015bci. <\/p>\n\n\n\n<ul class=\"wp-block-list\">\n<li><strong>Domena WeMarry<\/strong> &#8211; po prostu wybierasz prefiks i g\u0142\u00f3wn\u0105 domen\u0119, na kt\u00f3rej b\u0119dzie dost\u0119pna Twoja strona, <strong>np. modern.wemarry.io <\/strong>.<\/li>\n\n\n\n<li><strong>W\u0142asna domena<\/strong> &#8211; je\u015bli masz kupion\u0105 w\u0142asn\u0105 domen\u0119 <strong>np. nowakowie.pl <\/strong> zobaczysz instrukcj\u0119 zmiany rekord\u00f3w DNS, po kt\u00f3rej Twoja strona b\u0119dzie dost\u0119pna w\u0142a\u015bnie pod tym adresem.<\/li>\n<\/ul>\n<\/div><\/div>\n\n\n\n<div class=\"wp-block-media-text has-media-on-the-right is-stacked-on-mobile\"><div class=\"wp-block-media-text__content\">\n<h2 class=\"wp-block-heading\">7. Rozsy\u0142anie zaprosze\u0144<\/h2>\n\n\n\n<p>Strona jest wype\u0142niona, op\u0142acona i teraz chcia\u0142by\u015b zaprosi\u0107 go\u015bci weselnych. Z WeMarry masz <strong>kilka mo\u017cliwo\u015bci<\/strong>. <\/p>\n\n\n\n<ul class=\"wp-block-list\">\n<li><strong>Link bez has\u0142a<\/strong> &#8211; je\u015bli wy\u015blesz go\u015bciom zwyk\u0142y link do strony np. modern.wemarry.io pami\u0119taj, \u017ce <strong>go\u015bcie b\u0119d\u0105 potrzebowa\u0107 has\u0142a<\/strong>, aby potwierdzi\u0107 swoj\u0105 obecno\u015b\u0107 na \u015blubie. <\/li>\n\n\n\n<li><strong>Link z has\u0142em<\/strong> &#8211; po zap\u0142acie na tablicy zobaczysz link, kt\u00f3ry b\u0119dzie zawiera\u0142 has\u0142o w URL. W tym przypadku <strong>formularz odblokuje si\u0119 automatycznie<\/strong> i go\u015bcie nie musz\u0105 go wype\u0142nia\u0107. <\/li>\n\n\n\n<li><strong>Rozsy\u0142anie na e-mail<\/strong> &#8211; je\u015bli znasz adresy e-mail swoich go\u015bci, mo\u017cesz rozes\u0142a\u0107 zaproszenia bezpo\u015brednio do ich skrzynek. Ta metoda ma t\u0119 zalet\u0119, \u017ce WeMarry rozpozna, czy go\u015bcie wype\u0142nili formularz, a je\u015bli nie, <strong>automatycznie przypomni<\/strong>. <\/li>\n<\/ul>\n<\/div><figure class=\"wp-block-media-text__media\"><video controls=\"\" src=\"https:\/\/wemarry.io\/wp-content\/uploads\/2025\/09\/invites.mp4\"><\/video><\/figure><\/div>\n\n\n\n<div class=\"wp-block-media-text is-stacked-on-mobile\"><figure class=\"wp-block-media-text__media\"><video controls=\"\" src=\"https:\/\/wemarry.io\/wp-content\/uploads\/2025\/09\/dashboard.mp4\"><\/video><\/figure><div class=\"wp-block-media-text__content\">\n<h2 class=\"wp-block-heading\">8. Tablica<\/h2>\n\n\n\n<p>Tablica s\u0142u\u017cy jako <strong>przegl\u0105d i menu<\/strong> do innych sekcji aplikacji WeMarry.<\/p>\n\n\n\n<p>Znajdziesz tu tak\u017ce odliczanie do \u015blubu, przegl\u0105d go\u015bci, list\u0119 zada\u0144, <strong>kod QR do pobrania<\/strong> czy link, z kt\u00f3rym go\u015bcie nie b\u0119d\u0105 musieli wpisywa\u0107 has\u0142a do formularza.<\/p>\n\n\n\n<p>Kod QR lub link do strony \u015blubnej mo\u017cesz <strong>doda\u0107 do zaproszenia \u015blubnego<\/strong>, aby go\u015bcie wiedzieli, gdzie znajd\u0105 wszystkie wa\u017cne szczeg\u00f3\u0142y dotycz\u0105ce Waszego \u015blubu.<\/p>\n<\/div><\/div>\n\n\n\n<p><\/p>\n","protected":false},"excerpt":{"rendered":"<p>Instrukcja tworzenia strony \u015blubnej Kr\u00f3tka prezentacja pokazuj\u0105ca, jak \u0142atwo jest stworzy\u0107 stron\u0119 \u015blubn\u0105 na platformie WeMarry i jak maksymalnie wykorzysta\u0107 jej potencja\u0142. Je\u015bli nie chcesz ogl\u0105da\u0107 filmu 1. Doko\u0144czenie rejestracji Aby stworzy\u0107 stron\u0119, musisz si\u0119 zarejestrowa\u0107. Zrobisz to klikaj\u0105c przycisk Zarejestruj si\u0119 w prawym g\u00f3rnym rogu lub przycisk Wypr\u00f3buj na \u015brodku strony g\u0142\u00f3wnej. Wpisz e-mail [&hellip;]<\/p>\n","protected":false},"author":1,"featured_media":0,"parent":0,"menu_order":0,"comment_status":"closed","ping_status":"closed","template":"","meta":{"_acf_changed":false,"footnotes":""},"class_list":["post-1491","page","type-page","status-publish","hentry"],"acf":[],"yoast_head":"<!-- This site is optimized with the Yoast SEO plugin v27.3 - https:\/\/yoast.com\/product\/yoast-seo-wordpress\/ -->\n<title>Jak stworzy\u0107 stron\u0119 \u015blubn\u0105?<\/title>\n<meta name=\"description\" content=\"Dowiedz si\u0119, jak stworzy\u0107 stron\u0119 \u015blubn\u0105 na WeMarry i jakie oferuje mo\u017cliwo\u015bci, aby u\u0142atwi\u0107 planowanie \u015blubu.\" \/>\n<meta name=\"robots\" content=\"index, follow, max-snippet:-1, max-image-preview:large, max-video-preview:-1\" \/>\n<link rel=\"canonical\" href=\"https:\/\/wemarry.io\/cs\/jak-vytvorit-svatebni-web-wemarry\/\" \/>\n<meta property=\"og:locale\" content=\"pl_PL\" \/>\n<meta property=\"og:type\" content=\"article\" \/>\n<meta property=\"og:title\" content=\"Jak stworzy\u0107 stron\u0119 \u015blubn\u0105?\" \/>\n<meta property=\"og:description\" content=\"Dowiedz si\u0119, jak stworzy\u0107 stron\u0119 \u015blubn\u0105 na WeMarry i jakie oferuje mo\u017cliwo\u015bci, aby u\u0142atwi\u0107 planowanie \u015blubu.\" \/>\n<meta property=\"og:url\" content=\"https:\/\/wemarry.io\/cs\/jak-vytvorit-svatebni-web-wemarry\/\" \/>\n<meta property=\"og:site_name\" content=\"WeMarry\" \/>\n<meta property=\"article:modified_time\" content=\"2025-12-22T10:18:25+00:00\" \/>\n<meta name=\"twitter:card\" content=\"summary_large_image\" \/>\n<meta name=\"twitter:label1\" content=\"Szacowany czas czytania\" \/>\n\t<meta name=\"twitter:data1\" content=\"4 minuty\" \/>\n<script type=\"application\/ld+json\" class=\"yoast-schema-graph\">{\"@context\":\"https:\\\/\\\/schema.org\",\"@graph\":[{\"@type\":\"WebPage\",\"@id\":\"https:\\\/\\\/wemarry.io\\\/cs\\\/jak-vytvorit-svatebni-web-wemarry\\\/\",\"url\":\"https:\\\/\\\/wemarry.io\\\/cs\\\/jak-vytvorit-svatebni-web-wemarry\\\/\",\"name\":\"Jak stworzy\u0107 stron\u0119 \u015blubn\u0105?\",\"isPartOf\":{\"@id\":\"https:\\\/\\\/wemarry.io\\\/cs\\\/#website\"},\"datePublished\":\"2025-07-25T12:34:28+00:00\",\"dateModified\":\"2025-12-22T10:18:25+00:00\",\"description\":\"Dowiedz si\u0119, jak stworzy\u0107 stron\u0119 \u015blubn\u0105 na WeMarry i jakie oferuje mo\u017cliwo\u015bci, aby u\u0142atwi\u0107 planowanie \u015blubu.\",\"breadcrumb\":{\"@id\":\"https:\\\/\\\/wemarry.io\\\/cs\\\/jak-vytvorit-svatebni-web-wemarry\\\/#breadcrumb\"},\"inLanguage\":\"pl-PL\",\"potentialAction\":[{\"@type\":\"ReadAction\",\"target\":[\"https:\\\/\\\/wemarry.io\\\/cs\\\/jak-vytvorit-svatebni-web-wemarry\\\/\"]}]},{\"@type\":\"BreadcrumbList\",\"@id\":\"https:\\\/\\\/wemarry.io\\\/cs\\\/jak-vytvorit-svatebni-web-wemarry\\\/#breadcrumb\",\"itemListElement\":[{\"@type\":\"ListItem\",\"position\":1,\"name\":\"Dom\u016f\",\"item\":\"https:\\\/\\\/wemarry.io\\\/cs\\\/\"},{\"@type\":\"ListItem\",\"position\":2,\"name\":\"Jak stworzy\u0107 stron\u0119 \u015blubn\u0105?\"}]},{\"@type\":\"WebSite\",\"@id\":\"https:\\\/\\\/wemarry.io\\\/cs\\\/#website\",\"url\":\"https:\\\/\\\/wemarry.io\\\/cs\\\/\",\"name\":\"WeMarry\",\"description\":\"Napl\u00e1nujte si svou vysn\u011bnou svatbu bez stresu. wemarry.io v\u00e1m p\u0159in\u00e1\u0161\u00ed modern\u00ed svatebn\u00ed web, digit\u00e1ln\u00ed pozv\u00e1nky a online potvrzen\u00ed \u00fa\u010dasti (RSVP) na jednom m\u00edst\u011b. U\u0161et\u0159ete des\u00edtky hodin p\u0159i organizaci a sd\u00edlejte radost s hosty elegantn\u011b a online.\",\"publisher\":{\"@id\":\"https:\\\/\\\/wemarry.io\\\/cs\\\/#organization\"},\"potentialAction\":[{\"@type\":\"SearchAction\",\"target\":{\"@type\":\"EntryPoint\",\"urlTemplate\":\"https:\\\/\\\/wemarry.io\\\/cs\\\/?s={search_term_string}\"},\"query-input\":{\"@type\":\"PropertyValueSpecification\",\"valueRequired\":true,\"valueName\":\"search_term_string\"}}],\"inLanguage\":\"pl-PL\"},{\"@type\":\"Organization\",\"@id\":\"https:\\\/\\\/wemarry.io\\\/cs\\\/#organization\",\"name\":\"WeMarry\",\"url\":\"https:\\\/\\\/wemarry.io\\\/cs\\\/\",\"logo\":{\"@type\":\"ImageObject\",\"inLanguage\":\"pl-PL\",\"@id\":\"https:\\\/\\\/wemarry.io\\\/cs\\\/#\\\/schema\\\/logo\\\/image\\\/\",\"url\":\"https:\\\/\\\/wemarry.io\\\/wp-content\\\/uploads\\\/2025\\\/09\\\/WeMarry-favicon.svg\",\"contentUrl\":\"https:\\\/\\\/wemarry.io\\\/wp-content\\\/uploads\\\/2025\\\/09\\\/WeMarry-favicon.svg\",\"width\":512,\"height\":512,\"caption\":\"WeMarry\"},\"image\":{\"@id\":\"https:\\\/\\\/wemarry.io\\\/cs\\\/#\\\/schema\\\/logo\\\/image\\\/\"}}]}<\/script>\n<!-- \/ Yoast SEO plugin. -->","yoast_head_json":{"title":"Jak stworzy\u0107 stron\u0119 \u015blubn\u0105?","description":"Dowiedz si\u0119, jak stworzy\u0107 stron\u0119 \u015blubn\u0105 na WeMarry i jakie oferuje mo\u017cliwo\u015bci, aby u\u0142atwi\u0107 planowanie \u015blubu.","robots":{"index":"index","follow":"follow","max-snippet":"max-snippet:-1","max-image-preview":"max-image-preview:large","max-video-preview":"max-video-preview:-1"},"canonical":"https:\/\/wemarry.io\/cs\/jak-vytvorit-svatebni-web-wemarry\/","og_locale":"pl_PL","og_type":"article","og_title":"Jak stworzy\u0107 stron\u0119 \u015blubn\u0105?","og_description":"Dowiedz si\u0119, jak stworzy\u0107 stron\u0119 \u015blubn\u0105 na WeMarry i jakie oferuje mo\u017cliwo\u015bci, aby u\u0142atwi\u0107 planowanie \u015blubu.","og_url":"https:\/\/wemarry.io\/cs\/jak-vytvorit-svatebni-web-wemarry\/","og_site_name":"WeMarry","article_modified_time":"2025-12-22T10:18:25+00:00","twitter_card":"summary_large_image","twitter_misc":{"Szacowany czas czytania":"4 minuty"},"schema":{"@context":"https:\/\/schema.org","@graph":[{"@type":"WebPage","@id":"https:\/\/wemarry.io\/cs\/jak-vytvorit-svatebni-web-wemarry\/","url":"https:\/\/wemarry.io\/cs\/jak-vytvorit-svatebni-web-wemarry\/","name":"Jak stworzy\u0107 stron\u0119 \u015blubn\u0105?","isPartOf":{"@id":"https:\/\/wemarry.io\/cs\/#website"},"datePublished":"2025-07-25T12:34:28+00:00","dateModified":"2025-12-22T10:18:25+00:00","description":"Dowiedz si\u0119, jak stworzy\u0107 stron\u0119 \u015blubn\u0105 na WeMarry i jakie oferuje mo\u017cliwo\u015bci, aby u\u0142atwi\u0107 planowanie \u015blubu.","breadcrumb":{"@id":"https:\/\/wemarry.io\/cs\/jak-vytvorit-svatebni-web-wemarry\/#breadcrumb"},"inLanguage":"pl-PL","potentialAction":[{"@type":"ReadAction","target":["https:\/\/wemarry.io\/cs\/jak-vytvorit-svatebni-web-wemarry\/"]}]},{"@type":"BreadcrumbList","@id":"https:\/\/wemarry.io\/cs\/jak-vytvorit-svatebni-web-wemarry\/#breadcrumb","itemListElement":[{"@type":"ListItem","position":1,"name":"Dom\u016f","item":"https:\/\/wemarry.io\/cs\/"},{"@type":"ListItem","position":2,"name":"Jak stworzy\u0107 stron\u0119 \u015blubn\u0105?"}]},{"@type":"WebSite","@id":"https:\/\/wemarry.io\/cs\/#website","url":"https:\/\/wemarry.io\/cs\/","name":"WeMarry","description":"Napl\u00e1nujte si svou vysn\u011bnou svatbu bez stresu. wemarry.io v\u00e1m p\u0159in\u00e1\u0161\u00ed modern\u00ed svatebn\u00ed web, digit\u00e1ln\u00ed pozv\u00e1nky a online potvrzen\u00ed \u00fa\u010dasti (RSVP) na jednom m\u00edst\u011b. U\u0161et\u0159ete des\u00edtky hodin p\u0159i organizaci a sd\u00edlejte radost s hosty elegantn\u011b a online.","publisher":{"@id":"https:\/\/wemarry.io\/cs\/#organization"},"potentialAction":[{"@type":"SearchAction","target":{"@type":"EntryPoint","urlTemplate":"https:\/\/wemarry.io\/cs\/?s={search_term_string}"},"query-input":{"@type":"PropertyValueSpecification","valueRequired":true,"valueName":"search_term_string"}}],"inLanguage":"pl-PL"},{"@type":"Organization","@id":"https:\/\/wemarry.io\/cs\/#organization","name":"WeMarry","url":"https:\/\/wemarry.io\/cs\/","logo":{"@type":"ImageObject","inLanguage":"pl-PL","@id":"https:\/\/wemarry.io\/cs\/#\/schema\/logo\/image\/","url":"https:\/\/wemarry.io\/wp-content\/uploads\/2025\/09\/WeMarry-favicon.svg","contentUrl":"https:\/\/wemarry.io\/wp-content\/uploads\/2025\/09\/WeMarry-favicon.svg","width":512,"height":512,"caption":"WeMarry"},"image":{"@id":"https:\/\/wemarry.io\/cs\/#\/schema\/logo\/image\/"}}]}},"_links":{"self":[{"href":"https:\/\/wemarry.io\/pl\/wp-json\/wp\/v2\/pages\/1491","targetHints":{"allow":["GET"]}}],"collection":[{"href":"https:\/\/wemarry.io\/pl\/wp-json\/wp\/v2\/pages"}],"about":[{"href":"https:\/\/wemarry.io\/pl\/wp-json\/wp\/v2\/types\/page"}],"author":[{"embeddable":true,"href":"https:\/\/wemarry.io\/pl\/wp-json\/wp\/v2\/users\/1"}],"replies":[{"embeddable":true,"href":"https:\/\/wemarry.io\/pl\/wp-json\/wp\/v2\/comments?post=1491"}],"version-history":[{"count":1,"href":"https:\/\/wemarry.io\/pl\/wp-json\/wp\/v2\/pages\/1491\/revisions"}],"predecessor-version":[{"id":1586,"href":"https:\/\/wemarry.io\/pl\/wp-json\/wp\/v2\/pages\/1491\/revisions\/1586"}],"wp:attachment":[{"href":"https:\/\/wemarry.io\/pl\/wp-json\/wp\/v2\/media?parent=1491"}],"curies":[{"name":"wp","href":"https:\/\/api.w.org\/{rel}","templated":true}]}}