{"id":1498,"date":"2025-07-25T14:41:23","date_gmt":"2025-07-25T12:41:23","guid":{"rendered":"https:\/\/dev.wemarry.io\/dla-konsultantow-i-koordynatorow-slubnych\/"},"modified":"2025-12-22T11:13:33","modified_gmt":"2025-12-22T10:13:33","slug":"dla-konsultantow-i-koordynatorow-slubnych","status":"publish","type":"page","link":"https:\/\/wemarry.io\/pl\/dla-konsultantow-i-koordynatorow-slubnych\/","title":{"rendered":"Dla konsultant\u00f3w i koordynator\u00f3w \u015blubnych"},"content":{"rendered":"\n<div class=\"gb-element-eff3c292\">\n<h1 class=\"wp-block-heading has-text-align-center\" style=\"padding-top:0;padding-right:var(--wp--preset--spacing--10);padding-bottom:0;padding-left:var(--wp--preset--spacing--10)\">Planuj \u015bluby swoich klient\u00f3w \u0142atwo z jednego miejsca<\/h1>\n<\/div>\n\n\n\n<div class=\"wp-block-media-text has-media-on-the-right is-stacked-on-mobile\"><div class=\"wp-block-media-text__content\">\n<h2 class=\"wp-block-heading\">Dla organizator\u00f3w \u015blub\u00f3w mamy specjalny interfejs.<\/h2>\n\n\n\n<p><strong>Wszystko<\/strong> masz przejrzy\u015bcie <strong>w jednym miejscu<\/strong><\/p>\n\n\n\n<p><strong>Oszcz\u0119dzisz<\/strong> <strong>czas i pieni\u0105dze<\/strong> zwi\u0105zane z planowaniem \u015blubu<\/p>\n\n\n\n<p><strong>Zaoferujesz lepsze us\u0142ugi<\/strong> swoim klientom<\/p>\n<\/div><figure class=\"wp-block-media-text__media\"><video controls=\"\" src=\"https:\/\/wemarry.io\/wp-content\/uploads\/2025\/09\/agency-account.mp4\"><\/video><\/figure><\/div>\n\n\n\n<div class=\"wp-block-media-text is-stacked-on-mobile\"><figure class=\"wp-block-media-text__media\"><img decoding=\"async\" width=\"1512\" height=\"1008\" src=\"https:\/\/wemarry.io\/wp-content\/uploads\/2025\/09\/mockup.avif\" alt=\"\" class=\"wp-image-261 size-full\"><\/figure><div class=\"wp-block-media-text__content\">\n<h2 class=\"wp-block-heading\">W czym pomo\u017ce Ci strona \u015blubna?<\/h2>\n\n\n\n<ul class=\"wp-block-list\">\n<li>Go\u015bcie maj\u0105 wszystkie <strong>wa\u017cne informacje<\/strong> o \u015blubie <strong>w jednym miejscu 24\/7<\/strong><\/li>\n\n\n\n<li>Dzi\u0119ki potwierdzeniu obecno\u015bci <strong>masz przegl\u0105d<\/strong> zaproszonych <strong>go\u015bci<\/strong> i ich preferencji, np. diety itp. <\/li>\n\n\n\n<li>\u0141atwo dodasz <strong>drugi j\u0119zyk dla zagranicznych go\u015bci<\/strong>, \u017ceby nic nie zgin\u0119\u0142o w t\u0142umaczeniu<\/li>\n\n\n\n<li>Jest <strong>ta\u0144sza<\/strong> i bardziej ekologiczna <strong>ni\u017c drukowane<\/strong> zaproszenia lub \u015bwietnie dzia\u0142a jako ich uzupe\u0142nienie<\/li>\n\n\n\n<li>Po \u015blubie mo\u017cesz wykorzysta\u0107 stron\u0119 jako <strong>galeri\u0119 \u015blubn\u0105<\/strong><\/li>\n<\/ul>\n<\/div><\/div>\n","protected":false},"excerpt":{"rendered":"<p>Planuj \u015bluby swoich klient\u00f3w \u0142atwo z jednego miejsca Dla organizator\u00f3w \u015blub\u00f3w mamy specjalny interfejs. Wszystko masz przejrzy\u015bcie w jednym miejscu Oszcz\u0119dzisz czas i pieni\u0105dze zwi\u0105zane z planowaniem \u015blubu Zaoferujesz lepsze us\u0142ugi swoim klientom<\/p>\n","protected":false},"author":1,"featured_media":0,"parent":0,"menu_order":0,"comment_status":"closed","ping_status":"closed","template":"","meta":{"_acf_changed":false,"footnotes":""},"class_list":["post-1498","page","type-page","status-publish","hentry"],"acf":[],"yoast_head":"<!-- This site is optimized with the Yoast SEO plugin v27.3 - https:\/\/yoast.com\/product\/yoast-seo-wordpress\/ -->\n<title>Konto dla agencji \u015blubnych i koordynator\u00f3w<\/title>\n<meta name=\"description\" content=\"Dzi\u0119ki specjalnemu typowi konta WeMarry jest \u015bwietnym narz\u0119dziem dla agencji \u015blubnych i koordynator\u00f3w, kt\u00f3rzy chc\u0105 wykonywa\u0107 swoj\u0105 prac\u0119 w nowoczesny i efektywny spos\u00f3b.\" \/>\n<meta name=\"robots\" content=\"index, follow, max-snippet:-1, max-image-preview:large, max-video-preview:-1\" \/>\n<link rel=\"canonical\" href=\"https:\/\/wemarry.io\/cs\/pro-svatebni-agentury-a-koordinatory\/\" \/>\n<meta property=\"og:locale\" content=\"pl_PL\" \/>\n<meta property=\"og:type\" content=\"article\" \/>\n<meta property=\"og:title\" content=\"Konto dla agencji \u015blubnych i koordynator\u00f3w\" \/>\n<meta property=\"og:description\" content=\"Dzi\u0119ki specjalnemu typowi konta WeMarry jest \u015bwietnym narz\u0119dziem dla agencji \u015blubnych i koordynator\u00f3w, kt\u00f3rzy chc\u0105 wykonywa\u0107 swoj\u0105 prac\u0119 w nowoczesny i efektywny spos\u00f3b.\" \/>\n<meta property=\"og:url\" content=\"https:\/\/wemarry.io\/cs\/pro-svatebni-agentury-a-koordinatory\/\" \/>\n<meta property=\"og:site_name\" content=\"WeMarry\" \/>\n<meta property=\"article:modified_time\" content=\"2025-12-22T10:13:33+00:00\" \/>\n<meta property=\"og:image\" content=\"https:\/\/wemarry.io\/wp-content\/uploads\/2025\/09\/mockup.avif\" \/>\n<meta name=\"twitter:card\" content=\"summary_large_image\" \/>\n<meta name=\"twitter:label1\" content=\"Szacowany czas czytania\" \/>\n\t<meta name=\"twitter:data1\" content=\"1 minuta\" \/>\n<script type=\"application\/ld+json\" class=\"yoast-schema-graph\">{\"@context\":\"https:\\\/\\\/schema.org\",\"@graph\":[{\"@type\":\"WebPage\",\"@id\":\"https:\\\/\\\/wemarry.io\\\/cs\\\/pro-svatebni-agentury-a-koordinatory\\\/\",\"url\":\"https:\\\/\\\/wemarry.io\\\/cs\\\/pro-svatebni-agentury-a-koordinatory\\\/\",\"name\":\"Konto dla agencji \u015blubnych i koordynator\u00f3w\",\"isPartOf\":{\"@id\":\"https:\\\/\\\/wemarry.io\\\/cs\\\/#website\"},\"primaryImageOfPage\":{\"@id\":\"https:\\\/\\\/wemarry.io\\\/cs\\\/pro-svatebni-agentury-a-koordinatory\\\/#primaryimage\"},\"image\":{\"@id\":\"https:\\\/\\\/wemarry.io\\\/cs\\\/pro-svatebni-agentury-a-koordinatory\\\/#primaryimage\"},\"thumbnailUrl\":\"https:\\\/\\\/wemarry.io\\\/wp-content\\\/uploads\\\/2025\\\/09\\\/mockup.avif\",\"datePublished\":\"2025-07-25T12:41:23+00:00\",\"dateModified\":\"2025-12-22T10:13:33+00:00\",\"description\":\"Dzi\u0119ki specjalnemu typowi konta WeMarry jest \u015bwietnym narz\u0119dziem dla agencji \u015blubnych i koordynator\u00f3w, kt\u00f3rzy chc\u0105 wykonywa\u0107 swoj\u0105 prac\u0119 w nowoczesny i efektywny spos\u00f3b.\",\"breadcrumb\":{\"@id\":\"https:\\\/\\\/wemarry.io\\\/cs\\\/pro-svatebni-agentury-a-koordinatory\\\/#breadcrumb\"},\"inLanguage\":\"pl-PL\",\"potentialAction\":[{\"@type\":\"ReadAction\",\"target\":[\"https:\\\/\\\/wemarry.io\\\/cs\\\/pro-svatebni-agentury-a-koordinatory\\\/\"]}]},{\"@type\":\"ImageObject\",\"inLanguage\":\"pl-PL\",\"@id\":\"https:\\\/\\\/wemarry.io\\\/cs\\\/pro-svatebni-agentury-a-koordinatory\\\/#primaryimage\",\"url\":\"https:\\\/\\\/wemarry.io\\\/wp-content\\\/uploads\\\/2025\\\/09\\\/mockup.avif\",\"contentUrl\":\"https:\\\/\\\/wemarry.io\\\/wp-content\\\/uploads\\\/2025\\\/09\\\/mockup.avif\"},{\"@type\":\"BreadcrumbList\",\"@id\":\"https:\\\/\\\/wemarry.io\\\/cs\\\/pro-svatebni-agentury-a-koordinatory\\\/#breadcrumb\",\"itemListElement\":[{\"@type\":\"ListItem\",\"position\":1,\"name\":\"Dom\u016f\",\"item\":\"https:\\\/\\\/wemarry.io\\\/cs\\\/\"},{\"@type\":\"ListItem\",\"position\":2,\"name\":\"Dla konsultant\u00f3w i koordynator\u00f3w \u015blubnych\"}]},{\"@type\":\"WebSite\",\"@id\":\"https:\\\/\\\/wemarry.io\\\/cs\\\/#website\",\"url\":\"https:\\\/\\\/wemarry.io\\\/cs\\\/\",\"name\":\"WeMarry\",\"description\":\"Napl\u00e1nujte si svou vysn\u011bnou svatbu bez stresu. wemarry.io v\u00e1m p\u0159in\u00e1\u0161\u00ed modern\u00ed svatebn\u00ed web, digit\u00e1ln\u00ed pozv\u00e1nky a online potvrzen\u00ed \u00fa\u010dasti (RSVP) na jednom m\u00edst\u011b. U\u0161et\u0159ete des\u00edtky hodin p\u0159i organizaci a sd\u00edlejte radost s hosty elegantn\u011b a online.\",\"publisher\":{\"@id\":\"https:\\\/\\\/wemarry.io\\\/cs\\\/#organization\"},\"potentialAction\":[{\"@type\":\"SearchAction\",\"target\":{\"@type\":\"EntryPoint\",\"urlTemplate\":\"https:\\\/\\\/wemarry.io\\\/cs\\\/?s={search_term_string}\"},\"query-input\":{\"@type\":\"PropertyValueSpecification\",\"valueRequired\":true,\"valueName\":\"search_term_string\"}}],\"inLanguage\":\"pl-PL\"},{\"@type\":\"Organization\",\"@id\":\"https:\\\/\\\/wemarry.io\\\/cs\\\/#organization\",\"name\":\"WeMarry\",\"url\":\"https:\\\/\\\/wemarry.io\\\/cs\\\/\",\"logo\":{\"@type\":\"ImageObject\",\"inLanguage\":\"pl-PL\",\"@id\":\"https:\\\/\\\/wemarry.io\\\/cs\\\/#\\\/schema\\\/logo\\\/image\\\/\",\"url\":\"https:\\\/\\\/wemarry.io\\\/wp-content\\\/uploads\\\/2025\\\/09\\\/WeMarry-favicon.svg\",\"contentUrl\":\"https:\\\/\\\/wemarry.io\\\/wp-content\\\/uploads\\\/2025\\\/09\\\/WeMarry-favicon.svg\",\"width\":512,\"height\":512,\"caption\":\"WeMarry\"},\"image\":{\"@id\":\"https:\\\/\\\/wemarry.io\\\/cs\\\/#\\\/schema\\\/logo\\\/image\\\/\"}}]}<\/script>\n<!-- \/ Yoast SEO plugin. -->","yoast_head_json":{"title":"Konto dla agencji \u015blubnych i koordynator\u00f3w","description":"Dzi\u0119ki specjalnemu typowi konta WeMarry jest \u015bwietnym narz\u0119dziem dla agencji \u015blubnych i koordynator\u00f3w, kt\u00f3rzy chc\u0105 wykonywa\u0107 swoj\u0105 prac\u0119 w nowoczesny i efektywny spos\u00f3b.","robots":{"index":"index","follow":"follow","max-snippet":"max-snippet:-1","max-image-preview":"max-image-preview:large","max-video-preview":"max-video-preview:-1"},"canonical":"https:\/\/wemarry.io\/cs\/pro-svatebni-agentury-a-koordinatory\/","og_locale":"pl_PL","og_type":"article","og_title":"Konto dla agencji \u015blubnych i koordynator\u00f3w","og_description":"Dzi\u0119ki specjalnemu typowi konta WeMarry jest \u015bwietnym narz\u0119dziem dla agencji \u015blubnych i koordynator\u00f3w, kt\u00f3rzy chc\u0105 wykonywa\u0107 swoj\u0105 prac\u0119 w nowoczesny i efektywny spos\u00f3b.","og_url":"https:\/\/wemarry.io\/cs\/pro-svatebni-agentury-a-koordinatory\/","og_site_name":"WeMarry","article_modified_time":"2025-12-22T10:13:33+00:00","og_image":[{"url":"https:\/\/wemarry.io\/wp-content\/uploads\/2025\/09\/mockup.avif","type":"","width":"","height":""}],"twitter_card":"summary_large_image","twitter_misc":{"Szacowany czas czytania":"1 minuta"},"schema":{"@context":"https:\/\/schema.org","@graph":[{"@type":"WebPage","@id":"https:\/\/wemarry.io\/cs\/pro-svatebni-agentury-a-koordinatory\/","url":"https:\/\/wemarry.io\/cs\/pro-svatebni-agentury-a-koordinatory\/","name":"Konto dla agencji \u015blubnych i koordynator\u00f3w","isPartOf":{"@id":"https:\/\/wemarry.io\/cs\/#website"},"primaryImageOfPage":{"@id":"https:\/\/wemarry.io\/cs\/pro-svatebni-agentury-a-koordinatory\/#primaryimage"},"image":{"@id":"https:\/\/wemarry.io\/cs\/pro-svatebni-agentury-a-koordinatory\/#primaryimage"},"thumbnailUrl":"https:\/\/wemarry.io\/wp-content\/uploads\/2025\/09\/mockup.avif","datePublished":"2025-07-25T12:41:23+00:00","dateModified":"2025-12-22T10:13:33+00:00","description":"Dzi\u0119ki specjalnemu typowi konta WeMarry jest \u015bwietnym narz\u0119dziem dla agencji \u015blubnych i koordynator\u00f3w, kt\u00f3rzy chc\u0105 wykonywa\u0107 swoj\u0105 prac\u0119 w nowoczesny i efektywny spos\u00f3b.","breadcrumb":{"@id":"https:\/\/wemarry.io\/cs\/pro-svatebni-agentury-a-koordinatory\/#breadcrumb"},"inLanguage":"pl-PL","potentialAction":[{"@type":"ReadAction","target":["https:\/\/wemarry.io\/cs\/pro-svatebni-agentury-a-koordinatory\/"]}]},{"@type":"ImageObject","inLanguage":"pl-PL","@id":"https:\/\/wemarry.io\/cs\/pro-svatebni-agentury-a-koordinatory\/#primaryimage","url":"https:\/\/wemarry.io\/wp-content\/uploads\/2025\/09\/mockup.avif","contentUrl":"https:\/\/wemarry.io\/wp-content\/uploads\/2025\/09\/mockup.avif"},{"@type":"BreadcrumbList","@id":"https:\/\/wemarry.io\/cs\/pro-svatebni-agentury-a-koordinatory\/#breadcrumb","itemListElement":[{"@type":"ListItem","position":1,"name":"Dom\u016f","item":"https:\/\/wemarry.io\/cs\/"},{"@type":"ListItem","position":2,"name":"Dla konsultant\u00f3w i koordynator\u00f3w \u015blubnych"}]},{"@type":"WebSite","@id":"https:\/\/wemarry.io\/cs\/#website","url":"https:\/\/wemarry.io\/cs\/","name":"WeMarry","description":"Napl\u00e1nujte si svou vysn\u011bnou svatbu bez stresu. wemarry.io v\u00e1m p\u0159in\u00e1\u0161\u00ed modern\u00ed svatebn\u00ed web, digit\u00e1ln\u00ed pozv\u00e1nky a online potvrzen\u00ed \u00fa\u010dasti (RSVP) na jednom m\u00edst\u011b. U\u0161et\u0159ete des\u00edtky hodin p\u0159i organizaci a sd\u00edlejte radost s hosty elegantn\u011b a online.","publisher":{"@id":"https:\/\/wemarry.io\/cs\/#organization"},"potentialAction":[{"@type":"SearchAction","target":{"@type":"EntryPoint","urlTemplate":"https:\/\/wemarry.io\/cs\/?s={search_term_string}"},"query-input":{"@type":"PropertyValueSpecification","valueRequired":true,"valueName":"search_term_string"}}],"inLanguage":"pl-PL"},{"@type":"Organization","@id":"https:\/\/wemarry.io\/cs\/#organization","name":"WeMarry","url":"https:\/\/wemarry.io\/cs\/","logo":{"@type":"ImageObject","inLanguage":"pl-PL","@id":"https:\/\/wemarry.io\/cs\/#\/schema\/logo\/image\/","url":"https:\/\/wemarry.io\/wp-content\/uploads\/2025\/09\/WeMarry-favicon.svg","contentUrl":"https:\/\/wemarry.io\/wp-content\/uploads\/2025\/09\/WeMarry-favicon.svg","width":512,"height":512,"caption":"WeMarry"},"image":{"@id":"https:\/\/wemarry.io\/cs\/#\/schema\/logo\/image\/"}}]}},"_links":{"self":[{"href":"https:\/\/wemarry.io\/pl\/wp-json\/wp\/v2\/pages\/1498","targetHints":{"allow":["GET"]}}],"collection":[{"href":"https:\/\/wemarry.io\/pl\/wp-json\/wp\/v2\/pages"}],"about":[{"href":"https:\/\/wemarry.io\/pl\/wp-json\/wp\/v2\/types\/page"}],"author":[{"embeddable":true,"href":"https:\/\/wemarry.io\/pl\/wp-json\/wp\/v2\/users\/1"}],"replies":[{"embeddable":true,"href":"https:\/\/wemarry.io\/pl\/wp-json\/wp\/v2\/comments?post=1498"}],"version-history":[{"count":2,"href":"https:\/\/wemarry.io\/pl\/wp-json\/wp\/v2\/pages\/1498\/revisions"}],"predecessor-version":[{"id":1582,"href":"https:\/\/wemarry.io\/pl\/wp-json\/wp\/v2\/pages\/1498\/revisions\/1582"}],"wp:attachment":[{"href":"https:\/\/wemarry.io\/pl\/wp-json\/wp\/v2\/media?parent=1498"}],"curies":[{"name":"wp","href":"https:\/\/api.w.org\/{rel}","templated":true}]}}