{"id":1608,"date":"2025-07-24T08:37:06","date_gmt":"2025-07-24T06:37:06","guid":{"rendered":"https:\/\/dev.wemarry.io\/polityki-prywatnosci\/"},"modified":"2025-07-24T08:37:06","modified_gmt":"2025-07-24T06:37:06","slug":"polityki-prywatnosci","status":"publish","type":"page","link":"https:\/\/wemarry.io\/pl\/polityki-prywatnosci\/","title":{"rendered":"Polityki Prywatno\u015bci"},"content":{"rendered":"\n<p>Celem niniejszej Polityki Prywatno\u015bci (dalej \u201ePolityka\u201d) jest przekazanie osobie, kt\u00f3rej dane dotycz\u0105, informacji o tym, jakie dane osobowe os\u00f3b fizycznych s\u0105 przetwarzane podczas \u015bwiadczenia us\u0142ug przez operatora strony internetowej, w jakich celach i przez jaki okres operator przetwarza te dane zgodnie z obowi\u0105zuj\u0105cymi przepisami prawa, komu i z jakiego powodu mog\u0105 one zosta\u0107 przekazane, a tak\u017ce poinformowanie o prawach przys\u0142uguj\u0105cych osobom fizycznym w zwi\u0105zku z przetwarzaniem ich danych osobowych.<br>Polityka obowi\u0105zuje od 1 stycznia 2025 r. i zosta\u0142a wydana zgodnie z Rozporz\u0105dzeniem Parlamentu Europejskiego i Rady (UE) 2016\/679 z dnia 27 kwietnia 2016 r. w sprawie ochrony os\u00f3b fizycznych w zwi\u0105zku z przetwarzaniem danych osobowych oraz swobodnego przep\u0142ywu takich danych (\u201eRODO\u201d).   <\/p>\n\n\n\n<h3 class=\"wp-block-heading\"><strong>1. Administrator danych i dane kontaktowe w sprawach RODO<\/strong><\/h3>\n\n\n\n<p>Administratorem danych osobowych jest WeMarry s.r.o., I\u010cO 22269347, z siedzib\u0105 przy ul. Ho\u0159ansk\u00e1 1510\/1, \u017di\u017ekov, 130 00 Praga 3 (dalej \u201eAdministrator\u201d). Wszelkie pytania dotycz\u0105ce przetwarzania danych osobowych mo\u017cna kierowa\u0107 na adres siedziby Administratora lub na adres e\u2011mail: info@wemarry.io. <\/p>\n\n\n\n<h3 class=\"wp-block-heading\"><strong>2. Zakres przetwarzania oraz kategorie danych osobowych<\/strong><\/h3>\n\n\n\n<p>Dane osobowe s\u0105 przetwarzane w zakresie, w jakim zosta\u0142y przekazane Administratorowi przez osob\u0119, kt\u00f3rej dane dotycz\u0105, w zwi\u0105zku z zawarciem umowy lub innego stosunku prawnego z Administratorem, lub w zakresie, w jakim zosta\u0142y pozyskane przez Administratora w inny spos\u00f3b i s\u0105 przetwarzane zgodnie z obowi\u0105zuj\u0105cymi przepisami prawa lub w celu wype\u0142nienia obowi\u0105zk\u00f3w prawnych Administratora. Administrator przetwarza nast\u0119puj\u0105ce kategorie danych osobowych: <\/p>\n\n\n\n<ol style=\"list-style-type:lower-alpha\" class=\"wp-block-list\">\n<li>imi\u0119 i nazwisko, ewentualnie tytu\u0142 naukowy, <\/li>\n\n\n\n<li>nazwa firmy,<\/li>\n\n\n\n<li>numer identyfikacyjny (I\u010cO), numer VAT (DI\u010c),<\/li>\n\n\n\n<li>adres sta\u0142ego zamieszkania,<\/li>\n\n\n\n<li>adres siedziby lub miejsca prowadzenia dzia\u0142alno\u015bci,<\/li>\n\n\n\n<li>adres dostawy,<\/li>\n\n\n\n<li>adres e\u2011mail kontaktowy,<\/li>\n\n\n\n<li>numer telefonu kontaktowego,<\/li>\n\n\n\n<li>stanowisko pracy i\/lub funkcja w firmie,<\/li>\n\n\n\n<li>dane rachunku bankowego,<\/li>\n\n\n\n<li>zdj\u0119cie profilowe,<\/li>\n\n\n\n<li>dane biograficzne,<\/li>\n\n\n\n<li>informacje dotycz\u0105ce daty i miejsca \u015blubu,<\/li>\n\n\n\n<li>preferencje osobiste,<\/li>\n\n\n\n<li>dane dotycz\u0105ce zachowania na stronach internetowych Administratora pozyskane z plik\u00f3w cookies, je\u015bli cookies s\u0105 w\u0142\u0105czone w przegl\u0105darce internetowej.<\/li>\n<\/ol>\n\n\n\n<h3 class=\"wp-block-heading\"><strong>3. Cel przetwarzania danych osobowych<\/strong><\/h3>\n\n\n\n<h4 class=\"wp-block-heading\"><strong>3.1 Przetwarzanie w celu wykonania umowy, wype\u0142nienia obowi\u0105zk\u00f3w prawnych oraz z uwagi na prawnie uzasadnione interesy Administratora<\/strong><\/h4>\n\n\n\n<p>Podanie danych osobowych niezb\u0119dnych do wykonania umowy, wype\u0142nienia obowi\u0105zk\u00f3w prawnych Administratora oraz ochrony jego prawnie uzasadnionych interes\u00f3w jest obowi\u0105zkowe. Bez podania tych danych \u015bwiadczenie us\u0142ug nie by\u0142oby mo\u017cliwe. Administrator nie wymaga zgody osoby, kt\u00f3rej dane dotycz\u0105, na przetwarzanie danych w tych celach.  <\/p>\n\n\n\n<p>Podstawowe cele cz\u0105stkowe przetwarzania obejmuj\u0105 w szczeg\u00f3lno\u015bci:<\/p>\n\n\n\n<ol style=\"list-style-type:lower-alpha\" class=\"wp-block-list\">\n<li>procesy zwi\u0105zane z identyfikacj\u0105 i ewentualnym kontaktem z u\u017cytkownikiem (wykonanie umowy),<\/li>\n\n\n\n<li>\u015bwiadczenie us\u0142ug (wykonanie umowy),<\/li>\n\n\n\n<li>rozliczanie us\u0142ug i wystawianie dokument\u00f3w podatkowych (wykonanie umowy),<\/li>\n\n\n\n<li>wype\u0142nianie ustawowych obowi\u0105zk\u00f3w podatkowych (obowi\u0105zek prawny),<\/li>\n\n\n\n<li>dochodzenie nale\u017cno\u015bci i inne spory z klientami (uzasadniony interes),<\/li>\n\n\n\n<li>prowadzenie rejestru d\u0142u\u017cnik\u00f3w (uzasadniony interes).<\/li>\n<\/ol>\n\n\n\n<p>Dane osobowe s\u0105 przetwarzane w zakresie niezb\u0119dnym do realizacji powy\u017cszych cel\u00f3w oraz przez okres konieczny do ich osi\u0105gni\u0119cia lub przez okres wynikaj\u0105cy bezpo\u015brednio z przepis\u00f3w prawa. Po up\u0142ywie tego okresu dane s\u0105 usuwane lub anonimizowane. Podstawowe okresy przechowywania danych okre\u015blono w art. 5 niniejszej Polityki.   <\/p>\n\n\n\n<h4 class=\"wp-block-heading\"><strong>3.2 Przetwarzanie danych klient\u00f3w za zgod\u0105 \u2014 cele marketingowe i handlowe<\/strong><\/h4>\n\n\n\n<p>Za zgod\u0105 osoby, kt\u00f3rej dane dotycz\u0105, Administrator przetwarza dane osobowe w celach marketingowych i handlowych, w szczeg\u00f3lno\u015bci w celu przygotowania odpowiednich ofert produkt\u00f3w i us\u0142ug oraz kontaktu z klientem \u2014 wy\u0142\u0105cznie za pomoc\u0105 komunikacji elektronicznej na podany adres e\u2011mail. Udzielenie zgody jest dobrowolne i mo\u017ce zosta\u0107 odwo\u0142ane w dowolnym momencie. Zgoda pozostaje wa\u017cna przez 5 lat od jej udzielenia lub przez okres korzystania z us\u0142ug Administratora oraz kolejne 5 lat, lub do momentu jej odwo\u0142ania. Na podstawie zgody mog\u0105 by\u0107 przetwarzane wszystkie kategorie danych wymienione w art. 2 niniejszej Polityki. Odwo\u0142anie zgody nie wp\u0142ywa na przetwarzanie danych osobowych przez Administratora w innych celach i na innych podstawach prawnych zgodnie z niniejsz\u0105 Polityk\u0105.     <\/p>\n\n\n\n<h4 class=\"wp-block-heading\"><strong>3.3 Przetwarzanie plik\u00f3w cookies na stronach internetowych Administratora<\/strong><\/h4>\n\n\n\n<p>Je\u015bli w przegl\u0105darce internetowej osoby, kt\u00f3rej dane dotycz\u0105, w\u0142\u0105czone s\u0105 pliki cookies, Administrator przetwarza dane dotycz\u0105ce zachowania pozyskane z cookies umieszczonych na stronach internetowych przez niego obs\u0142ugiwanych \u2014 w celu zapewnienia lepszego dzia\u0142ania stron lub w celach reklamy internetowej Administratora.<br>W przypadku udzielenia zgody na przetwarzanie danych osobowych w celach marketingowych i handlowych dane te s\u0105 przetwarzane \u0142\u0105cznie z innymi danymi osobowymi w tym samym celu. <\/p>\n\n\n\n<h3 class=\"wp-block-heading\"><strong>4. Spos\u00f3b przetwarzania oraz zabezpieczenie danych osobowych<\/strong><\/h3>\n\n\n\n<p>Przetwarzanie danych osobowych odbywa si\u0119 przez Administratora. Dane s\u0105 przetwarzane w jego siedzibie oraz w miejscach prowadzenia dzia\u0142alno\u015bci przez upowa\u017cnionych pracownik\u00f3w Administratora lub przez podmioty przetwarzaj\u0105ce. Dane osobowe mog\u0105 by\u0107 przetwarzane przy u\u017cyciu system\u00f3w informatycznych lub \u2014 w przypadku danych w formie papierowej \u2014 r\u00f3wnie\u017c w spos\u00f3b manualny, z zachowaniem wszystkich zasad bezpiecze\u0144stwa dotycz\u0105cych zarz\u0105dzania i przetwarzania danych osobowych.W tym celu Administrator wdro\u017cy\u0142 techniczne i organizacyjne \u015brodki bezpiecze\u0144stwa maj\u0105ce na celu ochron\u0119 danych osobowych, w szczeg\u00f3lno\u015bci \u015brodki zapobiegaj\u0105ce nieuprawnionemu lub przypadkowemu dost\u0119powi do danych, ich zmianie, zniszczeniu, utracie, nieuprawnionemu przekazywaniu, nieuprawnionemu przetwarzaniu lub innemu niew\u0142a\u015bciwemu wykorzystaniu.Wszystkie podmioty, kt\u00f3rym dane osobowe mog\u0105 zosta\u0107 udost\u0119pnione, respektuj\u0105 prawo os\u00f3b, kt\u00f3rych dane dotycz\u0105, do prywatno\u015bci i s\u0105 zobowi\u0105zane do dzia\u0142ania zgodnie z obowi\u0105zuj\u0105cymi przepisami dotycz\u0105cymi ochrony danych osobowych. Administrator nie stosuje zautomatyzowanego podejmowania decyzji, w tym profilowania w rozumieniu art. 22 RODO.        <\/p>\n\n\n\n<h3 class=\"wp-block-heading\"><strong>5. Okres przechowywania danych osobowych<\/strong><\/h3>\n\n\n\n<p>Dane osobowe s\u0105 przetwarzane przez okres niezb\u0119dny do realizacji cel\u00f3w, dla kt\u00f3rych s\u0105 przetwarzane \u2014 zgodnie z okresami wskazanymi w odpowiednich umowach, w instrukcji kancelaryjnej i archiwalnej Administratora lub w obowi\u0105zuj\u0105cych przepisach prawa. Okresy przechowywania danych s\u0105 nast\u0119puj\u0105ce: <\/p>\n\n\n\n<ol style=\"list-style-type:lower-alpha\" class=\"wp-block-list\">\n<li>W przypadku klient\u00f3w us\u0142ug Administrator jest uprawniony \u2014 pod warunkiem, \u017ce wszystkie zobowi\u0105zania wobec niego zosta\u0142y spe\u0142nione \u2014 do przetwarzania podstawowych danych osobowych, identyfikacyjnych i kontaktowych, danych dotycz\u0105cych us\u0142ug oraz danych z komunikacji z Administratorem przez okres 4 lat od dnia zako\u0144czenia ostatniej umowy z Administratorem.<\/li>\n\n\n\n<li>W przypadku negocjacji pomi\u0119dzy Administratorem a potencjalnym klientem dotycz\u0105cych zawarcia umowy, kt\u00f3re nie zako\u0144czy\u0142y si\u0119 jej zawarciem, Administrator jest uprawniony do przetwarzania przekazanych danych osobowych przez okres 6 miesi\u0119cy od zako\u0144czenia negocjacji przedumownych.<\/li>\n\n\n\n<li>Dokumenty podatkowe wystawione przez Administratora s\u0105 archiwizowane przez okres 10 lat od ko\u0144ca okresu rozliczeniowego, w kt\u00f3rym nast\u0105pi\u0142o \u015bwiadczenie, zgodnie z \u00a7 35 ustawy nr 235\/2004 Dz.U. o podatku od warto\u015bci dodanej. W celu wykazania podstawy prawnej wystawienia faktur umowy z klientami s\u0105 r\u00f3wnie\u017c archiwizowane przez okres 10 lat od dnia zako\u0144czenia umowy.<\/li>\n<\/ol>\n\n\n\n<h3 class=\"wp-block-heading\"><strong>6. Kategorie odbiorc\u00f3w danych osobowych<\/strong><\/h3>\n\n\n\n<p>W celu realizacji swoich zobowi\u0105za\u0144 umownych i obowi\u0105zk\u00f3w prawnych Administrator korzysta z us\u0142ug profesjonalnych i wyspecjalizowanych podmiot\u00f3w. Je\u017celi podmioty te przetwarzaj\u0105 dane osobowe przekazane im przez Administratora, dzia\u0142aj\u0105 jako podmioty przetwarzaj\u0105ce i przetwarzaj\u0105 dane wy\u0142\u0105cznie zgodnie z instrukcjami Administratora, bez prawa do wykorzystania ich w innym celu. Do podmiot\u00f3w tych nale\u017c\u0105 w szczeg\u00f3lno\u015bci: dostawcy bramek p\u0142atniczych, kancelarie prawne, ksi\u0119gowi, audytorzy, administratorzy system\u00f3w IT, dostawcy reklamy internetowej, przedstawiciele handlowi. Ka\u017cdy taki podmiot jest starannie wybierany przez Administratora, a z ka\u017cdym zawierana jest umowa powierzenia przetwarzania danych, okre\u015blaj\u0105ca rygorystyczne obowi\u0105zki dotycz\u0105ce ochrony i bezpiecze\u0144stwa danych osobowych.   <\/p>\n\n\n\n<h3 class=\"wp-block-heading\"><strong>7. Prawa os\u00f3b, kt\u00f3rych dane dotycz\u0105<\/strong><\/h3>\n\n\n\n<p>Zgodnie z RODO osobie, kt\u00f3rej dane dotycz\u0105, przys\u0142uguj\u0105 poni\u017csze prawa. Je\u017celi prawa te maj\u0105 by\u0107 wykonywane wobec Administratora, mo\u017cna je realizowa\u0107 za pomoc\u0105 danych kontaktowych wskazanych w art. 1 niniejszej Polityki.  &nbsp;<\/p>\n\n\n\n<h4 class=\"wp-block-heading\"><strong>7.1 Prawo dost\u0119pu do danych<\/strong><\/h4>\n\n\n\n<p>Na podstawie art. 15 RODO osoba, kt\u00f3rej dane dotycz\u0105, ma prawo uzyska\u0107 od Administratora potwierdzenie, czy jej dane osobowe s\u0105 przetwarzane, a je\u017celi tak \u2014 dost\u0119p do tych danych oraz nast\u0119puj\u0105cych informacji: <\/p>\n\n\n\n<ol style=\"list-style-type:lower-alpha\" class=\"wp-block-list\">\n<li>cele przetwarzania, <\/li>\n\n\n\n<li>kategorie danych osobowych, <\/li>\n\n\n\n<li>odbiorcy, kt\u00f3rym dane zosta\u0142y lub zostan\u0105 ujawnione, <\/li>\n\n\n\n<li>planowany okres przechowywania danych, <\/li>\n\n\n\n<li>prawo do \u017c\u0105dania sprostowania, usuni\u0119cia, ograniczenia przetwarzania lub wniesienia sprzeciwu, <\/li>\n\n\n\n<li>prawo do wniesienia skargi do organu nadzorczego, <\/li>\n\n\n\n<li>wszelkie dost\u0119pne informacje o \u017ar\u00f3dle danych, je\u017celi nie zosta\u0142y pozyskane od osoby, kt\u00f3rej dane dotycz\u0105,<\/li>\n\n\n\n<li>fakt stosowania zautomatyzowanego podejmowania decyzji, w tym profilowania, <\/li>\n\n\n\n<li>odpowiednie zabezpieczenia stosowane przy przekazywaniu danych poza UE. <\/li>\n<\/ol>\n\n\n\n<p>Je\u017celi prawa i wolno\u015bci innych os\u00f3b nie zostan\u0105 naruszone, osoba, kt\u00f3rej dane dotycz\u0105, ma r\u00f3wnie\u017c prawo do uzyskania kopii przetwarzanych danych osobowych. W przypadku ponownych wniosk\u00f3w Administrator mo\u017ce pobra\u0107 rozs\u0105dn\u0105 op\u0142at\u0119. <\/p>\n\n\n\n<h4 class=\"wp-block-heading\"><strong>7.2 Prawo do sprostowania danych<\/strong><\/h4>\n\n\n\n<p>Na podstawie art. 16 RODO osoba, kt\u00f3rej dane dotycz\u0105, ma prawo \u017c\u0105da\u0107 sprostowania nieprawid\u0142owych danych osobowych lub uzupe\u0142nienia danych niekompletnych. Osoba, kt\u00f3rej dane dotycz\u0105, jest zobowi\u0105zana do zg\u0142aszania zmian swoich danych osobowych oraz do potwierdzenia ich prawid\u0142owo\u015bci. Jest r\u00f3wnie\u017c zobowi\u0105zana do wsp\u00f3\u0142pracy z Administratorem, je\u017celi oka\u017ce si\u0119, \u017ce przetwarzane dane s\u0105 nieprawid\u0142owe.   &nbsp;<\/p>\n\n\n\n<h4 class=\"wp-block-heading\"><strong>7.3 Prawo do usuni\u0119cia danych<\/strong><\/h4>\n\n\n\n<p>Na podstawie art. 17 RODO osoba, kt\u00f3rej dane dotycz\u0105, ma prawo \u017c\u0105da\u0107 usuni\u0119cia danych osobowych jej dotycz\u0105cych, chyba \u017ce Administrator wyka\u017ce istnienie wa\u017cnych, prawnie uzasadnionych podstaw do dalszego przetwarzania. <\/p>\n\n\n\n<h4 class=\"wp-block-heading\"><strong>7.4 Prawo do ograniczenia przetwarzania<\/strong><\/h4>\n\n\n\n<p>Na podstawie art. 18 RODO osoba, kt\u00f3rej dane dotycz\u0105, ma prawo \u017c\u0105da\u0107 ograniczenia przetwarzania, w szczeg\u00f3lno\u015bci gdy: kwestionuje prawid\u0142owo\u015b\u0107 danych, kwestionuje podstaw\u0119 przetwarzania, wnios\u0142a sprzeciw wobec przetwarzania. W przypadku ograniczenia przetwarzania dane mog\u0105 \u2014 poza przechowywaniem \u2014 by\u0107 przetwarzane wy\u0142\u0105cznie: za zgod\u0105 osoby, kt\u00f3rej dane dotycz\u0105, w celu ustalenia, dochodzenia lub obrony roszcze\u0144, w celu ochrony praw innej osoby fizycznej lub prawnej, z uwagi na wa\u017cny interes publiczny UE lub pa\u0144stwa cz\u0142onkowskiego.  <\/p>\n\n\n\n<h4 class=\"wp-block-heading\"><strong>7.5 Obowi\u0105zek informacyjny Administratora<\/strong><\/h4>\n\n\n\n<p>Na podstawie art. 19 RODO Administrator ma obowi\u0105zek poinformowa\u0107 ka\u017cdego odbiorc\u0119, kt\u00f3remu ujawniono dane osobowe, o ich sprostowaniu, usuni\u0119ciu lub ograniczeniu przetwarzania \u2014 chyba \u017ce oka\u017ce si\u0119 to niemo\u017cliwe lub wymaga\u0142oby niewsp\u00f3\u0142miernie du\u017cego wysi\u0142ku. Na \u017c\u0105danie Administrator przekazuje osobie, kt\u00f3rej dane dotycz\u0105, informacje o takich odbiorcach.  &nbsp;<\/p>\n\n\n\n<h4 class=\"wp-block-heading\"><strong>7.6 Prawo do przenoszenia danych<\/strong><\/h4>\n\n\n\n<p>Na podstawie art. 20 RODO osoba, kt\u00f3rej dane dotycz\u0105, ma prawo otrzyma\u0107 dane osobowe, kt\u00f3re dostarczy\u0142a Administratorowi, w formacie: uporz\u0105dkowanym, powszechnie u\u017cywanym, nadaj\u0105cym si\u0119 do odczytu maszynowego, oraz ma prawo \u017c\u0105da\u0107 przekazania tych danych innemu administratorowi, je\u017celi: przetwarzanie odbywa si\u0119 na podstawie umowy lub zgody, oraz przetwarzanie odbywa si\u0119 w spos\u00f3b zautomatyzowany. Prawo to nie mo\u017ce by\u0107 wykonywane, je\u017celi narusza\u0142oby prawa i wolno\u015bci innych os\u00f3b.  <\/p>\n\n\n\n<h4 class=\"wp-block-heading\"><strong>7.7 Prawo do wniesienia sprzeciwu<\/strong><\/h4>\n\n\n\n<p>Na podstawie art. 21 RODO osoba, kt\u00f3rej dane dotycz\u0105, ma prawo wnie\u015b\u0107 sprzeciw wobec przetwarzania jej danych osobowych z uwagi na prawnie uzasadniony interes Administratora. Administrator zaprzestaje przetwarzania, chyba \u017ce wyka\u017ce istnienie wa\u017cnych, nadrz\u0119dnych podstaw prawnych, kt\u00f3re maj\u0105 pierwsze\u0144stwo przed interesami, prawami i wolno\u015bciami osoby, kt\u00f3rej dane dotycz\u0105.  <\/p>\n\n\n\n<h4 class=\"wp-block-heading\"><strong>7.8 Prawo do wycofania zgody<\/strong><\/h4>\n\n\n\n<p>Zgod\u0119 na przetwarzanie danych osobowych w celach marketingowych i handlowych mo\u017cna wycofa\u0107 w dowolnym momencie. Wycofanie zgody musi nast\u0105pi\u0107 poprzez jednoznaczne i wyra\u017ane o\u015bwiadczenie. Przetwarzaniu danych z plik\u00f3w cookies mo\u017cna zapobiec poprzez zmian\u0119 ustawie\u0144 przegl\u0105darki internetowej.  <\/p>\n\n\n\n<h4 class=\"wp-block-heading\"><strong>7.9 Prawo do informacji o naruszeniu ochrony danych<\/strong><\/h4>\n\n\n\n<p>Na podstawie art. 34 RODO osoba, kt\u00f3rej dane dotycz\u0105, ma prawo zosta\u0107 niezw\u0142ocznie poinformowana przez Administratora o naruszeniu ochrony danych osobowych, je\u017celi naruszenie to mo\u017ce powodowa\u0107 wysokie ryzyko naruszenia praw lub wolno\u015bci os\u00f3b fizycznych. &nbsp;<\/p>\n\n\n\n<h4 class=\"wp-block-heading\"><strong>7.10 Prawo do wniesienia skargi do organu nadzorczego<\/strong><\/h4>\n\n\n\n<p>Osoba, kt\u00f3rej dane dotycz\u0105, ma prawo wnie\u015b\u0107 skarg\u0119 do Urz\u0119du Ochrony Danych Osobowych (<\/p>\n\n\n\n<p><a href=\"http:\/\/www.uoou.cz\/\">http:\/\/www.uoou.cz\/<\/a>UpravitOdstranit<\/p>\n\n\n\n<p>www.uoou.cz), je\u017celi stwierdzi lub uzna, \u017ce Administrator lub podmiot przetwarzaj\u0105cy przetwarza jej dane osobowe niezgodnie z przepisami o ochronie prywatno\u015bci lub obowi\u0105zuj\u0105cymi przepisami prawa.<\/p>\n\n\n\n<p><\/p>\n","protected":false},"excerpt":{"rendered":"<p>Celem niniejszej Polityki Prywatno\u015bci (dalej \u201ePolityka\u201d) jest przekazanie osobie, kt\u00f3rej dane dotycz\u0105, informacji o tym, jakie dane osobowe os\u00f3b fizycznych s\u0105 przetwarzane podczas \u015bwiadczenia us\u0142ug przez operatora strony internetowej, w jakich celach i przez jaki okres operator przetwarza te dane zgodnie z obowi\u0105zuj\u0105cymi przepisami prawa, komu i z jakiego powodu mog\u0105 one zosta\u0107 przekazane, a [&hellip;]<\/p>\n","protected":false},"author":1,"featured_media":0,"parent":0,"menu_order":0,"comment_status":"closed","ping_status":"open","template":"","meta":{"_acf_changed":false,"footnotes":""},"class_list":["post-1608","page","type-page","status-publish","hentry"],"acf":[],"yoast_head":"<!-- This site is optimized with the Yoast SEO plugin v27.3 - https:\/\/yoast.com\/product\/yoast-seo-wordpress\/ -->\n<title>Polityki Prywatno\u015bci - WeMarry<\/title>\n<meta name=\"robots\" content=\"index, follow, max-snippet:-1, max-image-preview:large, max-video-preview:-1\" \/>\n<link rel=\"canonical\" href=\"https:\/\/wemarry.io\/cs\/privacy-policy\/\" \/>\n<meta property=\"og:locale\" content=\"pl_PL\" \/>\n<meta property=\"og:type\" content=\"article\" \/>\n<meta property=\"og:title\" content=\"Polityki Prywatno\u015bci - WeMarry\" \/>\n<meta property=\"og:description\" content=\"Celem niniejszej Polityki Prywatno\u015bci (dalej \u201ePolityka\u201d) jest przekazanie osobie, kt\u00f3rej dane dotycz\u0105, informacji o tym, jakie dane osobowe os\u00f3b fizycznych s\u0105 przetwarzane podczas \u015bwiadczenia us\u0142ug przez operatora strony internetowej, w jakich celach i przez jaki okres operator przetwarza te dane zgodnie z obowi\u0105zuj\u0105cymi przepisami prawa, komu i z jakiego powodu mog\u0105 one zosta\u0107 przekazane, a [&hellip;]\" \/>\n<meta property=\"og:url\" content=\"https:\/\/wemarry.io\/cs\/privacy-policy\/\" \/>\n<meta property=\"og:site_name\" content=\"WeMarry\" \/>\n<meta name=\"twitter:card\" content=\"summary_large_image\" \/>\n<meta name=\"twitter:label1\" content=\"Szacowany czas czytania\" \/>\n\t<meta name=\"twitter:data1\" content=\"10 minut\" \/>\n<script type=\"application\/ld+json\" class=\"yoast-schema-graph\">{\"@context\":\"https:\\\/\\\/schema.org\",\"@graph\":[{\"@type\":\"WebPage\",\"@id\":\"https:\\\/\\\/wemarry.io\\\/cs\\\/privacy-policy\\\/\",\"url\":\"https:\\\/\\\/wemarry.io\\\/cs\\\/privacy-policy\\\/\",\"name\":\"Polityki Prywatno\u015bci - WeMarry\",\"isPartOf\":{\"@id\":\"https:\\\/\\\/wemarry.io\\\/cs\\\/#website\"},\"datePublished\":\"2025-07-24T06:37:06+00:00\",\"breadcrumb\":{\"@id\":\"https:\\\/\\\/wemarry.io\\\/cs\\\/privacy-policy\\\/#breadcrumb\"},\"inLanguage\":\"pl-PL\",\"potentialAction\":[{\"@type\":\"ReadAction\",\"target\":[\"https:\\\/\\\/wemarry.io\\\/cs\\\/privacy-policy\\\/\"]}]},{\"@type\":\"BreadcrumbList\",\"@id\":\"https:\\\/\\\/wemarry.io\\\/cs\\\/privacy-policy\\\/#breadcrumb\",\"itemListElement\":[{\"@type\":\"ListItem\",\"position\":1,\"name\":\"Dom\u016f\",\"item\":\"https:\\\/\\\/wemarry.io\\\/cs\\\/\"},{\"@type\":\"ListItem\",\"position\":2,\"name\":\"Polityki Prywatno\u015bci\"}]},{\"@type\":\"WebSite\",\"@id\":\"https:\\\/\\\/wemarry.io\\\/cs\\\/#website\",\"url\":\"https:\\\/\\\/wemarry.io\\\/cs\\\/\",\"name\":\"WeMarry\",\"description\":\"Napl\u00e1nujte si svou vysn\u011bnou svatbu bez stresu. wemarry.io v\u00e1m p\u0159in\u00e1\u0161\u00ed modern\u00ed svatebn\u00ed web, digit\u00e1ln\u00ed pozv\u00e1nky a online potvrzen\u00ed \u00fa\u010dasti (RSVP) na jednom m\u00edst\u011b. U\u0161et\u0159ete des\u00edtky hodin p\u0159i organizaci a sd\u00edlejte radost s hosty elegantn\u011b a online.\",\"publisher\":{\"@id\":\"https:\\\/\\\/wemarry.io\\\/cs\\\/#organization\"},\"potentialAction\":[{\"@type\":\"SearchAction\",\"target\":{\"@type\":\"EntryPoint\",\"urlTemplate\":\"https:\\\/\\\/wemarry.io\\\/cs\\\/?s={search_term_string}\"},\"query-input\":{\"@type\":\"PropertyValueSpecification\",\"valueRequired\":true,\"valueName\":\"search_term_string\"}}],\"inLanguage\":\"pl-PL\"},{\"@type\":\"Organization\",\"@id\":\"https:\\\/\\\/wemarry.io\\\/cs\\\/#organization\",\"name\":\"WeMarry\",\"url\":\"https:\\\/\\\/wemarry.io\\\/cs\\\/\",\"logo\":{\"@type\":\"ImageObject\",\"inLanguage\":\"pl-PL\",\"@id\":\"https:\\\/\\\/wemarry.io\\\/cs\\\/#\\\/schema\\\/logo\\\/image\\\/\",\"url\":\"https:\\\/\\\/wemarry.io\\\/wp-content\\\/uploads\\\/2025\\\/09\\\/WeMarry-favicon.svg\",\"contentUrl\":\"https:\\\/\\\/wemarry.io\\\/wp-content\\\/uploads\\\/2025\\\/09\\\/WeMarry-favicon.svg\",\"width\":512,\"height\":512,\"caption\":\"WeMarry\"},\"image\":{\"@id\":\"https:\\\/\\\/wemarry.io\\\/cs\\\/#\\\/schema\\\/logo\\\/image\\\/\"}}]}<\/script>\n<!-- \/ Yoast SEO plugin. -->","yoast_head_json":{"title":"Polityki Prywatno\u015bci - WeMarry","robots":{"index":"index","follow":"follow","max-snippet":"max-snippet:-1","max-image-preview":"max-image-preview:large","max-video-preview":"max-video-preview:-1"},"canonical":"https:\/\/wemarry.io\/cs\/privacy-policy\/","og_locale":"pl_PL","og_type":"article","og_title":"Polityki Prywatno\u015bci - WeMarry","og_description":"Celem niniejszej Polityki Prywatno\u015bci (dalej \u201ePolityka\u201d) jest przekazanie osobie, kt\u00f3rej dane dotycz\u0105, informacji o tym, jakie dane osobowe os\u00f3b fizycznych s\u0105 przetwarzane podczas \u015bwiadczenia us\u0142ug przez operatora strony internetowej, w jakich celach i przez jaki okres operator przetwarza te dane zgodnie z obowi\u0105zuj\u0105cymi przepisami prawa, komu i z jakiego powodu mog\u0105 one zosta\u0107 przekazane, a [&hellip;]","og_url":"https:\/\/wemarry.io\/cs\/privacy-policy\/","og_site_name":"WeMarry","twitter_card":"summary_large_image","twitter_misc":{"Szacowany czas czytania":"10 minut"},"schema":{"@context":"https:\/\/schema.org","@graph":[{"@type":"WebPage","@id":"https:\/\/wemarry.io\/cs\/privacy-policy\/","url":"https:\/\/wemarry.io\/cs\/privacy-policy\/","name":"Polityki Prywatno\u015bci - WeMarry","isPartOf":{"@id":"https:\/\/wemarry.io\/cs\/#website"},"datePublished":"2025-07-24T06:37:06+00:00","breadcrumb":{"@id":"https:\/\/wemarry.io\/cs\/privacy-policy\/#breadcrumb"},"inLanguage":"pl-PL","potentialAction":[{"@type":"ReadAction","target":["https:\/\/wemarry.io\/cs\/privacy-policy\/"]}]},{"@type":"BreadcrumbList","@id":"https:\/\/wemarry.io\/cs\/privacy-policy\/#breadcrumb","itemListElement":[{"@type":"ListItem","position":1,"name":"Dom\u016f","item":"https:\/\/wemarry.io\/cs\/"},{"@type":"ListItem","position":2,"name":"Polityki Prywatno\u015bci"}]},{"@type":"WebSite","@id":"https:\/\/wemarry.io\/cs\/#website","url":"https:\/\/wemarry.io\/cs\/","name":"WeMarry","description":"Napl\u00e1nujte si svou vysn\u011bnou svatbu bez stresu. wemarry.io v\u00e1m p\u0159in\u00e1\u0161\u00ed modern\u00ed svatebn\u00ed web, digit\u00e1ln\u00ed pozv\u00e1nky a online potvrzen\u00ed \u00fa\u010dasti (RSVP) na jednom m\u00edst\u011b. U\u0161et\u0159ete des\u00edtky hodin p\u0159i organizaci a sd\u00edlejte radost s hosty elegantn\u011b a online.","publisher":{"@id":"https:\/\/wemarry.io\/cs\/#organization"},"potentialAction":[{"@type":"SearchAction","target":{"@type":"EntryPoint","urlTemplate":"https:\/\/wemarry.io\/cs\/?s={search_term_string}"},"query-input":{"@type":"PropertyValueSpecification","valueRequired":true,"valueName":"search_term_string"}}],"inLanguage":"pl-PL"},{"@type":"Organization","@id":"https:\/\/wemarry.io\/cs\/#organization","name":"WeMarry","url":"https:\/\/wemarry.io\/cs\/","logo":{"@type":"ImageObject","inLanguage":"pl-PL","@id":"https:\/\/wemarry.io\/cs\/#\/schema\/logo\/image\/","url":"https:\/\/wemarry.io\/wp-content\/uploads\/2025\/09\/WeMarry-favicon.svg","contentUrl":"https:\/\/wemarry.io\/wp-content\/uploads\/2025\/09\/WeMarry-favicon.svg","width":512,"height":512,"caption":"WeMarry"},"image":{"@id":"https:\/\/wemarry.io\/cs\/#\/schema\/logo\/image\/"}}]}},"_links":{"self":[{"href":"https:\/\/wemarry.io\/pl\/wp-json\/wp\/v2\/pages\/1608","targetHints":{"allow":["GET"]}}],"collection":[{"href":"https:\/\/wemarry.io\/pl\/wp-json\/wp\/v2\/pages"}],"about":[{"href":"https:\/\/wemarry.io\/pl\/wp-json\/wp\/v2\/types\/page"}],"author":[{"embeddable":true,"href":"https:\/\/wemarry.io\/pl\/wp-json\/wp\/v2\/users\/1"}],"replies":[{"embeddable":true,"href":"https:\/\/wemarry.io\/pl\/wp-json\/wp\/v2\/comments?post=1608"}],"version-history":[{"count":0,"href":"https:\/\/wemarry.io\/pl\/wp-json\/wp\/v2\/pages\/1608\/revisions"}],"wp:attachment":[{"href":"https:\/\/wemarry.io\/pl\/wp-json\/wp\/v2\/media?parent=1608"}],"curies":[{"name":"wp","href":"https:\/\/api.w.org\/{rel}","templated":true}]}}